{"id":39814,"date":"2026-03-18T17:31:01","date_gmt":"2026-03-18T17:31:01","guid":{"rendered":"https:\/\/soydeaqui.ddns.net\/pachuca\/index.php\/producto\/power-bank-y-cargador-para-baterias-2-en-1-carga-individual-y-o-simultanea-hasta-4-baterias-aa-y-aaa-ni-mh-y-li-ion\/"},"modified":"2026-03-18T17:31:05","modified_gmt":"2026-03-18T17:31:05","slug":"power-bank-y-cargador-para-baterias-2-en-1-carga-individual-y-o-simultanea-hasta-4-baterias-aa-y-aaa-ni-mh-y-li-ion","status":"publish","type":"product","link":"https:\/\/soydeaqui.ddns.net\/pachuca\/index.php\/producto\/power-bank-y-cargador-para-baterias-2-en-1-carga-individual-y-o-simultanea-hasta-4-baterias-aa-y-aaa-ni-mh-y-li-ion\/","title":{"rendered":"Power bank y Cargador para bater\u00edas 2 en 1,  carga individual y\/o  simult\u00e1nea hasta 4 bater\u00edas,  (AA y AAA, Ni-MH y Li-Ion)"},"content":{"rendered":"<div style='width: 100%; max-width: 1200px; margin: 0 auto; font-family: sans-serif; line-height: 1.6; color: inherit; background-color: transparent;'>\n<h4 style='font-size: 24px; margin-top: 0; color: inherit; opacity: 0.9;'>Cargador XTAR de 4 puertos para bater\u00edas AA y AAA Ni-MH y Li-Ion<\/h4>\n<p> <!-- Secci\u00f3n de caracter\u00edsticas --> <\/p>\n<div style='display: flex; flex-wrap: wrap; gap: 30px; margin-bottom: 30px;'>\n<div style='flex: 1 1 300px; min-width: 280px;'>\n<div style='border-left: 5px solid #0091ff; border-radius: 5px; padding: 15px; box-shadow: 2px 2px 10px rgba(216&comma; 216&comma; 216&comma; 0.3);'> <strong style='font-size: 16px; color: inherit;'>La funci\u00f3n de carga:<\/strong> <\/p>\n<ul style='padding-left: 20px; font-size: 15px; color: inherit; margin: 15px 0 0 0;'>\n<li style='margin-bottom: 5px;'>Conecte al suministro de energ\u00eda e inserte las bater\u00edas&comma; comenzar\u00e1 a cargar autom\u00e1ticamente<\/li>\n<li style='margin-bottom: 5px;'>Inserte las bater\u00edas&comma; las bater\u00edas recuperables comenzar\u00e1n a cargar dentro de los 10 minutos.<\/li>\n<\/ul><\/div>\n<\/p><\/div>\n<div style='flex: 1 1 300px; min-width: 280px;'>\n<div style='border-left: 5px solid #0091ff; border-radius: 5px; padding: 15px; box-shadow: 2px 2px 10px rgba(216&comma; 216&comma; 216&comma; 0.3);'> <strong style='font-size: 16px; color: inherit;'>Significado del color indicador:<\/strong> <\/p>\n<ul style='padding-left: 20px; font-size: 15px; color: inherit; margin: 15px 0 0 0;'>\n<li style='margin-bottom: 5px;'>Verde: modo de espera \/ completamente cargado \/ polaridad invertida<\/li>\n<li style='margin-bottom: 5px;'>Rojo: auto-examinando \/ Cargando \/ Activando \/ cortocircuito<\/li>\n<li style='margin-bottom: 5px;'>Sin Luz: suministro de energ\u00eda desconectado. Entrada<\/li>\n<\/ul><\/div>\n<\/p><\/div>\n<div style='flex: 1 1 300px; min-width: 280px;'>\n<div style='border-left: 5px solid #0091ff; border-radius: 5px; padding: 15px; box-shadow: 2px 2px 10px rgba(216&comma; 216&comma; 216&comma; 0.3);'> <strong style='font-size: 16px; color: inherit;'>Caracter\u00edsticas El\u00e9ctricas:<\/strong> <\/p>\n<ul style='padding-left: 20px; font-size: 15px; color: inherit; margin: 15px 0 0 0;'>\n<li style='margin-bottom: 5px;'>Entrada: DC 5V; 2.1 Amper<\/li>\n<li style='margin-bottom: 5px;'>Corriente constante: 0.5 A x 4 \/ 1 A x 2 (Canal 1 y Canal 4)<\/li>\n<li style='margin-bottom: 5px;'>Corriente de corte: < 120 mA<\/li>\n<li style='margin-bottom: 5px;'>Temperatura de operaci\u00f3n: -40 ~ +60\u00b0C<\/li>\n<\/ul><\/div>\n<\/p><\/div>\n<\/p><\/div>\n<p> <!-- Separador --> <\/p>\n<hr style='border: 0; border-top: 1px solid rgba(150&comma; 150&comma; 150&comma; 0.3); margin: 30px 0;'> <!-- Galer\u00eda de im\u00e1genes --> <\/p>\n<div style='display: flex; flex-wrap: wrap; gap: 15px; justify-content: center; margin-top: 20px;'> <img style='width: 100%; max-width: 400px; height: auto; border: 1px solid rgba(150&comma;150&comma;150&comma;0.3); border-radius: 8px;' src='https:\/\/www.xtar.cc\/repository\/image\/67e7ab2b-c6b0-4f0f-b210-e0edf2a1b0a3.jpg' alt=''> <img style='width: 100%; max-width: 400px; height: auto; border: 1px solid rgba(150&comma;150&comma;150&comma;0.3); border-radius: 8px;' src='https:\/\/www.xtar.cc\/repository\/image\/lwwl-wDXQdepkrxV6_1gVQ.jpg?k=1591326651000' alt=''> <img style='width: 100%; max-width: 400px; height: auto; border: 1px solid rgba(150&comma;150&comma;150&comma;0.3); border-radius: 8px;' src='https:\/\/www.xtar.cc\/repository\/image\/THoEl9nPS4mf4oJl2r2pRA.jpg?k=1591326651000' alt=''> <img style='width: 100%; max-width: 400px; height: auto; border: 1px solid rgba(150&comma;150&comma;150&comma;0.3); border-radius: 8px;' src='https:\/\/www.xtar.cc\/repository\/image\/nGTlap0IRFGzhck3FYpgvw.jpg?k=1591326651000' alt=''> <img style='width: 100%; max-width: 400px; height: auto; border: 1px solid rgba(150&comma;150&comma;150&comma;0.3); border-radius: 8px;' src='https:\/\/www.xtar.cc\/repository\/image\/eYveN3uhToGXqQwgkSm0YA.jpg?k=1591326651000' alt=''> <img style='width: 100%; max-width: 400px; height: auto; border: 1px solid rgba(150&comma;150&comma;150&comma;0.3); border-radius: 8px;' src='https:\/\/www.xtar.cc\/repository\/image\/rd23uFCFT86AdxPuXwzVyg.jpg?k=1591326651000' alt=''> <img style='width: 100%; max-width: 400px; height: auto; border: 1px solid rgba(150&comma;150&comma;150&comma;0.3); border-radius: 8px;' src='https:\/\/www.xtar.cc\/repository\/image\/1idaEmTeQBOgQKVCD4sXsw.jpg?k=1591326651000' alt=''> <img style='width: 100%; max-width: 400px; height: auto; border: 1px solid rgba(150&comma;150&comma;150&comma;0.3); border-radius: 8px;' src='https:\/\/www.xtar.cc\/repository\/image\/C3qnvNHZSTCttkLFcbgyLA.jpg?k=1591326651000' alt=''> <img style='width: 100%; max-width: 400px; height: auto; border: 1px solid rgba(150&comma;150&comma;150&comma;0.3); border-radius: 8px;' src='https:\/\/www.xtar.cc\/repository\/image\/yq7qsHm2QxGrC54GUEV4lA.jpg?k=1591326651000' alt=''> <img style='width: 100%; max-width: 400px; height: auto; border: 1px solid rgba(150&comma;150&comma;150&comma;0.3); border-radius: 8px;' src='https:\/\/www.xtar.cc\/repository\/image\/jHb58f0GTRGheDuWxXqoIg.gif?k=1591326651000' alt=''> <img style='width: 100%; max-width: 400px; height: auto; border: 1px solid rgba(150&comma;150&comma;150&comma;0.3); border-radius: 8px;' src='https:\/\/www.xtar.cc\/repository\/image\/ViSd40C7Q06wt1r0CNG1EA.jpg?k=1591326651000' alt=''> <img style='width: 100%; max-width: 400px; height: auto; border: 1px solid rgba(150&comma;150&comma;150&comma;0.3); border-radius: 8px;' src='https:\/\/www.xtar.cc\/repository\/image\/-j9BvjtbR2yA_bb45NTiXw.jpg?k=1591326651000' alt=''> <img style='width: 100%; max-width: 400px; height: auto; border: 1px solid rgba(150&comma;150&comma;150&comma;0.3); border-radius: 8px;' src='https:\/\/www.xtar.cc\/repository\/image\/-VXDO04MSW26B50MjXyKiw.jpg?k=1591326651000' alt=''> <img style='width: 100%; max-width: 400px; height: auto; border: 1px solid rgba(150&comma;150&comma;150&comma;0.3); border-radius: 8px;' src='https:\/\/www.xtar.cc\/repository\/image\/ZfukJtGoTOirL_E34pisTQ.jpg?k=1591326651000' alt=''> <\/div>\n<\/p><\/div>\n","protected":false},"excerpt":{"rendered":"<p>Power bank y Cargador para bater\u00edas 2 en 1,  carga individual y\/o  simult\u00e1nea hasta 4 bater\u00edas,  (AA y AAA, Ni-MH y Li-Ion)<\/p>\n","protected":false},"featured_media":39813,"comment_status":"open","ping_status":"closed","template":"","meta":[],"product_brand":[],"product_cat":[1108],"product_tag":[1085,1109,547],"class_list":{"0":"post-39814","1":"product","2":"type-product","3":"status-publish","4":"has-post-thumbnail","6":"product_cat-cargadores-de-baterias","7":"product_tag-baterias-y-cargadores","8":"product_tag-cargadores-de-baterias","9":"product_tag-syscom-parts","11":"first","12":"instock","13":"sale","14":"shipping-taxable","15":"purchasable","16":"product-type-simple"},"_links":{"self":[{"href":"https:\/\/soydeaqui.ddns.net\/pachuca\/index.php\/wp-json\/wp\/v2\/product\/39814","targetHints":{"allow":["GET"]}}],"collection":[{"href":"https:\/\/soydeaqui.ddns.net\/pachuca\/index.php\/wp-json\/wp\/v2\/product"}],"about":[{"href":"https:\/\/soydeaqui.ddns.net\/pachuca\/index.php\/wp-json\/wp\/v2\/types\/product"}],"replies":[{"embeddable":true,"href":"https:\/\/soydeaqui.ddns.net\/pachuca\/index.php\/wp-json\/wp\/v2\/comments?post=39814"}],"wp:featuredmedia":[{"embeddable":true,"href":"https:\/\/soydeaqui.ddns.net\/pachuca\/index.php\/wp-json\/wp\/v2\/media\/39813"}],"wp:attachment":[{"href":"https:\/\/soydeaqui.ddns.net\/pachuca\/index.php\/wp-json\/wp\/v2\/media?parent=39814"}],"wp:term":[{"taxonomy":"product_brand","embeddable":true,"href":"https:\/\/soydeaqui.ddns.net\/pachuca\/index.php\/wp-json\/wp\/v2\/product_brand?post=39814"},{"taxonomy":"product_cat","embeddable":true,"href":"https:\/\/soydeaqui.ddns.net\/pachuca\/index.php\/wp-json\/wp\/v2\/product_cat?post=39814"},{"taxonomy":"product_tag","embeddable":true,"href":"https:\/\/soydeaqui.ddns.net\/pachuca\/index.php\/wp-json\/wp\/v2\/product_tag?post=39814"}],"curies":[{"name":"wp","href":"https:\/\/api.w.org\/{rel}","templated":true}]}}