{"id":39792,"date":"2026-03-18T17:30:28","date_gmt":"2026-03-18T17:30:28","guid":{"rendered":"https:\/\/soydeaqui.ddns.net\/pachuca\/index.php\/producto\/ferulas-con-aislamiento-cable-individual-pan-term-fsd77-10-d-calibre-17-32-500pz\/"},"modified":"2026-03-18T17:30:29","modified_gmt":"2026-03-18T17:30:29","slug":"ferulas-con-aislamiento-cable-individual-pan-term-fsd77-10-d-calibre-17-32-500pz","status":"publish","type":"product","link":"https:\/\/soydeaqui.ddns.net\/pachuca\/index.php\/producto\/ferulas-con-aislamiento-cable-individual-pan-term-fsd77-10-d-calibre-17-32-500pz\/","title":{"rendered":"F\u00e9rulas con aislamiento, cable individual, Pan-Term\u2122 FSD77-10-D, calibre 17\/32, 500pz"},"content":{"rendered":"<div style='width: 100%; max-width: 1200px; margin: 0 auto; font-family: sans-serif; line-height: 1.6; color: inherit; background-color: transparent;'>\n<h3 style='font-size: 22px; border-bottom: 2px solid currentColor; padding-bottom: 5px; margin-top: 0; color: inherit; opacity: 0.8;'>Especificaciones<\/h3>\n<p> <!-- Secci\u00f3n de cards con especificaciones --> <\/p>\n<div style='display: flex; flex-wrap: wrap; gap: 20px; margin-top: 20px;'>\n<div style='flex: 1 1 250px; border: 1px solid rgba(150&comma; 150&comma; 150&comma; 0.4); border-radius: 8px; overflow: hidden; display: flex; flex-direction: column;'>\n<div style='padding: 15px; border-bottom: 1px solid rgba(150&comma; 150&comma; 150&comma; 0.2); font-weight: bold; font-size: 18px; color: inherit;'>Caracter\u00edsticas principales<\/div>\n<div style='padding: 15px; color: inherit;'>\n<ul style='padding-left: 20px; margin: 0; font-size: 14px; list-style-type: disc;'>\n<li style='margin-bottom: 5px;'><strong>Tipo de f\u00e9rula:<\/strong> Est\u00e1ndar de cable individual<\/li>\n<li style='margin-bottom: 5px;'><strong>Material de cubierta:<\/strong> Polipropileno<\/li>\n<li style='margin-bottom: 5px;'><strong>Tipo de producto:<\/strong> F\u00e9rula de cable individual con cubierta<\/li>\n<li style='margin-bottom: 5px;'><strong>Submarca:<\/strong> Pan-Term\u2122<\/li>\n<li style='margin-bottom: 5px;'><strong>C\u00f3digo de color:<\/strong> Rojo<\/li>\n<\/ul><\/div>\n<\/p><\/div>\n<div style='flex: 1 1 250px; border: 1px solid rgba(150&comma; 150&comma; 150&comma; 0.4); border-radius: 8px; overflow: hidden; display: flex; flex-direction: column;'>\n<div style='padding: 15px; border-bottom: 1px solid rgba(150&comma; 150&comma; 150&comma; 0.2); font-weight: bold; font-size: 18px; color: inherit;'>Especificaciones el\u00e9ctricas<\/div>\n<div style='padding: 15px; color: inherit;'>\n<ul style='padding-left: 20px; margin: 0; font-size: 14px; list-style-type: disc;'>\n<li style='margin-bottom: 5px;'><strong>Tama\u00f1o m\u00e1ximo de conductor:<\/strong> 1 mm\u00b2<\/li>\n<li style='margin-bottom: 5px;'><strong>Tama\u00f1o m\u00ednimo de conductor:<\/strong> 1 mm\u00b2<\/li>\n<li style='margin-bottom: 5px;'><strong>Clasificaci\u00f3n de temperatura UL:<\/strong> 105\u00b0C<\/li>\n<li style='margin-bottom: 5px;'><strong>Clasificaci\u00f3n de temperatura CSA:<\/strong> 105\u00b0C<\/li>\n<li style='margin-bottom: 5px;'><strong>Temperatura m\u00e1xima de funcionamiento:<\/strong> 105\u00b0C \/ 221\u00b0F<\/li>\n<li style='margin-bottom: 5px;'><strong>Temperatura m\u00ednima de funcionamiento:<\/strong> -54\u00b0C \/ -60\u00b0F<\/li>\n<\/ul><\/div>\n<\/p><\/div>\n<div style='flex: 1 1 250px; border: 1px solid rgba(150&comma; 150&comma; 150&comma; 0.4); border-radius: 8px; overflow: hidden; display: flex; flex-direction: column;'>\n<div style='padding: 15px; border-bottom: 1px solid rgba(150&comma; 150&comma; 150&comma; 0.2); font-weight: bold; font-size: 18px; color: inherit;'>Especificaciones mec\u00e1nicas<\/div>\n<div style='padding: 15px; color: inherit;'>\n<ul style='padding-left: 20px; margin: 0; font-size: 14px; list-style-type: disc;'>\n<li style='margin-bottom: 5px;'><strong>Longitud de la banda del cable:<\/strong> 17\/32&#8242; (13.5 mm)<\/li>\n<li style='margin-bottom: 5px;'><strong>Largo de clavija:<\/strong> 0.39&#8242; (10 mm)<\/li>\n<li style='margin-bottom: 5px;'><strong>Di\u00e1metro interior:<\/strong> 0.06&#8242; (1.5 mm)<\/li>\n<li style='margin-bottom: 5px;'><strong>Di\u00e1metro m\u00e1ximo de aislamiento de cable:<\/strong> 0.12&#8242; (3 mm)<\/li>\n<li style='margin-bottom: 5px;'><strong>Longitud total:<\/strong> 0.65&#8242; (16.5 mm)<\/li>\n<\/ul><\/div>\n<\/p><\/div>\n<div style='flex: 1 1 250px; border: 1px solid rgba(150&comma; 150&comma; 150&comma; 0.4); border-radius: 8px; overflow: hidden; display: flex; flex-direction: column;'>\n<div style='padding: 15px; border-bottom: 1px solid rgba(150&comma; 150&comma; 150&comma; 0.2); font-weight: bold; font-size: 18px; color: inherit;'>Caracter\u00edsticas adicionales<\/div>\n<div style='padding: 15px; color: inherit;'>\n<ul style='padding-left: 20px; margin: 0; font-size: 14px; list-style-type: disc;'>\n<li style='margin-bottom: 5px;'><strong>Grado de inflamabilidad:<\/strong> UL94-HB<\/li>\n<li style='margin-bottom: 5px;'><strong>Cumple las normas:<\/strong> DIN 46228; CSA C22.2 n.\u00ba 291-14; UL 486F; cULus 486F<\/li>\n<li style='margin-bottom: 5px;'><strong>Acabado\/recubrimiento:<\/strong> Esta\u00f1ado<\/li>\n<li style='margin-bottom: 5px;'><strong>Tipo de empaque:<\/strong> Bolso<\/li>\n<li style='margin-bottom: 5px;'><strong>Material de base:<\/strong> Cobre<\/li>\n<\/ul><\/div>\n<\/p><\/div>\n<div style='flex: 1 1 250px; border: 1px solid rgba(150&comma; 150&comma; 150&comma; 0.4); border-radius: 8px; overflow: hidden; display: flex; flex-direction: column;'>\n<div style='padding: 15px; border-bottom: 1px solid rgba(150&comma; 150&comma; 150&comma; 0.2); font-weight: bold; font-size: 18px; color: inherit;'>Aplicaciones<\/div>\n<div style='padding: 15px; color: inherit;'>\n<ul style='padding-left: 20px; margin: 0; font-size: 14px; list-style-type: disc;'>\n<li style='margin-bottom: 5px;'><strong>Para usar con:<\/strong> CT-1002&comma; CT-1003&comma; CT-1090&comma; CT-1123&comma; CT-1160&comma; CT-1170&comma; CP-991&comma; CTFP-25&comma; CTFP-40&comma; CT-2300\/ST (CD-090)&comma; CT-2500\/L (CT-2523CH)<\/li>\n<\/ul><\/div>\n<\/p><\/div>\n<div style='flex: 1 1 250px; border: 1px solid rgba(150&comma; 150&comma; 150&comma; 0.4); border-radius: 8px; overflow: hidden; display: flex; flex-direction: column;'>\n<div style='padding: 15px; border-bottom: 1px solid rgba(150&comma; 150&comma; 150&comma; 0.2); font-weight: bold; font-size: 18px; color: inherit;'>Caracter\u00edsticas de dise\u00f1o<\/div>\n<div style='padding: 15px; color: inherit;'>\n<ul style='padding-left: 20px; margin: 0; font-size: 14px; list-style-type: disc;'>\n<li style='margin-bottom: 5px;'>La carcasa con aislamiento de polipropileno cumple con los requisitos de color de DIN<\/li>\n<li style='margin-bottom: 5px;'>Cumple con los est\u00e1ndares DIN&comma; UL y CSA para contenci\u00f3n de cable individual<\/li>\n<li style='margin-bottom: 5px;'>Acceso tipo embudo para inserci\u00f3n m\u00e1s r\u00e1pida y menor costo de instalaci\u00f3n<\/li>\n<li style='margin-bottom: 5px;'>Dise\u00f1ado con un tambor integrado que contiene trenzados de cable suelto para brindar mejores terminaciones<\/li>\n<li style='margin-bottom: 5px;'>Facilita la inserci\u00f3n del cable en el bloque de uni\u00f3n<\/li>\n<li style='margin-bottom: 5px;'>Adecuado para aplicaciones de panel de espacio limitado<\/li>\n<li style='margin-bottom: 5px;'>Varios largos de clavija disponibles para una variedad de bloques de uni\u00f3n<\/li>\n<\/ul><\/div>\n<\/p><\/div>\n<\/p><\/div>\n<p> <!-- Separador --> <\/p>\n<hr style='border: 0; border-top: 1px solid rgba(150&comma; 150&comma; 150&comma; 0.3); margin: 30px 0;'> <\/div>\n","protected":false},"excerpt":{"rendered":"<p>F\u00e9rulas con aislamiento, cable individual, Pan-Term\u2122 FSD77-10-D, calibre 17\/32, 500pz<\/p>\n","protected":false},"featured_media":39791,"comment_status":"open","ping_status":"closed","template":"","meta":[],"product_brand":[],"product_cat":[1095],"product_tag":[1058,445,1096],"class_list":{"0":"post-39792","1":"product","2":"type-product","3":"status-publish","4":"has-post-thumbnail","6":"product_cat-terminales-y-conectores-electricos","7":"product_tag-ferreteria","8":"product_tag-panduit","9":"product_tag-terminales-y-conectores-electricos","11":"first","12":"outofstock","13":"sale","14":"shipping-taxable","15":"purchasable","16":"product-type-simple"},"_links":{"self":[{"href":"https:\/\/soydeaqui.ddns.net\/pachuca\/index.php\/wp-json\/wp\/v2\/product\/39792","targetHints":{"allow":["GET"]}}],"collection":[{"href":"https:\/\/soydeaqui.ddns.net\/pachuca\/index.php\/wp-json\/wp\/v2\/product"}],"about":[{"href":"https:\/\/soydeaqui.ddns.net\/pachuca\/index.php\/wp-json\/wp\/v2\/types\/product"}],"replies":[{"embeddable":true,"href":"https:\/\/soydeaqui.ddns.net\/pachuca\/index.php\/wp-json\/wp\/v2\/comments?post=39792"}],"wp:featuredmedia":[{"embeddable":true,"href":"https:\/\/soydeaqui.ddns.net\/pachuca\/index.php\/wp-json\/wp\/v2\/media\/39791"}],"wp:attachment":[{"href":"https:\/\/soydeaqui.ddns.net\/pachuca\/index.php\/wp-json\/wp\/v2\/media?parent=39792"}],"wp:term":[{"taxonomy":"product_brand","embeddable":true,"href":"https:\/\/soydeaqui.ddns.net\/pachuca\/index.php\/wp-json\/wp\/v2\/product_brand?post=39792"},{"taxonomy":"product_cat","embeddable":true,"href":"https:\/\/soydeaqui.ddns.net\/pachuca\/index.php\/wp-json\/wp\/v2\/product_cat?post=39792"},{"taxonomy":"product_tag","embeddable":true,"href":"https:\/\/soydeaqui.ddns.net\/pachuca\/index.php\/wp-json\/wp\/v2\/product_tag?post=39792"}],"curies":[{"name":"wp","href":"https:\/\/api.w.org\/{rel}","templated":true}]}}