{"id":39750,"date":"2026-03-18T17:29:31","date_gmt":"2026-03-18T17:29:31","guid":{"rendered":"https:\/\/soydeaqui.ddns.net\/pachuca\/index.php\/producto\/pistola-manual-para-instalacin-de-cinchos-pan-steel-corbatas-acero-inoxidable-con-fuerza-controlada-configurable-de-100-a-250-lb-y-corte-automtico\/"},"modified":"2026-03-18T17:29:33","modified_gmt":"2026-03-18T17:29:33","slug":"pistola-manual-para-instalacin-de-cinchos-pan-steel-corbatas-acero-inoxidable-con-fuerza-controlada-configurable-de-100-a-250-lb-y-corte-automtico","status":"publish","type":"product","link":"https:\/\/soydeaqui.ddns.net\/pachuca\/index.php\/producto\/pistola-manual-para-instalacin-de-cinchos-pan-steel-corbatas-acero-inoxidable-con-fuerza-controlada-configurable-de-100-a-250-lb-y-corte-automtico\/","title":{"rendered":"Pistola Manual para Instalaci?n de Cinchos Pan-Steel? (Corbatas Acero Inoxidable), con Fuerza Controlada Configurable de 100 a 250 lb, y Corte Autom?tico"},"content":{"rendered":"<div style='width: 100%; max-width: 1200px; margin: 0 auto; font-family: sans-serif; line-height: 1.6; color: inherit; background-color: transparent;'> <!-- Logo --> <\/p>\n<div style='text-align: center; margin-bottom: 30px;'> <img style='width: 300px; height: auto; border: 1px solid rgba(150&comma;150&comma;150&comma;0.3); border-radius: 8px;' src='https:\/\/ftp3.syscom.mx\/usuarios\/fotos\/SCL2\/0X\/214870-217843-panduit-logo-tm-negro-fondo_trans30-01_(002)_(1).png' alt='Logo Panduit'> <\/div>\n<p> <!-- T\u00edtulo --> <\/p>\n<h1 style='font-size: 26px; margin-bottom: 20px; color: inherit; font-weight: 500; border-bottom: 2px solid currentColor; padding-bottom: 8px;'> Herramienta Manual para Instalaci\u00f3n de Cinchos Pan-Steel\u2122 (Corbatas Acero Inoxidable)&comma; Con Fuerza Controlada Configurable de 100 a 250 lb&comma; y Corte Autom\u00e1tico <\/h1>\n<p> <!-- Descripci\u00f3n --> <\/p>\n<div style='margin-bottom: 30px; font-size: 15px; color: inherit;'>\n<div style='margin-bottom: 15px;'> <strong style='font-weight: 600; color: inherit;'>GS4MT-E<\/strong> <\/div>\n<p style='margin-bottom: 15px;'> Brida de acero inoxidable GS4MT-E con mayor rendimiento y confiabilidad. Las funciones ergon\u00f3micas novedosas requieren menor fuerza de agarre de los instaladores y reducen las lesiones por movimiento. Los ajustes de tensi\u00f3n f\u00e1ciles de leer mejoran la precisi\u00f3n y aumentan la confiabilidad. La perilla de ajuste de tensi\u00f3n es f\u00e1cil de leer y cuenta con incrementos por mitades que mejoran la eficiencia; posee una nariz larga y estrecha que permite acceder f\u00e1cilmente a \u00e1reas peque\u00f1as y reducidas. <\/p>\n<\/p><\/div>\n<p> <!-- Especificaciones --> <\/p>\n<div style='display: flex; flex-wrap: wrap; gap: 20px; margin-bottom: 30px;'>\n<div style='flex: 1 1 250px; border: 1px solid rgba(150&comma; 150&comma; 150&comma; 0.4); border-radius: 8px; overflow: hidden; display: flex; flex-direction: column;'>\n<div style='padding: 15px; border-bottom: 1px solid rgba(150&comma; 150&comma; 150&comma; 0.2); font-weight: bold; font-size: 18px; color: inherit;'>Especificaciones<\/div>\n<div style='padding: 15px; color: inherit;'>\n<ul style='padding-left: 20px; margin: 0; font-size: 14px; list-style-type: disc;'>\n<li style='margin-bottom: 5px;'><strong>Aplicaci\u00f3n:<\/strong> Herramienta de instalaci\u00f3n para correas y bridas de acero inoxidable<\/li>\n<li style='margin-bottom: 5px;'><strong>Tipo de producto:<\/strong> Herramienta para brida de acero inoxidable<\/li>\n<li style='margin-bottom: 5px;'><strong>Color:<\/strong> Gris<\/li>\n<li style='margin-bottom: 5px;'><strong>Ancho m\u00e1ximo compatible de correa (in):<\/strong> 0.5<\/li>\n<li style='margin-bottom: 5px;'><strong>Ancho m\u00ednimo compatible de correa (in):<\/strong> 0.18<\/li>\n<li style='margin-bottom: 5px;'><strong>Ancho m\u00e1ximo compatible de correa (mm):<\/strong> 12.7<\/li>\n<li style='margin-bottom: 5px;'><strong>Ancho m\u00ednimo compatible de correa (mm):<\/strong> 4.9<\/li>\n<li style='margin-bottom: 5px;'><strong>Tipo de corte:<\/strong> Autom\u00e1tico<\/li>\n<li style='margin-bottom: 5px;'><strong>Para usar con:<\/strong> Correas y bridas de las series MLT\/S\/LH\/H\/EH&comma; MLTC\/H&comma; MLTFC\/S\/H o MLTDH\/EH<\/li>\n<li style='margin-bottom: 5px;'><strong>Altura total (in):<\/strong> 5.73<\/li>\n<li style='margin-bottom: 5px;'><strong>Altura total (mm):<\/strong> 145.62<\/li>\n<li style='margin-bottom: 5px;'><strong>Submarca:<\/strong> Pan-Steel\u2122<\/li>\n<li style='margin-bottom: 5px;'><strong>Longitud total (in):<\/strong> 7.8<\/li>\n<li style='margin-bottom: 5px;'><strong>Longitud total (mm):<\/strong> 198.12<\/li>\n<li style='margin-bottom: 5px;'><strong>Anchura total (in):<\/strong> 1.27<\/li>\n<li style='margin-bottom: 5px;'><strong>Anchura total (mm):<\/strong> 32.26<\/li>\n<li style='margin-bottom: 5px;'><strong>Tipo de tensi\u00f3n:<\/strong> Tensi\u00f3n controlada<\/li>\n<li style='margin-bottom: 5px;'><strong>Tipo de herramienta:<\/strong> Funcionamiento manual<\/li>\n<\/ul><\/div>\n<\/p><\/div>\n<\/p><\/div>\n<\/p><\/div>\n","protected":false},"excerpt":{"rendered":"<p>Pistola Manual para Instalaci?n de Cinchos Pan-Steel? (Corbatas Acero Inoxidable), con Fuerza Controlada Configurable de 100 a 250 lb, y Corte Autom?tico<\/p>\n","protected":false},"featured_media":39749,"comment_status":"open","ping_status":"closed","template":"","meta":[],"product_brand":[],"product_cat":[608],"product_tag":[586,25,445],"class_list":{"0":"post-39750","1":"product","2":"type-product","3":"status-publish","4":"has-post-thumbnail","6":"product_cat-herramientas-cableado-de-cobre","7":"product_tag-cableado-de-cobre","8":"product_tag-herramientas","9":"product_tag-panduit","11":"first","12":"instock","13":"sale","14":"shipping-taxable","15":"purchasable","16":"product-type-simple"},"_links":{"self":[{"href":"https:\/\/soydeaqui.ddns.net\/pachuca\/index.php\/wp-json\/wp\/v2\/product\/39750","targetHints":{"allow":["GET"]}}],"collection":[{"href":"https:\/\/soydeaqui.ddns.net\/pachuca\/index.php\/wp-json\/wp\/v2\/product"}],"about":[{"href":"https:\/\/soydeaqui.ddns.net\/pachuca\/index.php\/wp-json\/wp\/v2\/types\/product"}],"replies":[{"embeddable":true,"href":"https:\/\/soydeaqui.ddns.net\/pachuca\/index.php\/wp-json\/wp\/v2\/comments?post=39750"}],"wp:featuredmedia":[{"embeddable":true,"href":"https:\/\/soydeaqui.ddns.net\/pachuca\/index.php\/wp-json\/wp\/v2\/media\/39749"}],"wp:attachment":[{"href":"https:\/\/soydeaqui.ddns.net\/pachuca\/index.php\/wp-json\/wp\/v2\/media?parent=39750"}],"wp:term":[{"taxonomy":"product_brand","embeddable":true,"href":"https:\/\/soydeaqui.ddns.net\/pachuca\/index.php\/wp-json\/wp\/v2\/product_brand?post=39750"},{"taxonomy":"product_cat","embeddable":true,"href":"https:\/\/soydeaqui.ddns.net\/pachuca\/index.php\/wp-json\/wp\/v2\/product_cat?post=39750"},{"taxonomy":"product_tag","embeddable":true,"href":"https:\/\/soydeaqui.ddns.net\/pachuca\/index.php\/wp-json\/wp\/v2\/product_tag?post=39750"}],"curies":[{"name":"wp","href":"https:\/\/api.w.org\/{rel}","templated":true}]}}