{"id":39748,"date":"2026-03-18T17:29:26","date_gmt":"2026-03-18T17:29:26","guid":{"rendered":"https:\/\/soydeaqui.ddns.net\/pachuca\/index.php\/producto\/electrodo-para-corriente-maxima-de70-amp-con-filtro-y-compuesto-h2ohm\/"},"modified":"2026-03-18T17:29:27","modified_gmt":"2026-03-18T17:29:27","slug":"electrodo-para-corriente-maxima-de70-amp-con-filtro-y-compuesto-h2ohm","status":"publish","type":"product","link":"https:\/\/soydeaqui.ddns.net\/pachuca\/index.php\/producto\/electrodo-para-corriente-maxima-de70-amp-con-filtro-y-compuesto-h2ohm\/","title":{"rendered":"Electrodo para corriente m\u00e1xima de70 Amp. con Filtro y Compuesto H2Ohm."},"content":{"rendered":"<div style='width: 100%; max-width: 1200px; margin: 0 auto; font-family: sans-serif; line-height: 1.6; color: inherit; background-color: transparent;'> <!-- Imagen logo --> <\/p>\n<div style='text-align: center; margin: 20px 0;'> <img style='width: 100%; max-width: 540px; height: auto; border: 1px solid rgba(150&comma;150&comma;150&comma;0.3); border-radius: 8px;' src='https:\/\/ftp3.syscom.mx\/usuarios\/fotos\/TG45AB\/75917-logo_total_ground.png' alt='Logo Total Ground'> <\/div>\n<p> <!-- Descripci\u00f3n principal --> <\/p>\n<div style='margin: 30px 0; font-size: 15px;'>\n<p>Los electrodos de puesta a tierra marca <strong>TOTAL GROUND<\/strong> deben ser instalados en conjunto con nuestro compuesto mejorador de tierra para asegurar una resistencia menor a 2 Ohm (en la mayor\u00eda de los casos) y una instalaci\u00f3n <strong>libre de mantenimiento correctivo hasta por 20 a\u00f1os.<\/strong><\/p>\n<p style='text-align: center;'>Los electrodos magnetoactivos incluyen una br\u00fajula y nivel para asegurar una integraci\u00f3n profesional.<\/p>\n<\/p><\/div>\n<p> <!-- Secci\u00f3n de contenido con grid --> <\/p>\n<div style='display: grid; grid-template-columns: repeat(auto-fill&comma; minmax(280px&comma; 1fr)); gap: 30px; margin: 30px 0;'> <!-- Descripci\u00f3n --> <\/p>\n<div style='border: 1px solid rgba(150&comma; 150&comma; 150&comma; 0.4); border-radius: 8px; padding: 15px;'>\n<div style='font-size: 18px; font-weight: bold; border-bottom: 2px solid currentColor; padding-bottom: 5px; margin-bottom: 15px; color: inherit; opacity: 0.8;'>Descripci\u00f3n<\/div>\n<ul style='padding-left: 20px; margin: 0; list-style-position: inside;'>\n<li style='margin-bottom: 10px;'><strong>Electrodo:<\/strong> El Electrodo de puesta a tierra marca TOTAL GROUND modelo TG-70AB. Elaborado de cobre electrol\u00edtico altamente conductivo&comma; tratado especialmente para retardar los efectos de la corrosi\u00f3n.<\/li>\n<li style='margin-bottom: 10px;'><strong>Acoplador de impedancias:<\/strong> Interconstruido en dispositivo de filtraci\u00f3n de baja frecuencia LCR montado en estructura con 3 bornes de conexi\u00f3n de 1\/2 pulgada.<\/li>\n<li style='margin-bottom: 10px;'><strong>Comuesto H2OHM:<\/strong> Fabricado en base org\u00e1nica&comma; elaborado con material higrosc\u00f3pico coagulante de humedad que cuenta con certificado de pruebas de LAPEM y certificado de laboratorio acreditado ante EMA&comma; con valores dentro de la norma CRETIB de no toxicidad ni da\u00f1o al medio ambiente.<\/li>\n<\/ul><\/div>\n<p> <!-- Aplicaciones --> <\/p>\n<div style='border: 1px solid rgba(150&comma; 150&comma; 150&comma; 0.4); border-radius: 8px; padding: 15px;'>\n<div style='font-size: 18px; font-weight: bold; border-bottom: 2px solid currentColor; padding-bottom: 5px; margin-bottom: 15px; color: inherit; opacity: 0.8;'>Aplicaciones<\/div>\n<ul style='padding-left: 20px; margin: 0; list-style-position: inside;'>\n<li style='margin-bottom: 8px;'>SITES de c\u00f3mputo. <span style='color: #e74c3c;'>Consultar Gu\u00eda de Selecci\u00f3n<\/span><\/li>\n<li style='margin-bottom: 8px;'>Transformadores. <span style='color: #e74c3c;'>Consultar Gu\u00eda de Selecci\u00f3n<\/span><\/li>\n<li style='margin-bottom: 8px;'>Racks de telecomunicaciones.<\/li>\n<li style='margin-bottom: 8px;'>Sistemas satelitales.<\/li>\n<li style='margin-bottom: 8px;'>Sistemas de radio frecuencia.<\/li>\n<li style='margin-bottom: 8px;'>Sistemas de control industrial.<\/li>\n<li style='margin-bottom: 8px;'>Sistemas Fotovoltaicos<\/li>\n<\/ul><\/div>\n<p> <!-- Caracter\u00edsticas --> <\/p>\n<div style='border: 1px solid rgba(150&comma; 150&comma; 150&comma; 0.4); border-radius: 8px; padding: 15px;'>\n<div style='font-size: 18px; font-weight: bold; border-bottom: 2px solid currentColor; padding-bottom: 5px; margin-bottom: 15px; color: inherit; opacity: 0.8;'>Caracter\u00edsticas<\/div>\n<ul style='padding-left: 20px; margin: 0; list-style-position: inside;'>\n<li style='margin-bottom: 8px;'>Electrodo de puesta a tierra modelo TG70AB. Capacidad de 70 A.<\/li>\n<li style='margin-bottom: 8px;'>Fabricado de cobre electrol\u00edtico altamente conductivo.<\/li>\n<li style='margin-bottom: 8px;'>Dise\u00f1ado en forma delta tubular.<\/li>\n<li style='margin-bottom: 8px;'>No requieren de mantenimiento preventivo.<\/li>\n<li style='margin-bottom: 8px;'>Incluye dispositivo de filtraci\u00f3n de baja frecuencia LCR montado en la misma estructura con un borne de conexi\u00f3n de 1\/2 pulgada.<\/li>\n<li style='margin-bottom: 8px;'>Cuenta con acoplador de impedancias en la misma bobina.<\/li>\n<li style='margin-bottom: 8px;'>Proveen la soluci\u00f3n completa para telecomunicaciones de acuerdo con los est\u00e1ndares EIA\/ TIA J-STD-607-A y BICSI.<\/li>\n<li style='margin-bottom: 8px;'>Para instalaciones residenciales o de baja actividad el\u00e9ctrica.<\/li>\n<\/ul><\/div>\n<\/p><\/div>\n<p> <!-- Componentes incluidos --> <\/p>\n<div style='margin: 30px 0;'>\n<div style='font-size: 18px; font-weight: bold; margin-bottom: 15px; color: #c0392b; border-left: 5px solid #E42327; padding-left: 10px;'>Incluye los siguientes componentes:<\/div>\n<table style='width: 100%; border-collapse: collapse; margin-bottom: 20px;'>\n<thead>\n<tr style='background-color: rgba(228&comma;35&comma;39&comma;0.1);'>\n<th style='padding: 10px; border: 1px solid rgba(150&comma;150&comma;150&comma;0.3); text-align: center;'>Cantidad<\/th>\n<th style='padding: 10px; border: 1px solid rgba(150&comma;150&comma;150&comma;0.3); text-align: center;'>Modelo<\/th>\n<th style='padding: 10px; border: 1px solid rgba(150&comma;150&comma;150&comma;0.3); text-align: left;'>Descripci\u00f3n<\/th>\n<\/tr>\n<\/thead>\n<tbody>\n<tr>\n<td style='padding: 8px; border: 1px solid rgba(150&comma;150&comma;150&comma;0.3); text-align: center;'>1<\/td>\n<td style='padding: 8px; border: 1px solid rgba(150&comma;150&comma;150&comma;0.3); text-align: center;'><span style='color: #2880b9;'>TG70AB<\/span><\/td>\n<td style='padding: 8px; border: 1px solid rgba(150&comma;150&comma;150&comma;0.3);'>Electrodo.<\/td>\n<\/tr>\n<tr>\n<td style='padding: 8px; border: 1px solid rgba(150&comma;150&comma;150&comma;0.3); text-align: center;'>1<\/td>\n<td style='padding: 8px; border: 1px solid rgba(150&comma;150&comma;150&comma;0.3); text-align: center;'><a href='https:\/\/www.syscom.mx\/producto\/H2O-HM-TOTAL-GROUND-75920.html' target='_blank' rel='noopener' style='color: #2880b9; text-decoration: none;'>H20HM<\/a><\/td>\n<td style='padding: 8px; border: 1px solid rgba(150&comma;150&comma;150&comma;0.3);'>Saco de 11 Kg de mejorador de suelo.<\/td>\n<\/tr>\n<tr>\n<td style='padding: 8px; border: 1px solid rgba(150&comma;150&comma;150&comma;0.3); text-align: center;'>1<\/td>\n<td style='padding: 8px; border: 1px solid rgba(150&comma;150&comma;150&comma;0.3); text-align: center;'>&#8212;<\/td>\n<td style='padding: 8px; border: 1px solid rgba(150&comma;150&comma;150&comma;0.3);'>Br\u00fajula y nivel.<\/td>\n<\/tr>\n<\/tbody>\n<\/table><\/div>\n<p> <!-- Accesorios complementarios --> <\/p>\n<div style='margin: 30px 0;'>\n<div style='font-size: 18px; font-weight: bold; margin-bottom: 15px; color: #c0392b; border-left: 5px solid #E42327; padding-left: 10px;'>Accesorios complementarios (No incluidos):<\/div>\n<table style='width: 100%; border-collapse: collapse;'>\n<thead>\n<tr style='background-color: rgba(228&comma;35&comma;39&comma;0.1);'>\n<th style='padding: 10px; border: 1px solid rgba(150&comma;150&comma;150&comma;0.3); text-align: center;'>Cantidad<\/th>\n<th style='padding: 10px; border: 1px solid rgba(150&comma;150&comma;150&comma;0.3); text-align: center;'>Modelo<\/th>\n<th style='padding: 10px; border: 1px solid rgba(150&comma;150&comma;150&comma;0.3); text-align: left;'>Descripci\u00f3n<\/th>\n<\/tr>\n<\/thead>\n<tbody>\n<tr>\n<td style='padding: 8px; border: 1px solid rgba(150&comma;150&comma;150&comma;0.3); text-align: center;'>1<\/td>\n<td style='padding: 8px; border: 1px solid rgba(150&comma;150&comma;150&comma;0.3); text-align: center;'><a href='https:\/\/www.syscom.mx\/producto\/ANTIOX-TOTAL-GROUND-75931.html' target='_blank' rel='noopener' style='color: #2880b9; text-decoration: none;'>ANTIOX<\/a><\/td>\n<td style='padding: 8px; border: 1px solid rgba(150&comma;150&comma;150&comma;0.3);'>Spray protector para conectores.<\/td>\n<\/tr>\n<tr>\n<td style='padding: 8px; border: 1px solid rgba(150&comma;150&comma;150&comma;0.3); text-align: center;'>5<\/td>\n<td style='padding: 8px; border: 1px solid rgba(150&comma;150&comma;150&comma;0.3); text-align: center;'><a href='https:\/\/www.syscom.mx\/producto\/TG-CR11-TOTAL-GROUND-76026.html' target='_blank' rel='noopener' style='color: #2880b9; text-decoration: none;'>TGCR11<\/a><\/td>\n<td style='padding: 8px; border: 1px solid rgba(150&comma;150&comma;150&comma;0.3);'>Conector de Bronce.<\/td>\n<\/tr>\n<tr>\n<td style='padding: 8px; border: 1px solid rgba(150&comma;150&comma;150&comma;0.3); text-align: center;'>2<\/td>\n<td style='padding: 8px; border: 1px solid rgba(150&comma;150&comma;150&comma;0.3); text-align: center;'><a href='https:\/\/www.syscom.mx\/producto\/TG-AB18-TOTAL-GROUND-76028.html' target='_blank' rel='noopener' style='color: #2880b9; text-decoration: none;'>TGAB18<\/a><\/td>\n<td style='padding: 8px; border: 1px solid rgba(150&comma;150&comma;150&comma;0.3);'>Conector de Varilla.<\/td>\n<\/tr>\n<tr>\n<td style='padding: 8px; border: 1px solid rgba(150&comma;150&comma;150&comma;0.3); text-align: center;'>1<\/td>\n<td style='padding: 8px; border: 1px solid rgba(150&comma;150&comma;150&comma;0.3); text-align: center;'><a href='https:\/\/www.syscom.mx\/producto\/S-610-TOTAL-GROUND-75929.html' target='_blank' rel='noopener' style='color: #2880b9; text-decoration: none;'>S610<\/a><\/td>\n<td style='padding: 8px; border: 1px solid rgba(150&comma;150&comma;150&comma;0.3);'>Registro para electrodo.<\/td>\n<\/tr>\n<tr>\n<td style='padding: 8px; border: 1px solid rgba(150&comma;150&comma;150&comma;0.3); text-align: center;'>1<\/td>\n<td style='padding: 8px; border: 1px solid rgba(150&comma;150&comma;150&comma;0.3); text-align: center;'><a href='https:\/\/www.syscom.mx\/producto\/SLY-286-BLK-INDIANA-176934.html' target='_blank' rel='noopener' style='color: #2880b9; text-decoration: none;'>SLY286BLK<\/a><\/td>\n<td style='padding: 8px; border: 1px solid rgba(150&comma;150&comma;150&comma;0.3);'>Cable de cobre recubierto THW-SL Calibre 2 AWG.<\/td>\n<\/tr>\n<tr>\n<td style='padding: 8px; border: 1px solid rgba(150&comma;150&comma;150&comma;0.3); text-align: center;'>1<\/td>\n<td style='padding: 8px; border: 1px solid rgba(150&comma;150&comma;150&comma;0.3); text-align: center;'><a href='https:\/\/www.syscom.mx\/producto\/TG-BUS-G10-TOTAL-GROUND-75914.html' target='_blank' rel='noopener' style='color: #2880b9; text-decoration: none;'>TGBUSG10<\/a><\/td>\n<td style='padding: 8px; border: 1px solid rgba(150&comma;150&comma;150&comma;0.3);'>Barra de uni\u00f3n de 7-7\/8&#8242; x 2&#8242; x 1\/4&#8242; con aisladores de 1000A de capacidad.<\/td>\n<\/tr>\n<tr>\n<td style='padding: 8px; border: 1px solid rgba(150&comma;150&comma;150&comma;0.3); text-align: center;'>1<\/td>\n<td style='padding: 8px; border: 1px solid rgba(150&comma;150&comma;150&comma;0.3); text-align: center;'><a href='https:\/\/www.syscom.mx\/producto\/TG-BUE-10-TOTAL-GROUND-75913.html' target='_blank' rel='noopener' style='color: #2880b9; text-decoration: none;'>TGBUE10<\/a><\/td>\n<td style='padding: 8px; border: 1px solid rgba(150&comma;150&comma;150&comma;0.3);'>Barra de uni\u00f3n y distribuci\u00f3n de hilos.<\/td>\n<\/tr>\n<\/tbody>\n<\/table><\/div>\n<p> <!-- Imagen adicional --> <\/p>\n<div style='text-align: center; margin: 30px 0;'> <img style='width: 100%; max-width: 429px; height: auto; border: 1px solid rgba(150&comma;150&comma;150&comma;0.3); border-radius: 8px;' src='https:\/\/ftp3.syscom.mx\/usuarios\/fotos\/TG100AB\/75938-tggti.jpg' alt=''> <\/div>\n<p> <!-- Preguntas frecuentes --> <\/p>\n<div style='border: 1px solid rgba(150&comma;150&comma;150&comma;0.4); border-radius: 8px; padding: 15px; margin: 30px 0;'>\n<div style='font-size: 18px; font-weight: bold; margin-bottom: 15px; color: #c0392b; border-left: 5px solid #E42327; padding-left: 10px;'>Preguntas Frecuentes<\/div>\n<div style='margin-top: 15px;'>\n<h4 style='color: inherit; margin-top: 0;'><strong>\u00bfEste kit de tierra f\u00edsica me garantiza 5 ohms de resistencia?<\/strong><\/h4>\n<p>La resistencia del sistema depende directamente de las caracter\u00edsticas del terreno (tipo de suelo&comma; humedad&comma; sales&comma; densidad&comma; compactaci\u00f3n&comma; etc) y del mejoramiento que se realice (aplicaci\u00f3n de mejoradores qu\u00edmicos&comma; relleno con tierra negra&comma; aumento de la profundidad o cantidad de electrodos). Un dimensionamiento adecuado puede ayudar a reducir los niveles de resistencia&comma; incluso logrando valores muy cercanos a cero.<\/p>\n<\/p><\/div>\n<div style='margin-top: 15px;'>\n<h4 style='color: inherit; margin-top: 0;'><strong>\u00bfEs necesario colocar las masas Auxiliares?<\/strong><\/h4>\n<p>Es recomendable integrar el acoplamiento de masas auxiliares mediante el acoplador de impedancias. Aunque no es un componente obligatorio&comma; Total Ground lo sugiere porque&comma; al sumar resistencias en paralelo&comma; reduce significativamente la resistencia total y mejora el rendimiento del sistema. Adem\u00e1s&comma; su instalaci\u00f3n es requisito para validar la garant\u00eda de 20 a\u00f1os en los sistemas de puesta a tierra Total Ground.<\/p>\n<\/p><\/div>\n<\/p><\/div>\n<p> <!-- Videos --> <\/p>\n<div style='margin: 30px 0;'>\n<div style='font-size: 24px; font-weight: bold; margin-bottom: 20px; color: #c0392b; text-align: center;'>Curso B\u00e1sico para Selecci\u00f3n e Implementaci\u00f3n de Sistemas de Protecci\u00f3n<\/div>\n<div style='display: grid; grid-template-columns: repeat(auto-fill&comma; minmax(300px&comma; 1fr)); gap: 20px; margin-bottom: 30px;'> <!-- Video 1 --> <\/p>\n<div style='position: relative; padding-bottom: 56.25%; height: 0; overflow: hidden;'>   <\/div>\n<p> <!-- Video 2 --> <\/p>\n<div style='position: relative; padding-bottom: 56.25%; height: 0; overflow: hidden;'>   <\/div>\n<\/p><\/div>\n<\/p><\/div>\n<p> <!-- Webinars --> <\/p>\n<div style='margin: 30px 0;'>\n<div style='font-size: 24px; font-weight: bold; margin-bottom: 20px; color: #c0392b; text-align: center;'>Webinars de Sistemas de Puesta a Tierra y Pararrayos<\/div>\n<div style='display: grid; grid-template-columns: repeat(auto-fill&comma; minmax(300px&comma; 1fr)); gap: 20px;'> <!-- Webinar 1 --> <\/p>\n<div style='display: flex; flex-direction: column;'>\n<div style='position: relative; padding-bottom: 56.25%; height: 0; overflow: hidden;'>   <\/div>\n<div style='margin-top: 10px; font-weight: bold; color: #333;'>WEBINAR1: B\u00c1SICO DE TIERRAS F\u00cdSICAS Y PARARRAYOS (INICIA EN EL MIN.14).<\/div>\n<\/p><\/div>\n<p> <!-- Webinar 2 --> <\/p>\n<div style='display: flex; flex-direction: column;'>\n<div style='position: relative; padding-bottom: 56.25%; height: 0; overflow: hidden;'>   <\/div>\n<div style='margin-top: 10px; font-weight: bold; color: #333;'>WEBINAR2: INSTALACI\u00d3N DE TIERRAS F\u00cdSICAS Y PARARRAYOS.<\/div>\n<\/p><\/div>\n<p> <!-- Webinar 3 --> <\/p>\n<div style='display: flex; flex-direction: column;'>\n<div style='position: relative; padding-bottom: 56.25%; height: 0; overflow: hidden;'>   <\/div>\n<div style='margin-top: 10px; font-weight: bold; color: #333;'>WEBINAR3: SISTEMAS DE PARARRAYO TOTAL GROUND.<\/div>\n<\/p><\/div>\n<\/p><\/div>\n<\/p><\/div>\n<p> <!-- Separador final --> <\/p>\n<hr style='border: 0; border-top: 1px solid rgba(150&comma; 150&comma; 150&comma; 0.3); margin: 30px 0;'> <\/div>\n","protected":false},"excerpt":{"rendered":"<p>Electrodo para corriente m\u00e1xima de70 Amp. con Filtro y Compuesto H2Ohm.<\/p>\n","protected":false},"featured_media":39747,"comment_status":"open","ping_status":"closed","template":"","meta":[],"product_brand":[],"product_cat":[1131],"product_tag":[1088,1132,635],"class_list":{"0":"post-39748","1":"product","2":"type-product","3":"status-publish","4":"has-post-thumbnail","6":"product_cat-tierras-fisicas","7":"product_tag-calidad-de-la-energia","8":"product_tag-tierras-fisicas","9":"product_tag-total-ground","11":"first","12":"outofstock","13":"sale","14":"shipping-taxable","15":"purchasable","16":"product-type-simple"},"_links":{"self":[{"href":"https:\/\/soydeaqui.ddns.net\/pachuca\/index.php\/wp-json\/wp\/v2\/product\/39748","targetHints":{"allow":["GET"]}}],"collection":[{"href":"https:\/\/soydeaqui.ddns.net\/pachuca\/index.php\/wp-json\/wp\/v2\/product"}],"about":[{"href":"https:\/\/soydeaqui.ddns.net\/pachuca\/index.php\/wp-json\/wp\/v2\/types\/product"}],"replies":[{"embeddable":true,"href":"https:\/\/soydeaqui.ddns.net\/pachuca\/index.php\/wp-json\/wp\/v2\/comments?post=39748"}],"wp:featuredmedia":[{"embeddable":true,"href":"https:\/\/soydeaqui.ddns.net\/pachuca\/index.php\/wp-json\/wp\/v2\/media\/39747"}],"wp:attachment":[{"href":"https:\/\/soydeaqui.ddns.net\/pachuca\/index.php\/wp-json\/wp\/v2\/media?parent=39748"}],"wp:term":[{"taxonomy":"product_brand","embeddable":true,"href":"https:\/\/soydeaqui.ddns.net\/pachuca\/index.php\/wp-json\/wp\/v2\/product_brand?post=39748"},{"taxonomy":"product_cat","embeddable":true,"href":"https:\/\/soydeaqui.ddns.net\/pachuca\/index.php\/wp-json\/wp\/v2\/product_cat?post=39748"},{"taxonomy":"product_tag","embeddable":true,"href":"https:\/\/soydeaqui.ddns.net\/pachuca\/index.php\/wp-json\/wp\/v2\/product_tag?post=39748"}],"curies":[{"name":"wp","href":"https:\/\/api.w.org\/{rel}","templated":true}]}}