{"id":39735,"date":"2026-03-18T17:29:09","date_gmt":"2026-03-18T17:29:09","guid":{"rendered":"https:\/\/soydeaqui.ddns.net\/pachuca\/index.php\/producto\/inversor-para-interconexion-a-cfe-de-3-kw-con-salida-de-220-vca-modulo-wifi-incluido\/"},"modified":"2026-03-18T17:29:14","modified_gmt":"2026-03-18T17:29:14","slug":"inversor-para-interconexion-a-cfe-de-3-kw-con-salida-de-220-vca-modulo-wifi-incluido","status":"publish","type":"product","link":"https:\/\/soydeaqui.ddns.net\/pachuca\/index.php\/producto\/inversor-para-interconexion-a-cfe-de-3-kw-con-salida-de-220-vca-modulo-wifi-incluido\/","title":{"rendered":"Inversor para Interconexi\u00f3n a CFE de 3 kW con Salida de 220 Vca, M\u00f3dulo Wifi Incluido"},"content":{"rendered":"<div style='width: 100%; max-width: 1200px; margin: 0 auto; font-family: sans-serif; line-height: 1.6; color: inherit; background-color: transparent;'>\n<div style='display: flex; flex-wrap: wrap; gap: 30px; margin-bottom: 30px;'>\n<div style='flex: 1 1 300px; min-width: 280px;'> <img style='width: 100%; height: auto; border: 1px solid rgba(150&comma;150&comma;150&comma;0.3); border-radius: 8px;' src='https:\/\/ftp3.syscom.mx\/usuarios\/mtopete\/Growatt\/MIC3000TLX.jpg' alt=''> <\/p>\n<p style='color: inherit; margin-top: 15px;'><strong>Versor de Cadena 10kW 220 VoC<\/strong><\/p>\n<\/p><\/div>\n<\/p><\/div>\n<div style='margin-bottom: 30px;'>\n<h2 style='font-size: 24px; border-bottom: 2px solid currentColor; padding-bottom: 5px; margin-top: 0; color: inherit; opacity: 0.8;'>10000MTLP-US<\/h2>\n<p style='text-align: center; color: inherit;'>M\u00e1xima eficiencia hasta 97.8%&comma; 3 MPPT&comma; dise\u00f1o compacto&comma; amplio rango de voltaje de trabajo.<\/p>\n<\/p><\/div>\n<div style='margin-bottom: 30px;'>\n<h3 style='font-size: 22px; border-bottom: 2px solid currentColor; padding-bottom: 5px; margin-top: 0; color: inherit; opacity: 0.8;'>\u00bfC\u00f3mo Funciona?<\/h3>\n<p style='color: inherit;'>Los sistemas de interconexi\u00f3n convierten&comma; mediante un inversor&comma; la energ\u00eda en corriente directa generada por los paneles solares en energ\u00eda en corriente alterna en total sincron\u00eda en voltaje y frecuencia tal y como lo entrega CFE.<\/p>\n<p style='color: inherit;'>La energ\u00eda generada es enviada a la vivienda para su consumo y el excedente se regresa a la red el\u00e9ctrica. De esta forma no solo bajamos nuestro consumo&comma; sino que existe un retorno de energ\u00eda dando ahorros de hasta un 95% en el pago del recibo de electricidad.<\/p>\n<\/p><\/div>\n<div style='margin-bottom: 30px;'>\n<h3 style='font-size: 22px; border-bottom: 2px solid currentColor; padding-bottom: 5px; margin-top: 0; color: inherit; opacity: 0.8;'>Aplicaci\u00f3n<\/h3>\n<div style='display: flex; flex-wrap: wrap; gap: 20px; align-items: center;'>\n<div style='flex: 1 1 300px; min-width: 280px;'>\n<p style='color: inherit;'>Soluci\u00f3n ideal de sistema solar para viviendas privadas&comma; cuando los m\u00f3dulos est\u00e1n situados en diferentes lados del techo&comma; en instalaciones monof\u00e1sicas y en combinaci\u00f3n trif\u00e1sica.<\/p>\n<ul style='padding-left: 20px; margin: 15px 0; color: inherit;'>\n<li style='margin-bottom: 5px;'><strong>Amigable con el Usuario:<\/strong> Dise\u00f1o compacto&comma; f\u00e1cil instalaci\u00f3n y transporte.<\/li>\n<li style='margin-bottom: 5px;'><strong>Alto Rendimiento:<\/strong> M\u00e1xima eficiencia hasta 97.8%&comma; doble MPPT para diferentes alineaciones. Amplio voltaje de trabajo para un mayor tiempo de producci\u00f3n.<\/li>\n<li style='margin-bottom: 5px;'><strong>Seguro y Confiable:<\/strong> Protecci\u00f3n m\u00faltiple y amplia detecci\u00f3n de errores&comma; grado de protecci\u00f3n NEMA 4X&comma; enfriamiento natural.<\/span><\/li>\n<\/ul><\/div>\n<div style='flex: 1 1 300px; min-width: 280px;'> <img style='width: 100%; height: auto; border: 1px solid rgba(150&comma;150&comma;150&comma;0.3); border-radius: 8px;' src='https:\/\/ftp3.syscom.mx\/usuarios\/ftp\/single_page\/vp-epcompowerline\/casa.jpg' alt=''> <\/div>\n<\/p><\/div>\n<\/p><\/div>\n<div style='margin-bottom: 30px;'>\n<h3 style='font-size: 22px; border-bottom: 2px solid currentColor; padding-bottom: 5px; margin-top: 0; color: inherit; opacity: 0.8;'>Caracter\u00edsticas T\u00e9cnicas<\/h3>\n<p> <img style='width: 100%; height: auto; border: 1px solid rgba(150&comma;150&comma;150&comma;0.3); border-radius: 8px;' src='https:\/\/ftp3.syscom.mx\/usuarios\/mtopete\/Imagen%20Pagina\/Growatt\/Datasheet%20MIC3000TLX.jpg' alt=''> <\/div>\n<div style='margin-bottom: 30px;'>\n<h3 style='font-size: 22px; border-bottom: 2px solid currentColor; padding-bottom: 5px; margin-top: 0; color: inherit; opacity: 0.8;'>Ventajas de los Inversores Growatt<\/h3>\n<ul style='padding-left: 20px; color: inherit;'>\n<li style='margin-bottom: 5px;'>M\u00e1xima eficiencia de conversi\u00f3n de hasta un 99.5%<\/li>\n<li style='margin-bottom: 5px;'>Ahorros de hasta un 98% en el pago de recibo de luz<\/li>\n<li style='margin-bottom: 5px;'>Aproveche al m\u00e1ximo la potencia del sol con la tecnolog\u00eda MPPT<\/li>\n<li style='margin-bottom: 5px;'>Amplio rango de Vcc de entrada<\/li>\n<li style='margin-bottom: 5px;'>F\u00e1cil configuraci\u00f3n para el dise\u00f1ador<\/li>\n<li style='margin-bottom: 5px;'>No mezclar potencias de paneles en las cadenas<\/li>\n<li style='margin-bottom: 5px;'>10 a\u00f1os de garant\u00eda contra defectos de f\u00e1brica (5 a\u00f1os con GROWATT +5 a\u00f1os con SYSCOM)<\/li>\n<li style='margin-bottom: 5px;'>Utilice los protectores de picos <a style='color: inherit; text-decoration: underline;' href='https:\/\/www.syscom.mx\/producto\/SP-50-240S-P-LEA-INTERNATIONAL-144712.html'>SP50-240SP<\/a>&comma; para alargar la vida de su inversor<\/li>\n<li style='margin-bottom: 5px;'>Excelente beneficio<\/li>\n<li style='margin-bottom: 5px;'>Cuenta con la certificaci\u00f3n necesaria para realizar contratos de interconexi\u00f3n con la red de CFE (IEE1547 y UL1741)<\/li>\n<\/ul><\/div>\n<div style='margin-bottom: 30px;'>\n<h3 style='font-size: 22px; border-bottom: 2px solid currentColor; padding-bottom: 5px; margin-top: 0; color: inherit; opacity: 0.8;'>Garant\u00eda<\/h3>\n<p style='text-align: center; color: inherit;'><strong>Garant\u00eda de 10 a\u00f1os contra defectos de fabricaci\u00f3n<\/strong><\/p>\n<p style='text-align: center; color: inherit;'><em>(5 a\u00f1os con GROWATT +5 a\u00f1os con SYSCOM)<\/em><\/p>\n<\/p><\/div>\n<div style='margin-bottom: 30px;'>\n<h3 style='font-size: 22px; border-bottom: 2px solid currentColor; padding-bottom: 5px; margin-top: 0; color: inherit; opacity: 0.8;'>Monitoreo Remoto<\/h3>\n<p style='text-align: center; color: inherit;'><a style='color: inherit; text-decoration: underline;' href='http:\/\/server.growatt.com\/login\/toViewExamlePlant'>Acceso a planta demo<\/a><\/p>\n<div style='display: flex; flex-wrap: wrap; gap: 20px; justify-content: center;'> <img style='width: 100%; max-width: 600px; height: auto; border: 1px solid rgba(150&comma;150&comma;150&comma;0.3); border-radius: 8px;' src='https:\/\/ftp3.syscom.mx\/usuarios\/mtopete\/Energia%20Solar\/Growatt\/monitoreo%20Growatt.png' alt=''> <img style='width: 100%; max-width: 600px; height: auto; border: 1px solid rgba(150&comma;150&comma;150&comma;0.3); border-radius: 8px;' src='https:\/\/ftp3.syscom.mx\/usuarios\/mtopete\/Energia%20Solar\/Growatt\/monitoreo%20Growatt%20planta.png' alt=''> <img style='width: 100%; max-width: 600px; height: auto; border: 1px solid rgba(150&comma;150&comma;150&comma;0.3); border-radius: 8px;' src='https:\/\/ftp3.syscom.mx\/usuarios\/mtopete\/Energia%20Solar\/Growatt\/plantas%20monitoreo.PNG' alt=''> <\/div>\n<p style='text-align: center; margin-top: 15px; color: inherit;'><strong>De Click en la Imagen Para Acceder a las Plantas Demo<\/strong><\/p>\n<\/p><\/div>\n<div style='margin-bottom: 30px;'>\n<h3 style='font-size: 22px; border-bottom: 2px solid currentColor; padding-bottom: 5px; margin-top: 0; color: inherit; opacity: 0.8;'>Ejemplos de Conexi\u00f3n<\/h3>\n<div style='display: flex; flex-wrap: wrap; gap: 20px; justify-content: center;'>\n<div style='flex: 1 1 300px; min-width: 280px;'>\n<h4 style='font-size: 18px; color: inherit; margin-top: 0;'>Diagrama de Conexi\u00f3n para Soluci\u00f3n con Inversores de Cadena<\/h4>\n<p> <img style='width: 100%; height: auto; border: 1px solid rgba(150&comma;150&comma;150&comma;0.3); border-radius: 8px;' src='https:\/\/ftp3.syscom.mx\/usuarios\/ftp\/single_page\/epcom_powerline\/DIAG-2.png' alt=''> <\/div>\n<div style='flex: 1 1 300px; min-width: 280px;'>\n<h4 style='font-size: 18px; color: inherit; margin-top: 0;'>Diagrama de Conexi\u00f3n para Soluci\u00f3n con Microinversores<\/h4>\n<p> <img style='width: 100%; height: auto; border: 1px solid rgba(150&comma;150&comma;150&comma;0.3); border-radius: 8px;' src='https:\/\/ftp3.syscom.mx\/usuarios\/ftp\/single_page\/epcom_powerline\/diagrama-1.png' alt=''> <\/div>\n<\/p><\/div>\n<\/p><\/div>\n<div style='margin-bottom: 30px;'>\n<h3 style='font-size: 22px; border-bottom: 2px solid currentColor; padding-bottom: 5px; margin-top: 0; color: inherit; opacity: 0.8;'>Ahorro Energ\u00e9tico<\/h3>\n<div style='display: flex; flex-wrap: wrap; gap: 20px; justify-content: center;'>\n<div style='flex: 1 1 150px; min-width: 140px; text-align: center;'> <img style='width: 60px; height: auto; margin-bottom: 10px;' src='https:\/\/ftp3.syscom.mx\/usuarios\/ftp\/single_page\/epcom_powerline\/limpia.png' alt='Energ\u00eda Limpia'> <\/p>\n<p style='color: inherit;'>Energ\u00eda Limpia<\/p>\n<\/p><\/div>\n<div style='flex: 1 1 150px; min-width: 140px; text-align: center;'> <img style='width: 60px; height: auto; margin-bottom: 10px;' src='https:\/\/ftp3.syscom.mx\/usuarios\/ftp\/single_page\/epcom_powerline\/ahorro.png' alt='Ahorro de Energ\u00eda'> <\/p>\n<p style='color: inherit;'>Ahorro de Energ\u00eda<\/p>\n<\/p><\/div>\n<div style='flex: 1 1 150px; min-width: 140px; text-align: center;'> <img style='width: 60px; height: auto; margin-bottom: 10px;' src='https:\/\/ftp3.syscom.mx\/usuarios\/ftp\/single_page\/epcom_powerline\/ciudad.png' alt='Cuidado del Medio Ambiente'> <\/p>\n<p style='color: inherit;'>Cuidado del Medio Ambiente<\/p>\n<\/p><\/div>\n<div style='flex: 1 1 150px; min-width: 140px; text-align: center;'> <img style='width: 60px; height: auto; margin-bottom: 10px;' src='https:\/\/ftp3.syscom.mx\/usuarios\/ftp\/single_page\/epcom_powerline\/conexion.png' alt='Conexi\u00f3n sencilla'> <\/p>\n<p style='color: inherit;'>Conexi\u00f3n sencilla<\/p>\n<\/p><\/div>\n<\/p><\/div>\n<\/p><\/div>\n<div style='margin-bottom: 30px;'>\n<h3 style='font-size: 22px; border-bottom: 2px solid currentColor; padding-bottom: 5px; margin-top: 0; color: inherit; opacity: 0.8;'>Ejemplo de An\u00e1lisis de Consumo<\/h3>\n<p style='text-align: center; color: inherit;'>Revise en el consumo bimestral de su recibo de luz y tabule lo siguiente con nuestros KITS&comma; para saber que kit necesita.<\/p>\n<p> <img style='width: 100%; max-width: 800px; height: auto; display: block; margin: 0 auto; border: 1px solid rgba(150&comma;150&comma;150&comma;0.3); border-radius: 8px;' src='https:\/\/ftp3.syscom.mx\/usuarios\/ftp\/single_page\/epcom_powerline\/recibo.png' alt=''> <\/div>\n<div style='margin-bottom: 30px;'>\n<h3 style='font-size: 22px; border-bottom: 2px solid currentColor; padding-bottom: 5px; margin-top: 0; color: inherit; opacity: 0.8;'>Notas Importantes<\/h3>\n<ul style='padding-left: 20px; color: inherit;'>\n<li style='margin-bottom: 5px;'>Los equipos de interconexi\u00f3n a la red el\u00e9ctrica no pueden operar con generadores di\u00e9sel o a gasolina.<\/li>\n<li style='margin-bottom: 5px;'>Los inversores requieren sincronizarse para entregar voltaje&comma; de lo contrario el equipo no entregar\u00e1 voltaje&comma; si se miden las terminales con los paneles conectados el voltaje medido debe ser 0V.<\/li>\n<\/ul><\/div>\n<div style='margin-bottom: 30px;'>\n<h3 style='font-size: 22px; border-bottom: 2px solid currentColor; padding-bottom: 5px; margin-top: 0; color: inherit; opacity: 0.8;'>Video Demostrativo<\/h3>\n<div style='position: relative; padding-bottom: 56.25%; height: 0; overflow: hidden; margin-bottom: 30px;'>   <\/div>\n<\/p><\/div>\n<div style='margin-bottom: 30px;'>\n<h3 style='font-size: 22px; border-bottom: 2px solid currentColor; padding-bottom: 5px; margin-top: 0; color: inherit; opacity: 0.8;'>Recomendaciones<\/h3>\n<p style='color: inherit;'>Se recomienda utilizar sistemas de tierra f\u00edsica (<a style='color: inherit; text-decoration: underline;' href='https:\/\/www.syscom.mx\/principal\/searchcont?route=LP-GROUND-30A-LINKEDPRO-172180&#038;autodetect=lpground30a'>LP-GROUND-30A<\/a>)&comma; colocar supresores de picos (<a style='color: inherit; text-decoration: underline;' href='https:\/\/www.syscom.mx\/principal\/searchcont?route=LA302R-DELTA-167343&#038;autodetect=la302'>LA302R<\/a>) y verificar voltajes de operaci\u00f3n.<\/p>\n<p style='color: inherit;'>Consultarlo con el departamento de ingenier\u00eda en energ\u00eda solar.<\/p>\n<\/p><\/div>\n<\/p><\/div>\n","protected":false},"excerpt":{"rendered":"<p>Inversor para Interconexi\u00f3n a CFE de 3 kW con Salida de 220 Vca, M\u00f3dulo Wifi Incluido<\/p>\n","protected":false},"featured_media":39734,"comment_status":"open","ping_status":"closed","template":"","meta":[],"product_brand":[],"product_cat":[1092],"product_tag":[964,1157,1093],"class_list":{"0":"post-39735","1":"product","2":"type-product","3":"status-publish","4":"has-post-thumbnail","6":"product_cat-inversores-interconexion-on-grid","7":"product_tag-energia-solar","8":"product_tag-growatt","9":"product_tag-inversores-interconexion-on-grid","11":"first","12":"outofstock","13":"sale","14":"shipping-taxable","15":"purchasable","16":"product-type-simple"},"_links":{"self":[{"href":"https:\/\/soydeaqui.ddns.net\/pachuca\/index.php\/wp-json\/wp\/v2\/product\/39735","targetHints":{"allow":["GET"]}}],"collection":[{"href":"https:\/\/soydeaqui.ddns.net\/pachuca\/index.php\/wp-json\/wp\/v2\/product"}],"about":[{"href":"https:\/\/soydeaqui.ddns.net\/pachuca\/index.php\/wp-json\/wp\/v2\/types\/product"}],"replies":[{"embeddable":true,"href":"https:\/\/soydeaqui.ddns.net\/pachuca\/index.php\/wp-json\/wp\/v2\/comments?post=39735"}],"wp:featuredmedia":[{"embeddable":true,"href":"https:\/\/soydeaqui.ddns.net\/pachuca\/index.php\/wp-json\/wp\/v2\/media\/39734"}],"wp:attachment":[{"href":"https:\/\/soydeaqui.ddns.net\/pachuca\/index.php\/wp-json\/wp\/v2\/media?parent=39735"}],"wp:term":[{"taxonomy":"product_brand","embeddable":true,"href":"https:\/\/soydeaqui.ddns.net\/pachuca\/index.php\/wp-json\/wp\/v2\/product_brand?post=39735"},{"taxonomy":"product_cat","embeddable":true,"href":"https:\/\/soydeaqui.ddns.net\/pachuca\/index.php\/wp-json\/wp\/v2\/product_cat?post=39735"},{"taxonomy":"product_tag","embeddable":true,"href":"https:\/\/soydeaqui.ddns.net\/pachuca\/index.php\/wp-json\/wp\/v2\/product_tag?post=39735"}],"curies":[{"name":"wp","href":"https:\/\/api.w.org\/{rel}","templated":true}]}}