{"id":39707,"date":"2026-03-18T17:28:28","date_gmt":"2026-03-18T17:28:28","guid":{"rendered":"https:\/\/soydeaqui.ddns.net\/pachuca\/index.php\/producto\/molde-de-grafito-vertical-union-en-t-vertical-de-cable-2-0-awg-pasante-con-pica-de-5-8-in-terminal\/"},"modified":"2026-03-18T17:28:28","modified_gmt":"2026-03-18T17:28:28","slug":"molde-de-grafito-vertical-union-en-t-vertical-de-cable-2-0-awg-pasante-con-pica-de-5-8-in-terminal","status":"publish","type":"product","link":"https:\/\/soydeaqui.ddns.net\/pachuca\/index.php\/producto\/molde-de-grafito-vertical-union-en-t-vertical-de-cable-2-0-awg-pasante-con-pica-de-5-8-in-terminal\/","title":{"rendered":"Molde de grafito vertical uni\u00f3n en T vertical de cable 2\/0 AWG (pasante) con Pica de 5\/8 in (terminal)."},"content":{"rendered":"<div style='width: 100%; max-width: 1200px; margin: 0 auto; font-family: sans-serif; line-height: 1.6; color: inherit; background-color: transparent;'>\n<div style='display: flex; flex-wrap: wrap; gap: 30px; margin-bottom: 30px;'>\n<div style='flex: 1 1 300px; min-width: 280px;'>\n<h3 style='font-size: 22px; border-bottom: 2px solid currentColor; padding-bottom: 5px; margin-top: 0; color: inherit; opacity: 0.8;'>Descripci\u00f3n del producto<\/h3>\n<p style='font-size: 15px; color: inherit;'>La soldadura exot\u00e9rmica Apliweld\u00ae es un proceso que consigue la uni\u00f3n molecular de dos o m\u00e1s conductores met\u00e1licos mediante una reacci\u00f3n qu\u00edmica. Esta uni\u00f3n molecular mejora las propiedades mec\u00e1nicas&comma; el\u00e9ctricas y relativas a la corrosi\u00f3n respecto a cualquier uni\u00f3n mec\u00e1nica. La soldadura exot\u00e9rmica Apliweld\u00ae es el mejor modo de realizar conexiones permanentes&comma; fiables y de alta conductividad en cualquier instalaci\u00f3n que requiera toma de tierra.<\/p>\n<\/p><\/div>\n<\/p><\/div>\n<div style='display: flex; flex-wrap: wrap; gap: 20px; margin-bottom: 30px;'>\n<div style='flex: 1 1 250px; border: 1px solid rgba(150&comma; 150&comma; 150&comma; 0.4); border-radius: 8px; overflow: hidden; display: flex; flex-direction: column;'>\n<div style='padding: 15px; border-bottom: 1px solid rgba(150&comma; 150&comma; 150&comma; 0.2); font-weight: bold; font-size: 18px; color: inherit;'>Requerimientos<\/div>\n<div style='padding: 15px; color: inherit;'>\n<ul style='padding-left: 20px; margin: 0; font-size: 14px; list-style-type: disc;'>\n<li style='margin-bottom: 5px;'><strong>Tipo de tableta:<\/strong> Tabletas de compuesto para soldadura exot\u00e9rmica <a style='color: #f29d12; text-decoration: none;' href='https:\/\/www.syscom.mx\/producto\/AT-020-N-APLICACIONES-TECNOLOGICAS-95723.html' target='_blank' rel='noopener'>AT-020N<\/a><\/li>\n<li style='margin-bottom: 5px;'><strong>Cantidad de tabletas:<\/strong> 2.5<\/li>\n<li style='margin-bottom: 5px;'><strong>Accesorios necesarios:<\/strong> Pinza para moldes espec\u00edficos modelos S <a style='color: #f29d12; text-decoration: none;' href='https:\/\/www.syscom.mx\/producto\/AT-049-N-APLICACIONES-TECNOLOGICAS-95720.html' target='_blank' rel='noopener'>AT-049N<\/a><\/li>\n<\/ul><\/div>\n<\/p><\/div>\n<div style='flex: 1 1 250px; border: 1px solid rgba(150&comma; 150&comma; 150&comma; 0.4); border-radius: 8px; overflow: hidden; display: flex; flex-direction: column;'>\n<div style='padding: 15px; border-bottom: 1px solid rgba(150&comma; 150&comma; 150&comma; 0.2); font-weight: bold; font-size: 18px; color: inherit;'>Especificaciones t\u00e9cnicas<\/div>\n<div style='padding: 15px; color: inherit;'>\n<ul style='padding-left: 20px; margin: 0; font-size: 14px; list-style-type: disc;'>\n<li style='margin-bottom: 5px;'><strong>Uni\u00f3n tipo:<\/strong> En T vertical<\/li>\n<li style='margin-bottom: 5px;'><strong>Cable 1 (Pasante):<\/strong> Calibre 2\/0 AWG (70 mm<sup>2<\/sup>)<\/li>\n<li style='margin-bottom: 5px;'><strong>Pica (Terminal):<\/strong> Pica \u00f816 mm<\/li>\n<li style='margin-bottom: 5px;'><strong>Material:<\/strong> Grafito con tapa de acero electrogalvanizado<\/li>\n<li style='margin-bottom: 5px;'><strong>Peso aproximado:<\/strong> 1350 gramos<\/li>\n<li style='margin-bottom: 5px;'><strong>Dimensiones (mm):<\/strong> 80 x 80 x 115<\/li>\n<li style='margin-bottom: 5px;'><strong>Duraci\u00f3n (N\u00b0 de soldaduras):<\/strong> 70<\/li>\n<li style='margin-bottom: 5px;'><strong>Normativa:<\/strong> UNE 21186&comma; NF C 17-102&comma; IEC 62305<\/li>\n<\/ul><\/div>\n<\/p><\/div>\n<div style='flex: 1 1 250px; border: 1px solid rgba(150&comma; 150&comma; 150&comma; 0.4); border-radius: 8px; overflow: hidden; display: flex; flex-direction: column;'>\n<div style='padding: 15px; border-bottom: 1px solid rgba(150&comma; 150&comma; 150&comma; 0.2); font-weight: bold; font-size: 18px; color: inherit;'>Opciones de ignici\u00f3n<\/div>\n<div style='padding: 15px; color: inherit;'>\n<ul style='padding-left: 20px; margin: 0; font-size: 14px; list-style-type: disc;'>\n<li style='margin-bottom: 5px;'><strong>Ignici\u00f3n electr\u00f3nica:<\/strong> Iniciador electr\u00f3nico <a style='color: #f29d12; text-decoration: none;' href='https:\/\/www.syscom.mx\/producto\/AT-010-N-APLICACIONES-TECNOLOGICAS-95725.html' target='_blank' rel='noopener'>AT-010N<\/a><\/li>\n<li style='margin-bottom: 5px;'><strong>Equipo de encendido electr\u00f3nico:<\/strong> <a style='color: #f29d12; text-decoration: none;' href='https:\/\/www.syscom.mx\/producto\/AT-100-N-APLICACIONES-TECNOLOGICAS-98367.html' target='_blank' rel='noopener'>AT-100N<\/a><\/li>\n<li style='margin-bottom: 5px;'><strong>Ignici\u00f3n con polvo:<\/strong> Iniciadores en polvo <a style='color: #f29d12; text-decoration: none;' href='https:\/\/www.syscom.mx\/producto\/AT012N-APLICACIONES-TECNOLOGICAS-169166.html' target='_blank' rel='noopener'>AT-012N<\/a><\/li>\n<li style='margin-bottom: 5px;'><strong>Chisquero de ignici\u00f3n:<\/strong> AT-060N<\/li>\n<\/ul><\/div>\n<\/p><\/div>\n<\/p><\/div>\n<div style='display: flex; flex-wrap: wrap; gap: 30px; margin-bottom: 30px;'>\n<div style='flex: 1 1 300px; min-width: 280px;'>\n<h3 style='font-size: 22px; border-bottom: 2px solid currentColor; padding-bottom: 5px; margin-top: 0; color: inherit; opacity: 0.8;'>Im\u00e1genes del producto<\/h3>\n<div style='display: flex; flex-wrap: wrap; gap: 15px;'> <img style='width: 100%; height: auto; border: 1px solid rgba(150&comma;150&comma;150&comma;0.3); border-radius: 8px;' src='https:\/\/ftp3.syscom.mx\/usuarios\/fotos\/ATW20\/T16\/TV\/209864-c-p_en_t.png' alt=''> <img style='width: 100%; height: auto; border: 1px solid rgba(150&comma;150&comma;150&comma;0.3); border-radius: 8px;' src='https:\/\/ftp3.syscom.mx\/usuarios\/fotos\/ATW40\/W40\/LV\/209858-molde.png' alt=''> <\/div>\n<\/p><\/div>\n<\/p><\/div>\n<div style='display: flex; flex-wrap: wrap; gap: 30px; margin-bottom: 30px;'>\n<div style='flex: 1 1 300px; min-width: 280px;'>\n<h3 style='font-size: 22px; border-bottom: 2px solid currentColor; padding-bottom: 5px; margin-top: 0; color: inherit; opacity: 0.8;'>Videos de aplicaci\u00f3n<\/h3>\n<div style='display: flex; flex-wrap: wrap; gap: 15px;'>\n<div style='width: 100%; position: relative; padding-bottom: 56.25%; height: 0; overflow: hidden; margin-bottom: 30px;'>   <\/div>\n<div style='width: 100%; position: relative; padding-bottom: 56.25%; height: 0; overflow: hidden; margin-bottom: 30px;'>   <\/div>\n<\/p><\/div>\n<\/p><\/div>\n<\/p><\/div>\n<hr style='border: 0; border-top: 1px solid rgba(150&comma; 150&comma; 150&comma; 0.3); margin: 30px 0;'> <\/div>\n","protected":false},"excerpt":{"rendered":"<p>Molde de grafito vertical uni\u00f3n en T vertical de cable 2\/0 AWG (pasante) con Pica de 5\/8 in (terminal).<\/p>\n","protected":false},"featured_media":39706,"comment_status":"open","ping_status":"closed","template":"","meta":[],"product_brand":[],"product_cat":[1090],"product_tag":[1091,1239,1088],"class_list":{"0":"post-39707","1":"product","2":"type-product","3":"status-publish","4":"has-post-thumbnail","6":"product_cat-accesorios-para-tierra-fisica","7":"product_tag-accesorios-para-tierra-fisica","8":"product_tag-aplicaciones-tecnologicas","9":"product_tag-calidad-de-la-energia","11":"first","12":"instock","13":"sale","14":"shipping-taxable","15":"purchasable","16":"product-type-simple"},"_links":{"self":[{"href":"https:\/\/soydeaqui.ddns.net\/pachuca\/index.php\/wp-json\/wp\/v2\/product\/39707","targetHints":{"allow":["GET"]}}],"collection":[{"href":"https:\/\/soydeaqui.ddns.net\/pachuca\/index.php\/wp-json\/wp\/v2\/product"}],"about":[{"href":"https:\/\/soydeaqui.ddns.net\/pachuca\/index.php\/wp-json\/wp\/v2\/types\/product"}],"replies":[{"embeddable":true,"href":"https:\/\/soydeaqui.ddns.net\/pachuca\/index.php\/wp-json\/wp\/v2\/comments?post=39707"}],"wp:featuredmedia":[{"embeddable":true,"href":"https:\/\/soydeaqui.ddns.net\/pachuca\/index.php\/wp-json\/wp\/v2\/media\/39706"}],"wp:attachment":[{"href":"https:\/\/soydeaqui.ddns.net\/pachuca\/index.php\/wp-json\/wp\/v2\/media?parent=39707"}],"wp:term":[{"taxonomy":"product_brand","embeddable":true,"href":"https:\/\/soydeaqui.ddns.net\/pachuca\/index.php\/wp-json\/wp\/v2\/product_brand?post=39707"},{"taxonomy":"product_cat","embeddable":true,"href":"https:\/\/soydeaqui.ddns.net\/pachuca\/index.php\/wp-json\/wp\/v2\/product_cat?post=39707"},{"taxonomy":"product_tag","embeddable":true,"href":"https:\/\/soydeaqui.ddns.net\/pachuca\/index.php\/wp-json\/wp\/v2\/product_tag?post=39707"}],"curies":[{"name":"wp","href":"https:\/\/api.w.org\/{rel}","templated":true}]}}