{"id":397,"date":"2026-03-18T05:39:17","date_gmt":"2026-03-18T05:39:17","guid":{"rendered":"https:\/\/soydeaqui.ddns.net\/pachuca\/index.php\/producto\/kit-manejadora-de-aire-inverter-r32-capacidad-de-5-toneladas-a-220-vca\/"},"modified":"2026-03-18T05:39:18","modified_gmt":"2026-03-18T05:39:18","slug":"kit-manejadora-de-aire-inverter-r32-capacidad-de-5-toneladas-a-220-vca","status":"publish","type":"product","link":"https:\/\/soydeaqui.ddns.net\/pachuca\/index.php\/producto\/kit-manejadora-de-aire-inverter-r32-capacidad-de-5-toneladas-a-220-vca\/","title":{"rendered":"Kit Manejadora de aire inverter R32 capacidad de 5 toneladas a 220 Vca"},"content":{"rendered":"<div style='width: 100%; max-width: 1200px; margin: 0 auto; font-family: sans-serif; line-height: 1.6; color: inherit; background-color: transparent;'>\n<div style='display: flex; flex-wrap: wrap; gap: 30px; margin-bottom: 30px;'>\n<div style='flex: 1 1 300px; min-width: 280px;'>\n<h3 style='font-size: 22px; border-bottom: 2px solid currentColor; padding-bottom: 5px; margin-top: 0; color: inherit; opacity: 0.8;'>Caracter\u00edsticas principales<\/h3>\n<ul style='padding-left: 20px; font-size: 15px; color: inherit;'>\n<li style='margin-bottom: 5px;'><strong>M\u00f3dulo<\/strong> WIFI<\/li>\n<li style='margin-bottom: 5px;'><strong>Tecnolog\u00eda:<\/strong> INVERTER<\/li>\n<li style='margin-bottom: 5px;'><strong>SEER:<\/strong> 17 ( Relaci\u00f3n de eficiencia de energ\u00eda de estaci\u00f3n )<\/li>\n<li style='margin-bottom: 5px;'>Modo: Fr\u00edo y calor<\/li>\n<li style='margin-bottom: 5px;'>Filtro de alta densidad<\/li>\n<li style='margin-bottom: 5px;'>Limpieza autom\u00e1tica<\/li>\n<li style='margin-bottom: 5px;'>Auto diagn\u00f3stico<\/li>\n<li style='margin-bottom: 5px;'>Eco friendly<\/li>\n<li style='margin-bottom: 5px;'>Aplicaci\u00f3n m\u00f3vil gratuita<\/li>\n<li style='margin-bottom: 5px;'>Integraci\u00f3n: <strong>Alexa y Google Home<\/strong><\/li>\n<li style='margin-bottom: 5px;'><strong>Garant\u00eda Unidad completa:<\/strong> 2 a\u00f1os<\/li>\n<li style='margin-bottom: 5px;'><strong>Garant\u00eda Compresor:<\/strong> 5 a\u00f1os<\/li>\n<li style='margin-bottom: 5px;'><strong>Garant\u00eda Resto de los componentes:<\/strong> 2 a\u00f1os<\/li>\n<li style='margin-bottom: 5px;'><strong>Equipos clasificados como *B y *C<\/strong> ( Pueden tener o no tener l\u00edneas de refrigerante de Cobre )<\/li>\n<\/ul><\/div>\n<div style='flex: 1 1 300px; min-width: 280px;'>\n<h3 style='font-size: 22px; border-bottom: 2px solid currentColor; padding-bottom: 5px; margin-top: 0; color: inherit; opacity: 0.8;'>Caracter\u00edsticas F\u00edsicas y El\u00e9ctricas<\/h3>\n<ul style='padding-left: 20px; font-size: 15px; color: inherit;'>\n<li style='margin-bottom: 5px;'>Nueva tecnolog\u00eda con refrigerante ecol\u00f3gico: <strong>R32<\/strong><\/li>\n<li style='margin-bottom: 5px;'>Capacidad: 1 Tonelada (12&comma;000 BTU)<\/li>\n<li style='margin-bottom: 5px;'>Alimentaci\u00f3n: 220 Vca \/ 60 Hz<\/li>\n<li style='margin-bottom: 5px;'><strong>Potencia en Calefacci\u00f3n:<\/strong> 1080 W<\/li>\n<li style='margin-bottom: 5px;'><strong>Potencia en Enfr\u00edamiento:<\/strong> 1250 W<\/li>\n<li style='margin-bottom: 5px;'>Refrigerante ecol\u00f3gico: R32<\/li>\n<li style='margin-bottom: 5px;'>Peso unidad interior: 8 Kg<\/li>\n<li style='margin-bottom: 5px;'>Peso unidad exterior: 22.5 Kg<\/li>\n<li style='margin-bottom: 5px;'>Medidas unidad interior: 750 x 285 x 200 mm<\/li>\n<li style='margin-bottom: 5px;'>Medidas unidad exterior: 705 x 279 x 530 mm<\/li>\n<li style='margin-bottom: 5px;'>Longitud de tuber\u00eda de cobre: 3 metros<\/li>\n<li style='margin-bottom: 5px;'>Di\u00e1metros tuber\u00edas de cobre: 1\/4&#8242; y 3\/8&#8242;<\/li>\n<li style='margin-bottom: 5px;'>Longitud de tuber\u00eda de desague: 2.10 metros<\/li>\n<li style='margin-bottom: 5px;'>Di\u00e1metro tuber\u00edas de desag\u00fce: 11 \/ 16 &#8216;<\/li>\n<\/ul><\/div>\n<div style='flex: 1 1 300px; min-width: 280px;'>\n<h3 style='font-size: 22px; border-bottom: 2px solid currentColor; padding-bottom: 5px; margin-top: 0; color: inherit; opacity: 0.8;'>Caracter\u00edsticas Destacadas<\/h3>\n<p style='font-size: 15px; color: inherit; margin-bottom: 15px;'>Los aires acondicionados divididos de AUFIT son ideales para controlar la temperatura de una forma sencilla&comma; r\u00e1pida y pr\u00e1ctica.<\/p>\n<p style='font-size: 15px; color: inherit; margin-bottom: 15px;'>Su dise\u00f1o interno permite mejorar la distribuci\u00f3n y el flujo de aire en cuatro direcciones logrando un r\u00e1pido enfriamiento en alrededor de 30s.<\/p>\n<p style='font-size: 15px; color: inherit; margin-bottom: 0;'>Super silencioso con un ruido tan bajo como 23 dB&comma; luz indicadora inteligente&comma; auto diagn\u00f3stico para facilitar servicio de mantenimiento&comma; auto reinicio&comma; entre otras m\u00e1s funciones que hacen del equipo potente y profesional.<\/p>\n<\/p><\/div>\n<\/p><\/div>\n<\/p><\/div>\n","protected":false},"excerpt":{"rendered":"<p>Kit Manejadora de aire inverter R32 capacidad de 5 toneladas a 220 Vca<\/p>\n","protected":false},"featured_media":32,"comment_status":"open","ping_status":"closed","template":"","meta":[],"product_brand":[],"product_cat":[98],"product_tag":[186,30,99],"class_list":{"0":"post-397","1":"product","2":"type-product","3":"status-publish","4":"has-post-thumbnail","6":"product_cat-climatizacion","7":"product_tag-aufit","8":"product_tag-automatizacion-casa-inteligente","9":"product_tag-climatizacion","11":"first","12":"outofstock","13":"sale","14":"shipping-taxable","15":"purchasable","16":"product-type-simple"},"_links":{"self":[{"href":"https:\/\/soydeaqui.ddns.net\/pachuca\/index.php\/wp-json\/wp\/v2\/product\/397","targetHints":{"allow":["GET"]}}],"collection":[{"href":"https:\/\/soydeaqui.ddns.net\/pachuca\/index.php\/wp-json\/wp\/v2\/product"}],"about":[{"href":"https:\/\/soydeaqui.ddns.net\/pachuca\/index.php\/wp-json\/wp\/v2\/types\/product"}],"replies":[{"embeddable":true,"href":"https:\/\/soydeaqui.ddns.net\/pachuca\/index.php\/wp-json\/wp\/v2\/comments?post=397"}],"wp:featuredmedia":[{"embeddable":true,"href":"https:\/\/soydeaqui.ddns.net\/pachuca\/index.php\/wp-json\/wp\/v2\/media\/32"}],"wp:attachment":[{"href":"https:\/\/soydeaqui.ddns.net\/pachuca\/index.php\/wp-json\/wp\/v2\/media?parent=397"}],"wp:term":[{"taxonomy":"product_brand","embeddable":true,"href":"https:\/\/soydeaqui.ddns.net\/pachuca\/index.php\/wp-json\/wp\/v2\/product_brand?post=397"},{"taxonomy":"product_cat","embeddable":true,"href":"https:\/\/soydeaqui.ddns.net\/pachuca\/index.php\/wp-json\/wp\/v2\/product_cat?post=397"},{"taxonomy":"product_tag","embeddable":true,"href":"https:\/\/soydeaqui.ddns.net\/pachuca\/index.php\/wp-json\/wp\/v2\/product_tag?post=397"}],"curies":[{"name":"wp","href":"https:\/\/api.w.org\/{rel}","templated":true}]}}