{"id":39668,"date":"2026-03-18T17:27:27","date_gmt":"2026-03-18T17:27:27","guid":{"rendered":"https:\/\/soydeaqui.ddns.net\/pachuca\/index.php\/producto\/linterna-led-de-aluminio-600-lumenes-ipx4-resistente-al-agua\/"},"modified":"2026-03-18T17:27:34","modified_gmt":"2026-03-18T17:27:34","slug":"linterna-led-de-aluminio-600-lumenes-ipx4-resistente-al-agua","status":"publish","type":"product","link":"https:\/\/soydeaqui.ddns.net\/pachuca\/index.php\/producto\/linterna-led-de-aluminio-600-lumenes-ipx4-resistente-al-agua\/","title":{"rendered":"Linterna LED de Aluminio, 600 L\u00famenes, IPX4, Resistente al Agua"},"content":{"rendered":"<div style='width: 100%; max-width: 1200px; margin: 0 auto; font-family: sans-serif; line-height: 1.6; color: inherit; background-color: transparent;'>\n<div style='display: flex; flex-wrap: wrap; gap: 30px; margin-bottom: 30px;'>\n<div style='flex: 1 1 300px; min-width: 280px;'>\n<h3 style='font-size: 22px; border-bottom: 2px solid currentColor; padding-bottom: 5px; margin-top: 0; color: inherit; opacity: 0.8;'>Especificaciones T\u00e9cnicas<\/h3>\n<ul style='padding-left: 20px; font-size: 15px; color: inherit;'>\n<li style='margin-bottom: 5px;'><strong>Voltaje de funcionamiento:<\/strong> 4&comma;5 V<\/li>\n<li style='margin-bottom: 5px;'><strong>L\u00famenes:<\/strong> 600LM<\/li>\n<li style='margin-bottom: 5px;'><strong>Tama\u00f1o:<\/strong> 33*130MM<\/li>\n<li style='margin-bottom: 5px;'><strong>Peso:<\/strong> 90G<\/li>\n<li style='margin-bottom: 5px;'><strong>Impermeable:<\/strong> IPX4<\/li>\n<li style='margin-bottom: 5px;'><strong>Funci\u00f3n personalizada:<\/strong> Flash-Blanco<\/li>\n<li style='margin-bottom: 5px;'><strong>Alimentaci\u00f3n:<\/strong> 4.5 Vcc (3 x AAA) \/ 3&comma;7 Vcc (1 x 18650)<\/li>\n<\/ul><\/div>\n<div style='flex: 1 1 300px; min-width: 280px;'>\n<h3 style='font-size: 22px; border-bottom: 2px solid currentColor; padding-bottom: 5px; margin-top: 0; color: inherit; opacity: 0.8;'>Caracter\u00edsticas<\/h3>\n<ul style='padding-left: 20px; font-size: 15px; color: inherit;'>\n<li style='margin-bottom: 5px;'>Bajo consumo de energ\u00eda<\/li>\n<li style='margin-bottom: 5px;'>LED ultrabrillante<\/li>\n<li style='margin-bottom: 5px;'>Alta resistencia<\/li>\n<li style='margin-bottom: 5px;'>Funci\u00f3n zoom<\/li>\n<\/ul><\/div>\n<\/p><\/div>\n<div style='margin-bottom: 30px;'>\n<p style='font-size: 15px; color: inherit; margin: 0 0 15px;'>Ten a la mano esta linterna t\u00e1ctica para esos apagones inesperados&comma; reparaciones nocturnas en el auto o para tus actividades al aire libre&comma; como camping&comma; caminatas nocturnas y m\u00e1s.<\/p>\n<div style='margin: 20px 0;'>\n<h3 style='font-size: 18px; color: inherit; opacity: 0.8; margin: 0 0 10px;'>Iluminaci\u00f3n ultrabrillante<\/h3>\n<p style='font-size: 15px; color: inherit; margin: 0;'>Su unidad LED de alta eficiencia otorga un brillo extraordinario y ofrece excelente iluminaci\u00f3n (600 lumenes) en cualquier situaci\u00f3n que necesites.<\/p>\n<\/p><\/div>\n<div style='margin: 20px 0;'>\n<h3 style='font-size: 18px; color: inherit; opacity: 0.8; margin: 0 0 10px;'>Funci\u00f3n zoom IN \/ OUT<\/h3>\n<p style='font-size: 15px; color: inherit; margin: 0;'>Su sistema retr\u00e1ctil permite que el lente se aleje o acerque a la unidad LED&comma; esto permite iluminar a larga distancia concentrando el haz de luz en un punto (zoom in)&comma; o expandi\u00e9ndolo para iluminar \u00e1reas m\u00e1s amplias (zoom out).<\/p>\n<\/p><\/div>\n<div style='margin: 20px 0;'>\n<h3 style='font-size: 18px; color: inherit; opacity: 0.8; margin: 0 0 10px;'>3 tipos de iluminaci\u00f3n<\/h3>\n<ul style='padding-left: 20px; font-size: 15px; color: inherit;'>\n<li style='margin-bottom: 5px;'>Modo constante<\/li>\n<li style='margin-bottom: 5px;'>Modo S.O.S<\/li>\n<li style='margin-bottom: 5px;'>Modo destellante<\/li>\n<\/ul><\/div>\n<div style='margin: 20px 0;'>\n<h3 style='font-size: 18px; color: inherit; opacity: 0.8; margin: 0 0 10px;'>Resistente al agua<\/h3>\n<p style='font-size: 15px; color: inherit; margin: 0;'>Puedes llevarla a camping o paseos al aire libre gracias a su construcci\u00f3n en aluminio y sellos herm\u00e9ticos&comma; estas caracter\u00edsticas le brindan resistencia al agua (no sumergible).<\/p>\n<\/p><\/div>\n<div style='margin: 20px 0;'>\n<h3 style='font-size: 18px; color: inherit; opacity: 0.8; margin: 0 0 10px;'>2 modos de alimentaci\u00f3n<\/h3>\n<p style='font-size: 15px; color: inherit; margin: 0;'>Funciona con 3 pila tipo AAA o con 1 bater\u00eda recargable Li-Ion tipo 18650.<\/p>\n<\/p><\/div>\n<div style='margin: 20px 0;'>\n<p style='font-size: 15px; color: inherit; margin: 0;'><strong>Nota:<\/strong> Las pilas o la bater\u00eda se venden por separado.<\/p>\n<\/p><\/div>\n<\/p><\/div>\n<\/p><\/div>\n","protected":false},"excerpt":{"rendered":"<p>Linterna LED de Aluminio, 600 L\u00famenes, IPX4, Resistente al Agua<\/p>\n","protected":false},"featured_media":39667,"comment_status":"open","ping_status":"closed","template":"","meta":[],"product_brand":[],"product_cat":[130],"product_tag":[1237,25,131],"class_list":{"0":"post-39668","1":"product","2":"type-product","3":"status-publish","4":"has-post-thumbnail","6":"product_cat-herramientas-electricas","7":"product_tag-epcom-industrial-signaling","8":"product_tag-herramientas","9":"product_tag-herramientas-electricas","11":"first","12":"instock","13":"sale","14":"shipping-taxable","15":"purchasable","16":"product-type-simple"},"_links":{"self":[{"href":"https:\/\/soydeaqui.ddns.net\/pachuca\/index.php\/wp-json\/wp\/v2\/product\/39668","targetHints":{"allow":["GET"]}}],"collection":[{"href":"https:\/\/soydeaqui.ddns.net\/pachuca\/index.php\/wp-json\/wp\/v2\/product"}],"about":[{"href":"https:\/\/soydeaqui.ddns.net\/pachuca\/index.php\/wp-json\/wp\/v2\/types\/product"}],"replies":[{"embeddable":true,"href":"https:\/\/soydeaqui.ddns.net\/pachuca\/index.php\/wp-json\/wp\/v2\/comments?post=39668"}],"wp:featuredmedia":[{"embeddable":true,"href":"https:\/\/soydeaqui.ddns.net\/pachuca\/index.php\/wp-json\/wp\/v2\/media\/39667"}],"wp:attachment":[{"href":"https:\/\/soydeaqui.ddns.net\/pachuca\/index.php\/wp-json\/wp\/v2\/media?parent=39668"}],"wp:term":[{"taxonomy":"product_brand","embeddable":true,"href":"https:\/\/soydeaqui.ddns.net\/pachuca\/index.php\/wp-json\/wp\/v2\/product_brand?post=39668"},{"taxonomy":"product_cat","embeddable":true,"href":"https:\/\/soydeaqui.ddns.net\/pachuca\/index.php\/wp-json\/wp\/v2\/product_cat?post=39668"},{"taxonomy":"product_tag","embeddable":true,"href":"https:\/\/soydeaqui.ddns.net\/pachuca\/index.php\/wp-json\/wp\/v2\/product_tag?post=39668"}],"curies":[{"name":"wp","href":"https:\/\/api.w.org\/{rel}","templated":true}]}}