{"id":39653,"date":"2026-03-18T17:27:04","date_gmt":"2026-03-18T17:27:04","guid":{"rendered":"https:\/\/soydeaqui.ddns.net\/pachuca\/index.php\/producto\/estacin-de-control-de-un-solo-botn-pulsador-de-contacto-momentneo-color-rojo-stop-uso-en-reas-clasificadas\/"},"modified":"2026-03-18T17:27:04","modified_gmt":"2026-03-18T17:27:04","slug":"estacin-de-control-de-un-solo-botn-pulsador-de-contacto-momentneo-color-rojo-stop-uso-en-reas-clasificadas","status":"publish","type":"product","link":"https:\/\/soydeaqui.ddns.net\/pachuca\/index.php\/producto\/estacin-de-control-de-un-solo-botn-pulsador-de-contacto-momentneo-color-rojo-stop-uso-en-reas-clasificadas\/","title":{"rendered":"Estaci?n de Control de Un Solo Bot?n Pulsador de Contacto Moment?neo\/ Color Rojo (Stop) \/ Uso en ?reas Clasificadas"},"content":{"rendered":"<div style='width: 100%; max-width: 1200px; margin: 0 auto; font-family: sans-serif; line-height: 1.6; color: inherit; background-color: transparent;'> <!-- Secci\u00f3n de caracter\u00edsticas --> <\/p>\n<div style='display: flex; flex-wrap: wrap; gap: 30px; margin-bottom: 30px;'>\n<div style='flex: 1 1 300px; min-width: 280px;'>\n<h3 style='font-size: 22px; border-bottom: 2px solid currentColor; padding-bottom: 5px; margin-top: 0; color: inherit; opacity: 0.8;'>Caracter\u00edsticas<\/h3>\n<ul style='padding-left: 20px; font-size: 15px; color: inherit;'>\n<li style='margin-bottom: 5px;'>Serie XCS construida en aluminio libre de cobre.<\/li>\n<li style='margin-bottom: 5px;'>Entradas para Conduit de 3\/4&#8242; en caja de paso y terminal<\/li>\n<li style='margin-bottom: 5px;'>Las estaciones de control utilizan cajas tipo SWB de Killark<\/li>\n<li style='margin-bottom: 5px;'>Varios tipos de operadores&comma; luces piloto&comma; selectores&comma; tipo hongo&comma; etc.<\/li>\n<li style='margin-bottom: 5px;'>N\u00famero de archivo CSA: LR11714<\/li>\n<li style='margin-bottom: 5px;'> <strong>Clasificaciones para \u00e1reas peligrosas:<\/strong>\n<ul style='padding-left: 20px; margin-top: 8px;'>\n<li style='margin-bottom: 5px;'>Clase I&comma; Divisiones 1 &#038; 2&comma; Grupos C&comma;D<\/li>\n<li style='margin-bottom: 5px;'>Clase I&comma; Zonas 1 &#038; 2&comma; Grupos IIB&comma; IIA<\/li>\n<li style='margin-bottom: 5px;'>Clase II&comma; Divisiones 1 &#038; 2&comma; Grupos E&comma;F&comma;G<\/li>\n<li style='margin-bottom: 5px;'>Clase III&comma; Nema 7 (C&comma;D) 9 (E&comma;F&comma;G)<\/li>\n<\/ul>\n<\/li>\n<\/ul><\/div>\n<\/p><\/div>\n<p> <!-- Secci\u00f3n de especificaciones --> <\/p>\n<div style='display: flex; flex-wrap: wrap; gap: 20px; margin-bottom: 30px;'>\n<div style='flex: 1 1 250px; border: 1px solid rgba(150&comma; 150&comma; 150&comma; 0.4); border-radius: 8px; overflow: hidden; display: flex; flex-direction: column;'>\n<div style='padding: 15px; border-bottom: 1px solid rgba(150&comma; 150&comma; 150&comma; 0.2); font-weight: bold; font-size: 18px; color: inherit;'>Especificaciones<\/div>\n<div style='padding: 15px; color: inherit;'>\n<ul style='padding-left: 20px; margin: 0; font-size: 14px; list-style-type: disc;'>\n<li style='margin-bottom: 5px;'><strong>Clasificaci\u00f3n del contacto:<\/strong> 1 NC<\/li>\n<li style='margin-bottom: 5px;'><strong>Acci\u00f3n:<\/strong> Moment\u00e1nea<\/li>\n<li style='margin-bottom: 5px;'><strong>Actuador:<\/strong> Pulsador simple<\/li>\n<li style='margin-bottom: 5px;'><strong>Color:<\/strong> Rojo<\/li>\n<li style='margin-bottom: 5px;'><strong>N\u00famero de Polo:<\/strong> 1<\/li>\n<li style='margin-bottom: 5px;'><strong>Profundidad:<\/strong> 4 1\/32<\/li>\n<li style='margin-bottom: 5px;'><strong>Clasificaci\u00f3n de Amperaje:<\/strong> 10 A<\/li>\n<li style='margin-bottom: 5px;'><strong>Rango de frecuencia:<\/strong> 50\/60 Hz<\/li>\n<li style='margin-bottom: 5px;'><strong>Rango de Temperatura Ambiente:<\/strong> UL -25\u00b0 a 40\u00b0 C&comma; CSA -50\u00b0 a 40\u00b0C&comma; IEC -20\u00b0 a 40\u00b0 C<\/li>\n<li style='margin-bottom: 5px;'><strong>Aplicaci\u00f3n:<\/strong> Lugares peligrosos debido a la presencia de gases o vapores inflamables&comma; polvos combustibles&comma; fibras o part\u00edculas f\u00e1cilmente inflamables. Instalaciones en refiner\u00edas de petr\u00f3leo&comma; plantas qu\u00edmicas&comma; petroqu\u00edmicas y otras instalaciones de procesamiento o almacenamiento de condiciones similares.<\/li>\n<\/ul><\/div>\n<\/p><\/div>\n<div style='flex: 1 1 250px; border: 1px solid rgba(150&comma; 150&comma; 150&comma; 0.4); border-radius: 8px; overflow: hidden; display: flex; flex-direction: column;'>\n<div style='padding: 15px; border-bottom: 1px solid rgba(150&comma; 150&comma; 150&comma; 0.2); font-weight: bold; font-size: 18px; color: inherit;'>Clasificaci\u00f3n de Contacto<\/div>\n<div style='padding: 15px; color: inherit;'>\n<ul style='padding-left: 20px; margin: 0; font-size: 14px; list-style-type: disc;'>\n<li style='margin-bottom: 5px;'>60A Entrada @ 120 VCA<\/li>\n<li style='margin-bottom: 5px;'>30A Entrada @ 240 VCA<\/li>\n<li style='margin-bottom: 5px;'>15A Entrada @ 480 VCA<\/li>\n<li style='margin-bottom: 5px;'>12A Entrada @ 600 VCA<\/li>\n<li style='margin-bottom: 5px;'>6A Corte @ 120 VCA<\/li>\n<li style='margin-bottom: 5px;'>3A Corte @ 240 VCA<\/li>\n<li style='margin-bottom: 5px;'>1.5A Corte @ 480 VAC<\/li>\n<li style='margin-bottom: 5px;'>1.2A Corte @ 600 VAC<\/li>\n<li style='margin-bottom: 5px;'>10A Transporte @ 120 VCA<\/li>\n<li style='margin-bottom: 5px;'>10A Transporte @ 240 VCA<\/li>\n<li style='margin-bottom: 5px;'>10A Transporte @ 480 VCA<\/li>\n<\/ul><\/div>\n<\/p><\/div>\n<\/p><\/div>\n<p> <!-- Separador --> <\/p>\n<hr style='border: 0; border-top: 1px solid rgba(150&comma; 150&comma; 150&comma; 0.3); margin: 30px 0;'> <\/div>\n","protected":false},"excerpt":{"rendered":"<p>Estaci?n de Control de Un Solo Bot?n Pulsador de Contacto Moment?neo\/ Color Rojo (Stop) \/ Uso en ?reas Clasificadas<\/p>\n","protected":false},"featured_media":39652,"comment_status":"open","ping_status":"closed","template":"","meta":[],"product_brand":[],"product_cat":[1076],"product_tag":[1078,1077,704],"class_list":{"0":"post-39653","1":"product","2":"type-product","3":"status-publish","4":"has-post-thumbnail","6":"product_cat-gabinetes-y-accesorios-antiexplosion","7":"product_tag-gabinetes-y-accesorios-antiexplosion","8":"product_tag-gabinetes-y-cajas","9":"product_tag-hubbell-killark","11":"first","12":"outofstock","13":"sale","14":"shipping-taxable","15":"purchasable","16":"product-type-simple"},"_links":{"self":[{"href":"https:\/\/soydeaqui.ddns.net\/pachuca\/index.php\/wp-json\/wp\/v2\/product\/39653","targetHints":{"allow":["GET"]}}],"collection":[{"href":"https:\/\/soydeaqui.ddns.net\/pachuca\/index.php\/wp-json\/wp\/v2\/product"}],"about":[{"href":"https:\/\/soydeaqui.ddns.net\/pachuca\/index.php\/wp-json\/wp\/v2\/types\/product"}],"replies":[{"embeddable":true,"href":"https:\/\/soydeaqui.ddns.net\/pachuca\/index.php\/wp-json\/wp\/v2\/comments?post=39653"}],"wp:featuredmedia":[{"embeddable":true,"href":"https:\/\/soydeaqui.ddns.net\/pachuca\/index.php\/wp-json\/wp\/v2\/media\/39652"}],"wp:attachment":[{"href":"https:\/\/soydeaqui.ddns.net\/pachuca\/index.php\/wp-json\/wp\/v2\/media?parent=39653"}],"wp:term":[{"taxonomy":"product_brand","embeddable":true,"href":"https:\/\/soydeaqui.ddns.net\/pachuca\/index.php\/wp-json\/wp\/v2\/product_brand?post=39653"},{"taxonomy":"product_cat","embeddable":true,"href":"https:\/\/soydeaqui.ddns.net\/pachuca\/index.php\/wp-json\/wp\/v2\/product_cat?post=39653"},{"taxonomy":"product_tag","embeddable":true,"href":"https:\/\/soydeaqui.ddns.net\/pachuca\/index.php\/wp-json\/wp\/v2\/product_tag?post=39653"}],"curies":[{"name":"wp","href":"https:\/\/api.w.org\/{rel}","templated":true}]}}