{"id":39640,"date":"2026-03-18T17:26:44","date_gmt":"2026-03-18T17:26:44","guid":{"rendered":"https:\/\/soydeaqui.ddns.net\/pachuca\/index.php\/producto\/juego-de-herramientas-de-conexion-fotovoltaica-solar-6-piezas-estuche-2-llaves-aisladas-mc4-cortador-1-0-awg-al-pelacables-6-12-awg-solido-y-8-14-awg-trenzado-ponchadora-mc4t-10-14-awg\/"},"modified":"2026-03-18T17:26:51","modified_gmt":"2026-03-18T17:26:51","slug":"juego-de-herramientas-de-conexion-fotovoltaica-solar-6-piezas-estuche-2-llaves-aisladas-mc4-cortador-1-0-awg-al-pelacables-6-12-awg-solido-y-8-14-awg-trenzado-ponchadora-mc4t-10-14-awg","status":"publish","type":"product","link":"https:\/\/soydeaqui.ddns.net\/pachuca\/index.php\/producto\/juego-de-herramientas-de-conexion-fotovoltaica-solar-6-piezas-estuche-2-llaves-aisladas-mc4-cortador-1-0-awg-al-pelacables-6-12-awg-solido-y-8-14-awg-trenzado-ponchadora-mc4t-10-14-awg\/","title":{"rendered":"Juego de Herramientas de Conexi\u00f3n Fotovoltaica (Solar), 6 Piezas: Estuche, 2 Llaves Aisladas MC4, Cortador 1\/0 AWG Al, Pelacables 6-12 AWG S\u00f3lido y 8-14 AWG Trenzado, Ponchadora MC4T 10-14 AWG"},"content":{"rendered":"<div style='width: 100%; max-width: 1200px; margin: 0 auto; font-family: sans-serif; line-height: 1.6; color: inherit; background-color: transparent;'> <!-- Secci\u00f3n de caracter\u00edsticas --> <\/p>\n<div style='margin-bottom: 30px;'>\n<ul style='padding-left: 20px; font-size: 15px; color: inherit; list-style-type: disc;'>\n<li style='margin-bottom: 5px;'>Juego de herramientas solares de conexi\u00f3n fotovoltaica dise\u00f1ado para la instalaci\u00f3n y mantenimiento de paneles solares.<\/li>\n<li style='margin-bottom: 5px;'>Cortador de cables compacto para recortar cables a la longitud deseada.<\/li>\n<li style='margin-bottom: 5px;'>Pelacables autom\u00e1tico pela cables fotovoltaicos s\u00f3lidos de 6 a 12 AWG y trenzados de 8 a 14 AWG.<\/li>\n<li style='margin-bottom: 5px;'>Ponchadora con trinquete para ponchar pines estilo MC4\u00ae de 10 a 14 AWG.<\/li>\n<li style='margin-bottom: 5px;'>Dos llaves aislantes para montaje y desmontaje de conectores estilo MC4\u00ae.<\/li>\n<li style='margin-bottom: 5px;'>Espacio de almacenamiento para conectores fotovoltaicos u otras piezas peque\u00f1as.<\/li>\n<li style='margin-bottom: 5px;'>Estuche duro y duradero para almacenamiento organizado.<\/li>\n<\/ul><\/div>\n<p> <!-- Secci\u00f3n de especificaciones --> <\/p>\n<h3 style='font-size: 22px; border-bottom: 2px solid currentColor; padding-bottom: 5px; margin-top: 0; margin-bottom: 20px; color: inherit; opacity: 0.8;'>ESPECIFICACIONES<\/h3>\n<div style='display: flex; flex-wrap: wrap; gap: 20px; margin-bottom: 30px;'>\n<div style='flex: 1 1 250px; border: 1px solid rgba(150&comma; 150&comma; 150&comma; 0.4); border-radius: 8px; overflow: hidden; display: flex; flex-direction: column;'>\n<div style='padding: 15px; border-bottom: 1px solid rgba(150&comma; 150&comma; 150&comma; 0.2); font-weight: bold; font-size: 18px; color: inherit;'>Caracter\u00edsticas<\/div>\n<div style='padding: 15px; color: inherit;'>\n<ul style='padding-left: 20px; margin: 0; font-size: 14px; list-style-type: disc;'>\n<li style='margin-bottom: 5px;'>Compartimiento de almacenamiento en la tapa<\/li>\n<li style='margin-bottom: 5px;'>Acero<\/li>\n<li style='margin-bottom: 5px;'>6 piezas<\/li>\n<\/ul><\/div>\n<\/p><\/div>\n<div style='flex: 1 1 250px; border: 1px solid rgba(150&comma; 150&comma; 150&comma; 0.4); border-radius: 8px; overflow: hidden; display: flex; flex-direction: column;'>\n<div style='padding: 15px; border-bottom: 1px solid rgba(150&comma; 150&comma; 150&comma; 0.2); font-weight: bold; font-size: 18px; color: inherit;'>Contenido del juego<\/div>\n<div style='padding: 15px; color: inherit;'>\n<ul style='padding-left: 20px; margin: 0; font-size: 14px; list-style-type: disc;'>\n<li style='margin-bottom: 5px;'>(1) ponchadora&comma; (1) cortador&comma; (1) pelacables&comma; (2) llaves solares&comma; estuche<\/li>\n<\/ul><\/div>\n<\/p><\/div>\n<div style='flex: 1 1 250px; border: 1px solid rgba(150&comma; 150&comma; 150&comma; 0.4); border-radius: 8px; overflow: hidden; display: flex; flex-direction: column;'>\n<div style='padding: 15px; border-bottom: 1px solid rgba(150&comma; 150&comma; 150&comma; 0.2); font-weight: bold; font-size: 18px; color: inherit;'>Identificaci\u00f3n<\/div>\n<div style='padding: 15px; color: inherit;'>\n<ul style='padding-left: 20px; margin: 0; font-size: 14px; list-style-type: disc;'>\n<li style='margin-bottom: 5px;'>UPC: 092644941283<\/li>\n<\/ul><\/div>\n<\/p><\/div>\n<\/p><\/div>\n<p> <!-- Imagen del producto --> <\/p>\n<div style='margin: 30px 0;'> <img style='width: 100%; height: auto; border: 1px solid rgba(150&comma;150&comma;150&comma;0.3); border-radius: 8px;' src='https:\/\/ftp3.syscom.mx\/usuarios\/fotos\/92919S\/234104-92919s_92919sep_app5.jpg' alt='Juego de Herramientas de Conexi\u00f3n Fotovoltaica (Solar)&comma; 6 piezas'> <\/div>\n<p> <!-- Separador final --> <\/p>\n<hr style='border: 0; border-top: 1px solid rgba(150&comma; 150&comma; 150&comma; 0.3); margin: 30px 0;'> <\/div>\n","protected":false},"excerpt":{"rendered":"<p>Juego de Herramientas de Conexi\u00f3n Fotovoltaica (Solar), 6 Piezas: Estuche, 2 Llaves Aisladas MC4, Cortador 1\/0 AWG Al, Pelacables 6-12 AWG S\u00f3lido y 8-14 AWG Trenzado, Ponchadora MC4T 10-14 AWG<\/p>\n","protected":false},"featured_media":39639,"comment_status":"open","ping_status":"closed","template":"","meta":[],"product_brand":[],"product_cat":[1138],"product_tag":[1058,1139,432],"class_list":{"0":"post-39640","1":"product","2":"type-product","3":"status-publish","4":"has-post-thumbnail","6":"product_cat-herramientas-mecanicas","7":"product_tag-ferreteria","8":"product_tag-herramientas-mecanicas","9":"product_tag-klein-tools","11":"first","12":"instock","13":"sale","14":"shipping-taxable","15":"purchasable","16":"product-type-simple"},"_links":{"self":[{"href":"https:\/\/soydeaqui.ddns.net\/pachuca\/index.php\/wp-json\/wp\/v2\/product\/39640","targetHints":{"allow":["GET"]}}],"collection":[{"href":"https:\/\/soydeaqui.ddns.net\/pachuca\/index.php\/wp-json\/wp\/v2\/product"}],"about":[{"href":"https:\/\/soydeaqui.ddns.net\/pachuca\/index.php\/wp-json\/wp\/v2\/types\/product"}],"replies":[{"embeddable":true,"href":"https:\/\/soydeaqui.ddns.net\/pachuca\/index.php\/wp-json\/wp\/v2\/comments?post=39640"}],"wp:featuredmedia":[{"embeddable":true,"href":"https:\/\/soydeaqui.ddns.net\/pachuca\/index.php\/wp-json\/wp\/v2\/media\/39639"}],"wp:attachment":[{"href":"https:\/\/soydeaqui.ddns.net\/pachuca\/index.php\/wp-json\/wp\/v2\/media?parent=39640"}],"wp:term":[{"taxonomy":"product_brand","embeddable":true,"href":"https:\/\/soydeaqui.ddns.net\/pachuca\/index.php\/wp-json\/wp\/v2\/product_brand?post=39640"},{"taxonomy":"product_cat","embeddable":true,"href":"https:\/\/soydeaqui.ddns.net\/pachuca\/index.php\/wp-json\/wp\/v2\/product_cat?post=39640"},{"taxonomy":"product_tag","embeddable":true,"href":"https:\/\/soydeaqui.ddns.net\/pachuca\/index.php\/wp-json\/wp\/v2\/product_tag?post=39640"}],"curies":[{"name":"wp","href":"https:\/\/api.w.org\/{rel}","templated":true}]}}