{"id":39620,"date":"2026-03-18T17:26:18","date_gmt":"2026-03-18T17:26:18","guid":{"rendered":"https:\/\/soydeaqui.ddns.net\/pachuca\/index.php\/producto\/desarmador-de-caja-de-5-16-cushion-grip-con-barra-de-7-6-cm\/"},"modified":"2026-03-18T17:26:19","modified_gmt":"2026-03-18T17:26:19","slug":"desarmador-de-caja-de-5-16-cushion-grip-con-barra-de-7-6-cm","status":"publish","type":"product","link":"https:\/\/soydeaqui.ddns.net\/pachuca\/index.php\/producto\/desarmador-de-caja-de-5-16-cushion-grip-con-barra-de-7-6-cm\/","title":{"rendered":"Desarmador de Caja de 5\/16&#8221; Cushion-Grip\u2122 con Barra de 7.6 cm"},"content":{"rendered":"<div style='width: 100%; max-width: 1200px; margin: 0 auto; font-family: sans-serif; line-height: 1.6; color: inherit; background-color: transparent;'>\n<div style='display: flex; flex-direction: column; margin-bottom: 30px;'>\n<h1 style='font-size: 32px; margin: 0; font-family: sans-serif; color: inherit;'>Desarmador de Caja de 5\/16&#8221; Cushion-Grip\u2122 con Barra de 7.6 cm<\/h1>\n<h2 style='font-size: 24px; margin: 0 0 20px; color: #666666; font-family: sans-serif;'>630-5\/16<\/h2>\n<\/p><\/div>\n<div style='margin-bottom: 30px;'>\n<h3 style='font-size: 22px; border-bottom: 2px solid currentColor; padding-bottom: 5px; margin-top: 0; color: inherit; opacity: 0.8;'>Caracter\u00edsticas<\/h3>\n<ul style='padding-left: 20px; font-size: 15px; color: inherit;'>\n<li style='margin-bottom: 5px;'>Longitud est\u00e1ndar para la mayor\u00eda de las aplicaciones; se ajusta sobre tornillos y pernos largos<\/li>\n<li style='margin-bottom: 5px;'>Barras completamente huecas que facilitan el trabajo en placas de circuitos superpuestas u otras aplicaciones con pernos largos<\/li>\n<li style='margin-bottom: 5px;'>Bridas internas que proporcionan un anclaje firme de la barra&comma; resistente a la torsi\u00f3n<\/li>\n<li style='margin-bottom: 5px;'>Cromado de calidad superior para lograr un contacto uniforme y resistencia a la corrosi\u00f3n<\/li>\n<li style='margin-bottom: 5px;'>Hechas en EE. UU.<\/li>\n<li style='margin-bottom: 5px;'>Satisface o supera las especificaciones de ASME\/ANSI aplicables<\/li>\n<li style='margin-bottom: 5px;'>El extremo del mango tambi\u00e9n est\u00e1 codificado por color para facilitar la identificaci\u00f3n<\/li>\n<li style='margin-bottom: 5px;'>El mango Cushion-Grip\u2122 proporciona mayor torsi\u00f3n y comodidad<\/li>\n<li style='margin-bottom: 5px;'>El sistema Tip-Ident\u2122 identifica r\u00e1pidamente el desarmador de caja y la medida<\/li>\n<\/ul><\/div>\n<div style='margin-bottom: 30px;'>\n<h3 style='font-size: 22px; border-bottom: 2px solid currentColor; padding-bottom: 5px; margin-top: 0; color: inherit; opacity: 0.8;'>Especificaciones<\/h3>\n<div style='display: flex; flex-wrap: wrap; gap: 20px; margin-top: 20px;'>\n<div style='flex: 1 1 250px; border: 1px solid rgba(150&comma; 150&comma; 150&comma; 0.4); border-radius: 8px; overflow: hidden; display: flex; flex-direction: column;'>\n<div style='padding: 15px; border-bottom: 1px solid rgba(150&comma; 150&comma; 150&comma; 0.2); font-weight: bold; font-size: 18px; color: inherit;'>Especificaciones Generales<\/div>\n<div style='padding: 15px; color: inherit;'>\n<ul style='padding-left: 20px; margin: 0; font-size: 14px; list-style-type: disc;'>\n<li style='margin-bottom: 5px;'><strong>Aplicaci\u00f3n:<\/strong> Aplicaciones con tornillos<\/li>\n<li style='margin-bottom: 5px;'><strong>Norma de medici\u00f3n:<\/strong> SAE<\/li>\n<li style='margin-bottom: 5px;'><strong>Tipo:<\/strong> N.\u00ba<\/li>\n<li style='margin-bottom: 5px;'><strong>Longitud de la barra:<\/strong> 3&#8221; (7&comma;6 cm)<\/li>\n<li style='margin-bottom: 5px;'><strong>Material:<\/strong> Acero<\/li>\n<li style='margin-bottom: 5px;'><strong>Aislado:<\/strong> No<\/li>\n<\/ul><\/div>\n<\/p><\/div>\n<div style='flex: 1 1 250px; border: 1px solid rgba(150&comma; 150&comma; 150&comma; 0.4); border-radius: 8px; overflow: hidden; display: flex; flex-direction: column;'>\n<div style='padding: 15px; border-bottom: 1px solid rgba(150&comma; 150&comma; 150&comma; 0.2); font-weight: bold; font-size: 18px; color: inherit;'>Detalles Adicionales<\/div>\n<div style='padding: 15px; color: inherit;'>\n<ul style='padding-left: 20px; margin: 0; font-size: 14px; list-style-type: disc;'>\n<li style='margin-bottom: 5px;'><strong>Material del mango:<\/strong> Goma<\/li>\n<li style='margin-bottom: 5px;'><strong>Codificaci\u00f3n por color:<\/strong> Amarillo<\/li>\n<li style='margin-bottom: 5px;'><strong>Longitud total:<\/strong> 6&comma;75&#8221; (17&comma;2 cm)<\/li>\n<li style='margin-bottom: 5px;'><strong>Peso:<\/strong> 3&comma;2 oz (91 g)<\/li>\n<li style='margin-bottom: 5px;'><strong>UPC:<\/strong> 092644650031<\/li>\n<\/ul><\/div>\n<\/p><\/div>\n<\/p><\/div>\n<\/p><\/div>\n<div style='margin-bottom: 30px;'>\n<h3 style='font-size: 22px; border-bottom: 2px solid currentColor; padding-bottom: 5px; margin-top: 0; color: inherit; opacity: 0.8;'>Im\u00e1genes<\/h3>\n<div style='margin-top: 15px;'> <img style='width: 100%; height: auto; border: 1px solid rgba(150&comma;150&comma;150&comma;0.3); border-radius: 8px;' src='https:\/\/ftp3.syscom.mx\/usuarios\/fotos\/6305\/16\/234186-630516_app1.jpg' alt=''> <\/div>\n<\/p><\/div>\n<div style='margin-bottom: 30px;'>\n<h3 style='font-size: 22px; border-bottom: 2px solid currentColor; padding-bottom: 5px; margin-top: 0; color: inherit; opacity: 0.8;'>Video<\/h3>\n<div style='position: relative; padding-bottom: 56.25%; height: 0; overflow: hidden; margin-top: 15px;'>   <\/div>\n<\/p><\/div>\n<hr style='border: 0; border-top: 1px solid rgba(150&comma; 150&comma; 150&comma; 0.3); margin: 30px 0;'> <\/div>\n","protected":false},"excerpt":{"rendered":"<p>Desarmador de Caja de 5\/16&#8221; Cushion-Grip\u2122 con Barra de 7.6 cm<\/p>\n","protected":false},"featured_media":39619,"comment_status":"open","ping_status":"closed","template":"","meta":[],"product_brand":[],"product_cat":[1138],"product_tag":[1058,1139,432],"class_list":{"0":"post-39620","1":"product","2":"type-product","3":"status-publish","4":"has-post-thumbnail","6":"product_cat-herramientas-mecanicas","7":"product_tag-ferreteria","8":"product_tag-herramientas-mecanicas","9":"product_tag-klein-tools","11":"first","12":"instock","13":"sale","14":"shipping-taxable","15":"purchasable","16":"product-type-simple"},"_links":{"self":[{"href":"https:\/\/soydeaqui.ddns.net\/pachuca\/index.php\/wp-json\/wp\/v2\/product\/39620","targetHints":{"allow":["GET"]}}],"collection":[{"href":"https:\/\/soydeaqui.ddns.net\/pachuca\/index.php\/wp-json\/wp\/v2\/product"}],"about":[{"href":"https:\/\/soydeaqui.ddns.net\/pachuca\/index.php\/wp-json\/wp\/v2\/types\/product"}],"replies":[{"embeddable":true,"href":"https:\/\/soydeaqui.ddns.net\/pachuca\/index.php\/wp-json\/wp\/v2\/comments?post=39620"}],"wp:featuredmedia":[{"embeddable":true,"href":"https:\/\/soydeaqui.ddns.net\/pachuca\/index.php\/wp-json\/wp\/v2\/media\/39619"}],"wp:attachment":[{"href":"https:\/\/soydeaqui.ddns.net\/pachuca\/index.php\/wp-json\/wp\/v2\/media?parent=39620"}],"wp:term":[{"taxonomy":"product_brand","embeddable":true,"href":"https:\/\/soydeaqui.ddns.net\/pachuca\/index.php\/wp-json\/wp\/v2\/product_brand?post=39620"},{"taxonomy":"product_cat","embeddable":true,"href":"https:\/\/soydeaqui.ddns.net\/pachuca\/index.php\/wp-json\/wp\/v2\/product_cat?post=39620"},{"taxonomy":"product_tag","embeddable":true,"href":"https:\/\/soydeaqui.ddns.net\/pachuca\/index.php\/wp-json\/wp\/v2\/product_tag?post=39620"}],"curies":[{"name":"wp","href":"https:\/\/api.w.org\/{rel}","templated":true}]}}