{"id":3961,"date":"2026-03-18T06:13:56","date_gmt":"2026-03-18T06:13:56","guid":{"rendered":"https:\/\/soydeaqui.ddns.net\/pachuca\/index.php\/producto\/aislador-de-paso-gris-reforzado-para-cercos-electricos-resistente-al-clima-extremoso\/"},"modified":"2026-03-18T06:13:59","modified_gmt":"2026-03-18T06:13:59","slug":"aislador-de-paso-gris-reforzado-para-cercos-electricos-resistente-al-clima-extremoso","status":"publish","type":"product","link":"https:\/\/soydeaqui.ddns.net\/pachuca\/index.php\/producto\/aislador-de-paso-gris-reforzado-para-cercos-electricos-resistente-al-clima-extremoso\/","title":{"rendered":"Aislador de Paso GRIS reforzado para cercos el\u00e9ctricos, resistente al clima extremoso"},"content":{"rendered":"<div style='width: 100%; max-width: 1200px; margin: 0 auto; font-family: sans-serif; line-height: 1.6; color: inherit;'> <!-- Secci\u00f3n de imagen --> <\/p>\n<div style='width: 100%; max-width: 800px; margin: 0 auto; margin-bottom: 30px;'> <img style='width: 100%; height: auto; border: 1px solid rgba(150&comma;150&comma;150&comma;0.3); border-radius: 8px;' src='https:\/\/ftp3.syscom.mx\/usuarios\/vvega\/sfire\/sfpaso.jpg' alt='Aislador de Paso GRIS reforzado para cercos el\u00e9ctricos'> <\/div>\n<p> <!-- Secci\u00f3n de descripci\u00f3n --> <\/p>\n<div style='margin-bottom: 30px;'>\n<h2 style='font-size: 24px; border-bottom: 2px solid currentColor; padding-bottom: 8px; margin-top: 0; color: inherit; opacity: 0.85;'>Descripci\u00f3n General<\/h2>\n<p style='font-size: 15px; color: inherit; margin-bottom: 15px;'>Dise\u00f1ado para cerco el\u00e9ctrico&comma; de f\u00e1cil instalaci\u00f3n entre el poste y el alambrado&comma; con materiales de polipropileno y policarbonato.<\/p>\n<p style='font-size: 15px; color: inherit;'>Dise\u00f1ado con la altura adecuada para evitar los molestos &#8216;arcos&#8217; de corriente (falsa alarma).<\/p>\n<\/p><\/div>\n<p> <!-- Secci\u00f3n de caracter\u00edsticas principales --> <\/p>\n<div style='display: flex; flex-wrap: wrap; gap: 30px; margin-bottom: 30px;'>\n<div style='flex: 1 1 300px; min-width: 280px;'>\n<h3 style='font-size: 22px; border-bottom: 2px solid currentColor; padding-bottom: 5px; margin-top: 0; color: inherit; opacity: 0.8;'>Caracter\u00edsticas Principales<\/h3>\n<ul style='padding-left: 20px; font-size: 15px; color: inherit;'>\n<li style='margin-bottom: 5px;'>Resistencia mec\u00e1nica de 7.5 a 10.2 kg<\/li>\n<li style='margin-bottom: 5px;'>Aislamiento m\u00e1ximo hasta 18 kV<\/li>\n<li style='margin-bottom: 5px;'>Protecci\u00f3n contra rayos UV&comma; agua y polvo<\/li>\n<li style='margin-bottom: 5px;'>Materiales de polipropileno y policarbonato<\/li>\n<li style='margin-bottom: 5px;'>F\u00e1cil instalaci\u00f3n entre poste y alambrado<\/li>\n<li style='margin-bottom: 5px;'>Resistencia t\u00e9rmica<\/li>\n<li style='margin-bottom: 5px;'>Resistencia qu\u00edmica<\/li>\n<li style='margin-bottom: 5px;'>Resistencia a la fatiga<\/li>\n<li style='margin-bottom: 5px;'>Dureza y rigidez<\/li>\n<li style='margin-bottom: 5px;'>Ductilidad a baja temperatura<\/li>\n<li style='margin-bottom: 5px;'>Resistencia diel\u00e9ctrica<\/li>\n<\/ul><\/div>\n<p> <!-- Secci\u00f3n de especificaciones --> <\/p>\n<div style='flex: 1 1 300px; min-width: 280px;'>\n<h3 style='font-size: 22px; border-bottom: 2px solid currentColor; padding-bottom: 5px; margin-top: 0; color: inherit; opacity: 0.8;'>Especificaciones T\u00e9cnicas<\/h3>\n<ul style='padding-left: 20px; font-size: 15px; color: inherit;'>\n<li style='margin-bottom: 5px;'><strong>Material:<\/strong> Polipropileno y policarbonato<\/li>\n<li style='margin-bottom: 5px;'><strong>Color:<\/strong> Negro \/ Blanco<\/li>\n<li style='margin-bottom: 5px;'><strong>Peso:<\/strong> 16\u00b10.5 gramos<\/li>\n<li style='margin-bottom: 5px;'><strong>Dimensiones:<\/strong> Altura 31.9mm&comma; Largo 87mm&comma; Ancho 35.5mm<\/li>\n<li style='margin-bottom: 5px;'><strong>Fracci\u00f3n Arancelaria:<\/strong> 85472099<\/li>\n<li style='margin-bottom: 5px;'><strong>Contenido del empaque:<\/strong> Bolsa con 100 unidades<\/li>\n<\/ul><\/div>\n<\/p><\/div>\n<p> <!-- Secci\u00f3n de beneficios --> <\/p>\n<div style='margin-bottom: 30px;'>\n<h3 style='font-size: 22px; border-bottom: 2px solid currentColor; padding-bottom: 5px; margin-top: 0; color: inherit; opacity: 0.8;'>Beneficios<\/h3>\n<ul style='padding-left: 20px; font-size: 15px; color: inherit;'>\n<li style='margin-bottom: 5px;'>Flexibilidad y fuerza para soportar condiciones extremas<\/li>\n<li style='margin-bottom: 5px;'>Protecci\u00f3n contra rayos UV&comma; agua&comma; humedad y polvo<\/li>\n<li style='margin-bottom: 5px;'>Dise\u00f1o ergon\u00f3mico que facilita la instalaci\u00f3n<\/li>\n<li style='margin-bottom: 5px;'>Fabricado con resinas 100% virgenes de primera calidad<\/li>\n<li style='margin-bottom: 5px;'>Altura adecuada para evitar arcos de corriente (falsas alarmas)<\/li>\n<\/ul><\/div>\n<p> <!-- Secci\u00f3n de aplicaciones --> <\/p>\n<div style='margin-bottom: 30px;'>\n<h3 style='font-size: 22px; border-bottom: 2px solid currentColor; padding-bottom: 5px; margin-top: 0; color: inherit; opacity: 0.8;'>Aplicaciones<\/h3>\n<p style='font-size: 15px; color: inherit; margin-bottom: 15px;'>Ideal para sistemas de cerco el\u00e9ctrico en:<\/p>\n<ul style='padding-left: 20px; font-size: 15px; color: inherit;'>\n<li style='margin-bottom: 5px;'>Residencias<\/li>\n<li style='margin-bottom: 5px;'>Comercios<\/li>\n<li style='margin-bottom: 5px;'>Industrias<\/li>\n<li style='margin-bottom: 5px;'>Fincas<\/li>\n<li style='margin-bottom: 5px;'>\u00c1reas rurales y urbanas<\/li>\n<\/ul><\/div>\n<p> <!-- Separador final --> <\/p>\n<hr style='border: 0; border-top: 1px solid rgba(150&comma; 150&comma; 150&comma; 0.3); margin: 30px 0;'> <\/div>\n","protected":false},"excerpt":{"rendered":"<p>Aislador de Paso GRIS reforzado para cercos el\u00e9ctricos, resistente al clima extremoso<\/p>\n","protected":false},"featured_media":3960,"comment_status":"open","ping_status":"closed","template":"","meta":[],"product_brand":[],"product_cat":[387],"product_tag":[82,388,79],"class_list":{"0":"post-3961","1":"product","2":"type-product","3":"status-publish","4":"has-post-thumbnail","6":"product_cat-postes","7":"product_tag-cercas-electricas","8":"product_tag-postes","9":"product_tag-sfire","11":"first","12":"instock","13":"sale","14":"shipping-taxable","15":"purchasable","16":"product-type-simple"},"_links":{"self":[{"href":"https:\/\/soydeaqui.ddns.net\/pachuca\/index.php\/wp-json\/wp\/v2\/product\/3961","targetHints":{"allow":["GET"]}}],"collection":[{"href":"https:\/\/soydeaqui.ddns.net\/pachuca\/index.php\/wp-json\/wp\/v2\/product"}],"about":[{"href":"https:\/\/soydeaqui.ddns.net\/pachuca\/index.php\/wp-json\/wp\/v2\/types\/product"}],"replies":[{"embeddable":true,"href":"https:\/\/soydeaqui.ddns.net\/pachuca\/index.php\/wp-json\/wp\/v2\/comments?post=3961"}],"wp:featuredmedia":[{"embeddable":true,"href":"https:\/\/soydeaqui.ddns.net\/pachuca\/index.php\/wp-json\/wp\/v2\/media\/3960"}],"wp:attachment":[{"href":"https:\/\/soydeaqui.ddns.net\/pachuca\/index.php\/wp-json\/wp\/v2\/media?parent=3961"}],"wp:term":[{"taxonomy":"product_brand","embeddable":true,"href":"https:\/\/soydeaqui.ddns.net\/pachuca\/index.php\/wp-json\/wp\/v2\/product_brand?post=3961"},{"taxonomy":"product_cat","embeddable":true,"href":"https:\/\/soydeaqui.ddns.net\/pachuca\/index.php\/wp-json\/wp\/v2\/product_cat?post=3961"},{"taxonomy":"product_tag","embeddable":true,"href":"https:\/\/soydeaqui.ddns.net\/pachuca\/index.php\/wp-json\/wp\/v2\/product_tag?post=3961"}],"curies":[{"name":"wp","href":"https:\/\/api.w.org\/{rel}","templated":true}]}}