{"id":39597,"date":"2026-03-18T17:25:45","date_gmt":"2026-03-18T17:25:45","guid":{"rendered":"https:\/\/soydeaqui.ddns.net\/pachuca\/index.php\/producto\/kit-de-estacion-de-energia-portatil-2048wh-2-baterias-externas-2048wh-6144wh-totales\/"},"modified":"2026-03-18T17:25:45","modified_gmt":"2026-03-18T17:25:45","slug":"kit-de-estacion-de-energia-portatil-2048wh-2-baterias-externas-2048wh-6144wh-totales","status":"publish","type":"product","link":"https:\/\/soydeaqui.ddns.net\/pachuca\/index.php\/producto\/kit-de-estacion-de-energia-portatil-2048wh-2-baterias-externas-2048wh-6144wh-totales\/","title":{"rendered":"Kit de Estaci\u00f3n de Energ\u00eda Port\u00e1til 2048Wh + 2 Bater\u00edas Externas 2048Wh (6144Wh Totales)"},"content":{"rendered":"<div style='width: 100%; max-width: 1200px; margin: 0 auto; font-family: sans-serif; line-height: 1.6; color: inherit; background-color: transparent;'>\n<h2 style='font-size: 22px; border-bottom: 2px solid currentColor; padding-bottom: 5px; margin-top: 0; color: inherit; opacity: 0.8; text-align: center;'><strong>Duradero&comma; seguro&comma; ligero<\/strong><\/h2>\n<p style='font-size: 15px; margin-bottom: 20px; color: inherit;'>Con su qu\u00edmica de bater\u00eda LFP mejorada&comma; DELTA 2 Max tiene una vida \u00fatil de 3000 ciclos completos; una vez alcanzados&comma; se reduce al 80% de su capacidad. Obtendr\u00e1 casi 10 a\u00f1os de energ\u00eda&comma; incluso si lo usa todos los d\u00edas. Eso es 6 veces m\u00e1s que otras estaciones de energ\u00eda con una capacidad y rendimiento similares.<\/p>\n<p> <!-- Video de YouTube --> <\/p>\n<div style='position: relative; padding-bottom: 56.25%; height: 0; overflow: hidden; margin-bottom: 30px;'>   <\/div>\n<p> <!-- Especificaciones --> <\/p>\n<hr style='border: 0; border-top: 1px solid rgba(150&comma; 150&comma; 150&comma; 0.3); margin: 30px 0;'>\n<h3 style='font-size: 20px; text-align: center; margin-bottom: 20px; color: inherit;'><span style='color: #3598db;'>ESPECIFICACIONES<\/span><\/h3>\n<div style='display: flex; flex-wrap: wrap; gap: 20px; margin-bottom: 30px;'>\n<div style='flex: 1 1 250px; border: 1px solid rgba(150&comma; 150&comma; 150&comma; 0.4); border-radius: 8px; overflow: hidden; display: flex; flex-direction: column;'>\n<div style='padding: 15px; border-bottom: 1px solid rgba(150&comma; 150&comma; 150&comma; 0.2); font-weight: bold; font-size: 18px; color: inherit;'>Caracter\u00edsticas Generales<\/div>\n<div style='padding: 15px; color: inherit;'>\n<ul style='padding-left: 20px; margin: 0; font-size: 14px; list-style-type: disc;'>\n<li style='margin-bottom: 5px;'><strong>Capacidad:<\/strong> 2&comma;048 Wh<\/li>\n<li style='margin-bottom: 5px;'><strong>Ciclos de vida \u00fatil:<\/strong> 3000 ciclos a m\u00e1s del 80%<\/li>\n<li style='margin-bottom: 5px;'><strong>Qu\u00edmica de la bater\u00eda:<\/strong> LiFePo4<\/li>\n<li style='margin-bottom: 5px;'><strong>Bater\u00eda Adicional:<\/strong> Admite una bater\u00eda adicional DELTA MAX<\/li>\n<li style='margin-bottom: 5px;'><strong>Conectividad:<\/strong> Wi-Fi &#038; Bluetooth<\/li>\n<li style='margin-bottom: 5px;'><strong>Dimensiones:<\/strong> 497x242x305 (mm)<\/li>\n<li style='margin-bottom: 5px;'><strong>Peso Neto:<\/strong> 23 Kg<\/li>\n<li style='margin-bottom: 5px;'><strong>Apilable:<\/strong> Soporta hasta 2 bater\u00edas incrementando su capacidad hasta 6kWh<\/li>\n<\/ul><\/div>\n<\/p><\/div>\n<div style='flex: 1 1 250px; border: 1px solid rgba(150&comma; 150&comma; 150&comma; 0.4); border-radius: 8px; overflow: hidden; display: flex; flex-direction: column;'>\n<div style='padding: 15px; border-bottom: 1px solid rgba(150&comma; 150&comma; 150&comma; 0.2); font-weight: bold; font-size: 18px; color: inherit;'>Puertos de Salida<\/div>\n<div style='padding: 15px; color: inherit;'>\n<ul style='padding-left: 20px; margin: 0; font-size: 14px; list-style-type: disc;'>\n<li style='margin-bottom: 5px;'><strong>Salidas de CA:<\/strong> 6 salidas&comma; Onda sinusoidal pura&comma; 2400W totales (m\u00e1ximo: 4800W)&comma; 120V (50Hz\/60Hz)<\/li>\n<li style='margin-bottom: 5px;'><strong>Potencia m\u00e1xima de los dispositivos compatibles con X-Boost:<\/strong> 3&comma;400W<\/li>\n<li style='margin-bottom: 5px;'><strong>Salidas USB-A:<\/strong> 2 puertos&comma; 5V&comma; 2.4A&comma; 12W m\u00e1x. (por puerto)&comma; 24W totales<\/li>\n<li style='margin-bottom: 5px;'><strong>Carga r\u00e1pida USB-A:<\/strong> 2 puertos&comma; 5V&comma; 2.4A\/9V&comma;2A\/12V&comma;1.5A 18W m\u00e1x. por puerto.<\/li>\n<li style='margin-bottom: 5px;'><strong>Salidas USB-C:<\/strong> 2 puertos&comma; 5\/9\/12\/15\/20 V&comma; 5A&comma; 100W m\u00e1x. por puerto<\/li>\n<li style='margin-bottom: 5px;'><strong>Cargador para coche:<\/strong> 1 puerto&comma; 12.6 V&comma; 10A 126 W m\u00e1x.<\/li>\n<li style='margin-bottom: 5px;'><strong>Salida DC5521:<\/strong> 2 puertos&comma; 12.6V&comma; 3A&comma; 38W como m\u00e1x.<\/li>\n<\/ul><\/div>\n<\/p><\/div>\n<div style='flex: 1 1 250px; border: 1px solid rgba(150&comma; 150&comma; 150&comma; 0.4); border-radius: 8px; overflow: hidden; display: flex; flex-direction: column;'>\n<div style='padding: 15px; border-bottom: 1px solid rgba(150&comma; 150&comma; 150&comma; 0.2); font-weight: bold; font-size: 18px; color: inherit;'>Puertos de Entrada<\/div>\n<div style='padding: 15px; color: inherit;'>\n<ul style='padding-left: 20px; margin: 0; font-size: 14px; list-style-type: disc;'>\n<li style='margin-bottom: 5px;'><strong>Carga de CA Carga r\u00e1pida de X-Stream:<\/strong> 1800W m\u00e1x. 15A<\/li>\n<li style='margin-bottom: 5px;'><strong>Tensi\u00f3n de entrada de CA:<\/strong> 220~240 V 50Hz\/60Hz<\/li>\n<li style='margin-bottom: 5px;'><strong>Carga mediante energ\u00eda solar:<\/strong> 11-60V&comma; 15 A&comma; puerto \u00fanico 500W m\u00e1x.: puerto doble 1000W<\/li>\n<li style='margin-bottom: 5px;'><strong>Carga para veh\u00edculo:<\/strong> Admite bater\u00eda de 12V\/24V&comma; Valor predeterminado: 8A<\/li>\n<\/ul><\/div>\n<\/p><\/div>\n<div style='flex: 1 1 250px; border: 1px solid rgba(150&comma; 150&comma; 150&comma; 0.4); border-radius: 8px; overflow: hidden; display: flex; flex-direction: column;'>\n<div style='padding: 15px; border-bottom: 1px solid rgba(150&comma; 150&comma; 150&comma; 0.2); font-weight: bold; font-size: 18px; color: inherit;'>Tipo de Protecci\u00f3nes<\/div>\n<div style='padding: 15px; color: inherit;'>\n<ul style='padding-left: 20px; margin: 0; font-size: 14px; list-style-type: disc;'>\n<li style='margin-bottom: 5px;'><strong>Sobretensi\u00f3n<\/strong><\/li>\n<li style='margin-bottom: 5px;'><strong>Sobrecarga<\/strong><\/li>\n<li style='margin-bottom: 5px;'><strong>Sobrecalentamiento<\/strong><\/li>\n<li style='margin-bottom: 5px;'><strong>Cortocircuito<\/strong><\/li>\n<li style='margin-bottom: 5px;'><strong>Temperatura baja<\/strong><\/li>\n<li style='margin-bottom: 5px;'><strong>Tensi\u00f3n baja<\/strong><\/li>\n<li style='margin-bottom: 5px;'><strong>Sobrecorriente<\/strong><\/li>\n<\/ul><\/div>\n<\/p><\/div>\n<\/p><\/div>\n<p> <!-- Bater\u00eda Duradera&comma; Segura y Liviana --> <\/p>\n<hr style='border: 0; border-top: 1px solid rgba(150&comma; 150&comma; 150&comma; 0.3); margin: 30px 0;'>\n<h3 style='font-size: 20px; text-align: center; margin-bottom: 20px; color: inherit;'><span style='color: #3598db; font-size: 18px;'>BATER\u00cdA DURADERA&comma; SEGURA Y LIVIANA<\/span><\/h3>\n<div style='display: flex; flex-wrap: wrap; gap: 20px; justify-content: center; margin-bottom: 30px;'> <img style='width: 100%; max-width: 500px; height: auto; border: 1px solid rgba(150&comma;150&comma;150&comma;0.3); border-radius: 8px;' src='https:\/\/cdn.shopify.com\/s\/files\/1\/1996\/9707\/files\/10-year_Long-lasting_LFP_Battery_c3f2f4cd-0229-4c9b-839c-215108b3a522.png?v=1685697351&#038;width=1000' alt=''> <img style='width: 100%; max-width: 500px; height: auto; border: 1px solid rgba(150&comma;150&comma;150&comma;0.3); border-radius: 8px;' src='https:\/\/cdn.shopify.com\/s\/files\/1\/1996\/9707\/files\/LFP_Battery_Chemistry_113341ce-8920-4dd7-a135-ca3cec55fae3.png?v=1685697367&#038;width=1000' alt=''> <\/div>\n<p> <!-- Men\u00fa expandible - Control desde cualquier lugar --> <\/p>\n<hr style='border: 0; border-top: 1px solid rgba(150&comma; 150&comma; 150&comma; 0.3); margin: 30px 0;'>\n<h3 style='font-size: 20px; text-align: center; margin-bottom: 20px; color: inherit;'><span style='color: #3598db;'>MEN\u00da EXPANDIBLE<\/span><\/h3>\n<p> <!-- Secci\u00f3n de Monitoreo --> <\/p>\n<div style='margin-bottom: 30px;'>\n<h4 style='font-size: 18px; margin-top: 20px; margin-bottom: 15px; color: inherit;'><strong>MONITOREO<\/strong><\/h4>\n<div style='display: flex; flex-wrap: wrap; gap: 20px; align-items: center;'> <img style='width: 100%; max-width: 500px; height: auto; border: 1px solid rgba(150&comma;150&comma;150&comma;0.3); border-radius: 8px;' src='https:\/\/cdn.shopify.com\/s\/files\/1\/1996\/9707\/files\/PC_03f7d028-db6e-4316-94fc-da3d2adbfbab.png?v=1684743067' alt=''> <\/p>\n<div style='flex: 1 1 300px; min-width: 280px;'>\n<p style='font-size: 15px; margin-bottom: 15px; color: inherit;'>Utiliza la aplicaci\u00f3n EcoFlow para controlar tu DELTA 2 Max desde cualquier lugar mediante Wi-Fi. Conectate por Bluetooth cuando no tengas conexi\u00f3n a la red. En ambos casos puedes comprobar datos de carga&comma; personalizar la configuraci\u00f3n y ajustar la velocidad de carga con facilidad.<\/p>\n<h5 style='font-size: 16px; margin-top: 15px; margin-bottom: 10px; color: inherit;'>Caracter\u00edsticas del Bluetooth y Wi-Fi<\/h5>\n<h6 style='font-size: 14px; margin-top: 10px; margin-bottom: 5px; color: inherit;'>Wi-Fi:<\/h6>\n<ul style='padding-left: 20px; font-size: 14px; color: inherit;'>\n<li style='margin-bottom: 5px;'><strong>Gama de frecuencia:<\/strong> 2412-2462 Mhz \/ 2422-2452 Mhz<\/li>\n<li style='margin-bottom: 5px;'><strong>Potencia m\u00e1xima de salida:<\/strong> 0.071 W<\/li>\n<\/ul>\n<h6 style='font-size: 14px; margin-top: 10px; margin-bottom: 5px; color: inherit;'>Bluetooth:<\/h6>\n<ul style='padding-left: 20px; font-size: 14px; color: inherit;'>\n<li style='margin-bottom: 5px;'><strong>Gama de frecuencia:<\/strong> 2402-2480 Mhz<\/li>\n<li style='margin-bottom: 5px;'><strong>Potencia m\u00e1xima de salida:<\/strong> 0.005 W<\/li>\n<\/ul><\/div>\n<\/p><\/div>\n<\/p><\/div>\n<p> <!-- Secci\u00f3n de Tiempo de Respaldo --> <\/p>\n<div style='margin-bottom: 30px;'>\n<h4 style='font-size: 18px; margin-top: 20px; margin-bottom: 15px; color: inherit;'><strong>TIEMPO DE RESPALDO<\/strong><\/h4>\n<h5 style='font-size: 16px; margin-bottom: 15px; color: inherit;'>Energ\u00eda para TODA la Familia<\/h5>\n<p style='font-size: 15px; margin-bottom: 20px; color: inherit;'>Una generosa capacidad de 2048Wh hace que el DELTA 2 Max sea ideal para el respaldo de energ\u00eda en el hogar&comma; manteniendo tus elementos escenciales funcionando durante horas&comma; Mant\u00e9n encendida tu nevera y evita que los alimentos se estropeen hasta por 14 horas. Con su dise\u00f1o ligero&comma; el DELTA 2 Max es lo suficientemente port\u00e1til como para llevarlo contigo en el pr\u00f3ximo viaje.<\/p>\n<div style='display: flex; flex-wrap: wrap; gap: 15px; justify-content: center; margin-bottom: 20px;'> <img style='width: 100%; max-width: 480px; height: auto; border: 1px solid rgba(150&comma;150&comma;150&comma;0.3); border-radius: 8px;' src='https:\/\/ftp3.syscom.mx\/usuarios\/fotos\/EFD350\/219535-tiempo_de_respaldo.jpg' alt=''> <img style='width: 100%; max-width: 480px; height: auto; border: 1px solid rgba(150&comma;150&comma;150&comma;0.3); border-radius: 8px;' src='https:\/\/ftp3.syscom.mx\/usuarios\/fotos\/EFD350\/219535-aplicaciones_1.jpg' alt=''> <img style='width: 100%; max-width: 480px; height: auto; border: 1px solid rgba(150&comma;150&comma;150&comma;0.3); border-radius: 8px;' src='https:\/\/ftp3.syscom.mx\/usuarios\/fotos\/EFD350\/219535-aplicaciones_2.jpg' alt=''> <\/div>\n<\/p><\/div>\n<p> <!-- Secci\u00f3n de Contenido --> <\/p>\n<div style='margin-bottom: 30px;'>\n<h4 style='font-size: 18px; margin-top: 20px; margin-bottom: 15px; color: inherit;'><strong>CONTENIDO<\/strong><\/h4>\n<div style='display: flex; flex-wrap: wrap; gap: 30px; align-items: flex-start;'>\n<div style='flex: 1 1 300px; min-width: 280px;'>\n<h5 style='font-size: 16px; margin-bottom: 10px; color: inherit;'>DELTA 2 Max<\/h5>\n<ul style='padding-left: 20px; font-size: 14px; color: inherit;'>\n<li style='margin-bottom: 5px;'>DELTA 2 Max<\/li>\n<li style='margin-bottom: 5px;'>Cable de carga de CA<\/li>\n<li style='margin-bottom: 5px;'>Cable de carga para coche<\/li>\n<li style='margin-bottom: 5px;'>Cable de DC5521 a DC5525<\/li>\n<li style='margin-bottom: 5px;'>Manual de usuario<\/li>\n<li style='margin-bottom: 5px;'>Warranty card<\/li>\n<\/ul>\n<p style='font-size: 13px; margin-top: 15px; color: inherit;'><em>*El cable de carga solar a XT60 solo se incluye con la compra de paneles solares port\u00e1tiles EcoFlow<\/em><\/p>\n<\/p><\/div>\n<p> <img style='width: 100%; max-width: 480px; height: auto; border: 1px solid rgba(150&comma;150&comma;150&comma;0.3); border-radius: 8px;' src='https:\/\/ftp3.syscom.mx\/usuarios\/fotos\/EFD350\/219535-contenido.jpg' alt=''> <\/div>\n<\/p><\/div>\n<p> <!-- Secci\u00f3n de Kit EFD350EB --> <\/p>\n<div style='margin-bottom: 30px;'>\n<h5 style='font-size: 16px; margin-bottom: 10px; color: inherit;'>EFD350EB<\/h5>\n<ul style='padding-left: 20px; font-size: 14px; color: inherit;'>\n<li style='margin-bottom: 5px;'>2 x Bater\u00eda Adicional Inteligente EcoFlow DELTA 2<\/li>\n<li style='margin-bottom: 5px;'>2 x MaxCable de Bater\u00eda Adicional Inteligente DELTA 2 Max<\/li>\n<li style='margin-bottom: 5px;'>2 x Manual de Usuario &#038; Carta de Garant\u00eda<\/li>\n<\/ul>\n<p> <img style='width: 100%; max-width: 480px; height: auto; border: 1px solid rgba(150&comma;150&comma;150&comma;0.3); border-radius: 8px; margin-top: 15px;' src='https:\/\/ftp3.syscom.mx\/usuarios\/fotos\/EFD330EB\/219536-contenido.jpg' alt=''> <\/div>\n<p> <!-- Caracter\u00edsticas Destacadas --> <\/p>\n<hr style='border: 0; border-top: 1px solid rgba(150&comma; 150&comma; 150&comma; 0.3); margin: 30px 0;'>\n<h3 style='font-size: 20px; text-align: center; margin-bottom: 20px; color: inherit;'><span style='color: #3598db;'>CARACTER\u00cdSTICAS DESTACADAS<\/span><\/h3>\n<p> <img style='width: 100%; max-width: 1000px; height: auto; border: 1px solid rgba(150&comma;150&comma;150&comma;0.3); border-radius: 8px; display: block; margin: 0 auto;' src='https:\/\/ftp3.syscom.mx\/usuarios\/fotos\/EFD350\/219535-caracteristicas_destacadas.jpg' alt=''> <\/div>\n","protected":false},"excerpt":{"rendered":"<p>Kit de Estaci\u00f3n de Energ\u00eda Port\u00e1til 2048Wh + 2 Bater\u00edas Externas 2048Wh (6144Wh Totales)<\/p>\n","protected":false},"featured_media":39596,"comment_status":"open","ping_status":"closed","template":"","meta":[],"product_brand":[],"product_cat":[1114],"product_tag":[1116,1115,1101],"class_list":{"0":"post-39597","1":"product","2":"type-product","3":"status-publish","4":"has-post-thumbnail","6":"product_cat-estaciones-de-energia-portables","7":"product_tag-ecoflow","8":"product_tag-estaciones-de-energia-portables","9":"product_tag-respaldo-de-energia","11":"first","12":"instock","13":"sale","14":"shipping-taxable","15":"purchasable","16":"product-type-simple"},"_links":{"self":[{"href":"https:\/\/soydeaqui.ddns.net\/pachuca\/index.php\/wp-json\/wp\/v2\/product\/39597","targetHints":{"allow":["GET"]}}],"collection":[{"href":"https:\/\/soydeaqui.ddns.net\/pachuca\/index.php\/wp-json\/wp\/v2\/product"}],"about":[{"href":"https:\/\/soydeaqui.ddns.net\/pachuca\/index.php\/wp-json\/wp\/v2\/types\/product"}],"replies":[{"embeddable":true,"href":"https:\/\/soydeaqui.ddns.net\/pachuca\/index.php\/wp-json\/wp\/v2\/comments?post=39597"}],"wp:featuredmedia":[{"embeddable":true,"href":"https:\/\/soydeaqui.ddns.net\/pachuca\/index.php\/wp-json\/wp\/v2\/media\/39596"}],"wp:attachment":[{"href":"https:\/\/soydeaqui.ddns.net\/pachuca\/index.php\/wp-json\/wp\/v2\/media?parent=39597"}],"wp:term":[{"taxonomy":"product_brand","embeddable":true,"href":"https:\/\/soydeaqui.ddns.net\/pachuca\/index.php\/wp-json\/wp\/v2\/product_brand?post=39597"},{"taxonomy":"product_cat","embeddable":true,"href":"https:\/\/soydeaqui.ddns.net\/pachuca\/index.php\/wp-json\/wp\/v2\/product_cat?post=39597"},{"taxonomy":"product_tag","embeddable":true,"href":"https:\/\/soydeaqui.ddns.net\/pachuca\/index.php\/wp-json\/wp\/v2\/product_tag?post=39597"}],"curies":[{"name":"wp","href":"https:\/\/api.w.org\/{rel}","templated":true}]}}