{"id":39554,"date":"2026-03-18T17:24:49","date_gmt":"2026-03-18T17:24:49","guid":{"rendered":"https:\/\/soydeaqui.ddns.net\/pachuca\/index.php\/producto\/campana-led-industrial-ufo-100-w-suspendido-poste-85-265-vca-luz-fria-6500k\/"},"modified":"2026-03-18T17:24:54","modified_gmt":"2026-03-18T17:24:54","slug":"campana-led-industrial-ufo-100-w-suspendido-poste-85-265-vca-luz-fria-6500k","status":"publish","type":"product","link":"https:\/\/soydeaqui.ddns.net\/pachuca\/index.php\/producto\/campana-led-industrial-ufo-100-w-suspendido-poste-85-265-vca-luz-fria-6500k\/","title":{"rendered":"Campana Led Industrial UFO \/ 100 W \/ Suspendido-Poste \/ 85 &#8211; 265 Vca \/ Luz Fr\u00eda (6500\u00b0K)."},"content":{"rendered":"<div style='width: 100%; max-width: 1200px; margin: 0 auto; font-family: sans-serif; line-height: 1.6; color: inherit; background-color: transparent;'>\n<div style='display: flex; flex-wrap: wrap; gap: 30px; margin-bottom: 30px;'>\n<div style='flex: 1 1 300px; min-width: 280px;'>\n<h3 style='font-size: 22px; border-bottom: 2px solid currentColor; padding-bottom: 5px; margin-top: 0; color: inherit; opacity: 0.8;'>Luminario LED<\/h3>\n<p style='font-size: 15px; color: inherit;'>El Luminario LED ideal para espacios de gran altura donde se requiera iluminaci\u00f3n por largo per\u00edodos de tiempo como naves industriales&comma; talleres&comma; almacenes&comma; bodegas entre otros.<\/p>\n<\/p><\/div>\n<\/p><\/div>\n<div style='display: flex; flex-wrap: wrap; gap: 20px; margin-bottom: 30px;'>\n<div style='flex: 1 1 250px; border: 1px solid rgba(150&comma; 150&comma; 150&comma; 0.4); border-radius: 8px; overflow: hidden; display: flex; flex-direction: column;'>\n<div style='padding: 15px; border-bottom: 1px solid rgba(150&comma; 150&comma; 150&comma; 0.2); font-weight: bold; font-size: 18px; color: inherit;'>Especificaciones El\u00e9ctricas<\/div>\n<div style='padding: 15px; color: inherit;'>\n<ul style='padding-left: 20px; margin: 0; font-size: 14px; list-style-type: disc;'>\n<li style='margin-bottom: 5px;'><strong>Modelo<\/strong>: JLRE-UFO100T<\/li>\n<li style='margin-bottom: 5px;'><strong>Potencia<\/strong>: 100W<\/li>\n<li style='margin-bottom: 5px;'><strong>Voltaje de Entrada<\/strong>: <span style='color: #e74c3c;'>85 &#8211; 265Vca 50\/60Hz<\/span><\/li>\n<li style='margin-bottom: 5px;'><strong>Corriente El\u00e9ctrica<\/strong>: 455 mA<\/li>\n<li style='margin-bottom: 5px;'><strong>Flujo luminoso<\/strong>: 13 000 lm<\/li>\n<li style='margin-bottom: 5px;'><strong>Dimensiones<\/strong>: (L) 460 mm x 460 mm (H)<\/li>\n<\/ul>\n<p style='margin-top: 15px; font-size: 14px; color: inherit;'>Con una vida \u00fatil de 50000 horas y un grado de protecci\u00f3n IP65&comma; estos luminarios representan la soluci\u00f3n perfecta para una variedad de entornos.<\/p>\n<\/p><\/div>\n<\/p><\/div>\n<div style='flex: 1 1 250px; border: 1px solid rgba(150&comma; 150&comma; 150&comma; 0.4); border-radius: 8px; overflow: hidden; display: flex; flex-direction: column;'>\n<div style='padding: 15px; border-bottom: 1px solid rgba(150&comma; 150&comma; 150&comma; 0.2); font-weight: bold; font-size: 18px; color: inherit;'>Caracter\u00edsticas Principales<\/div>\n<div style='padding: 15px; color: inherit;'>\n<ul style='padding-left: 20px; margin: 0; font-size: 14px; list-style-type: disc;'>\n<li style='margin-bottom: 5px;'><strong>Materiales<\/strong>: Fabricado con Aluminio y PC<\/li>\n<li style='margin-bottom: 5px;'><strong>Temperatura de Color<\/strong>: LUZ FR\u00cdA 6500 K<\/li>\n<li style='margin-bottom: 5px;'><strong>\u00cdndice de Protecci\u00f3n<\/strong>: IP 65<\/li>\n<li style='margin-bottom: 5px;'><strong>Consumo de energ\u00eda:<\/strong> 0.1 Kwh<\/li>\n<li style='margin-bottom: 5px;'><strong>Temperatura de trabajo:<\/strong> TA 60\u00b0C TA 80 \u00b0C<\/li>\n<\/ul>\n<p style='margin-top: 15px; font-size: 14px; color: inherit;'><strong>Aplicaciones:<\/strong> Iluminaci\u00f3n General: Naves industriales&comma; talleres&comma; almacenes&comma; bodegas&comma; auditorios&comma; talleres.<\/p>\n<\/p><\/div>\n<\/p><\/div>\n<div style='flex: 1 1 250px; border: 1px solid rgba(150&comma; 150&comma; 150&comma; 0.4); border-radius: 8px; overflow: hidden; display: flex; flex-direction: column;'>\n<div style='padding: 15px; border-bottom: 1px solid rgba(150&comma; 150&comma; 150&comma; 0.2); font-weight: bold; font-size: 18px; color: inherit;'>Garant\u00eda y Seguridad<\/div>\n<div style='padding: 15px; color: inherit;'>\n<ul style='padding-left: 20px; margin: 0; font-size: 14px; list-style-type: disc;'>\n<li style='margin-bottom: 5px;'>Ofrecemos una garant\u00eda de 3 a\u00f1os&comma; asegurando la confiabilidad y calidad de su inversi\u00f3n en iluminaci\u00f3n.<\/li>\n<li style='margin-bottom: 5px;'>Dise\u00f1ados para funcionar varias horas continuas sin riesgo de sobrecalentamiento.<\/li>\n<li style='margin-bottom: 5px;'>LED de alta potencia con dise\u00f1o slim.<\/li>\n<li style='margin-bottom: 5px;'>Sistema de encendido y apagado autom\u00e1tico al detectar luz y oscuridad&comma; gracias a su fotocelda integrada.<\/li>\n<\/ul><\/div>\n<\/p><\/div>\n<\/p><\/div>\n<hr style='border: 0; border-top: 1px solid rgba(150&comma; 150&comma; 150&comma; 0.3); margin: 30px 0;'> <\/div>\n","protected":false},"excerpt":{"rendered":"<p>Campana Led Industrial UFO \/ 100 W \/ Suspendido-Poste \/ 85 &#8211; 265 Vca \/ Luz Fr\u00eda (6500\u00b0K).<\/p>\n","protected":false},"featured_media":39553,"comment_status":"open","ping_status":"closed","template":"","meta":[],"product_brand":[],"product_cat":[1198],"product_tag":[1167,1169,1199],"class_list":{"0":"post-39554","1":"product","2":"type-product","3":"status-publish","4":"has-post-thumbnail","6":"product_cat-uso-exterior","7":"product_tag-iluminacion","8":"product_tag-jwj","9":"product_tag-uso-exterior","11":"first","12":"instock","13":"sale","14":"shipping-taxable","15":"purchasable","16":"product-type-simple"},"_links":{"self":[{"href":"https:\/\/soydeaqui.ddns.net\/pachuca\/index.php\/wp-json\/wp\/v2\/product\/39554","targetHints":{"allow":["GET"]}}],"collection":[{"href":"https:\/\/soydeaqui.ddns.net\/pachuca\/index.php\/wp-json\/wp\/v2\/product"}],"about":[{"href":"https:\/\/soydeaqui.ddns.net\/pachuca\/index.php\/wp-json\/wp\/v2\/types\/product"}],"replies":[{"embeddable":true,"href":"https:\/\/soydeaqui.ddns.net\/pachuca\/index.php\/wp-json\/wp\/v2\/comments?post=39554"}],"wp:featuredmedia":[{"embeddable":true,"href":"https:\/\/soydeaqui.ddns.net\/pachuca\/index.php\/wp-json\/wp\/v2\/media\/39553"}],"wp:attachment":[{"href":"https:\/\/soydeaqui.ddns.net\/pachuca\/index.php\/wp-json\/wp\/v2\/media?parent=39554"}],"wp:term":[{"taxonomy":"product_brand","embeddable":true,"href":"https:\/\/soydeaqui.ddns.net\/pachuca\/index.php\/wp-json\/wp\/v2\/product_brand?post=39554"},{"taxonomy":"product_cat","embeddable":true,"href":"https:\/\/soydeaqui.ddns.net\/pachuca\/index.php\/wp-json\/wp\/v2\/product_cat?post=39554"},{"taxonomy":"product_tag","embeddable":true,"href":"https:\/\/soydeaqui.ddns.net\/pachuca\/index.php\/wp-json\/wp\/v2\/product_tag?post=39554"}],"curies":[{"name":"wp","href":"https:\/\/api.w.org\/{rel}","templated":true}]}}