{"id":39549,"date":"2026-03-18T17:24:42","date_gmt":"2026-03-18T17:24:42","guid":{"rendered":"https:\/\/soydeaqui.ddns.net\/pachuca\/index.php\/producto\/inversor-para-interconexion-a-cfe-de-36-kw-con-salida-trifasica-de-220-vca-modulo-wifi-incluido\/"},"modified":"2026-03-18T17:24:44","modified_gmt":"2026-03-18T17:24:44","slug":"inversor-para-interconexion-a-cfe-de-36-kw-con-salida-trifasica-de-220-vca-modulo-wifi-incluido","status":"publish","type":"product","link":"https:\/\/soydeaqui.ddns.net\/pachuca\/index.php\/producto\/inversor-para-interconexion-a-cfe-de-36-kw-con-salida-trifasica-de-220-vca-modulo-wifi-incluido\/","title":{"rendered":"Inversor para Interconexi\u00f3n a CFE de 36 kW con Salida Trif\u00e1sica de 220 Vca, M\u00f3dulo Wifi Incluido"},"content":{"rendered":"<div style=\"width: 100%; max-width: 1200px; margin: 0 auto; font-family: sans-serif; line-height: 1.6; color: inherit; background-color: transparent;\">\n<div style=\"margin-bottom: 30px;\">\n<h2 style=\"text-align: center; font-size: 24px; margin-bottom: 20px; color: inherit; opacity: 0.8;\">&iquest;C&oacute;mo Funciona?<\/h2>\n<p style=\"font-size: 14px; margin-bottom: 20px; text-align: justify; color: inherit;\">Los sistemas de interconexi&oacute;n convierten&comma; mediante un inversor&comma; la energ&iacute;a en corriente directa generada por los paneles solares en energ&iacute;a en corriente alterna en total sincron&iacute;a en voltaje y frecuencia tal y como lo entrega CFE.<\/p>\n<\/div>\n<div style=\"margin-bottom: 30px;\">\n<p style=\"font-size: 14px; margin-bottom: 15px; color: inherit;\">El <strong>Afore BNT036KTA<\/strong> es un inversor trif&aacute;sico de 36 kW dise&ntilde;ado para aplicaciones comerciales y plantas solares que demandan el m&aacute;ximo rendimiento y confiabilidad. Su carcasa de aluminio anodizado ofrece alta durabilidad y resistencia a la corrosi&oacute;n&comma; mientras que su sistema de enfriamiento inteligente con ventilador asegura una &oacute;ptima disipaci&oacute;n de calor&comma; prolongando la vida &uacute;til del equipo.<\/p>\n<p style=\"font-size: 14px; margin-bottom: 0; color: inherit;\">Equipado con interfaz de control t&aacute;ctil y comunicaci&oacute;n est&aacute;ndar v&iacute;a <strong>Wi-Fi<\/strong> (con opci&oacute;n a Ethernet\/GPRS)&comma; permite monitoreo en tiempo real a trav&eacute;s de plataforma web o app&comma; brindando control total desde cualquier lugar.<\/p>\n<\/div>\n<div style=\"display: flex; flex-wrap: wrap; gap: 30px; margin-bottom: 30px;\">\n<div style=\"flex: 1 1 300px; min-width: 280px;\"><img decoding=\"async\" style=\"width: 100%; height: auto; border: 1px solid rgba(150&comma; 150&comma; 150&comma; 0.3); border-radius: 8px;\" src=\"https:\/\/ftp3.syscom.mx\/usuarios\/fotos\/BancoFotografiasSyscom\/AFORE\/BNT036KTA\/BNT036KTA-l.PNG\" alt=\"\" class=\"fr-fic fr-dii\"><\/div>\n<div style=\"flex: 1 1 300px; min-width: 280px;\">\n<h3 style=\"font-size: 22px; border-bottom: 2px solid currentColor; padding-bottom: 5px; margin-top: 0; color: inherit; opacity: 0.8;\">Caracter&iacute;sticas Principales<\/h3>\n<ul style=\"padding-left: 20px; font-size: 15px; color: inherit;\">\n<li style=\"margin-bottom: 5px;\"><strong>Potencia M&aacute;xima de Salida<\/strong>: 36&comma;000 W<\/li>\n<li style=\"margin-bottom: 5px;\"><strong>Potencia Nominal de Salida<\/strong>: 36&comma;000 W<\/li>\n<li style=\"margin-bottom: 5px;\"><strong>Voltaje M&aacute;ximo de Entrada (V)<\/strong>: 750<\/li>\n<li style=\"margin-bottom: 5px;\"><strong>Rango de Voltaje MPPT (V)<\/strong>: 200-750<\/li>\n<li style=\"margin-bottom: 5px;\"><strong>Corriente M&aacute;xima de Entrada (A)<\/strong>: 48 x 4<\/li>\n<li style=\"margin-bottom: 5px;\"><strong>N&uacute;mero de Seguidores MPPT<\/strong>: 4<\/li>\n<li style=\"margin-bottom: 5px;\"><strong>N&uacute;mero de cadenas<\/strong>: 8 (2 por MPPT)<\/li>\n<li style=\"margin-bottom: 5px;\"><strong>Eficiencia M&aacute;xima<\/strong>: 98.40%<\/li>\n<li style=\"margin-bottom: 5px;\"><strong>Eficiencia Europea<\/strong>: 98.10%<\/li>\n<li style=\"margin-bottom: 5px;\"><strong>Tipo de Protecci&oacute;n<\/strong>: Integrada (Tipo II)<\/li>\n<li style=\"margin-bottom: 5px;\"><strong>Conexi&oacute;n Inteligente<\/strong>: S&iacute;&comma; con funci&oacute;n de Monitoreo Inteligente y comunicaci&oacute;n RS485 \/ WiFi<\/li>\n<\/ul>\n<\/div>\n<\/div>\n<div style=\"margin-bottom: 30px;\">\n<h2 style=\"text-align: center; font-size: 24px; margin-bottom: 20px; color: inherit; opacity: 0.8;\">Instalaci&oacute;n de Equipo<\/h2>\n<div style=\"position: relative; padding-bottom: 56.25%; height: 0; overflow: hidden; margin-bottom: 30px;\"> <\/div>\n<\/div>\n<div style=\"margin-bottom: 30px;\"><img decoding=\"async\" style=\"width: 100%; height: auto; border: 1px solid rgba(150&comma; 150&comma; 150&comma; 0.3); border-radius: 8px;\" src=\"https:\/\/www.aforenergy.com\/upload\/ueditor\/20190510\/1557457091697981.jpg\" alt=\"\" class=\"fr-fic fr-dii\"><\/div>\n<div style=\"margin-bottom: 30px;\">\n<h3 style=\"text-align: center; font-size: 20px; margin-bottom: 15px; color: inherit; opacity: 0.8;\">Confiabilidad y Seguridad<\/h3>\n<p style=\"font-size: 15px; text-align: justify; color: inherit;\">El BNT036KTL viene con todas las protecciones necesarias para garantizar la operaci&oacute;n segura y confiable de su sistema fotovoltaico. La carcasa de aluminio no solo aporta a la est&eacute;tica moderna&comma; sino que tambi&eacute;n sirve para disipar el calor de manera eficiente&comma; aumentando la vida &uacute;til del inversor.<\/p>\n<\/div>\n<div style=\"margin-bottom: 30px;\">\n<h3 style=\"text-align: center; font-size: 20px; margin-bottom: 20px; color: inherit; opacity: 0.8;\">Especificaciones T&eacute;cnicas<\/h3>\n<div style=\"display: flex; flex-wrap: wrap; gap: 20px;\">\n<div style=\"flex: 1 1 250px; border: 1px solid rgba(150&comma; 150&comma; 150&comma; 0.4); border-radius: 8px; overflow: hidden; display: flex; flex-direction: column;\">\n<div style=\"padding: 15px; border-bottom: 1px solid rgba(150&comma; 150&comma; 150&comma; 0.2); font-weight: bold; font-size: 18px; color: inherit;\">Entrada de PV<\/div>\n<div style=\"padding: 15px; color: inherit;\">\n<ul style=\"padding-left: 20px; margin: 0; font-size: 14px; list-style-type: disc;\">\n<li style=\"margin-bottom: 5px;\"><strong>M&aacute;x. DC Potencia (W)<\/strong>: 54&comma;000<\/li>\n<li style=\"margin-bottom: 5px;\"><strong>M&aacute;x. Voltaje de Entrada (V)<\/strong>: 750<\/li>\n<li style=\"margin-bottom: 5px;\"><strong>MPPT Voltaje Operativo Rango (V)<\/strong>: 200-750<\/li>\n<li style=\"margin-bottom: 5px;\"><strong>Rango de Voltaje de Entrada Nominal (V)<\/strong>: 360<\/li>\n<li style=\"margin-bottom: 5px;\"><strong>Corriente M&aacute;xima de Entrada (A)<\/strong>: 48 x 4<\/li>\n<\/ul>\n<\/div>\n<\/div>\n<div style=\"flex: 1 1 250px; border: 1px solid rgba(150&comma; 150&comma; 150&comma; 0.4); border-radius: 8px; overflow: hidden; display: flex; flex-direction: column;\">\n<div style=\"padding: 15px; border-bottom: 1px solid rgba(150&comma; 150&comma; 150&comma; 0.2); font-weight: bold; font-size: 18px; color: inherit;\">Salida AC<\/div>\n<div style=\"padding: 15px; color: inherit;\">\n<ul style=\"padding-left: 20px; margin: 0; font-size: 14px; list-style-type: disc;\">\n<li style=\"margin-bottom: 5px;\"><strong>M&aacute;x. Potencia de Salida (W)<\/strong>: 36&comma;000<\/li>\n<li style=\"margin-bottom: 5px;\"><strong>Corriente M&aacute;xima de Salida (A)<\/strong>: 96<\/li>\n<li style=\"margin-bottom: 5px;\"><strong>Voltaje Nominal de Salida (V)<\/strong>: 3 P\/N\/PE&comma; 220Vac&comma; 230Vac&comma; 240Vac<\/li>\n<li style=\"margin-bottom: 5px;\"><strong>Rango de Voltaje de Red<\/strong>: 180Vac-260Vac<\/li>\n<li style=\"margin-bottom: 5px;\"><strong>Rango de Frecuencia de Red<\/strong>: 55-65Hz<\/li>\n<li style=\"margin-bottom: 5px;\"><strong>Factor de Potencia de Salida<\/strong>: 1 (ajustable de 0.8 inductivo a 0.8 capacitivo)<\/li>\n<\/ul>\n<\/div>\n<\/div>\n<div style=\"flex: 1 1 250px; border: 1px solid rgba(150&comma; 150&comma; 150&comma; 0.4); border-radius: 8px; overflow: hidden; display: flex; flex-direction: column;\">\n<div style=\"padding: 15px; border-bottom: 1px solid rgba(150&comma; 150&comma; 150&comma; 0.2); font-weight: bold; font-size: 18px; color: inherit;\">Eficiencia<\/div>\n<div style=\"padding: 15px; color: inherit;\">\n<ul style=\"padding-left: 20px; margin: 0; font-size: 14px; list-style-type: disc;\">\n<li style=\"margin-bottom: 5px;\"><strong>M&aacute;x. Eficiencia<\/strong>: 98.40%<\/li>\n<li style=\"margin-bottom: 5px;\"><strong>Eficiencia Euro<\/strong>: 98.10%<\/li>\n<\/ul>\n<\/div>\n<\/div>\n<div style=\"flex: 1 1 250px; border: 1px solid rgba(150&comma; 150&comma; 150&comma; 0.4); border-radius: 8px; overflow: hidden; display: flex; flex-direction: column;\">\n<div style=\"padding: 15px; border-bottom: 1px solid rgba(150&comma; 150&comma; 150&comma; 0.2); font-weight: bold; font-size: 18px; color: inherit;\">Protecci&oacute;n<\/div>\n<div style=\"padding: 15px; color: inherit;\">\n<ul style=\"padding-left: 20px; margin: 0; font-size: 14px; list-style-type: disc;\">\n<li style=\"margin-bottom: 5px;\"><strong>Protecci&oacute;n de Inversi&oacute;n de Polaridad PV<\/strong>: S&iacute;<\/li>\n<li style=\"margin-bottom: 5px;\"><strong>Detecci&oacute;n de Resistencia de Aislamiento PV<\/strong>: S&iacute;<\/li>\n<li style=\"margin-bottom: 5px;\"><strong>Protecci&oacute;n de Cortocircuito de AC<\/strong>: S&iacute;<\/li>\n<li style=\"margin-bottom: 5px;\"><strong>Protecci&oacute;n de Corriente de AC<\/strong>: S&iacute;<\/li>\n<li style=\"margin-bottom: 5px;\"><strong>Protecci&oacute;n de Sobrevoltaje de AC<\/strong>: S&iacute;<\/li>\n<li style=\"margin-bottom: 5px;\"><strong>Protecci&oacute;n Anti-aislamiento<\/strong>: S&iacute;<\/li>\n<li style=\"margin-bottom: 5px;\"><strong>Protecci&oacute;n de Residuo de Corriente<\/strong>: S&iacute;<\/li>\n<li style=\"margin-bottom: 5px;\"><strong>Protecci&oacute;n de Sobrecarga Temporal<\/strong>: S&iacute;<\/li>\n<\/ul>\n<\/div>\n<\/div>\n<div style=\"flex: 1 1 250px; border: 1px solid rgba(150&comma; 150&comma; 150&comma; 0.4); border-radius: 8px; overflow: hidden; display: flex; flex-direction: column;\">\n<div style=\"padding: 15px; border-bottom: 1px solid rgba(150&comma; 150&comma; 150&comma; 0.2); font-weight: bold; font-size: 18px; color: inherit;\">Datos Generales<\/div>\n<div style=\"padding: 15px; color: inherit;\">\n<ul style=\"padding-left: 20px; margin: 0; font-size: 14px; list-style-type: disc;\">\n<li style=\"margin-bottom: 5px;\"><strong>Grado de Protecci&oacute;n<\/strong>: IP66<\/li>\n<li style=\"margin-bottom: 5px;\"><strong>Material del Recinto<\/strong>: Aluminio<\/li>\n<li style=\"margin-bottom: 5px;\"><strong>Rango de Temperatura Ambiente<\/strong>: -25 a 60 &deg;C<\/li>\n<li style=\"margin-bottom: 5px;\"><strong>Humedad Relativa<\/strong>: 0-100%<\/li>\n<li style=\"margin-bottom: 5px;\"><strong>Topolog&iacute;a<\/strong>: Sin Transformador<\/li>\n<li style=\"margin-bottom: 5px;\"><strong>Interfaz de Comunicaci&oacute;n<\/strong>: RS485 \/ WiFi<\/li>\n<li style=\"margin-bottom: 5px;\"><strong>Enfriamiento<\/strong>: Convecci&oacute;n inteligente con ventilaci&oacute;n<\/li>\n<\/ul>\n<\/div>\n<\/div>\n<\/div>\n<\/div>\n<div style=\"margin-bottom: 30px;\">\n<h3 style=\"text-align: center; font-size: 20px; margin-bottom: 20px; color: inherit; opacity: 0.8;\">Diagrama de conexi&oacute;n<\/h3>\n<div style=\"display: flex; flex-wrap: wrap; gap: 30px;\">\n<div style=\"flex: 1 1 300px; min-width: 280px;\"><img decoding=\"async\" style=\"width: 100%; height: auto; border: 1px solid rgba(150&comma; 150&comma; 150&comma; 0.3); border-radius: 8px;\" src=\"https:\/\/ftp3.syscom.mx\/usuarios\/fotos\/HNS9000TL\/222681-diagrama.png\" alt=\"\" class=\"fr-fic fr-dii\"><\/div>\n<div style=\"flex: 1 1 300px; min-width: 280px;\">\n<h4 style=\"text-align: center; font-size: 18px; margin-bottom: 15px; color: inherit; opacity: 0.8;\">HNS10000TL<\/h4>\n<p style=\"font-size: 15px; text-align: justify; color: inherit;\">El inversor viene con todas las protecciones necesarias para garantizar la operaci&oacute;n segura y confiable de su sistema fotovoltaico. La carcasa de aluminio no solo aporta a la est&eacute;tica moderna&comma; sino que tambi&eacute;n sirve para disipar el calor de manera eficiente&comma; aumentando la vida &uacute;til del inversor.<\/p>\n<\/div>\n<\/div>\n<\/div>\n<div style=\"margin-bottom: 30px;\">\n<h3 style=\"text-align: center; font-size: 20px; margin-bottom: 20px; color: inherit; opacity: 0.8;\">M&oacute;dulos Solares Compatibles<\/h3>\n<div style=\"display: flex; flex-wrap: wrap; gap: 20px; justify-content: center;\">\n<div style=\"flex: 1 1 250px; border: 1px solid rgba(150&comma; 150&comma; 150&comma; 0.4); border-radius: 8px; overflow: hidden; display: flex; flex-direction: column; max-width: 350px;\">\n<div style=\"padding: 15px; border-bottom: 1px solid rgba(150&comma; 150&comma; 150&comma; 0.2); background-color: rgba(0&comma; 0&comma; 0&comma; 0.05); font-weight: bold; font-size: 16px; color: inherit;\">M&oacute;dulo Solar LONGI 575W<\/div>\n<div style=\"padding: 15px; color: inherit;\"><a href=\"https:\/\/www.syscom.mx\/producto\/LR572HTH575M-LONGI-224263.html\" target=\"_blank\" rel=\"noopener\"><img decoding=\"async\" style=\"width: 100%; height: auto; border: 1px solid rgba(150&comma; 150&comma; 150&comma; 0.3); border-radius: 8px;\" src=\"https:\/\/ftp3.syscom.mx\/usuarios\/fotos\/MIN6000TLX2\/222680-panel_330.jpg\" alt=\"\" class=\"fr-fic fr-dii\"><\/a><\/p>\n<p style=\"margin-bottom: 5px;\"><strong>Modelo<\/strong>: LR572HTH575M<\/p>\n<p style=\"margin-bottom: 5px;\"><strong>Cantidad recomendada<\/strong>: 18<\/p>\n<p style=\"margin-bottom: 5px;\"><strong>Voltaje de circuito abierto (Voc)<\/strong>: 52.06 V<\/p>\n<p style=\"margin-bottom: 5px;\"><strong>Corriente en corto circuito (Isc)<\/strong>: 14.44 A<\/p>\n<p style=\"margin-bottom: 0;\"><strong>Dimensiones<\/strong>: 2278x1134x35 mm<\/p>\n<\/div>\n<\/div>\n<div style=\"flex: 1 1 250px; border: 1px solid rgba(150&comma; 150&comma; 150&comma; 0.4); border-radius: 8px; overflow: hidden; display: flex; flex-direction: column; max-width: 350px;\">\n<div style=\"padding: 15px; border-bottom: 1px solid rgba(150&comma; 150&comma; 150&comma; 0.2); background-color: rgba(0&comma; 0&comma; 0&comma; 0.05); font-weight: bold; font-size: 16px; color: inherit;\">M&oacute;dulo Solar ETSOLAR 450W<\/div>\n<div style=\"padding: 15px; color: inherit;\"><a href=\"https:\/\/www.syscom.mx\/producto\/ETM760BH450WW\/WB-ETSOLAR-220698.html\" target=\"_blank\" rel=\"noopener\"><img decoding=\"async\" style=\"width: 100%; height: auto; border: 1px solid rgba(150&comma; 150&comma; 150&comma; 0.3); border-radius: 8px;\" src=\"https:\/\/ftp3.syscom.mx\/usuarios\/fotos\/MIN6000TLX2\/222680-panel_450.jpg\" alt=\"\" class=\"fr-fic fr-dii\"><\/a><\/p>\n<p style=\"margin-bottom: 5px;\"><strong>Modelo<\/strong>: ETM760BH450WW\/WB<\/p>\n<p style=\"margin-bottom: 5px;\"><strong>Cantidad recomendada<\/strong>: 22<\/p>\n<p style=\"margin-bottom: 5px;\"><strong>Voltaje de circuito abierto (Voc)<\/strong>: 41.4 V<\/p>\n<p style=\"margin-bottom: 5px;\"><strong>Corriente en corto circuito (Isc)<\/strong>: 13.6 A<\/p>\n<p style=\"margin-bottom: 0;\"><strong>Dimensiones<\/strong>: 1909x1134x35 mm<\/p>\n<\/div>\n<\/div>\n<div style=\"flex: 1 1 250px; border: 1px solid rgba(150&comma; 150&comma; 150&comma; 0.4); border-radius: 8px; overflow: hidden; display: flex; flex-direction: column; max-width: 350px;\">\n<div style=\"padding: 15px; border-bottom: 1px solid rgba(150&comma; 150&comma; 150&comma; 0.2); background-color: rgba(0&comma; 0&comma; 0&comma; 0.05); font-weight: bold; font-size: 16px; color: inherit;\">M&oacute;dulo Solar LONGI 580W<\/div>\n<div style=\"padding: 15px; color: inherit;\"><a href=\"https:\/\/www.syscom.mx\/producto\/LP182*182M72NH580W-LEAPTON-222349.html\" target=\"_blank\" rel=\"noopener\"><img decoding=\"async\" style=\"width: 100%; height: auto; border: 1px solid rgba(150&comma; 150&comma; 150&comma; 0.3); border-radius: 8px;\" src=\"https:\/\/ftp3.syscom.mx\/usuarios\/fotos\/MIN6000TLX2\/222680-panel_550.jpg\" alt=\"\" class=\"fr-fic fr-dii\"><\/a><\/p>\n<p style=\"margin-bottom: 5px;\"><strong>Modelo<\/strong>: LP*182*182M72NH580W<\/p>\n<p style=\"margin-bottom: 5px;\"><strong>Cantidad recomendada<\/strong>: 18<\/p>\n<p style=\"margin-bottom: 5px;\"><strong>Voltaje de circuito abierto (Voc)<\/strong>: 51.09 V<\/p>\n<p style=\"margin-bottom: 5px;\"><strong>Corriente en corto circuito (Isc)<\/strong>: 14.45 A<\/p>\n<p style=\"margin-bottom: 0;\"><strong>Dimensiones<\/strong>: 2279x1143x30 mm<\/p>\n<\/div>\n<\/div>\n<div style=\"flex: 1 1 250px; border: 1px solid rgba(150&comma; 150&comma; 150&comma; 0.4); border-radius: 8px; overflow: hidden; display: flex; flex-direction: column; max-width: 350px;\">\n<div style=\"padding: 15px; border-bottom: 1px solid rgba(150&comma; 150&comma; 150&comma; 0.2); background-color: rgba(0&comma; 0&comma; 0&comma; 0.05); font-weight: bold; font-size: 16px; color: inherit;\">M&oacute;dulo Solar RISEN 660W<\/div>\n<div style=\"padding: 15px; color: inherit;\"><a href=\"https:\/\/www.syscom.mx\/producto\/RSM1328660M-RISEN-217338.html\" target=\"_blank\" rel=\"noopener\"><img decoding=\"async\" style=\"width: 100%; height: auto; border: 1px solid rgba(150&comma; 150&comma; 150&comma; 0.3); border-radius: 8px;\" src=\"https:\/\/ftp3.syscom.mx\/usuarios\/fotos\/MIN6000TLX2\/222680-panel_660x.jpg\" alt=\"\" class=\"fr-fic fr-dii\"><\/a><\/p>\n<p style=\"margin-bottom: 5px;\"><strong>Modelo<\/strong>: RSM1328660M<\/p>\n<p style=\"margin-bottom: 5px;\"><strong>Cantidad recomendada<\/strong>: 16<\/p>\n<p style=\"margin-bottom: 5px;\"><strong>Voltaje de circuito abierto (Voc)<\/strong>: 45.75V<\/p>\n<p style=\"margin-bottom: 5px;\"><strong>Corriente en corto circuito (Isc)<\/strong>: 18.33 A<\/p>\n<p style=\"margin-bottom: 0;\"><strong>Dimensiones<\/strong>: 2384x1303x35 mm<\/p>\n<\/div>\n<\/div>\n<\/div>\n<\/div>\n<div style=\"margin-bottom: 30px;\">\n<h3 style=\"font-size: 18px; margin-bottom: 15px; color: inherit; opacity: 0.8;\">Notas<\/h3>\n<ul style=\"padding-left: 20px; font-size: 14px; color: inherit;\">\n<li style=\"margin-bottom: 10px; text-align: justify;\"><em>Los inversores requieren sincronizarse para entregar voltaje&comma; de lo contrario el equipo no entregar&aacute; voltaje&comma; si se miden las terminales con los paneles conectados el voltaje medido debe ser 0V.<\/em><\/li>\n<li style=\"margin-bottom: 0; text-align: justify;\"><em>Se recomienda utilizar sistemas de tierra f&iacute;sica (<a href=\"https:\/\/www.syscom.mx\/principal\/searchcont?route=LP-GROUND-30A-LINKEDPRO-BY-EPCOM-172180&#038;autodetect=lp30ground\" target=\"_blank\" style=\"color: #2880b9; text-decoration: underline; font-weight: 500;\">LP-GROUND-30A<\/a>)&comma; colocar supresores de picos (<a href=\"https:\/\/www.syscom.mx\/principal\/searchcont?route=LA302R-DELTA-167343&#038;autodetect=la302\" target=\"_blank\" style=\"color: #2880b9; text-decoration: underline; font-weight: 500;\">LA302R<\/a>) y verificar voltajes de operaci&oacute;n.<\/em><\/li>\n<\/ul>\n<\/div>\n<div style=\"margin-bottom: 30px;\">\n<h3 style=\"text-align: center; font-size: 20px; margin-bottom: 20px; color: inherit; opacity: 0.8;\">KITS DE INTERCONEXI&Oacute;N<\/h3>\n<div style=\"overflow-x: auto;\">\n<table style=\"width: 100%; border-collapse: collapse; font-size: 14px; color: inherit;\">\n<thead>\n<tr style=\"background-color: rgba(0&comma; 0&comma; 0&comma; 0.05);\">\n<th style=\"padding: 12px; border: 1px solid rgba(150&comma;150&comma;150&comma;0.3);\">Modelo<\/th>\n<th style=\"padding: 12px; border: 1px solid rgba(150&comma;150&comma;150&comma;0.3);\">Modelo Kit<\/th>\n<\/tr>\n<\/thead>\n<tbody>\n<tr>\n<td style=\"padding: 10px; border: 1px solid rgba(150&comma;150&comma;150&comma;0.3); text-align: center;\"><a href=\"https:\/\/www.syscom.mx\/principal\/searchcont?route=HNS3000TL1-AFORE-222042&#038;autodetect=HNS\" target=\"_blank\" style=\"color: inherit; text-decoration: underline; font-weight: 500;\">HNS3000TL1<\/a><\/td>\n<td style=\"padding: 10px; border: 1px solid rgba(150&comma;150&comma;150&comma;0.3); text-align: center;\"><a href=\"https:\/\/www.syscom.mx\/principal\/searchcont?route=HNS3000TLKIT1-AFORE-232867&#038;autodetect=HNS\" target=\"_blank\" style=\"color: inherit; text-decoration: underline; font-weight: 500;\">HNS3000TLKIT1<\/a><\/td>\n<\/tr>\n<tr>\n<td style=\"padding: 10px; border: 1px solid rgba(150&comma;150&comma;150&comma;0.3); text-align: center;\"><a href=\"https:\/\/www.syscom.mx\/principal\/searchcont?route=HNS5000TL-AFORE-222252&#038;autodetect=HNS\" target=\"_blank\" style=\"color: inherit; text-decoration: underline; font-weight: 500;\">HNS5000TL<\/a><\/td>\n<td style=\"padding: 10px; border: 1px solid rgba(150&comma;150&comma;150&comma;0.3); text-align: center;\"><a href=\"https:\/\/www.syscom.mx\/principal\/searchcont?route=HNS5000TLKIT1-AFORE-232896&#038;autodetect=HNS\" target=\"_blank\" style=\"color: inherit; text-decoration: underline; font-weight: 500;\">HNS5000TLKIT1<\/a><\/td>\n<\/tr>\n<tr>\n<td style=\"padding: 10px; border: 1px solid rgba(150&comma;150&comma;150&comma;0.3); text-align: center;\"><a href=\"https:\/\/www.syscom.mx\/principal\/searchcont?route=HNS7000TL-AFORE-222599&#038;autodetect=HNS\" target=\"_blank\" style=\"color: inherit; text-decoration: underline; font-weight: 500;\">HNS7000TL<\/a><\/td>\n<td style=\"padding: 10px; border: 1px solid rgba(150&comma;150&comma;150&comma;0.3); text-align: center;\"><a href=\"https:\/\/www.syscom.mx\/principal\/searchcont?route=HNS7000TLKIT1-AFORE-232898&#038;autodetect=HNS\" target=\"_blank\" style=\"color: inherit; text-decoration: underline; font-weight: 500;\">HNS7000TLKIT1<\/a><\/td>\n<\/tr>\n<tr>\n<td style=\"padding: 10px; border: 1px solid rgba(150&comma;150&comma;150&comma;0.3); text-align: center;\"><a href=\"https:\/\/www.syscom.mx\/principal\/searchcont?route=HNS8000TL-AFORE-222601&#038;autodetect=HNS\" target=\"_blank\" style=\"color: inherit; text-decoration: underline; font-weight: 500;\">HNS8000TL<\/a><\/td>\n<td style=\"padding: 10px; border: 1px solid rgba(150&comma;150&comma;150&comma;0.3); text-align: center;\"><a href=\"https:\/\/www.syscom.mx\/principal\/searchcont?route=HNS8000TLKIT1-AFORE-232899&#038;autodetect=HNS\" target=\"_blank\" style=\"color: inherit; text-decoration: underline; font-weight: 500;\">HNS8000TLKIT1<\/a><\/td>\n<\/tr>\n<tr>\n<td style=\"padding: 10px; border: 1px solid rgba(150&comma;150&comma;150&comma;0.3); text-align: center;\"><a href=\"https:\/\/www.syscom.mx\/principal\/searchcont?route=HNS9000TL-AFORE-222681&#038;autodetect=HNS\" target=\"_blank\" style=\"color: inherit; text-decoration: underline; font-weight: 500;\">HNS9000TL<\/a><\/td>\n<td style=\"padding: 10px; border: 1px solid rgba(150&comma;150&comma;150&comma;0.3); text-align: center;\"><a href=\"https:\/\/www.syscom.mx\/principal\/searchcont?route=HNS9000TLKIT1-AFORE-232900&#038;autodetect=HNS\" target=\"_blank\" style=\"color: inherit; text-decoration: underline; font-weight: 500;\">HNS9000TLKIT1<\/a><\/td>\n<\/tr>\n<tr>\n<td style=\"padding: 10px; border: 1px solid rgba(150&comma;150&comma;150&comma;0.3); text-align: center;\"><a href=\"https:\/\/www.syscom.mx\/principal\/searchcont?route=HNS10000TL-AFORE-222683&#038;autodetect=HNS\" target=\"_blank\" style=\"color: inherit; text-decoration: underline; font-weight: 500;\">HNS10000TL<\/a><\/td>\n<td style=\"padding: 10px; border: 1px solid rgba(150&comma;150&comma;150&comma;0.3); text-align: center;\"><a href=\"https:\/\/www.syscom.mx\/principal\/searchcont?route=HNS10000TLKIT1-AFORE-232903&#038;autodetect=HNS\" target=\"_blank\" style=\"color: inherit; text-decoration: underline; font-weight: 500;\">HNS10000TLKIT1<\/a><\/td>\n<\/tr>\n<\/tbody>\n<\/table>\n<\/div>\n<\/div>\n<div style=\"margin-bottom: 30px;\">\n<div style=\"display: flex; flex-wrap: wrap; gap: 30px; justify-content: center;\">\n<div style=\"flex: 1 1 150px; min-width: 120px; text-align: center;\"><img decoding=\"async\" style=\"width: 80px; height: auto;\" src=\"https:\/\/ftp3.syscom.mx\/usuarios\/ftp\/single_page\/epcom_powerline\/limpia.png\" alt=\"Energ\u00eda Limpia\" class=\"fr-fic fr-dii\"><\/p>\n<p style=\"margin: 0; font-size: 14px; color: inherit;\">Energ&iacute;a Limpia<\/p>\n<\/div>\n<div style=\"flex: 1 1 150px; min-width: 120px; text-align: center;\"><img decoding=\"async\" style=\"width: 80px; height: auto;\" src=\"https:\/\/ftp3.syscom.mx\/usuarios\/ftp\/single_page\/epcom_powerline\/ahorro.png\" alt=\"Ahorro de Energ\u00eda\" class=\"fr-fic fr-dii\"><\/p>\n<p style=\"margin: 0; font-size: 14px; color: inherit;\">Ahorro de Energ&iacute;a<\/p>\n<\/div>\n<div style=\"flex: 1 1 150px; min-width: 120px; text-align: center;\"><img decoding=\"async\" style=\"width: 80px; height: auto;\" src=\"https:\/\/ftp3.syscom.mx\/usuarios\/ftp\/single_page\/epcom_powerline\/ciudad.png\" alt=\"Cuidado del Medio Ambiente\" class=\"fr-fic fr-dii\"><\/p>\n<p style=\"margin: 0; font-size: 14px; color: inherit;\">Cuidado del Medio Ambiente<\/p>\n<\/div>\n<div style=\"flex: 1 1 150px; min-width: 120px; text-align: center;\"><img decoding=\"async\" style=\"width: 80px; height: auto;\" src=\"https:\/\/ftp3.syscom.mx\/usuarios\/ftp\/single_page\/epcom_powerline\/conexion.png\" alt=\"Conexi\u00f3n sencilla\" class=\"fr-fic fr-dii\"><\/p>\n<p style=\"margin: 0; font-size: 14px; color: inherit;\">Conexi&oacute;n sencilla<\/p>\n<\/div>\n<\/div>\n<\/div>\n<\/div>\n","protected":false},"excerpt":{"rendered":"<p>Inversor para Interconexi\u00f3n a CFE de 36 kW con Salida Trif\u00e1sica de 220 Vca, M\u00f3dulo Wifi Incluido<\/p>\n","protected":false},"featured_media":39548,"comment_status":"open","ping_status":"closed","template":"","meta":[],"product_brand":[],"product_cat":[1092],"product_tag":[1223,964,1093],"class_list":{"0":"post-39549","1":"product","2":"type-product","3":"status-publish","4":"has-post-thumbnail","6":"product_cat-inversores-interconexion-on-grid","7":"product_tag-afore","8":"product_tag-energia-solar","9":"product_tag-inversores-interconexion-on-grid","11":"first","12":"instock","13":"sale","14":"shipping-taxable","15":"purchasable","16":"product-type-simple"},"_links":{"self":[{"href":"https:\/\/soydeaqui.ddns.net\/pachuca\/index.php\/wp-json\/wp\/v2\/product\/39549","targetHints":{"allow":["GET"]}}],"collection":[{"href":"https:\/\/soydeaqui.ddns.net\/pachuca\/index.php\/wp-json\/wp\/v2\/product"}],"about":[{"href":"https:\/\/soydeaqui.ddns.net\/pachuca\/index.php\/wp-json\/wp\/v2\/types\/product"}],"replies":[{"embeddable":true,"href":"https:\/\/soydeaqui.ddns.net\/pachuca\/index.php\/wp-json\/wp\/v2\/comments?post=39549"}],"wp:featuredmedia":[{"embeddable":true,"href":"https:\/\/soydeaqui.ddns.net\/pachuca\/index.php\/wp-json\/wp\/v2\/media\/39548"}],"wp:attachment":[{"href":"https:\/\/soydeaqui.ddns.net\/pachuca\/index.php\/wp-json\/wp\/v2\/media?parent=39549"}],"wp:term":[{"taxonomy":"product_brand","embeddable":true,"href":"https:\/\/soydeaqui.ddns.net\/pachuca\/index.php\/wp-json\/wp\/v2\/product_brand?post=39549"},{"taxonomy":"product_cat","embeddable":true,"href":"https:\/\/soydeaqui.ddns.net\/pachuca\/index.php\/wp-json\/wp\/v2\/product_cat?post=39549"},{"taxonomy":"product_tag","embeddable":true,"href":"https:\/\/soydeaqui.ddns.net\/pachuca\/index.php\/wp-json\/wp\/v2\/product_tag?post=39549"}],"curies":[{"name":"wp","href":"https:\/\/api.w.org\/{rel}","templated":true}]}}