{"id":39527,"date":"2026-03-18T17:24:08","date_gmt":"2026-03-18T17:24:08","guid":{"rendered":"https:\/\/soydeaqui.ddns.net\/pachuca\/index.php\/producto\/enchufe-con-bloqueo-de-media-vuelta-industrial-y-cubierta-hermetica-de-30-a-250-v-ca-3-polos-4-hilos-nema-l15-30p\/"},"modified":"2026-03-18T17:24:13","modified_gmt":"2026-03-18T17:24:13","slug":"enchufe-con-bloqueo-de-media-vuelta-industrial-y-cubierta-hermetica-de-30-a-250-v-ca-3-polos-4-hilos-nema-l15-30p","status":"publish","type":"product","link":"https:\/\/soydeaqui.ddns.net\/pachuca\/index.php\/producto\/enchufe-con-bloqueo-de-media-vuelta-industrial-y-cubierta-hermetica-de-30-a-250-v-ca-3-polos-4-hilos-nema-l15-30p\/","title":{"rendered":"Enchufe con Bloqueo de Media Vuelta Industrial y Cubierta Herm\u00e9tica de 30 A 250 V CA \/ 3 Polos 4 Hilos \/ Nema L15-30P."},"content":{"rendered":"<div style='width: 100%; max-width: 1200px; margin: 0 auto; font-family: sans-serif; line-height: 1.6; color: inherit; background-color: transparent;'>\n<div style='display: flex; flex-wrap: wrap; gap: 30px; margin-bottom: 30px;'>\n<div style='flex: 1 1 300px; min-width: 280px;'>\n<h3 style='font-size: 22px; border-bottom: 2px solid currentColor; padding-bottom: 5px; margin-top: 0; color: inherit; opacity: 0.8;'>Especificaciones<\/h3>\n<ul style='padding-left: 20px; font-size: 15px; color: inherit;'>\n<li style='margin-bottom: 5px;'><strong>Aplicaci\u00f3n:<\/strong> Servicio extra pesado<\/li>\n<li style='margin-bottom: 5px;'><strong>Material:<\/strong> Compuesto<\/li>\n<li style='margin-bottom: 5px;'><strong>Condiciones de trabajo:<\/strong> Herm\u00e9tico<\/li>\n<li style='margin-bottom: 5px;'><strong>Potencia &#8211; max.:<\/strong> 3<\/li>\n<li style='margin-bottom: 5px;'><strong>Tipo de equipo:<\/strong> Enchufe herm\u00e9tico<\/li>\n<li style='margin-bottom: 5px;'><strong>Montaje:<\/strong> Montaje con cord\u00f3n<\/li>\n<li style='margin-bottom: 5px;'><strong>N\u00famero de Polos:<\/strong> 3 Polos<\/li>\n<li style='margin-bottom: 5px;'><strong>Temperatura de Operaci\u00f3n:<\/strong> M\u00e1xima continua de 75 \u00b0C y m\u00ednima de -40 \u00b0C sin impactos<\/li>\n<li style='margin-bottom: 5px;'><strong>Rendimiento:<\/strong> El\u00e9ctrico &#8211; Interrupci\u00f3n de corriente- Certificado para interrupci\u00f3n de corriente a corriente nominal completa. El\u00e9ctrico &#8211; Voltaje diel\u00e9ctrico- Soporta un m\u00ednimo de 2 000 V. Ambiental- Inflamabilidad &#8211; VO seg\u00fan UL94 o CSA 22.2 No. 0.17. Ambiental &#8211; Resistencia a la humedad &#8211; Tipo 4&comma; 4X&comma; 12&comma; idoneidad IP66. Ambiental &#8211; Temperaturas de funcionamiento- M\u00e1xima continua de 75 \u00b0C y m\u00ednima de -40 \u00b0C sin impactos. Mec\u00e1nico- Alojamiento de terminales &#8211; S\u00f3lo conductor trenzado de cobre # 16 &#8211; # 8 AWG. Mec\u00e1nico: Identificaci\u00f3n de terminales- Terminales identificados de acuerdo con UL 498.<\/li>\n<li style='margin-bottom: 5px;'><strong>Especificaciones:<\/strong> Tornillos de montaje &#8211; acero inoxidable. Cuchillas &#8211; Lat\u00f3n. Tap\u00f3n de Cierre &#8211; Santoprene. Abrazadera de carcasa\/cable &#8211; PBT<\/li>\n<li style='margin-bottom: 5px;'><strong>Dimensiones:<\/strong> 2.94 in x 2.94 in x 4.40 in \/ 74.67 mm x 74.67 mm x 111.76 mm<\/li>\n<li style='margin-bottom: 5px;'><strong>Altura:<\/strong> 4.4 in (111.76 mm)<\/li>\n<li style='margin-bottom: 5px;'><strong>Largo:<\/strong> 2.94 in (74.67 mm)<\/li>\n<li style='margin-bottom: 5px;'><strong>Ancho:<\/strong> 2.94 in (74.67 mm)<\/li>\n<li style='margin-bottom: 5px;'><strong>Peso:<\/strong> 0.65 lb (0.29 kg)<\/li>\n<li style='margin-bottom: 5px;'><strong>Rango de amperaje:<\/strong> 30 A<\/li>\n<li style='margin-bottom: 5px;'><strong>Rango de Voltaje:<\/strong> 250 V CA<\/li>\n<li style='margin-bottom: 5px;'><strong>Fase:<\/strong> 3 Fases<\/li>\n<li style='margin-bottom: 5px;'><strong>N\u00famero de Hilos:<\/strong> 4- Hilos<\/li>\n<li style='margin-bottom: 5px;'><strong>Tama\u00f1o de Cable:<\/strong> #16 AWG a #8 AWG Rango 0.350 &#8211; 1.150 in<\/li>\n<li style='margin-bottom: 5px;'><strong>Nema:<\/strong> L15-30P<\/li>\n<\/ul><\/div>\n<\/p><\/div>\n<hr style='border: 0; border-top: 1px solid rgba(150&comma; 150&comma; 150&comma; 0.3); margin: 30px 0;'> <\/div>\n","protected":false},"excerpt":{"rendered":"<p>Enchufe con Bloqueo de Media Vuelta Industrial y Cubierta Herm\u00e9tica de 30 A 250 V CA \/ 3 Polos 4 Hilos \/ Nema L15-30P.<\/p>\n","protected":false},"featured_media":39526,"comment_status":"open","ping_status":"closed","template":"","meta":[],"product_brand":[],"product_cat":[1073],"product_tag":[1074,1066,705],"class_list":{"0":"post-39527","1":"product","2":"type-product","3":"status-publish","4":"has-post-thumbnail","6":"product_cat-apagadores-y-clavijas","7":"product_tag-apagadores-y-clavijas","8":"product_tag-area-electrica","9":"product_tag-hubbell","11":"first","12":"outofstock","13":"sale","14":"shipping-taxable","15":"purchasable","16":"product-type-simple"},"_links":{"self":[{"href":"https:\/\/soydeaqui.ddns.net\/pachuca\/index.php\/wp-json\/wp\/v2\/product\/39527","targetHints":{"allow":["GET"]}}],"collection":[{"href":"https:\/\/soydeaqui.ddns.net\/pachuca\/index.php\/wp-json\/wp\/v2\/product"}],"about":[{"href":"https:\/\/soydeaqui.ddns.net\/pachuca\/index.php\/wp-json\/wp\/v2\/types\/product"}],"replies":[{"embeddable":true,"href":"https:\/\/soydeaqui.ddns.net\/pachuca\/index.php\/wp-json\/wp\/v2\/comments?post=39527"}],"wp:featuredmedia":[{"embeddable":true,"href":"https:\/\/soydeaqui.ddns.net\/pachuca\/index.php\/wp-json\/wp\/v2\/media\/39526"}],"wp:attachment":[{"href":"https:\/\/soydeaqui.ddns.net\/pachuca\/index.php\/wp-json\/wp\/v2\/media?parent=39527"}],"wp:term":[{"taxonomy":"product_brand","embeddable":true,"href":"https:\/\/soydeaqui.ddns.net\/pachuca\/index.php\/wp-json\/wp\/v2\/product_brand?post=39527"},{"taxonomy":"product_cat","embeddable":true,"href":"https:\/\/soydeaqui.ddns.net\/pachuca\/index.php\/wp-json\/wp\/v2\/product_cat?post=39527"},{"taxonomy":"product_tag","embeddable":true,"href":"https:\/\/soydeaqui.ddns.net\/pachuca\/index.php\/wp-json\/wp\/v2\/product_tag?post=39527"}],"curies":[{"name":"wp","href":"https:\/\/api.w.org\/{rel}","templated":true}]}}