{"id":39525,"date":"2026-03-18T17:24:06","date_gmt":"2026-03-18T17:24:06","guid":{"rendered":"https:\/\/soydeaqui.ddns.net\/pachuca\/index.php\/producto\/bateria-de-litio-panasonic-3-vcc-1550-mah-aplicacion-en-transmisores-de-alarma-inalambricos-con-empaque\/"},"modified":"2026-03-18T17:24:07","modified_gmt":"2026-03-18T17:24:07","slug":"bateria-de-litio-panasonic-3-vcc-1550-mah-aplicacion-en-transmisores-de-alarma-inalambricos-con-empaque","status":"publish","type":"product","link":"https:\/\/soydeaqui.ddns.net\/pachuca\/index.php\/producto\/bateria-de-litio-panasonic-3-vcc-1550-mah-aplicacion-en-transmisores-de-alarma-inalambricos-con-empaque\/","title":{"rendered":"Bater\u00eda de litio PANASONIC \/ 3 Vcc \/1,550 mAh \/ Aplicaci\u00f3n en transmisores de alarma inal\u00e1mbricos\/ Con empaque"},"content":{"rendered":"<div style='width: 100%; max-width: 1200px; margin: 0 auto; font-family: sans-serif; line-height: 1.6; color: inherit; background-color: transparent;'> <!-- Secci\u00f3n de caracter\u00edsticas principales --> <\/p>\n<div style='display: flex; flex-wrap: wrap; gap: 30px; margin-bottom: 30px;'>\n<div style='flex: 1 1 300px; min-width: 280px;'>\n<h3 style='font-size: 22px; border-bottom: 2px solid currentColor; padding-bottom: 5px; margin-top: 0; color: inherit; opacity: 0.8;'>Caracter\u00edsticas Principales<\/h3>\n<ul style='padding-left: 20px; font-size: 15px; color: inherit;'>\n<li style='margin-bottom: 5px;'><strong>Tipo de bater\u00eda:<\/strong> Litio<\/li>\n<li style='margin-bottom: 5px;'><strong>Voltaje:<\/strong> 3V<\/li>\n<li style='margin-bottom: 5px;'><strong>Capacidad:<\/strong> 1550 mAh<\/li>\n<li style='margin-bottom: 5px;'><strong>Impedancia:<\/strong> M\u00e1ximo 1.0 \u03a9<\/li>\n<li style='margin-bottom: 5px;'><strong>Pulsos de descarga:<\/strong> 1900 ciclos<\/li>\n<li style='margin-bottom: 5px;'><strong>Dimensiones:<\/strong> 3.4 x 1.7 cm<\/li>\n<li style='margin-bottom: 5px;'><strong>Peso:<\/strong> 17 g<\/li>\n<\/ul><\/div>\n<\/p><\/div>\n<p> <!-- Secci\u00f3n de especificaciones t\u00e9cnicas --> <\/p>\n<div style='display: flex; flex-wrap: wrap; gap: 20px; margin-bottom: 30px;'>\n<div style='flex: 1 1 250px; border: 1px solid rgba(150&comma; 150&comma; 150&comma; 0.4); border-radius: 8px; overflow: hidden; display: flex; flex-direction: column;'>\n<div style='padding: 15px; border-bottom: 1px solid rgba(150&comma; 150&comma; 150&comma; 0.2); font-weight: bold; font-size: 18px; color: inherit;'>Especificaciones T\u00e9cnicas<\/div>\n<div style='padding: 15px; color: inherit;'>\n<ul style='padding-left: 20px; margin: 0; font-size: 14px; list-style-type: disc;'>\n<li style='margin-bottom: 5px;'><strong>Voltaje nominal:<\/strong> 3V<\/li>\n<li style='margin-bottom: 5px;'><strong>Capacidad nominal:<\/strong> 1550 mAh<\/li>\n<li style='margin-bottom: 5px;'><strong>Corriente de descarga continua:<\/strong> 20mA<\/li>\n<li style='margin-bottom: 5px;'><strong>Temperatura de operaci\u00f3n:<\/strong> -40\u00b0C a +70\u00b0C<\/li>\n<li style='margin-bottom: 5px;'><strong>Di\u00e1metro m\u00e1ximo:<\/strong> 17.0 mm<\/li>\n<li style='margin-bottom: 5px;'><strong>Altura m\u00e1xima:<\/strong> 34.5 mm<\/li>\n<\/ul><\/div>\n<\/p><\/div>\n<p> <!-- Secci\u00f3n de aplicaciones --> <\/p>\n<div style='flex: 1 1 250px; border: 1px solid rgba(150&comma; 150&comma; 150&comma; 0.4); border-radius: 8px; overflow: hidden; display: flex; flex-direction: column;'>\n<div style='padding: 15px; border-bottom: 1px solid rgba(150&comma; 150&comma; 150&comma; 0.2); font-weight: bold; font-size: 18px; color: inherit;'>Aplicaciones<\/div>\n<div style='padding: 15px; color: inherit;'>\n<ul style='padding-left: 20px; margin: 0; font-size: 14px; list-style-type: disc;'>\n<li style='margin-bottom: 5px;'>C\u00e1maras fotogr\u00e1ficas<\/li>\n<li style='margin-bottom: 5px;'>Linternas<\/li>\n<li style='margin-bottom: 5px;'>Dispositivos de seguridad (cerraduras el\u00e9ctricas)<\/li>\n<li style='margin-bottom: 5px;'>Alarmas contra incendios<\/li>\n<li style='margin-bottom: 5px;'>Componentes el\u00e9ctricos automotrices (eCall)<\/li>\n<li style='margin-bottom: 5px;'>Equipos m\u00e9dicos (DEA &#8211; Desfibriladores)<\/li>\n<\/ul><\/div>\n<\/p><\/div>\n<p> <!-- Secci\u00f3n de beneficios --> <\/p>\n<div style='flex: 1 1 250px; border: 1px solid rgba(150&comma; 150&comma; 150&comma; 0.4); border-radius: 8px; overflow: hidden; display: flex; flex-direction: column;'>\n<div style='padding: 15px; border-bottom: 1px solid rgba(150&comma; 150&comma; 150&comma; 0.2); font-weight: bold; font-size: 18px; color: inherit;'>Beneficios<\/div>\n<div style='padding: 15px; color: inherit;'>\n<ul style='padding-left: 20px; margin: 0; font-size: 14px; list-style-type: disc;'>\n<li style='margin-bottom: 5px;'>Alta capacidad de descarga para aplicaciones de alta demanda<\/li>\n<li style='margin-bottom: 5px;'>Dise\u00f1o espiral en la placa polar para mejor rendimiento<\/li>\n<li style='margin-bottom: 5px;'>\u00d3ptima performance en condiciones extremas de temperatura<\/li>\n<li style='margin-bottom: 5px;'>Disponible con terminales de pesta\u00f1a seg\u00fan n\u00famero de producto<\/li>\n<\/ul><\/div>\n<\/p><\/div>\n<\/p><\/div>\n<p> <!-- Imagen original --> <\/p>\n<div style='margin-bottom: 30px;'> <img style='width: 100%; height: auto; border: 1px solid rgba(150&comma;150&comma;150&comma;0.3); border-radius: 8px;' src='https:\/\/ftp3.syscom.mx\/usuarios\/ftp\/2017\/03\/09\/e153f\/Indicada%20para.png' alt='Aplicaciones recomendadas'> <\/div>\n<p> <!-- Nota del fabricante --> <\/p>\n<div style='margin-bottom: 30px;'>\n<div style='padding: 15px; border-left: 4px solid rgba(150&comma;150&comma;150&comma;0.5); background-color: rgba(150&comma;150&comma;150&comma;0.05);'>\n<p style='margin: 0; font-size: 14px; color: inherit;'> <strong>Nota:<\/strong> La informaci\u00f3n t\u00e9cnica est\u00e1 basada en documentaci\u00f3n de Panasonic Energy Co.&comma; Ltd. (Julio 2024). Las especificaciones est\u00e1n sujetas a cambio sin previo aviso. Para aplicaciones en rangos extremos de temperatura (-40\u00b0C a -20\u00b0C o 60\u00b0C a 70\u00b0C)&comma; consultar directamente con Panasonic. <\/p>\n<\/p><\/div>\n<\/p><\/div>\n<\/p><\/div>\n","protected":false},"excerpt":{"rendered":"<p>Bater\u00eda de litio PANASONIC \/ 3 Vcc \/1,550 mAh \/ Aplicaci\u00f3n en transmisores de alarma inal\u00e1mbricos\/ Con empaque<\/p>\n","protected":false},"featured_media":39524,"comment_status":"open","ping_status":"closed","template":"","meta":[],"product_brand":[],"product_cat":[141],"product_tag":[143,142,144],"class_list":{"0":"post-39525","1":"product","2":"type-product","3":"status-publish","4":"has-post-thumbnail","6":"product_cat-baterias","7":"product_tag-baterias","8":"product_tag-energia","9":"product_tag-panasonic","11":"first","12":"instock","13":"sale","14":"shipping-taxable","15":"purchasable","16":"product-type-simple"},"_links":{"self":[{"href":"https:\/\/soydeaqui.ddns.net\/pachuca\/index.php\/wp-json\/wp\/v2\/product\/39525","targetHints":{"allow":["GET"]}}],"collection":[{"href":"https:\/\/soydeaqui.ddns.net\/pachuca\/index.php\/wp-json\/wp\/v2\/product"}],"about":[{"href":"https:\/\/soydeaqui.ddns.net\/pachuca\/index.php\/wp-json\/wp\/v2\/types\/product"}],"replies":[{"embeddable":true,"href":"https:\/\/soydeaqui.ddns.net\/pachuca\/index.php\/wp-json\/wp\/v2\/comments?post=39525"}],"wp:featuredmedia":[{"embeddable":true,"href":"https:\/\/soydeaqui.ddns.net\/pachuca\/index.php\/wp-json\/wp\/v2\/media\/39524"}],"wp:attachment":[{"href":"https:\/\/soydeaqui.ddns.net\/pachuca\/index.php\/wp-json\/wp\/v2\/media?parent=39525"}],"wp:term":[{"taxonomy":"product_brand","embeddable":true,"href":"https:\/\/soydeaqui.ddns.net\/pachuca\/index.php\/wp-json\/wp\/v2\/product_brand?post=39525"},{"taxonomy":"product_cat","embeddable":true,"href":"https:\/\/soydeaqui.ddns.net\/pachuca\/index.php\/wp-json\/wp\/v2\/product_cat?post=39525"},{"taxonomy":"product_tag","embeddable":true,"href":"https:\/\/soydeaqui.ddns.net\/pachuca\/index.php\/wp-json\/wp\/v2\/product_tag?post=39525"}],"curies":[{"name":"wp","href":"https:\/\/api.w.org\/{rel}","templated":true}]}}