{"id":39516,"date":"2026-03-18T17:23:49","date_gmt":"2026-03-18T17:23:49","guid":{"rendered":"https:\/\/soydeaqui.ddns.net\/pachuca\/index.php\/producto\/cargador-para-baterias-de-plomo-acido-y-litio-13-5a-24v-bancos-de-45-a-155-ah\/"},"modified":"2026-03-18T17:23:55","modified_gmt":"2026-03-18T17:23:55","slug":"cargador-para-baterias-de-plomo-acido-y-litio-13-5a-24v-bancos-de-45-a-155-ah","status":"publish","type":"product","link":"https:\/\/soydeaqui.ddns.net\/pachuca\/index.php\/producto\/cargador-para-baterias-de-plomo-acido-y-litio-13-5a-24v-bancos-de-45-a-155-ah\/","title":{"rendered":"Cargador para Bater\u00edas de Plomo \u00c1cido y Litio\/ 13.5A \/ 24V \/ Bancos de 45 a 155 Ah"},"content":{"rendered":"<div style='width: 100%; max-width: 1200px; margin: 0 auto; font-family: sans-serif; line-height: 1.6; color: inherit; background-color: transparent;'> <!-- Imagen banner --> <\/p>\n<div style='margin-bottom: 30px;'> <img style='width: 100%; height: auto; border: 1px solid rgba(150&comma;150&comma;150&comma;0.3); border-radius: 8px;' src='https:\/\/ftp3.syscom.mx\/usuarios\/fotos\/RS255\/70477-banner-mean-well.jpg' alt='Banner Mean Well'> <\/div>\n<p> <!-- T\u00edtulo --> <\/p>\n<div style='margin-bottom: 20px;'>\n<h2 style='font-size: 24px; color: inherit; margin: 0;'>Cargador de Bater\u00edas para Plomo \u00c1cido y Litio<\/h2>\n<\/p><\/div>\n<p> <!-- Caracter\u00edsticas --> <\/p>\n<div style='display: flex; flex-wrap: wrap; gap: 30px; margin-bottom: 30px;'>\n<div style='flex: 1 1 300px; min-width: 280px;'>\n<h3 style='font-size: 22px; border-bottom: 2px solid currentColor; padding-bottom: 5px; margin-top: 0; color: inherit; opacity: 0.8;'>Caracter\u00edsticas:<\/h3>\n<ul style='padding-left: 20px; font-size: 15px; color: inherit;'>\n<li style='margin-bottom: 5px;'>Rango autom\u00e1tico con voltaje de carga ultra amplio<\/li>\n<li style='margin-bottom: 5px;'>Protocolo CANBus incorporado para control&comma; configuraci\u00f3n y monitoreo<\/li>\n<li style='margin-bottom: 5px;'>Curva de carga programable v\u00eda SBP-001<\/li>\n<li style='margin-bottom: 5px;'>Configuraci\u00f3n manual para 2\/3 etapas y 4 curvas de carga integradas mediante DIP S.W.<\/li>\n<li style='margin-bottom: 5px;'>M\u00faltiples protecciones: Cortocircuito | Sobretensi\u00f3n | Sobre temperatura | Bater\u00eda bajo voltaje | Polaridad inversa de la bater\u00eda (sin da\u00f1os)<\/li>\n<li style='margin-bottom: 5px;'>Cargador OK y se\u00f1al de bater\u00eda llena<\/li>\n<li style='margin-bottom: 5px;'>Funci\u00f3n de compensaci\u00f3n de temperatura para prolongar la vida \u00fatil de la bater\u00eda (solo plomo-\u00e1cido)<\/li>\n<li style='margin-bottom: 5px;'>-30\u00b0C~+70\u00b0C amplia temperatura de funcionamiento<\/li>\n<li style='margin-bottom: 5px;'>Ventilador CC con control t\u00e9rmico para reducci\u00f3n de ruido<\/li>\n<li style='margin-bottom: 5px;'>Control remoto de encendido\/apagado<\/li>\n<li style='margin-bottom: 5px;'>Programador inteligente disponible (se vende por separado)<\/li>\n<li style='margin-bottom: 5px;'>Cumple con la certificaci\u00f3n dual 62368-1 + 60335-1\/-2-29<\/li>\n<li style='margin-bottom: 5px;'>Adecuado para bater\u00edas de plomo-\u00e1cido (Pb) y de iones de litio<\/li>\n<\/ul><\/div>\n<\/p><\/div>\n<p> <!-- Imagen producto --> <\/p>\n<div style='margin-bottom: 30px;'> <img style='width: 100%; height: auto; border: 1px solid rgba(150&comma;150&comma;150&comma;0.3); border-radius: 8px;' src='https:\/\/ftp3.syscom.mx\/usuarios\/fotos\/NPB45024\/232293-npb-450-1.png' alt=''> <\/div>\n<p> <!-- Especificaciones T\u00e9cnicas --> <\/p>\n<div style='display: flex; flex-wrap: wrap; gap: 20px; margin-bottom: 30px;'>\n<div style='flex: 1 1 250px; border: 1px solid rgba(150&comma; 150&comma; 150&comma; 0.4); border-radius: 8px; overflow: hidden; display: flex; flex-direction: column;'>\n<div style='padding: 15px; border-bottom: 1px solid rgba(150&comma; 150&comma; 150&comma; 0.2); font-weight: bold; font-size: 18px; color: inherit;'>Especificaciones T\u00e9cnicas<\/div>\n<div style='padding: 15px; color: inherit;'>\n<ul style='padding-left: 20px; margin: 0; font-size: 14px; list-style-type: disc;'>\n<li style='margin-bottom: 5px;'><strong>Voltaje de Entrada:<\/strong> 90-264 Vca 47-63 Hz<\/li>\n<li style='margin-bottom: 5px;'><strong>Voltaje de Salida:<\/strong> 24Vcc<\/li>\n<li style='margin-bottom: 5px;'><strong>Corriente de Salida:<\/strong> 13.5A<\/li>\n<li style='margin-bottom: 5px;'><strong>Potencia de Salida:<\/strong> 463.6W<\/li>\n<li style='margin-bottom: 5px;'><strong>Dimensiones:<\/strong> 205 x 55 x 135 mm<\/li>\n<\/ul><\/div>\n<\/p><\/div>\n<\/p><\/div>\n<p> <!-- Imagen aplicaciones --> <\/p>\n<div style='margin-bottom: 30px;'> <img style='width: 100%; height: auto; border: 1px solid rgba(150&comma;150&comma;150&comma;0.3); border-radius: 8px;' src='https:\/\/ftp3.syscom.mx\/usuarios\/fotos\/NPB45024\/232293-captura_de_pantalla_2024-04-09_162905.jpg' alt=''> <\/div>\n<p> <!-- Aplicaciones --> <\/p>\n<div style='display: flex; flex-wrap: wrap; gap: 20px; margin-bottom: 30px;'>\n<div style='flex: 1 1 300px; min-width: 280px;'>\n<h3 style='font-size: 22px; border-bottom: 2px solid currentColor; padding-bottom: 5px; margin-top: 0; color: inherit; opacity: 0.8;'>Aplicaciones:<\/h3>\n<ul style='padding-left: 20px; font-size: 15px; color: inherit;'>\n<li style='margin-bottom: 5px;'>AGV<\/li>\n<li style='margin-bottom: 5px;'>Bicicleta el\u00e9ctrica&comma; patinete el\u00e9ctrico&comma; autocaravana&comma; autob\u00fas&comma; veh\u00edculos especiales<\/li>\n<li style='margin-bottom: 5px;'>Cortac\u00e9sped rob\u00f3tico<\/li>\n<li style='margin-bottom: 5px;'>Robot de lavado<\/li>\n<li style='margin-bottom: 5px;'>Embarcaci\u00f3n de recreo&comma; yate personal o barco de trabajo<\/li>\n<li style='margin-bottom: 5px;'>Sistema de vigilancia<\/li>\n<li style='margin-bottom: 5px;'>Estaci\u00f3n base de telecomunicaciones<\/li>\n<li style='margin-bottom: 5px;'>Soluci\u00f3n de respaldo del sistema de radio<\/li>\n<li style='margin-bottom: 5px;'>Equipos o instrumentos con bater\u00eda de respaldo<\/li>\n<\/ul><\/div>\n<\/p><\/div>\n<p> <!-- Notas --> <\/p>\n<div style='display: flex; flex-wrap: wrap; gap: 20px; margin-bottom: 30px;'>\n<div style='flex: 1 1 300px; min-width: 280px;'>\n<h3 style='font-size: 22px; border-bottom: 2px solid currentColor; padding-bottom: 5px; margin-top: 0; color: inherit; opacity: 0.8;'>Notas:<\/h3>\n<ul style='padding-left: 20px; font-size: 15px; color: inherit;'>\n<li style='margin-bottom: 5px;'>1. No incluye cable de alimentaci\u00f3n. Se puede usar <a style='color: inherit; text-decoration: underline;' href='https:\/\/www.syscom.mx\/principal\/searchcont?route=AC-CORD-1.8M-EPCOM-POWERLINE-162897&#038;autodetect=ACCORDP1.8M'>AC-CORD-1.8M<\/a> o <a style='color: inherit; text-decoration: underline;' href='https:\/\/www.syscom.mx\/principal\/searchcont?route=AC-CORD-1.5M-EPCOM-POWERLINE-205295&#038;autodetect=ACCORDP1.8M'>AC-CORD-1.5M<\/a><\/li>\n<li style='margin-bottom: 5px;'>2. Es necesario el <a style='color: inherit; text-decoration: underline;' href='https:\/\/www.syscom.mx\/producto\/SBP001-MEANWELL-229202.html'>SBP001<\/a> para la programaci\u00f3n para bater\u00edas de litio<\/li>\n<\/ul><\/div>\n<\/p><\/div>\n<\/p><\/div>\n","protected":false},"excerpt":{"rendered":"<p>Cargador para Bater\u00edas de Plomo \u00c1cido y Litio\/ 13.5A \/ 24V \/ Bancos de 45 a 155 Ah<\/p>\n","protected":false},"featured_media":39515,"comment_status":"open","ping_status":"closed","template":"","meta":[],"product_brand":[],"product_cat":[1108],"product_tag":[1085,1109,876],"class_list":{"0":"post-39516","1":"product","2":"type-product","3":"status-publish","4":"has-post-thumbnail","6":"product_cat-cargadores-de-baterias","7":"product_tag-baterias-y-cargadores","8":"product_tag-cargadores-de-baterias","9":"product_tag-meanwell","11":"first","12":"instock","13":"sale","14":"shipping-taxable","15":"purchasable","16":"product-type-simple"},"_links":{"self":[{"href":"https:\/\/soydeaqui.ddns.net\/pachuca\/index.php\/wp-json\/wp\/v2\/product\/39516","targetHints":{"allow":["GET"]}}],"collection":[{"href":"https:\/\/soydeaqui.ddns.net\/pachuca\/index.php\/wp-json\/wp\/v2\/product"}],"about":[{"href":"https:\/\/soydeaqui.ddns.net\/pachuca\/index.php\/wp-json\/wp\/v2\/types\/product"}],"replies":[{"embeddable":true,"href":"https:\/\/soydeaqui.ddns.net\/pachuca\/index.php\/wp-json\/wp\/v2\/comments?post=39516"}],"wp:featuredmedia":[{"embeddable":true,"href":"https:\/\/soydeaqui.ddns.net\/pachuca\/index.php\/wp-json\/wp\/v2\/media\/39515"}],"wp:attachment":[{"href":"https:\/\/soydeaqui.ddns.net\/pachuca\/index.php\/wp-json\/wp\/v2\/media?parent=39516"}],"wp:term":[{"taxonomy":"product_brand","embeddable":true,"href":"https:\/\/soydeaqui.ddns.net\/pachuca\/index.php\/wp-json\/wp\/v2\/product_brand?post=39516"},{"taxonomy":"product_cat","embeddable":true,"href":"https:\/\/soydeaqui.ddns.net\/pachuca\/index.php\/wp-json\/wp\/v2\/product_cat?post=39516"},{"taxonomy":"product_tag","embeddable":true,"href":"https:\/\/soydeaqui.ddns.net\/pachuca\/index.php\/wp-json\/wp\/v2\/product_tag?post=39516"}],"curies":[{"name":"wp","href":"https:\/\/api.w.org\/{rel}","templated":true}]}}