{"id":39505,"date":"2026-03-18T17:23:31","date_gmt":"2026-03-18T17:23:31","guid":{"rendered":"https:\/\/soydeaqui.ddns.net\/pachuca\/index.php\/producto\/boiler-solar-de-240l-baja-presion-con-24-tubos-de-vacio-de-mayor-resistencia-y-termotanque-inoxidable-de-grado-alimenticio-240-l-resistentes-a-granizo-de-hasta-25-mm-l-incluye-anodo-de-magnesio\/"},"modified":"2026-03-18T17:23:31","modified_gmt":"2026-03-18T17:23:31","slug":"boiler-solar-de-240l-baja-presion-con-24-tubos-de-vacio-de-mayor-resistencia-y-termotanque-inoxidable-de-grado-alimenticio-240-l-resistentes-a-granizo-de-hasta-25-mm-l-incluye-anodo-de-magnesio","status":"publish","type":"product","link":"https:\/\/soydeaqui.ddns.net\/pachuca\/index.php\/producto\/boiler-solar-de-240l-baja-presion-con-24-tubos-de-vacio-de-mayor-resistencia-y-termotanque-inoxidable-de-grado-alimenticio-240-l-resistentes-a-granizo-de-hasta-25-mm-l-incluye-anodo-de-magnesio\/","title":{"rendered":"B\u00f3iler Solar de 240L, Baja Presi\u00f3n con 24 Tubos de Vac\u00edo de Mayor Resistencia y Termotanque Inoxidable de Grado Alimenticio 240 L Resistentes a Granizo de Hasta 25 mm\/ l, Incluye Anodo de Magnesio"},"content":{"rendered":"<div style='width: 100%; max-width: 1200px; margin: 0 auto; font-family: sans-serif; line-height: 1.6; color: inherit; background-color: transparent;'> <!-- Imagen principal --> <\/p>\n<div style='width: 100%; margin-bottom: 30px;'> <img style='width: 100%; height: auto; border: 1px solid rgba(150&comma;150&comma;150&comma;0.3); border-radius: 8px;' src='https:\/\/ftp3.syscom.mx\/usuarios\/ftp\/single_page\/boiler\/BOILER_1.jpg' alt='B\u00f3iler Solar EPCOM'> <\/div>\n<p> <!-- Descripci\u00f3n principal --> <\/p>\n<div style='margin-bottom: 30px; font-size: 16px; color: inherit;'>\n<p style='margin: 0 0 20px; text-align: justify; padding: 0 10px;'> Los calentadores de agua de baja presi\u00f3n solares son la mejor soluci\u00f3n para el ahorro de combustibles diarios como el gas LP&comma; Gas Natural&comma; que generan grandes cantidades de contaminantes y el costo es muy elevado. Su campo de aplicaci\u00f3n va desde casas habitaci\u00f3n&comma; comercios&comma; restaurantes&comma; gimnasios&comma; parques recreativos&comma; hoteles&comma; industrias y toda instalaci\u00f3n que requiere del servicio de agua caliente. <\/p>\n<\/p><\/div>\n<p> <!-- Contenido y caracter\u00edsticas --> <\/p>\n<div style='display: flex; flex-wrap: wrap; gap: 30px; margin-bottom: 30px;'>\n<div style='flex: 1 1 300px; min-width: 280px;'>\n<h3 style='font-size: 22px; border-bottom: 2px solid currentColor; padding-bottom: 5px; margin-top: 0; color: inherit; opacity: 0.8;'>Contenido del Producto<\/h3>\n<ul style='padding-left: 20px; font-size: 15px; color: inherit; list-style-type: disc;'>\n<li style='margin-bottom: 5px;'>Cuenta con un termo tanque de 240 L<\/li>\n<li style='margin-bottom: 5px;'>Tubos de vac\u00edo<\/li>\n<li style='margin-bottom: 5px;'>Estructura de acero inoxidable<\/li>\n<li style='margin-bottom: 5px;'>Torniller\u00eda suficiente para su instalaci\u00f3n<\/li>\n<li style='margin-bottom: 5px;'>\u00c1nodo de magnesio<\/li>\n<li style='margin-bottom: 5px;'>Empaques<\/li>\n<\/ul><\/div>\n<div style='flex: 1 1 300px; min-width: 280px;'> <img style='width: 100%; height: auto; border: 1px solid rgba(150&comma;150&comma;150&comma;0.3); border-radius: 8px;' src='https:\/\/ftp3.syscom.mx\/usuarios\/ftp\/single_page\/boiler\/BOILER_2.jpg' alt='Instalaci\u00f3n B\u00f3iler Solar'> <\/div>\n<\/p><\/div>\n<p> <!-- Separador --> <\/p>\n<hr style='border: 0; border-top: 1px solid rgba(150&comma; 150&comma; 150&comma; 0.3); margin: 30px 0;'> <!-- Informaci\u00f3n t\u00e9cnica --> <\/p>\n<div style='margin-bottom: 30px; font-size: 16px; color: inherit;'>\n<p style='margin: 0 0 20px; text-align: justify; padding: 0 10px;'> En estos diagramas la presi\u00f3n de agua del inmueble ser\u00e1 la presi\u00f3n obtenida por energ\u00eda cin\u00e9tica del tanque de almacenamiento&comma; en todas las instalaciones el tanque de almacenamiento de agua debe quedar en un nivel superior del boiler solar&comma; se recomienda un desnivel de 1.2 metros como m\u00ednimo. (No incluye ning\u00fan accesorio de instalaci\u00f3n \u00fanicamente todas las partes del tanque&comma; tubos de vidrio&comma; y estructura met\u00e1lica del calentador). <\/p>\n<\/p><\/div>\n<p> <!-- Diagramas de instalaci\u00f3n --> <\/p>\n<div style='display: flex; flex-wrap: wrap; gap: 30px; margin-bottom: 30px;'>\n<div style='flex: 1 1 300px; min-width: 280px;'>\n<h3 style='font-size: 20px; border-bottom: 2px solid currentColor; padding-bottom: 5px; margin-top: 0; color: inherit; opacity: 0.8; text-align: center;'>Diagrama de Instalaci\u00f3n de un Sistema de Baja Presi\u00f3n sin Respaldo de Agua Caliente<\/h3>\n<p> <img style='width: 100%; height: auto; border: 1px solid rgba(150&comma;150&comma;150&comma;0.3); border-radius: 8px; margin-top: 15px;' src='https:\/\/ftp3.syscom.mx\/usuarios\/ftp\/single_page\/boiler\/BOILER_3.jpg' alt='Diagrama Baja Presi\u00f3n sin Respaldo'> <\/div>\n<div style='flex: 1 1 300px; min-width: 280px;'>\n<h3 style='font-size: 20px; border-bottom: 2px solid currentColor; padding-bottom: 5px; margin-top: 0; color: inherit; opacity: 0.8; text-align: center;'>Diagrama de Instalaci\u00f3n de un Sistema de Baja Presi\u00f3n con Respaldo de Agua Caliente<\/h3>\n<p> <img style='width: 100%; height: auto; border: 1px solid rgba(150&comma;150&comma;150&comma;0.3); border-radius: 8px; margin-top: 15px;' src='https:\/\/ftp3.syscom.mx\/usuarios\/ftp\/single_page\/boiler\/BOILER_4.jpg' alt='Diagrama Baja Presi\u00f3n con Respaldo'> <\/div>\n<div style='flex: 1 1 300px; min-width: 280px;'>\n<h3 style='font-size: 20px; border-bottom: 2px solid currentColor; padding-bottom: 5px; margin-top: 0; color: inherit; opacity: 0.8; text-align: center;'>Diagrama de Instalaci\u00f3n de un Sistema Con Bomba Presurizadora y Respaldo de Agua Caliente<\/h3>\n<p> <img style='width: 100%; height: auto; border: 1px solid rgba(150&comma;150&comma;150&comma;0.3); border-radius: 8px; margin-top: 15px;' src='https:\/\/ftp3.syscom.mx\/usuarios\/ftp\/single_page\/boiler\/BOILER_5.jpg' alt='Diagrama con Bomba Presurizadora'> <\/div>\n<\/p><\/div>\n<p> <!-- Conexiones del tanque --> <\/p>\n<div style='display: flex; flex-wrap: wrap; gap: 30px; margin-bottom: 30px;'>\n<div style='flex: 1 1 300px; min-width: 280px;'>\n<h3 style='font-size: 20px; border-bottom: 2px solid currentColor; padding-bottom: 5px; margin-top: 0; color: inherit; opacity: 0.8;'>Conexiones del Tanque<\/h3>\n<ol style='padding-left: 20px; font-size: 15px; color: inherit; list-style-type: decimal;'>\n<li style='margin-bottom: 5px;'>Entrada de agua fr\u00eda. 3\/4 Macho x35 mm de acero inoxidable (SUS304)<\/li>\n<li style='margin-bottom: 5px;'>Ventilaci\u00f3n de agua. 1\/2 Hembra x25mm de acero inoxidable (SUS304)<\/li>\n<li style='margin-bottom: 5px;'>Salida de agua caliente. 3\/4 macho x35mm de acero inoxidable (SUS304)<\/li>\n<li style='margin-bottom: 5px;'>Salida de mantenimiento. 3\/4 Hembra de acero inoxidable (SUS304)<\/li>\n<li style='margin-bottom: 5px;'>Tap\u00f3n de cobre para drenaje de agua y mantenimiento del equipo. 3\/4 Macho<\/li>\n<\/ol><\/div>\n<div style='flex: 1 1 300px; min-width: 280px;'> <img style='width: 100%; height: auto; border: 1px solid rgba(150&comma;150&comma;150&comma;0.3); border-radius: 8px;' src='https:\/\/ftp3.syscom.mx\/usuarios\/ftp\/single_page\/boiler\/BOILER_6.jpg' alt='Conexiones del Tanque'> <\/div>\n<\/p><\/div>\n<p> <!-- Consideraciones y precauciones --> <\/p>\n<div style='margin-bottom: 30px;'>\n<h3 style='font-size: 20px; border-bottom: 2px solid currentColor; padding-bottom: 5px; margin-top: 0; color: inherit; opacity: 0.8; margin-bottom: 20px;'>Consideraciones y Precauciones<\/h3>\n<ul style='padding-left: 20px; font-size: 15px; color: inherit; list-style-type: disc;'>\n<li style='margin-bottom: 5px;'>NO INSTALAR SIN TINACO EN EL DOMICILIO&comma; YA QUE SE PUEDE CAUSAR DA\u00d1OS EN EL TERMOTANQUE GENERANDO FUGAS DE AGUA.<\/li>\n<li style='margin-bottom: 5px;'>Las im\u00e1genes pueden variar ligeramente al producto en f\u00edsico.<\/li>\n<li style='margin-bottom: 5px;'>Manejarse con cuidado&comma; evite quitar cualquier protecci\u00f3n durante el transporte y al manipularse.<\/li>\n<li style='margin-bottom: 5px;'>Tener especial cuidado del manejo de los tubos de vidrio&comma; son sumamente delicados&comma; no aventar&comma; estribar&comma; golpear.<\/li>\n<li style='margin-bottom: 5px;'>Traslado o manipulaci\u00f3n de los componentes del boiler entre dos personas.<\/li>\n<li style='margin-bottom: 5px;'>Se recomienda limpiar regularmente las entradas y salidas de agua del boiler as\u00ed como su entrada de respiraci\u00f3n para evitar da\u00f1os por corrosi\u00f3n. (remover el sarro que se acumula en las entradas) (cada 3 meses).<\/li>\n<li style='margin-bottom: 5px;'>En lugares donde el agua sea muy salitrosa se recomienda el mantenimiento y cambio de la barra de magnesio del equipo cada 3 meses. Es necesario drenar todos los residuos que se puedan encontrar en el termotanque o tubos evacuados&comma; es posible utilizar l\u00edquido desincrustante o una mezcla de 50% agua y 50% vinagre y enjuagar con abundante agua.<\/li>\n<li style='margin-bottom: 5px;'>Anclar las patas del boiler antes de llenar con agua.<\/li>\n<\/ul><\/div>\n<p> <!-- Separador --> <\/p>\n<hr style='border: 0; border-top: 1px solid rgba(150&comma; 150&comma; 150&comma; 0.3); margin: 30px 0;'> <!-- Videos de instalaci\u00f3n --> <\/p>\n<div style='margin-bottom: 30px;'>\n<h3 style='font-size: 20px; border-bottom: 2px solid currentColor; padding-bottom: 5px; margin-top: 0; color: inherit; opacity: 0.8; margin-bottom: 20px; text-align: center;'>Videos de Instalaci\u00f3n<\/h3>\n<div style='display: flex; flex-wrap: wrap; gap: 30px; justify-content: center; margin-bottom: 30px;'>\n<div style='flex: 1 1 300px; min-width: 280px;'>\n<div style='position: relative; padding-bottom: 56.25%; height: 0; overflow: hidden;'>   <\/div>\n<p style='text-align: center; margin-top: 10px; font-size: 15px; color: inherit;'>Como armar boiler Solar<\/p>\n<\/p><\/div>\n<div style='flex: 1 1 300px; min-width: 280px;'>\n<div style='position: relative; padding-bottom: 56.25%; height: 0; overflow: hidden;'>   <\/div>\n<p style='text-align: center; margin-top: 10px; font-size: 15px; color: inherit;'>Unboxing de boiler solar<\/p>\n<\/p><\/div>\n<\/p><\/div>\n<div style='display: flex; flex-wrap: wrap; gap: 30px; justify-content: center; margin-bottom: 30px;'>\n<div style='flex: 1 1 300px; min-width: 280px;'>\n<div style='position: relative; padding-bottom: 56.25%; height: 0; overflow: hidden;'>   <\/div>\n<p style='text-align: center; margin-top: 10px; font-size: 15px; color: inherit;'>Vista a\u00e9rea boiler solar EPCOM<\/p>\n<\/p><\/div>\n<div style='flex: 1 1 300px; min-width: 280px;'>\n<div style='position: relative; padding-bottom: 56.25%; height: 0; overflow: hidden;'>   <\/div>\n<p style='text-align: center; margin-top: 10px; font-size: 15px; color: inherit;'>Vista panor\u00e1mica del Boiler Solar EPCOM<\/p>\n<\/p><\/div>\n<\/p><\/div>\n<\/p><\/div>\n<p> <!-- Separador final --> <\/p>\n<hr style='border: 0; border-top: 1px solid rgba(150&comma; 150&comma; 150&comma; 0.3); margin: 30px 0;'> <\/div>\n","protected":false},"excerpt":{"rendered":"<p>B\u00f3iler Solar de 240L, Baja Presi\u00f3n con 24 Tubos de Vac\u00edo de Mayor Resistencia y Termotanque Inoxidable de Grado Alimenticio 240 L Resistentes a Granizo de Hasta 25 mm\/ l, Incluye Anodo de Magnesio<\/p>\n","protected":false},"featured_media":39504,"comment_status":"open","ping_status":"closed","template":"","meta":[],"product_brand":[],"product_cat":[1155],"product_tag":[1156,1144,935],"class_list":{"0":"post-39505","1":"product","2":"type-product","3":"status-publish","4":"has-post-thumbnail","6":"product_cat-boilers-refrigeradores-congeladores","7":"product_tag-boilers-refrigeradores-congeladores","8":"product_tag-climatizacion-refrigeracion","9":"product_tag-epcom","11":"first","12":"instock","13":"sale","14":"shipping-taxable","15":"purchasable","16":"product-type-simple"},"_links":{"self":[{"href":"https:\/\/soydeaqui.ddns.net\/pachuca\/index.php\/wp-json\/wp\/v2\/product\/39505","targetHints":{"allow":["GET"]}}],"collection":[{"href":"https:\/\/soydeaqui.ddns.net\/pachuca\/index.php\/wp-json\/wp\/v2\/product"}],"about":[{"href":"https:\/\/soydeaqui.ddns.net\/pachuca\/index.php\/wp-json\/wp\/v2\/types\/product"}],"replies":[{"embeddable":true,"href":"https:\/\/soydeaqui.ddns.net\/pachuca\/index.php\/wp-json\/wp\/v2\/comments?post=39505"}],"wp:featuredmedia":[{"embeddable":true,"href":"https:\/\/soydeaqui.ddns.net\/pachuca\/index.php\/wp-json\/wp\/v2\/media\/39504"}],"wp:attachment":[{"href":"https:\/\/soydeaqui.ddns.net\/pachuca\/index.php\/wp-json\/wp\/v2\/media?parent=39505"}],"wp:term":[{"taxonomy":"product_brand","embeddable":true,"href":"https:\/\/soydeaqui.ddns.net\/pachuca\/index.php\/wp-json\/wp\/v2\/product_brand?post=39505"},{"taxonomy":"product_cat","embeddable":true,"href":"https:\/\/soydeaqui.ddns.net\/pachuca\/index.php\/wp-json\/wp\/v2\/product_cat?post=39505"},{"taxonomy":"product_tag","embeddable":true,"href":"https:\/\/soydeaqui.ddns.net\/pachuca\/index.php\/wp-json\/wp\/v2\/product_tag?post=39505"}],"curies":[{"name":"wp","href":"https:\/\/api.w.org\/{rel}","templated":true}]}}