{"id":39501,"date":"2026-03-18T17:23:27","date_gmt":"2026-03-18T17:23:27","guid":{"rendered":"https:\/\/soydeaqui.ddns.net\/pachuca\/index.php\/producto\/inversor-solar-interactivo-hibrido-8-kw-220-vcc-fase-dividida-wifi-incluido-soporta-tecnologia-de-bateria-litio-acido-plomo-baterias-a-48-vcc-eficiencia-97-6\/"},"modified":"2026-03-18T17:23:27","modified_gmt":"2026-03-18T17:23:27","slug":"inversor-solar-interactivo-hibrido-8-kw-220-vcc-fase-dividida-wifi-incluido-soporta-tecnologia-de-bateria-litio-acido-plomo-baterias-a-48-vcc-eficiencia-97-6","status":"publish","type":"product","link":"https:\/\/soydeaqui.ddns.net\/pachuca\/index.php\/producto\/inversor-solar-interactivo-hibrido-8-kw-220-vcc-fase-dividida-wifi-incluido-soporta-tecnologia-de-bateria-litio-acido-plomo-baterias-a-48-vcc-eficiencia-97-6\/","title":{"rendered":"Inversor  Solar Interactivo Hibrido\/ 8 Kw\/ 220 Vcc \/ Fase Dividida \/  WIFI Incluido \/ Soporta Tecnolog\u00eda de Bater\u00eda Litio &#038; \u00c1cido-Plomo \/ Baterias a 48 Vcc  \/  \/ Eficiencia 97.6%"},"content":{"rendered":"<div style=\"width: 100%; max-width: 1200px; margin: 0 auto; font-family: sans-serif; line-height: 1.6; color: inherit; background-color: transparent;\">\n<div style=\"text-align: center; margin-bottom: 30px;\">\n<h1 style=\"font-size: 46px; font-weight: 500; color: inherit; margin: 0; font-family: Neuropol&comma; sans-serif;\">Sol-Ark 8K2<span style=\"color: #f39200;\">P<\/span><\/h1>\n<p> <img decoding=\"async\" style=\"width: 100%; max-width: 400px; height: auto; border: 1px solid rgba(150&comma;150&comma;150&comma;0.3); border-radius: 8px; margin: 20px 0;\" src=\"https:\/\/www.sol-ark.com\/wp-content\/uploads\/2024\/06\/8K-new-1024x1024.webp\" alt=\"Sol-Ark 8K2P\" \/> <\/p>\n<p style=\"font-size: 22px; font-family: Poppins&comma; sans-serif; color: inherit; margin: 0; padding: 15px; background-color: rgba(236&comma;240&comma;241&comma;0.5); border-radius: 8px;\">Una soluci&oacute;n de energ&iacute;a de respaldo capaz de ponerse en funcionamiento de manera instant&aacute;nea &iexcl;Solo 4ms de transferencia!<\/p>\n<\/p><\/div>\n<p> <!-- Especificaciones --> <\/p>\n<div style=\"margin-bottom: 40px;\">\n<h2 style=\"font-size: 24px; color: inherit; border-bottom: 2px solid currentColor; padding-bottom: 8px; margin-bottom: 20px;\">Especificaciones<\/h2>\n<div style=\"display: flex; flex-wrap: wrap; gap: 20px;\"><!-- Columna 1 --> <\/p>\n<div style=\"flex: 1 1 300px; min-width: 280px;\">\n<div style=\"border: 1px solid rgba(150&comma;150&comma;150&comma;0.4); border-radius: 8px; overflow: hidden;\">\n<div style=\"padding: 15px; font-weight: bold; background-color: rgba(255&comma; 165&comma; 0&comma; 0.1); color: inherit;\">Datos de Entrada (FV): 10&comma;400W<\/div>\n<ul style=\"list-style: none; padding: 15px; margin: 0; color: inherit;\">\n<li style=\"margin-bottom: 8px; font-size: 14px;\"><strong>Rango de Voltaje de Operaci&oacute;n de MPPT:<\/strong> 100 &#8211; 500 Vcc<\/li>\n<li style=\"margin-bottom: 8px; font-size: 14px;\"><strong>Rango de Voltaje de MPPT:<\/strong> 125 &#8211; 500V<\/li>\n<li style=\"margin-bottom: 8px; font-size: 14px;\"><strong>Voltaje de Arranque:<\/strong> 125V<\/li>\n<li style=\"margin-bottom: 8px; font-size: 14px;\"><strong>M&aacute;x. Voltaje de Entrada 1:<\/strong> 500V<\/li>\n<li style=\"margin-bottom: 8px; font-size: 14px;\"><strong>M&aacute;x. Corriente de Entrada por MPPT:<\/strong> 18A<\/li>\n<li style=\"margin-bottom: 8px; font-size: 14px;\"><strong>M&aacute;x. Corriente de Corto Circuito por MPPT:<\/strong> A<\/li>\n<li style=\"margin-bottom: 8px; font-size: 14px;\"><strong>No. de MPPTs:<\/strong> 2<\/li>\n<li style=\"margin-bottom: 8px; font-size: 14px;\"><strong>No. de Cadenas Solares por MPPT:<\/strong> 2<\/li>\n<\/ul><\/div>\n<\/p><\/div>\n<p> <!-- Columna 2 --> <\/p>\n<div style=\"flex: 1 1 300px; min-width: 280px;\">\n<div style=\"border: 1px solid rgba(150&comma;150&comma;150&comma;0.4); border-radius: 8px; overflow: hidden;\">\n<div style=\"padding: 15px; font-weight: bold; background-color: rgba(255&comma; 165&comma; 0&comma; 0.1); color: inherit;\">Datos de Salida (CA)<\/div>\n<ul style=\"list-style: none; padding: 15px; margin: 0; color: inherit;\">\n<li style=\"margin-bottom: 8px; font-size: 14px;\"><strong>Voltaje Nominal CA:<\/strong> 8000W<\/li>\n<li style=\"margin-bottom: 8px; font-size: 14px;\"><strong>M&aacute;x. Corriente de Salida 3:<\/strong> 33.4A<\/li>\n<li style=\"margin-bottom: 8px; font-size: 14px;\"><strong>Potencia Aparente&comma; pico (5s&comma; off-grid):<\/strong> 1200VA<\/li>\n<li style=\"margin-bottom: 8px; font-size: 14px;\"><strong>Voltajes de Salida CA Opcionales (monof&aacute;sico):<\/strong> 208V &#8211; 240V<\/li>\n<li style=\"margin-bottom: 8px; font-size: 14px;\"><strong>Frecuencia de la Red:<\/strong> 50 \/ 60Hz<\/li>\n<li style=\"margin-bottom: 8px; font-size: 14px;\"><strong>M&aacute;x. Corriente de Paso de la Red:<\/strong> 63A<\/li>\n<li style=\"margin-bottom: 8px; font-size: 14px;\"><strong>Rango de Factor de Potencia:<\/strong> +\/- 0.9 ajustable<\/li>\n<li style=\"margin-bottom: 8px; font-size: 14px;\"><strong>Tiempo de Transferencia de Respaldo:<\/strong> 4ms<\/li>\n<li style=\"margin-bottom: 8px; font-size: 14px;\"><strong>M&aacute;x. Eficiencia:<\/strong> 97.6%<\/li>\n<li style=\"margin-bottom: 8px; font-size: 14px;\"><strong>Modos de Venta de Energ&iacute;a:<\/strong> Limitado al Hogar \/ Conectado a la Red<\/li>\n<li style=\"margin-bottom: 8px; font-size: 14px;\"><strong>Dise&ntilde;o (CD a CA):<\/strong> Sin transformador CD<\/li>\n<li style=\"margin-bottom: 8px; font-size: 14px;\"><strong>Apilable en Paralelo:<\/strong> Hasta 9 en paralelo<\/li>\n<\/ul><\/div>\n<\/p><\/div>\n<p> <!-- Columna 3 --> <\/p>\n<div style=\"flex: 1 1 300px; min-width: 280px;\">\n<div style=\"border: 1px solid rgba(150&comma;150&comma;150&comma;0.4); border-radius: 8px; overflow: hidden;\">\n<div style=\"padding: 15px; font-weight: bold; background-color: rgba(255&comma; 165&comma; 0&comma; 0.1); color: inherit;\">Datos de Entrada de Bater&iacute;a (CD)<\/div>\n<ul style=\"list-style: none; padding: 15px; margin: 0; color: inherit;\">\n<li style=\"margin-bottom: 8px; font-size: 14px;\"><strong>Tecnolog&iacute;as de Bater&iacute;a:<\/strong> Litio \/ &Aacute;cido-Plomo<\/li>\n<li style=\"margin-bottom: 8px; font-size: 14px;\"><strong>Voltaje Nominal CD:<\/strong> 48V<\/li>\n<li style=\"margin-bottom: 8px; font-size: 14px;\"><strong>Rango de Operaci&oacute;n de Voltaje:<\/strong> 40 &#8211; 60V<\/li>\n<li style=\"margin-bottom: 8px; font-size: 14px;\"><strong>Capacidad:<\/strong> 50 &mdash; 9900Ah<\/li>\n<li style=\"margin-bottom: 8px; font-size: 14px;\"><strong>M&aacute;x. Corriente de Carga \/ Descarga:<\/strong> 190A<\/li>\n<li style=\"margin-bottom: 8px; font-size: 14px;\"><strong>Controlador de Carga:<\/strong> 3-Etapas con Equalization<\/li>\n<li style=\"margin-bottom: 8px; font-size: 14px;\"><strong>Eficiencia de Carga de Red a Bater&iacute;a:<\/strong> 96.0%<\/li>\n<li style=\"margin-bottom: 8px; font-size: 14px;\"><strong>Sensor de Temperatura de Bater&iacute;a:<\/strong> Incluido<\/li>\n<li style=\"margin-bottom: 8px; font-size: 14px;\"><strong>Arranque de Generador Autom&aacute;tico:<\/strong> Arranque de dos hilos &#8211; Integrado<\/li>\n<li style=\"margin-bottom: 8px; font-size: 14px;\"><strong>Comunicaci&oacute;n BMS:<\/strong> CANBus &amp; RS485 MODBUS<\/li>\n<\/ul><\/div>\n<\/p><\/div>\n<p> <!-- Columna 4 --> <\/p>\n<div style=\"flex: 1 1 300px; min-width: 280px;\">\n<div style=\"border: 1px solid rgba(150&comma;150&comma;150&comma;0.4); border-radius: 8px; overflow: hidden;\">\n<div style=\"padding: 15px; font-weight: bold; background-color: rgba(255&comma; 165&comma; 0&comma; 0.1); color: inherit;\">Datos Generales<\/div>\n<ul style=\"list-style: none; padding: 15px; margin: 0; color: inherit;\">\n<li style=\"margin-bottom: 8px; font-size: 14px;\"><strong>Peso:<\/strong> 32 kg \/ 70.5 lb.<\/li>\n<li style=\"margin-bottom: 8px; font-size: 14px;\"><strong>Recinto (Carcasa):<\/strong> IP65 \/ NEMA 3R<\/li>\n<li style=\"margin-bottom: 8px; font-size: 14px;\"><strong>Temperatura Ambiente:<\/strong> -25~55&deg;C&comma; &gt; 45&deg;C reducci&oacute;n de potencia<\/li>\n<li style=\"margin-bottom: 8px; font-size: 14px;\"><strong>Ruido \/ Sonido:<\/strong> &lt; 30 dB @ 25&deg;C (77&deg;F)<\/li>\n<li style=\"margin-bottom: 8px; font-size: 14px;\"><strong>Consumo Inactivo &ndash; Sin Carga:<\/strong> 60W<\/li>\n<li style=\"margin-bottom: 8px; font-size: 14px;\"><strong>Comunicaci&oacute;n y Monitoreo:<\/strong> Hardware Wi-Fi &amp; LAN incluido<\/li>\n<li style=\"margin-bottom: 8px; font-size: 14px;\"><strong>Garant&iacute;a Est&aacute;ndar:<\/strong> 5 a&ntilde;os<\/li>\n<\/ul><\/div>\n<\/p><\/div>\n<p> <!-- Columna 5 --> <\/p>\n<div style=\"flex: 1 1 300px; min-width: 280px;\">\n<div style=\"border: 1px solid rgba(150&comma;150&comma;150&comma;0.4); border-radius: 8px; overflow: hidden;\">\n<div style=\"padding: 15px; font-weight: bold; background-color: rgba(255&comma; 165&comma; 0&comma; 0.1); color: inherit;\">Protecciones y Certificaciones<\/div>\n<ul style=\"list-style: none; padding: 15px; margin: 0; color: inherit;\">\n<li style=\"margin-bottom: 8px; font-size: 14px;\"><strong>Certificaciones y Listados:<\/strong> UL1741-2010\/2018&comma; IEEE1547a-2003\/2014<\/li>\n<li style=\"margin-bottom: 8px; font-size: 14px;\">Detecci&oacute;n de Arco El&eacute;ctrico (FV) &mdash; NEC 690.11<\/li>\n<li style=\"margin-bottom: 8px; font-size: 14px;\">Protecci&oacute;n contra rayos en la entrada FV<\/li>\n<li style=\"margin-bottom: 8px; font-size: 14px;\">Protecci&oacute;n Contra el Aislamiento<\/li>\n<li style=\"margin-bottom: 8px; font-size: 14px;\">Protecci&oacute;n Contra Polaridad Inversa de FV Integrado<\/li>\n<li style=\"margin-bottom: 8px; font-size: 14px;\">Detecci&oacute;n de la Resistencia de Aislamiento<\/li>\n<li style=\"margin-bottom: 8px; font-size: 14px;\">Unidad de Control de la Corriente Residual<\/li>\n<li style=\"margin-bottom: 8px; font-size: 14px;\">Protecci&oacute;n Contra Sobrecorriente de Salida<\/li>\n<li style=\"margin-bottom: 8px; font-size: 14px;\">Protecci&oacute;n de la Salida en Cortocircuito<\/li>\n<li style=\"margin-bottom: 8px; font-size: 14px;\">Protecci&oacute;n Contra Sobrecarga: CD Tipo II \/ CA Tipo II<\/li>\n<\/ul><\/div>\n<\/p><\/div>\n<p> <!-- Columna 6 --> <\/p>\n<div style=\"flex: 1 1 300px; min-width: 280px;\">\n<div style=\"border: 1px solid rgba(150&comma;150&comma;150&comma;0.4); border-radius: 8px; overflow: hidden;\">\n<div style=\"padding: 15px; font-weight: bold; background-color: rgba(255&comma; 165&comma; 0&comma; 0.1); color: inherit;\">Bater&iacute;as De Litio Compatibles<\/div>\n<ul style=\"list-style: none; padding: 15px; margin: 0; color: inherit;\">\n<li style=\"margin-bottom: 8px; font-size: 14px;\"><a style=\"color: inherit; text-decoration: none; font-weight: 600;\" href=\"https:\/\/www.syscom.mx\/principal\/searchcont?route=V5BATTERY-PYTES-230485&amp;autodetect=pytes\">V5BATTERY<\/a><\/li>\n<li style=\"margin-bottom: 8px; font-size: 14px;\"><a style=\"color: inherit; text-decoration: none; font-weight: 600;\" href=\"https:\/\/www.syscom.mx\/principal\/searchcont?route=EBOX48100R-PYTES-230476&amp;autodetect=pytes\">EBOX48100R<\/a><\/li>\n<li style=\"margin-bottom: 8px; font-size: 14px;\"><a style=\"color: inherit; text-decoration: none; font-weight: 600;\" href=\"https:\/\/www.syscom.mx\/principal\/searchcont?route=RES20010K-EPCOM-POWER-LINE-BY-RITAR-219713&amp;autodetect=res200\">RES20010K<\/a><\/li>\n<li style=\"margin-bottom: 8px; font-size: 14px;\"><a style=\"color: inherit; text-decoration: none; font-weight: 600;\" href=\"https:\/\/www.syscom.mx\/principal\/searchcont?route=RES1005K-EPCOM-POWER-LINE-BY-RITAR-230632&amp;autodetect=res200\">RES1005K<\/a><\/li>\n<li style=\"margin-bottom: 8px; font-size: 14px;\"><a style=\"color: inherit; text-decoration: none; font-weight: 600;\" href=\"https:\/\/www.syscom.mx\/principal\/searchcont?route=RLB10048MAX-EPCOM-POWER-LINE-BY-RITAR-226381&amp;autodetect=rlb10048mac\">RLB10048MAX<\/a><\/li>\n<\/ul><\/div>\n<\/p><\/div>\n<\/p><\/div>\n<\/p><\/div>\n<hr style=\"border: 0; border-top: 1px solid rgba(150&comma;150&comma;150&comma;0.3); margin: 40px 0;\" \/><!-- Funciones Avanzadas --> <\/p>\n<div style=\"margin-bottom: 40px;\">\n<h2 style=\"font-size: 24px; color: inherit; border-bottom: 2px solid currentColor; padding-bottom: 8px; margin-bottom: 20px;\">Las Funciones mas Avanzadas disponibles<\/h2>\n<div style=\"display: flex; flex-wrap: wrap; gap: 20px;\"><!-- Card 1 --> <\/p>\n<div style=\"flex: 1 1 400px; min-width: 300px; border: 1px solid rgba(150&comma;150&comma;150&comma;0.3); border-radius: 8px; overflow: hidden; box-shadow: 0 2px 20px 2px rgba(0&comma;0&comma;0&comma;0.1);\"><img decoding=\"async\" style=\"width: 100%; height: auto; border: none; display: block;\" src=\"https:\/\/es-la.sol-ark.com\/wp-content\/uploads\/2022\/11\/solark-instalation.jpeg\" alt=\"Instalaci&oacute;n Sencilla\" \/> <\/p>\n<div style=\"padding: 20px;\">\n<div style=\"display: flex; align-items: center; margin-bottom: 15px;\">\n<div style=\"width: 40px; height: 40px; border: 2px solid #f39200; border-radius: 50%; color: #f39200; display: flex; align-items: center; justify-content: center; font-size: 20px; margin-right: 15px;\">1<\/div>\n<h3 style=\"margin: 0; font-size: 20px; color: inherit;\">Instalaci&oacute;n Sencilla<\/h3>\n<\/p><\/div>\n<p style=\"margin: 0; font-size: 14px; color: inherit;\">El Sol-Ark 8K-5P viene con todo lo necesario para instalarlo f&aacute;cilmente. Se puede expandir hasta 7 kWp en paneles solares y con hasta 9900 Ah en almacenamiento con bater&iacute;as por unidad.<\/p>\n<\/p><\/div>\n<\/p><\/div>\n<p> <!-- Card 2 --> <\/p>\n<div style=\"flex: 1 1 400px; min-width: 300px; border: 1px solid rgba(150&comma;150&comma;150&comma;0.3); border-radius: 8px; overflow: hidden; box-shadow: 0 2px 20px 2px rgba(0&comma;0&comma;0&comma;0.1);\"><img decoding=\"async\" style=\"width: 100%; height: auto; border: none; display: block;\" src=\"https:\/\/es-la.sol-ark.com\/wp-content\/uploads\/2022\/11\/touch-interfaz-solark.jpeg\" alt=\"Interfaz Programable\" \/> <\/p>\n<div style=\"padding: 20px;\">\n<div style=\"display: flex; align-items: center; margin-bottom: 15px;\">\n<div style=\"width: 40px; height: 40px; border: 2px solid #f39200; border-radius: 50%; color: #f39200; display: flex; align-items: center; justify-content: center; font-size: 20px; margin-right: 15px;\">2<\/div>\n<h3 style=\"margin: 0; font-size: 20px; color: inherit;\">Interfaz Programable<\/h3>\n<\/p><\/div>\n<p style=\"margin: 0; font-size: 14px; color: inherit;\">Personalice su sistema seg&uacute;n sus necesidades con la pantalla t&aacute;ctil programable.<\/p>\n<\/p><\/div>\n<\/p><\/div>\n<p> <!-- Card 3 --> <\/p>\n<div style=\"flex: 1 1 400px; min-width: 300px; border: 1px solid rgba(150&comma;150&comma;150&comma;0.3); border-radius: 8px; overflow: hidden; box-shadow: 0 2px 20px 2px rgba(0&comma;0&comma;0&comma;0.1);\"><img decoding=\"async\" style=\"width: 100%; height: auto; border: none; display: block;\" src=\"https:\/\/es-la.sol-ark.com\/wp-content\/uploads\/2022\/11\/power-view-solark.jpeg\" alt=\"Configuraci&oacute;n Remota\" \/> <\/p>\n<div style=\"padding: 20px;\">\n<div style=\"display: flex; align-items: center; margin-bottom: 15px;\">\n<div style=\"width: 40px; height: 40px; border: 2px solid #f39200; border-radius: 50%; color: #f39200; display: flex; align-items: center; justify-content: center; font-size: 20px; margin-right: 15px;\">3<\/div>\n<h3 style=\"margin: 0; font-size: 20px; color: inherit;\">Configuraci&oacute;n Remota<\/h3>\n<\/p><\/div>\n<p style=\"margin: 0; font-size: 14px; color: inherit;\">Con nuestra app m&oacute;vil Sol-Ark &#8216;PV Pro&#8217;&comma; el instalador y el propietario pueden monitorear y cambiar la configuraci&oacute;n de su inversor Sol-Ark 8K-2P desde cualquier sitio.<\/p>\n<\/p><\/div>\n<\/p><\/div>\n<p> <!-- Card 4 --> <\/p>\n<div style=\"flex: 1 1 400px; min-width: 300px; border: 1px solid rgba(150&comma;150&comma;150&comma;0.3); border-radius: 8px; overflow: hidden; box-shadow: 0 2px 20px 2px rgba(0&comma;0&comma;0&comma;0.1);\"><img decoding=\"async\" style=\"width: 100%; height: auto; border: none; display: block;\" src=\"https:\/\/es-la.sol-ark.com\/wp-content\/uploads\/2022\/11\/baterias-solark-1-1.jpeg\" alt=\"Bater&iacute;as\" \/> <\/p>\n<div style=\"padding: 20px;\">\n<div style=\"display: flex; align-items: center; margin-bottom: 15px;\">\n<div style=\"width: 40px; height: 40px; border: 2px solid #f39200; border-radius: 50%; color: #f39200; display: flex; align-items: center; justify-content: center; font-size: 20px; margin-right: 15px;\">4<\/div>\n<h3 style=\"margin: 0; font-size: 20px; color: inherit;\">Bater&iacute;as<\/h3>\n<\/p><\/div>\n<p style=\"margin: 0; font-size: 14px; color: inherit;\">Compatibilidad con m&uacute;ltiples tecnolog&iacute;as de bater&iacute;as para una soluci&oacute;n personalizada.<\/p>\n<\/p><\/div>\n<\/p><\/div>\n<\/p><\/div>\n<\/p><\/div>\n<\/p><\/div>\n","protected":false},"excerpt":{"rendered":"<p>Inversor  Solar Interactivo Hibrido\/ 8 Kw\/ 220 Vcc \/ Fase Dividida \/  WIFI Incluido \/ Soporta Tecnolog\u00eda de Bater\u00eda Litio &#038; \u00c1cido-Plomo \/ Baterias a 48 Vcc  \/  \/ Eficiencia 97.6%<\/p>\n","protected":false},"featured_media":39500,"comment_status":"open","ping_status":"closed","template":"","meta":[],"product_brand":[],"product_cat":[1092],"product_tag":[964,1093,1210],"class_list":{"0":"post-39501","1":"product","2":"type-product","3":"status-publish","4":"has-post-thumbnail","6":"product_cat-inversores-interconexion-on-grid","7":"product_tag-energia-solar","8":"product_tag-inversores-interconexion-on-grid","9":"product_tag-sol-ark","11":"first","12":"instock","13":"sale","14":"shipping-taxable","15":"purchasable","16":"product-type-simple"},"_links":{"self":[{"href":"https:\/\/soydeaqui.ddns.net\/pachuca\/index.php\/wp-json\/wp\/v2\/product\/39501","targetHints":{"allow":["GET"]}}],"collection":[{"href":"https:\/\/soydeaqui.ddns.net\/pachuca\/index.php\/wp-json\/wp\/v2\/product"}],"about":[{"href":"https:\/\/soydeaqui.ddns.net\/pachuca\/index.php\/wp-json\/wp\/v2\/types\/product"}],"replies":[{"embeddable":true,"href":"https:\/\/soydeaqui.ddns.net\/pachuca\/index.php\/wp-json\/wp\/v2\/comments?post=39501"}],"wp:featuredmedia":[{"embeddable":true,"href":"https:\/\/soydeaqui.ddns.net\/pachuca\/index.php\/wp-json\/wp\/v2\/media\/39500"}],"wp:attachment":[{"href":"https:\/\/soydeaqui.ddns.net\/pachuca\/index.php\/wp-json\/wp\/v2\/media?parent=39501"}],"wp:term":[{"taxonomy":"product_brand","embeddable":true,"href":"https:\/\/soydeaqui.ddns.net\/pachuca\/index.php\/wp-json\/wp\/v2\/product_brand?post=39501"},{"taxonomy":"product_cat","embeddable":true,"href":"https:\/\/soydeaqui.ddns.net\/pachuca\/index.php\/wp-json\/wp\/v2\/product_cat?post=39501"},{"taxonomy":"product_tag","embeddable":true,"href":"https:\/\/soydeaqui.ddns.net\/pachuca\/index.php\/wp-json\/wp\/v2\/product_tag?post=39501"}],"curies":[{"name":"wp","href":"https:\/\/api.w.org\/{rel}","templated":true}]}}