{"id":39492,"date":"2026-03-18T17:23:10","date_gmt":"2026-03-18T17:23:10","guid":{"rendered":"https:\/\/soydeaqui.ddns.net\/pachuca\/index.php\/producto\/modulo-solar-leapton-2279-x-1134-mm-580-w-48-22-vcc-monocristalino-132-cel-topcon\/"},"modified":"2026-03-18T17:23:11","modified_gmt":"2026-03-18T17:23:11","slug":"modulo-solar-leapton-2279-x-1134-mm-580-w-48-22-vcc-monocristalino-132-cel-topcon","status":"publish","type":"product","link":"https:\/\/soydeaqui.ddns.net\/pachuca\/index.php\/producto\/modulo-solar-leapton-2279-x-1134-mm-580-w-48-22-vcc-monocristalino-132-cel-topcon\/","title":{"rendered":"M\u00f3dulo Solar LEAPTON 2279 X 1134 mm, 580 W, 48.22 Vcc , Monocristalino, 132 cel. TOPCON"},"content":{"rendered":"<div style='width: 100%; max-width: 1200px; margin: 0 auto; font-family: sans-serif; line-height: 1.6; color: inherit; background-color: transparent;'>\n<div style='display: flex; flex-wrap: wrap; gap: 30px; margin-bottom: 30px;'>\n<div style='flex: 1 1 300px; min-width: 280px;'> <img style='width: 100%; height: auto; border: 1px solid rgba(150&comma;150&comma;150&comma;0.3); border-radius: 8px;' src='https:\/\/ftp3.syscom.mx\/usuarios\/mchaparro\/MODULO\/LEPATON%20JAPOON.jpeg' alt=''> <\/div>\n<\/p><\/div>\n<div style='display: flex; flex-wrap: wrap; gap: 30px; margin-bottom: 30px;'>\n<div style='flex: 1 1 300px; min-width: 280px;'>\n<h3 style='font-size: 22px; border-bottom: 2px solid currentColor; padding-bottom: 5px; margin-top: 0; color: inherit; opacity: 0.8;'>M\u00d3DULO SOLAR MONOCRISTALINO LEAPTON 580 Watts<\/h3>\n<ul style='padding-left: 20px; font-size: 15px; color: inherit;'>\n<li style='margin-bottom: 5px;'><strong>Modelo:<\/strong> LP182*199-M-66-NH580W<\/li>\n<li style='margin-bottom: 5px;'><strong>NOTA:<\/strong> Marco de 30 mm<\/li>\n<\/ul><\/div>\n<\/p><\/div>\n<div style='display: flex; flex-wrap: wrap; gap: 30px; margin-bottom: 30px;'>\n<div style='flex: 1 1 300px; min-width: 280px;'>\n<h3 style='font-size: 22px; border-bottom: 2px solid currentColor; padding-bottom: 5px; margin-top: 0; color: inherit; opacity: 0.8;'>Caracter\u00edsticas Clave<\/h3>\n<ul style='padding-left: 20px; font-size: 15px; color: inherit;'>\n<li style='margin-bottom: 5px;'>Menor corriente de resistencia interna<\/li>\n<li style='margin-bottom: 5px;'>Celda TIPO N<\/li>\n<li style='margin-bottom: 5px;'>Mejora de funciones en condiciones de poca luz<\/li>\n<li style='margin-bottom: 5px;'>Corrosi\u00f3n estricta por niebla salina y amon\u00edaco prueba por TUV Nord<\/li>\n<li style='margin-bottom: 5px;'>Mayor rendimiento en entornos con poca luz<\/li>\n<li style='margin-bottom: 5px;'>Menor probabilidad de atenuaci\u00f3n causada por PID el fen\u00f3meno se minimiza<\/li>\n<\/ul><\/div>\n<\/p><\/div>\n<div style='display: flex; flex-wrap: wrap; gap: 30px; margin-bottom: 30px;'>\n<div style='flex: 1 1 300px; min-width: 280px;'>\n<h3 style='font-size: 22px; border-bottom: 2px solid currentColor; padding-bottom: 5px; margin-top: 0; color: inherit; opacity: 0.8;'>Certificaciones<\/h3>\n<p style='font-size: 15px; color: inherit; margin-top: 0;'>El m\u00f3dulo solar LEAPTON es apto para cualquier proyecto y cuenta con las siguientes certificaciones:<\/p>\n<ul style='padding-left: 20px; font-size: 15px; color: inherit;'>\n<li style='margin-bottom: 5px;'>IEC 61215-2: 2016<\/li>\n<li style='margin-bottom: 5px;'>CE<\/li>\n<li style='margin-bottom: 5px;'>JPEC<\/li>\n<\/ul>\n<p style='font-size: 15px; color: inherit; margin-top: 0;'>El m\u00f3dulo solar se fabrica en Leapton que est\u00e1 certificada por ISO 9001 es por ello que cumple con buenos sistemas de gesti\u00f3n de calidad.<\/p>\n<p style='font-size: 15px; color: inherit; margin-top: 0;'>Actualmente \u00e9ste m\u00f3dulo solar es el favorito en el mercado EUROPEO<\/p>\n<\/p><\/div>\n<\/p><\/div>\n<div style='display: flex; flex-wrap: wrap; gap: 30px; margin-bottom: 30px;'>\n<div style='flex: 1 1 300px; min-width: 280px;'>\n<h3 style='font-size: 22px; border-bottom: 2px solid currentColor; padding-bottom: 5px; margin-top: 0; color: inherit; opacity: 0.8;'>Datos El\u00e9ctricos (STC*)<\/h3>\n<div style='display: flex; flex-direction: column; gap: 15px;'>\n<div style='display: flex; justify-content: space-between; padding: 10px; border-bottom: 1px solid rgba(150&comma;150&comma;150&comma;0.3);'> <span style='color: inherit;'>M\u00e1xima potencia de salida (Pmax)<\/span> <span style='color: inherit;'>580 W<\/span> <\/div>\n<div style='display: flex; justify-content: space-between; padding: 10px; border-bottom: 1px solid rgba(150&comma;150&comma;150&comma;0.3);'> <span style='color: inherit;'>Tolerancia de potencia<\/span> <span style='color: inherit;'>0~+5 W<\/span> <\/div>\n<div style='display: flex; justify-content: space-between; padding: 10px; border-bottom: 1px solid rgba(150&comma;150&comma;150&comma;0.3);'> <span style='color: inherit;'>Eficiencia del m\u00f3dulo<\/span> <span style='color: inherit;'>22.44%<\/span> <\/div>\n<div style='display: flex; justify-content: space-between; padding: 10px; border-bottom: 1px solid rgba(150&comma;150&comma;150&comma;0.3);'> <span style='color: inherit;'>Voltaje a m\u00e1xima potencia (Vmp)<\/span> <span style='color: inherit;'>40.31 V<\/span> <\/div>\n<div style='display: flex; justify-content: space-between; padding: 10px; border-bottom: 1px solid rgba(150&comma;150&comma;150&comma;0.3);'> <span style='color: inherit;'>Intensidad en m\u00e1xima potencia (Imp)<\/span> <span style='color: inherit;'>14.39 A<\/span> <\/div>\n<div style='display: flex; justify-content: space-between; padding: 10px; border-bottom: 1px solid rgba(150&comma;150&comma;150&comma;0.3);'> <span style='color: inherit;'>Voltaje en circuito abierto (Voc)<\/span> <span style='color: inherit;'>48.22 V<\/span> <\/div>\n<div style='display: flex; justify-content: space-between; padding: 10px; border-bottom: 1px solid rgba(150&comma;150&comma;150&comma;0.3);'> <span style='color: inherit;'>Intensidad por Corto-Circuito<\/span> <span style='color: inherit;'>15.22 A<\/span> <\/div>\n<\/p><\/div>\n<\/p><\/div>\n<\/p><\/div>\n<div style='display: flex; flex-wrap: wrap; gap: 30px; margin-bottom: 30px;'>\n<div style='flex: 1 1 300px; min-width: 280px;'>\n<h3 style='font-size: 22px; border-bottom: 2px solid currentColor; padding-bottom: 5px; margin-top: 0; color: inherit; opacity: 0.8;'>Caracter\u00edsticas Mec\u00e1nicas<\/h3>\n<div style='display: flex; flex-direction: column; gap: 15px;'>\n<div style='display: flex; justify-content: space-between; padding: 10px; border-bottom: 1px solid rgba(150&comma;150&comma;150&comma;0.3);'> <span style='color: inherit;'>Tipo de c\u00e9lula<\/span> <span style='color: inherit;'>Monocristalino (182&#215;199 mm)<\/span> <\/div>\n<div style='display: flex; justify-content: space-between; padding: 10px; border-bottom: 1px solid rgba(150&comma;150&comma;150&comma;0.3);'> <span style='color: inherit;'>N\u00famero de celdas<\/span> <span style='color: inherit;'>132<\/span> <\/div>\n<div style='display: flex; justify-content: space-between; padding: 10px; border-bottom: 1px solid rgba(150&comma;150&comma;150&comma;0.3);'> <span style='color: inherit;'>Dimensi\u00f3n<\/span> <span style='color: inherit;'>2279x1143x30mm<\/span> <\/div>\n<div style='display: flex; justify-content: space-between; padding: 10px; border-bottom: 1px solid rgba(150&comma;150&comma;150&comma;0.3);'> <span style='color: inherit;'>Peso<\/span> <span style='color: inherit;'>27 kg<\/span> <\/div>\n<div style='display: flex; justify-content: space-between; padding: 10px; border-bottom: 1px solid rgba(150&comma;150&comma;150&comma;0.3);'> <span style='color: inherit;'>Marco<\/span> <span style='color: inherit;'>Aleaci\u00f3n de aluminio anodizado<\/span> <\/div>\n<div style='display: flex; justify-content: space-between; padding: 10px; border-bottom: 1px solid rgba(150&comma;150&comma;150&comma;0.3);'> <span style='color: inherit;'>Caja de control<\/span> <span style='color: inherit;'>IP68<\/span> <\/div>\n<div style='display: flex; justify-content: space-between; padding: 10px; border-bottom: 1px solid rgba(150&comma;150&comma;150&comma;0.3);'> <span style='color: inherit;'>Cable<\/span> <span style='color: inherit;'>4&comma;0 mm2 N 300 mm \/ P 300 mm<\/span> <\/div>\n<div style='display: flex; justify-content: space-between; padding: 10px; border-bottom: 1px solid rgba(150&comma;150&comma;150&comma;0.3);'> <span style='color: inherit;'>Conector<\/span> <span style='color: inherit;'>Compatible con MC4<\/span> <\/div>\n<\/p><\/div>\n<\/p><\/div>\n<\/p><\/div>\n<div style='display: flex; flex-wrap: wrap; gap: 30px; margin-bottom: 30px;'>\n<div style='flex: 1 1 300px; min-width: 280px;'>\n<h3 style='font-size: 22px; border-bottom: 2px solid currentColor; padding-bottom: 5px; margin-top: 0; color: inherit; opacity: 0.8;'>Aplicaciones<\/h3>\n<ul style='padding-left: 20px; font-size: 15px; color: inherit;'>\n<li style='margin-bottom: 5px;'>Para interconexi\u00f3n a la red<\/li>\n<li style='margin-bottom: 5px;'>Sistemas aislados con controladores MPPT<\/li>\n<\/ul><\/div>\n<\/p><\/div>\n<div style='display: flex; flex-wrap: wrap; gap: 30px; margin-bottom: 30px;'>\n<div style='flex: 1 1 300px; min-width: 280px;'>\n<h3 style='font-size: 22px; border-bottom: 2px solid currentColor; padding-bottom: 5px; margin-top: 0; color: inherit; opacity: 0.8;'>Garant\u00eda<\/h3>\n<ul style='padding-left: 20px; font-size: 15px; color: inherit;'>\n<li style='margin-bottom: 5px;'>2 a\u00f1os contra defectos de fabricaci\u00f3n<\/li>\n<li style='margin-bottom: 5px;'>30 a\u00f1os de vida \u00fatil (salida de potencia al 80%)<\/li>\n<\/ul><\/div>\n<\/p><\/div>\n<div style='display: flex; flex-wrap: wrap; gap: 30px; margin-bottom: 30px;'>\n<div style='flex: 1 1 300px; min-width: 280px;'>\n<h3 style='font-size: 22px; border-bottom: 2px solid currentColor; padding-bottom: 5px; margin-top: 0; color: inherit; opacity: 0.8;'>Recomendaciones y comentarios de garant\u00eda<\/h3>\n<ul style='padding-left: 20px; font-size: 15px; color: inherit;'>\n<li style='margin-bottom: 5px;'>Cualquier reclamo de este producto debe hacerse dentro del periodo de garant\u00eda con la factura del mismo.<\/li>\n<li style='margin-bottom: 5px;'>El n\u00famero de serie del equipo debe ser visible&comma; al igual que la etiqueta posterior.<\/li>\n<li style='margin-bottom: 5px;'>Si al m\u00f3dulo se le cortan los conectores MC-4 el m\u00f3dulo pierde su garant\u00eda instant\u00e1neamente.<\/li>\n<li style='margin-bottom: 5px;'>No instale cuando alg\u00fan objeto en alg\u00fan punto del d\u00eda le genere sombra&comma; se considera como una mala instalaci\u00f3n y puede ser motivo de p\u00e9rdida de garant\u00eda.<\/li>\n<li style='margin-bottom: 5px;'>No mezcle los m\u00f3dulos de diferentes potencias en el mismo controlador o inversor&comma; se considera como una mala instalaci\u00f3n y puede ser motivo de p\u00e9rdida de garant\u00eda.<\/li>\n<li style='margin-bottom: 5px;'>Se recomienda que utilice la pinza ponchadora <a href='https:\/\/www.syscom.mx\/producto\/EP-MC4-EPCOM-POWERLINE-160268.html' style='color: inherit; text-decoration: underline;'>EP-MC4<\/a> cuando pliegue los conectores <a href='https:\/\/www.syscom.mx\/producto\/PROSECA-01-EPCOM-POWERLINE-72413.html' style='color: inherit; text-decoration: underline;'>PROSECA-01<\/a> al cable que usar\u00e1 para conectar su m\u00f3dulo al inversor o controlador.<\/li>\n<\/ul><\/div>\n<\/p><\/div>\n<div style='display: flex; flex-wrap: wrap; gap: 30px; margin-bottom: 30px;'>\n<div style='flex: 1 1 300px; min-width: 280px;'>\n<h3 style='font-size: 22px; border-bottom: 2px solid currentColor; padding-bottom: 5px; margin-top: 0; color: inherit; opacity: 0.8;'>Notas Importantes<\/h3>\n<ul style='padding-left: 20px; font-size: 15px; color: inherit;'>\n<li style='margin-bottom: 5px; color: #e74c3c;'><strong>***No aptos para uso en Microinversores BDM600***<\/strong><\/li>\n<li style='margin-bottom: 5px; color: #e74c3c;'><strong>***No aptos para uso en Microinversores MI1500***<\/strong><\/li>\n<\/ul><\/div>\n<\/p><\/div>\n<div style='display: flex; flex-wrap: wrap; gap: 30px; margin-bottom: 30px;'>\n<div style='flex: 1 1 300px; min-width: 280px;'> <img style='width: 100%; height: auto; border: 1px solid rgba(150&comma;150&comma;150&comma;0.3); border-radius: 8px;' src='https:\/\/www.leaptonpv.com\/upload\/image\/20240524\/f92231be3ef432c44325e448502db431.jpg' alt=''> <\/div>\n<div style='flex: 1 1 300px; min-width: 280px;'> <img style='width: 100%; height: auto; border: 1px solid rgba(150&comma;150&comma;150&comma;0.3); border-radius: 8px;' src='https:\/\/www.leaptonpv.com\/upload\/image\/20240522\/79db01d2e0dbcf7600cb7fdd4bd5145f.jpg' alt=''> <\/div>\n<div style='flex: 1 1 300px; min-width: 280px;'> <img style='width: 100%; height: auto; border: 1px solid rgba(150&comma;150&comma;150&comma;0.3); border-radius: 8px;' src='https:\/\/www.leaptonpv.com\/upload\/image\/20230922\/89c1648ce4ea6082e16dd845bfd64951.jpg' alt=''> <\/div>\n<\/p><\/div>\n<hr style='border: 0; border-top: 1px solid rgba(150&comma; 150&comma; 150&comma; 0.3); margin: 30px 0;'> <\/div>\n","protected":false},"excerpt":{"rendered":"<p>M\u00f3dulo Solar LEAPTON 2279 X 1134 mm, 580 W, 48.22 Vcc , Monocristalino, 132 cel. TOPCON<\/p>\n","protected":false},"featured_media":39491,"comment_status":"open","ping_status":"closed","template":"","meta":[],"product_brand":[],"product_cat":[1152],"product_tag":[964,1179,1153],"class_list":{"0":"post-39492","1":"product","2":"type-product","3":"status-publish","4":"has-post-thumbnail","6":"product_cat-modulos-solares","7":"product_tag-energia-solar","8":"product_tag-leapton","9":"product_tag-modulos-solares","11":"first","12":"outofstock","13":"sale","14":"shipping-taxable","15":"purchasable","16":"product-type-simple"},"_links":{"self":[{"href":"https:\/\/soydeaqui.ddns.net\/pachuca\/index.php\/wp-json\/wp\/v2\/product\/39492","targetHints":{"allow":["GET"]}}],"collection":[{"href":"https:\/\/soydeaqui.ddns.net\/pachuca\/index.php\/wp-json\/wp\/v2\/product"}],"about":[{"href":"https:\/\/soydeaqui.ddns.net\/pachuca\/index.php\/wp-json\/wp\/v2\/types\/product"}],"replies":[{"embeddable":true,"href":"https:\/\/soydeaqui.ddns.net\/pachuca\/index.php\/wp-json\/wp\/v2\/comments?post=39492"}],"wp:featuredmedia":[{"embeddable":true,"href":"https:\/\/soydeaqui.ddns.net\/pachuca\/index.php\/wp-json\/wp\/v2\/media\/39491"}],"wp:attachment":[{"href":"https:\/\/soydeaqui.ddns.net\/pachuca\/index.php\/wp-json\/wp\/v2\/media?parent=39492"}],"wp:term":[{"taxonomy":"product_brand","embeddable":true,"href":"https:\/\/soydeaqui.ddns.net\/pachuca\/index.php\/wp-json\/wp\/v2\/product_brand?post=39492"},{"taxonomy":"product_cat","embeddable":true,"href":"https:\/\/soydeaqui.ddns.net\/pachuca\/index.php\/wp-json\/wp\/v2\/product_cat?post=39492"},{"taxonomy":"product_tag","embeddable":true,"href":"https:\/\/soydeaqui.ddns.net\/pachuca\/index.php\/wp-json\/wp\/v2\/product_tag?post=39492"}],"curies":[{"name":"wp","href":"https:\/\/api.w.org\/{rel}","templated":true}]}}