{"id":39487,"date":"2026-03-18T17:23:02","date_gmt":"2026-03-18T17:23:02","guid":{"rendered":"https:\/\/soydeaqui.ddns.net\/pachuca\/index.php\/producto\/linterna-l-e-d-compact-compatible-con-baterias-lxt-de-18v-solo-linterna\/"},"modified":"2026-03-18T17:23:09","modified_gmt":"2026-03-18T17:23:09","slug":"linterna-l-e-d-compact-compatible-con-baterias-lxt-de-18v-solo-linterna","status":"publish","type":"product","link":"https:\/\/soydeaqui.ddns.net\/pachuca\/index.php\/producto\/linterna-l-e-d-compact-compatible-con-baterias-lxt-de-18v-solo-linterna\/","title":{"rendered":"Linterna L.E.D. Compact compatible con bater\u00edas LXT\u00ae de 18V, (S\u00f3lo Linterna)"},"content":{"rendered":"<div style='width: 100%; max-width: 1200px; margin: 0 auto; font-family: sans-serif; line-height: 1.6; color: inherit; background-color: transparent;'> <!-- Secci\u00f3n de introducci\u00f3n --> <\/p>\n<div style='display: flex; flex-wrap: wrap; align-items: center; gap: 20px; margin-bottom: 30px; padding: 20px; border-bottom: 1px solid rgba(150&comma;150&comma;150&comma;0.3);'>\n<div style='flex: 1 1 200px; min-width: 180px;'> <img style='width: 100%; max-width: 150px; height: auto; border: 1px solid rgba(150&comma;150&comma;150&comma;0.3); border-radius: 8px;' src='https:\/\/cdn.makitatools.com\/apps\/wms\/Products\/Detial\/logo\/LXT-PLN-WHT.png' alt='Logo LXT'> <\/div>\n<div style='flex: 2 1 300px;'>\n<p style='margin: 0; font-size: 16px; color: inherit;'> La Linterna L.E.D. Compact LXT\u00ae de 18V de Makita (DML817&comma; S\u00f3lo Linterna) proporciona horas de iluminaci\u00f3n. Presenta un dise\u00f1o compacto y ergon\u00f3mico para facilitar su uso. La Linterna L.E.D. proporciona hasta 29 horas de iluminaci\u00f3n al usar una bater\u00eda LXT\u00ae de 18V 6.0Ah (bater\u00eda se vende por separado). Presenta una luz L.E.D. blanca neutral que es ideal para una variedad de necesidades de iluminaci\u00f3n. <\/p>\n<\/p><\/div>\n<\/p><\/div>\n<p> <!-- Secci\u00f3n de caracter\u00edsticas --> <\/p>\n<div style='display: flex; flex-wrap: wrap; gap: 30px; margin-bottom: 30px;'>\n<div style='flex: 1 1 300px; min-width: 280px;'>\n<h3 style='font-size: 22px; border-bottom: 2px solid currentColor; padding-bottom: 5px; margin-top: 0; color: inherit; opacity: 0.8;'>CARACTERISTICAS<\/h3>\n<ul style='padding-left: 20px; font-size: 15px; color: inherit;'>\n<li style='margin-bottom: 5px;'>Hasta 29 horas de iluminaci\u00f3n al usar una bater\u00eda LXT\u00ae Litio-Ion de 18V 6.0Ah (no incluye bater\u00eda)<\/li>\n<li style='margin-bottom: 5px;'>Cargue dispositivos compatibles con USB<\/li>\n<li style='margin-bottom: 5px;'>Tama\u00f1o compacto para iluminaci\u00f3n conveniente en espacios reducidos<\/li>\n<li style='margin-bottom: 5px;'>Operaci\u00f3n de 3 modos: entrega hasta 300 l\u00famenes (luces Superior\/Lateral)&comma; 150 l\u00famenes (luz Superior)&comma; 150 l\u00famenes (luz Lateral)<\/li>\n<li style='margin-bottom: 5px;'>Dise\u00f1o de perfil bajo y ergon\u00f3mico con s\u00f3lo 4&#8242; de largo<\/li>\n<li style='margin-bottom: 5px;'>S\u00f3lo pesa 0.4 lbs. sin bater\u00eda y 1.9 lbs. con la BL1860B para reducir la fatiga del operador (no incluye bater\u00eda)<\/li>\n<li style='margin-bottom: 5px;'>La adici\u00f3n ideal para cualquier caja de herramientas<\/li>\n<li style='margin-bottom: 5px;'>Luz L.E.D. blanca neutral<\/li>\n<li style='margin-bottom: 5px;'>Bater\u00eda y cargador se venden por separado<\/li>\n<\/ul><\/div>\n<\/p><\/div>\n<p> <!-- Secci\u00f3n de especificaciones --> <\/p>\n<div style='display: flex; flex-wrap: wrap; gap: 20px; margin-bottom: 30px;'>\n<div style='flex: 1 1 250px; border: 1px solid rgba(150&comma; 150&comma; 150&comma; 0.4); border-radius: 8px; overflow: hidden; display: flex; flex-direction: column;'>\n<div style='padding: 15px; border-bottom: 1px solid rgba(150&comma; 150&comma; 150&comma; 0.2); font-weight: bold; font-size: 18px; color: inherit;'>ESPECIFICACIONES<\/div>\n<div style='padding: 15px; color: inherit;'>\n<ul style='padding-left: 20px; margin: 0; font-size: 14px; list-style-type: disc; color: inherit;'>\n<li style='margin-bottom: 5px;'><strong>L\u00famenes (foco\/proyector\/foco+proyector):<\/strong> 150 \/ 150 \/ 300 lm<\/li>\n<li style='margin-bottom: 5px;'><strong>Tiempo de Ejecuci\u00f3n (m\u00e1x. en horas):<\/strong> Bater\u00eda de uso continuo de 18V \/ 4&comma;0 Ah: 19 &#8211; 32 h<\/li>\n<li style='margin-bottom: 5px;'><strong>Bater\u00eda de uso continuo de 18 V \/ 5&comma;0 Ah:<\/strong> 24 \/ 41 h<\/li>\n<li style='margin-bottom: 5px;'><strong>Puerto de Alimentaci\u00f3n USB:<\/strong> 1<\/li>\n<li style='margin-bottom: 5px;'><strong>Longitud Total:<\/strong> 12.6cm<\/li>\n<li style='margin-bottom: 5px;'><strong>Dimensiones (LxAxA):<\/strong> 12.6 x 7.7 x 9.8 cm<\/li>\n<li style='margin-bottom: 5px;'><strong>Temperatura de color:<\/strong> 5000 K<\/li>\n<li style='margin-bottom: 5px;'><strong>Apagado Autom\u00e1tico:<\/strong> S\u00ed<\/li>\n<\/ul><\/div>\n<\/p><\/div>\n<\/p><\/div>\n<p> <!-- Imagen principal --> <\/p>\n<div style='margin: 30px 0; text-align: center;'> <img style='width: 100%; max-width: 520px; height: auto; border: 1px solid rgba(150&comma;150&comma;150&comma;0.3); border-radius: 8px;' src='https:\/\/ftp3.syscom.mx\/usuarios\/fotos\/DML817\/231870-makv2.jpg' alt='Linterna L.E.D. Compact MAKITA DML817'> <\/div>\n<p> <!-- Logos --> <\/p>\n<div style='display: flex; flex-wrap: wrap; justify-content: center; gap: 20px; margin: 30px 0;'> <a href='https:\/\/www.makitatools.com\/es\/innovation\/' style='display: inline-block; text-decoration: none;'> <img style='width: auto; max-width: 150px; height: 30px; border: none;' src='https:\/\/cdn.makitatools.com\/apps\/cms\/logo\/f6e185e9-4cf3-4cd3-89e9-c9af1d62bf4b_lxt_l_500px.png?h=30&#038;trim.threshold=80&#038;trim.percentpadding=1' alt='LXT (Black on White)'> <\/a> <img style='width: auto; max-width: 250px; height: 30px;' src='https:\/\/cdn.makitatools.com\/apps\/cms\/logo\/dc92b744-4e5e-4662-b0fc-74453e7bbe08_worldslargest18vlineup_l_500px.png?h=30&#038;trim.threshold=80&#038;trim.percentpadding=1' alt='World's Largest 18V Lithium-Ion Line-up Logo (Gray Scale on White)'> <\/div>\n<\/p><\/div>\n","protected":false},"excerpt":{"rendered":"<p>Linterna L.E.D. Compact compatible con bater\u00edas LXT\u00ae de 18V, (S\u00f3lo Linterna)<\/p>\n","protected":false},"featured_media":39486,"comment_status":"open","ping_status":"closed","template":"","meta":[],"product_brand":[],"product_cat":[392],"product_tag":[25,131,252],"class_list":{"0":"post-39487","1":"product","2":"type-product","3":"status-publish","4":"has-post-thumbnail","6":"product_cat-herramientas-electricas-herramientas-deteccion-de-fuego","7":"product_tag-herramientas","8":"product_tag-herramientas-electricas","9":"product_tag-makita","11":"first","12":"instock","13":"sale","14":"shipping-taxable","15":"purchasable","16":"product-type-simple"},"_links":{"self":[{"href":"https:\/\/soydeaqui.ddns.net\/pachuca\/index.php\/wp-json\/wp\/v2\/product\/39487","targetHints":{"allow":["GET"]}}],"collection":[{"href":"https:\/\/soydeaqui.ddns.net\/pachuca\/index.php\/wp-json\/wp\/v2\/product"}],"about":[{"href":"https:\/\/soydeaqui.ddns.net\/pachuca\/index.php\/wp-json\/wp\/v2\/types\/product"}],"replies":[{"embeddable":true,"href":"https:\/\/soydeaqui.ddns.net\/pachuca\/index.php\/wp-json\/wp\/v2\/comments?post=39487"}],"wp:featuredmedia":[{"embeddable":true,"href":"https:\/\/soydeaqui.ddns.net\/pachuca\/index.php\/wp-json\/wp\/v2\/media\/39486"}],"wp:attachment":[{"href":"https:\/\/soydeaqui.ddns.net\/pachuca\/index.php\/wp-json\/wp\/v2\/media?parent=39487"}],"wp:term":[{"taxonomy":"product_brand","embeddable":true,"href":"https:\/\/soydeaqui.ddns.net\/pachuca\/index.php\/wp-json\/wp\/v2\/product_brand?post=39487"},{"taxonomy":"product_cat","embeddable":true,"href":"https:\/\/soydeaqui.ddns.net\/pachuca\/index.php\/wp-json\/wp\/v2\/product_cat?post=39487"},{"taxonomy":"product_tag","embeddable":true,"href":"https:\/\/soydeaqui.ddns.net\/pachuca\/index.php\/wp-json\/wp\/v2\/product_tag?post=39487"}],"curies":[{"name":"wp","href":"https:\/\/api.w.org\/{rel}","templated":true}]}}