{"id":3937,"date":"2026-03-18T06:13:40","date_gmt":"2026-03-18T06:13:40","guid":{"rendered":"https:\/\/soydeaqui.ddns.net\/pachuca\/index.php\/producto\/relevador-contacto-seco-interruptor-wifi-industrial-y-residencial-inteligente-hasta-16a-soporta-google-y-alexa-nube-p2p-y-control-local-1-canal-y-puerto-ethernet\/"},"modified":"2026-03-18T06:13:44","modified_gmt":"2026-03-18T06:13:44","slug":"relevador-contacto-seco-interruptor-wifi-industrial-y-residencial-inteligente-hasta-16a-soporta-google-y-alexa-nube-p2p-y-control-local-1-canal-y-puerto-ethernet","status":"publish","type":"product","link":"https:\/\/soydeaqui.ddns.net\/pachuca\/index.php\/producto\/relevador-contacto-seco-interruptor-wifi-industrial-y-residencial-inteligente-hasta-16a-soporta-google-y-alexa-nube-p2p-y-control-local-1-canal-y-puerto-ethernet\/","title":{"rendered":"Relevador \/ Contacto Seco \/ Interruptor WIFI\/ Industrial y residencial inteligente \/ Hasta 16A \/ Soporta Google y Alexa \/ Nube P2P y control Local \/ 1 canal y puerto ethernet"},"content":{"rendered":"<div style='width: 100%; max-width: 1200px; margin: 0 auto; font-family: sans-serif; line-height: 1.6; color: inherit; background-color: transparent;'> <!-- Secci\u00f3n de caracter\u00edsticas en 3 columnas --> <\/p>\n<div style='display: flex; flex-wrap: wrap; gap: 30px; margin-bottom: 30px;'> <!-- Caracter\u00edsticas principales --> <\/p>\n<div style='flex: 1 1 300px; min-width: 280px;'>\n<h3 style='font-size: 22px; border-bottom: 2px solid currentColor; padding-bottom: 5px; margin-top: 0; color: inherit; opacity: 0.8;'>Caracter\u00edsticas principales<\/h3>\n<ul style='padding-left: 20px; font-size: 15px; color: inherit;'>\n<li style='margin-bottom: 5px;'>No requiere HUB<\/li>\n<li style='margin-bottom: 5px;'>Canales: 1<\/li>\n<li style='margin-bottom: 5px;'>Contacto seco<\/li>\n<li style='margin-bottom: 5px;'>Conectividad Wifi 2.4GHz&comma; Bluetooth y Ethernet<\/li>\n<li style='margin-bottom: 5px;'>Montable en riel DIN<\/li>\n<li style='margin-bottom: 5px;'>Protecci\u00f3n de Temperatura<\/li>\n<li style='margin-bottom: 5px;'>Protecci\u00f3n de sobrecarga<\/li>\n<\/ul><\/div>\n<p> <!-- Caracter\u00edsticas F\u00edsicas y El\u00e9ctricas --> <\/p>\n<div style='flex: 1 1 300px; min-width: 280px;'>\n<h3 style='font-size: 22px; border-bottom: 2px solid currentColor; padding-bottom: 5px; margin-top: 0; color: inherit; opacity: 0.8;'>Caracter\u00edsticas F\u00edsicas y El\u00e9ctricas<\/h3>\n<ul style='padding-left: 20px; font-size: 15px; color: inherit;'>\n<li style='margin-bottom: 5px;'>Alimentaci\u00f3n AC: 110-230V&comma; 50\/60Hz<\/li>\n<li style='margin-bottom: 5px;'>Carga m\u00e1xima de 16A<\/li>\n<li style='margin-bottom: 5px;'>Temperatura de operaci\u00f3n: -20\u00b0C a +40\u00b0C<\/li>\n<li style='margin-bottom: 5px;'>Corriente de consumo: <3W<\/li>\n<li style='margin-bottom: 5px;'>Dimensiones: 68.5mm \u00d7 18.5mm \u00d7 89.5mm<\/li>\n<\/ul><\/div>\n<p> <!-- Caracter\u00edsticas Destacadas --> <\/p>\n<div style='flex: 1 1 300px; min-width: 280px;'>\n<h3 style='font-size: 22px; border-bottom: 2px solid currentColor; padding-bottom: 5px; margin-top: 0; color: inherit; opacity: 0.8;'>Caracter\u00edsticas Destacadas<\/h3>\n<p style='font-size: 15px; color: inherit; margin-bottom: 15px;'>SHELLYPRO1 de 1 canal con conexi\u00f3n Wi-Fi&comma; LAN y Bluetooth&comma; apto para dom\u00f3tica e instalaciones con mando a distancia. Montable en riel DIN dentro de una caja de interruptores. Funciones de seguridad mejoradas y compatible con las plataformas de dom\u00f3tica m\u00e1s utilizadas.<\/p>\n<ul style='padding-left: 20px; font-size: 15px; color: inherit;'>\n<li style='margin-bottom: 5px;'><a href='https:\/\/kb.shelly.cloud\/knowledge-base\/devices' style='color: #0091ff; text-decoration: underline;' target='_blank'>Base de datos material de apoyo<\/a><\/li>\n<\/ul><\/div>\n<\/p><\/div>\n<p> <!-- Secci\u00f3n de im\u00e1genes con fondo azul --> <\/p>\n<div style='background-color: rgba(47&comma; 156&comma; 215&comma; 0.9); border-radius: 10px; padding: 40px; margin: 30px 0;'>\n<div style='display: flex; flex-wrap: wrap; gap: 30px; justify-content: center;'>\n<div style='flex: 1 1 250px; min-width: 200px; text-align: center;'> <img style='width: 100%; max-width: 150px; height: auto; border: 1px solid rgba(150&comma;150&comma;150&comma;0.3); border-radius: 8px; margin-bottom: 10px;' src='https:\/\/ftp3.syscom.mx\/usuarios\/ftp\/single_page\/shelly_img\/install.png' alt='Instalar'> <\/p>\n<h4 style='color: white; font-size: 18px; margin-bottom: 5px;'>INSTALAR<\/h4>\n<p style='color: white; font-size: 14px; margin: 0;'>Instale su rel\u00e9 ShellyPRO1<\/p>\n<\/p><\/div>\n<div style='flex: 1 1 250px; min-width: 200px; text-align: center;'> <img style='width: 100%; max-width: 150px; height: auto; border: 1px solid rgba(150&comma;150&comma;150&comma;0.3); border-radius: 8px; margin-bottom: 10px;' src='https:\/\/ftp3.syscom.mx\/usuarios\/ftp\/single_page\/shelly_img\/download-app.png' alt='Descargar App'> <\/p>\n<h4 style='color: white; font-size: 18px; margin-bottom: 5px;'>INSTALAR<\/h4>\n<p style='color: white; font-size: 14px; margin: 0;'>Descargue e instale la aplicaci\u00f3n m\u00f3vil gratuita de Google Play o Apple\u00ae App Store.<\/p>\n<\/p><\/div>\n<div style='flex: 1 1 250px; min-width: 200px; text-align: center;'> <img style='width: 100%; max-width: 150px; height: auto; border: 1px solid rgba(150&comma;150&comma;150&comma;0.3); border-radius: 8px; margin-bottom: 10px;' src='https:\/\/ftp3.syscom.mx\/usuarios\/ftp\/single_page\/shelly_img\/manual.png' alt='Manual'> <\/p>\n<h4 style='color: white; font-size: 18px; margin-bottom: 5px;'>DESCARGAR<\/h4>\n<p style='color: white; font-size: 14px; margin: 0;'>Descargue nuestra Gu\u00eda de usuario y siga las instrucciones.<\/p>\n<\/p><\/div>\n<\/p><\/div>\n<\/p><\/div>\n<p> <!-- Logo Shelly --> <\/p>\n<div style='background-color: #2b2b2a; border-radius: 10px; padding: 30px; margin: 30px 0; text-align: center;'> <img style='max-width: 100%; height: auto; border: 1px solid rgba(150&comma;150&comma;150&comma;0.3); border-radius: 8px;' src='https:\/\/ftp3.syscom.mx\/usuarios\/ftp\/single_page\/shelly_img\/shelly_logo_white_std.png' alt='Shelly Logo'> <\/div>\n<p> <!-- Tabla Shelly --> <\/p>\n<div style='margin: 30px 0; text-align: center;'> <img style='width: 100%; max-width: 735px; height: auto; border: 1px solid rgba(150&comma;150&comma;150&comma;0.3); border-radius: 8px;' src='https:\/\/i.ibb.co\/HDBc9xQ\/tabla-shelly.jpg' alt='Tabla Comparativa Shelly'> <\/div>\n<\/p><\/div>\n","protected":false},"excerpt":{"rendered":"<p>Relevador \/ Contacto Seco \/ Interruptor WIFI\/ Industrial y residencial inteligente \/ Hasta 16A \/ Soporta Google y Alexa \/ Nube P2P y control Local \/ 1 canal y puerto ethernet<\/p>\n","protected":false},"featured_media":3936,"comment_status":"open","ping_status":"closed","template":"","meta":[],"product_brand":[],"product_cat":[56],"product_tag":[30,57,58],"class_list":{"0":"post-3937","1":"product","2":"type-product","3":"status-publish","4":"has-post-thumbnail","6":"product_cat-control-de-iluminacion","7":"product_tag-automatizacion-casa-inteligente","8":"product_tag-control-de-iluminacion","9":"product_tag-shelly","11":"first","12":"instock","13":"sale","14":"shipping-taxable","15":"purchasable","16":"product-type-simple"},"_links":{"self":[{"href":"https:\/\/soydeaqui.ddns.net\/pachuca\/index.php\/wp-json\/wp\/v2\/product\/3937","targetHints":{"allow":["GET"]}}],"collection":[{"href":"https:\/\/soydeaqui.ddns.net\/pachuca\/index.php\/wp-json\/wp\/v2\/product"}],"about":[{"href":"https:\/\/soydeaqui.ddns.net\/pachuca\/index.php\/wp-json\/wp\/v2\/types\/product"}],"replies":[{"embeddable":true,"href":"https:\/\/soydeaqui.ddns.net\/pachuca\/index.php\/wp-json\/wp\/v2\/comments?post=3937"}],"wp:featuredmedia":[{"embeddable":true,"href":"https:\/\/soydeaqui.ddns.net\/pachuca\/index.php\/wp-json\/wp\/v2\/media\/3936"}],"wp:attachment":[{"href":"https:\/\/soydeaqui.ddns.net\/pachuca\/index.php\/wp-json\/wp\/v2\/media?parent=3937"}],"wp:term":[{"taxonomy":"product_brand","embeddable":true,"href":"https:\/\/soydeaqui.ddns.net\/pachuca\/index.php\/wp-json\/wp\/v2\/product_brand?post=3937"},{"taxonomy":"product_cat","embeddable":true,"href":"https:\/\/soydeaqui.ddns.net\/pachuca\/index.php\/wp-json\/wp\/v2\/product_cat?post=3937"},{"taxonomy":"product_tag","embeddable":true,"href":"https:\/\/soydeaqui.ddns.net\/pachuca\/index.php\/wp-json\/wp\/v2\/product_tag?post=3937"}],"curies":[{"name":"wp","href":"https:\/\/api.w.org\/{rel}","templated":true}]}}