{"id":39366,"date":"2026-03-18T17:20:01","date_gmt":"2026-03-18T17:20:01","guid":{"rendered":"https:\/\/soydeaqui.ddns.net\/pachuca\/index.php\/producto\/modulo-solar-10w-12-vcc-monocristalino-36-celdas-grado-a\/"},"modified":"2026-03-18T17:20:02","modified_gmt":"2026-03-18T17:20:02","slug":"modulo-solar-10w-12-vcc-monocristalino-36-celdas-grado-a","status":"publish","type":"product","link":"https:\/\/soydeaqui.ddns.net\/pachuca\/index.php\/producto\/modulo-solar-10w-12-vcc-monocristalino-36-celdas-grado-a\/","title":{"rendered":"Modulo Solar 10W, 12 Vcc, Monocristalino, 36 Celdas grado A"},"content":{"rendered":"<div style='width: 100%; max-width: 1200px; margin: 0 auto; font-family: sans-serif; line-height: 1.6; color: inherit; background-color: transparent;'> <!-- Secci\u00f3n de caracter\u00edsticas --> <\/p>\n<div style='display: flex; flex-wrap: wrap; gap: 30px; margin-bottom: 30px;'>\n<div style='flex: 1 1 300px; min-width: 280px;'>\n<h3 style='font-size: 22px; border-bottom: 2px solid currentColor; padding-bottom: 5px; margin-top: 0; color: inherit; opacity: 0.8;'>Caracter\u00edsticas<\/h3>\n<ul style='padding-left: 20px; font-size: 15px; color: inherit;'>\n<li style='margin-bottom: 5px;'>Encapsuladas en EVA transparente y vidrio templado de 3.2 mm<\/li>\n<li style='margin-bottom: 5px;'>Hoja de TEDLAR resistente a los rayos UV en la parte posterior<\/li>\n<li style='margin-bottom: 5px;'>Marco de aluminio anodizado para m\u00e1xima protecci\u00f3n<\/li>\n<\/ul><\/div>\n<p> <!-- Secci\u00f3n de aplicaciones --> <\/p>\n<div style='flex: 1 1 300px; min-width: 280px;'>\n<h3 style='font-size: 22px; border-bottom: 2px solid currentColor; padding-bottom: 5px; margin-top: 0; color: inherit; opacity: 0.8;'>Aplicaciones<\/h3>\n<ul style='padding-left: 20px; font-size: 15px; color: inherit;'>\n<li style='margin-bottom: 5px;'>Estaciones repetidoras de radiocomunicaci\u00f3n<\/li>\n<li style='margin-bottom: 5px;'>Electrificaci\u00f3n en zonas rurales<\/li>\n<li style='margin-bottom: 5px;'>Sistemas de comunicaci\u00f3n en emergencias<\/li>\n<li style='margin-bottom: 5px;'>Alimentaci\u00f3n de equipos m\u00e9dicos en zonas rurales<\/li>\n<li style='margin-bottom: 5px;'>Sistemas de bombeo de agua<\/li>\n<li style='margin-bottom: 5px;'>Luces de obstrucci\u00f3n para tr\u00e1fico a\u00e9reo<\/li>\n<li style='margin-bottom: 5px;'>Sistemas de protecci\u00f3n cat\u00f3dica<\/li>\n<li style='margin-bottom: 5px;'>Se\u00f1alizaci\u00f3n de v\u00edas ferroviarias<\/li>\n<\/ul><\/div>\n<\/p><\/div>\n<p> <!-- Secci\u00f3n de especificaciones t\u00e9cnicas --> <\/p>\n<div style='display: flex; flex-wrap: wrap; gap: 20px; margin-bottom: 30px;'>\n<div style='flex: 1 1 250px; border: 1px solid rgba(150&comma; 150&comma; 150&comma; 0.4); border-radius: 8px; overflow: hidden; display: flex; flex-direction: column;'>\n<div style='padding: 15px; border-bottom: 1px solid rgba(150&comma; 150&comma; 150&comma; 0.2); font-weight: bold; font-size: 18px; color: inherit;'>Especificaciones T\u00e9cnicas<\/div>\n<div style='padding: 15px; color: inherit;'>\n<ul style='padding-left: 20px; margin: 0; font-size: 14px; list-style-type: disc;'>\n<li style='margin-bottom: 5px;'><strong>Potencia m\u00e1xima:<\/strong> 10 W (\u00b13%)<\/li>\n<li style='margin-bottom: 5px;'><strong>Voltaje:<\/strong> 19.4V (\u00b13%)<\/li>\n<li style='margin-bottom: 5px;'><strong>Amperaje:<\/strong> 0.52 A (\u00b13%)<\/li>\n<li style='margin-bottom: 5px;'><strong>Voltaje a circuito abierto (Voc):<\/strong> 23.4 V (\u00b13%)<\/li>\n<li style='margin-bottom: 5px;'><strong>Corriente a corto circuito (Isc):<\/strong> 0.56 A (\u00b13%)<\/li>\n<\/ul><\/div>\n<\/p><\/div>\n<div style='flex: 1 1 250px; border: 1px solid rgba(150&comma; 150&comma; 150&comma; 0.4); border-radius: 8px; overflow: hidden; display: flex; flex-direction: column;'>\n<div style='padding: 15px; border-bottom: 1px solid rgba(150&comma; 150&comma; 150&comma; 0.2); font-weight: bold; font-size: 18px; color: inherit;'>Caracter\u00edsticas F\u00edsicas<\/div>\n<div style='padding: 15px; color: inherit;'>\n<ul style='padding-left: 20px; margin: 0; font-size: 14px; list-style-type: disc;'>\n<li style='margin-bottom: 5px;'><strong>Dimensiones:<\/strong> 330 x 210 x 25 mm<\/li>\n<li style='margin-bottom: 5px;'><strong>Peso:<\/strong> 0.9 kg<\/li>\n<li style='margin-bottom: 5px;'><strong>Temperatura ambiente:<\/strong> -40 a 85 \u00baC<\/li>\n<li style='margin-bottom: 5px;'><strong>M\u00e1ximo voltaje del sistema:<\/strong> 1000 V<\/li>\n<\/ul><\/div>\n<\/p><\/div>\n<\/p><\/div>\n<p> <!-- Secci\u00f3n de garant\u00eda --> <\/p>\n<div style='margin-bottom: 30px;'>\n<h3 style='font-size: 22px; border-bottom: 2px solid currentColor; padding-bottom: 5px; margin-top: 0; color: inherit; opacity: 0.8;'>Garant\u00eda<\/h3>\n<p style='font-size: 15px; color: inherit; margin-top: 15px;'>Contra defectos de fabricaci\u00f3n y 40 a\u00f1os de vida \u00fatil.<\/p>\n<\/p><\/div>\n<p> <!-- Secci\u00f3n de mantenimiento --> <\/p>\n<div style='margin-bottom: 30px;'>\n<h3 style='font-size: 22px; border-bottom: 2px solid currentColor; padding-bottom: 5px; margin-top: 0; color: inherit; opacity: 0.8;'>Mantenimiento<\/h3>\n<p style='font-size: 15px; color: inherit; margin-top: 15px;'>Los paneles solares son equipos de muy bajo o nulo mantenimiento. No se recomienda destapar la caja de diodos estos se encuentran sellados; si es estrictamente necesario hacerlo&comma; siga los siguientes pasos:<\/p>\n<p style='font-size: 15px; color: inherit; margin-top: 15px;'>Con un desarmador de paleta de punta fina&comma; saque en sentido contrario la punta de los broches pl\u00e1sticos y con cuidado retire la tapa de arriba hacia abajo como se muestra en el video.<\/p>\n<p> <!-- Video de mantenimiento --> <\/p>\n<div style='position: relative; padding-bottom: 56.25%; height: 0; overflow: hidden; margin-top: 20px;'>   <\/div>\n<\/p><\/div>\n<p> <!-- Secci\u00f3n de recomendaciones de garant\u00eda --> <\/p>\n<div style='margin-bottom: 30px;'>\n<h3 style='font-size: 22px; border-bottom: 2px solid currentColor; padding-bottom: 5px; margin-top: 0; color: inherit; opacity: 0.8;'>Recomendaciones y comentarios de garant\u00eda<\/h3>\n<ul style='padding-left: 20px; font-size: 15px; color: inherit; margin-top: 15px;'>\n<li style='margin-bottom: 5px;'>Cualquier reclamo del producto debe hacerse dentro del periodo de garant\u00eda con la factura del mismo.<\/li>\n<li style='margin-bottom: 5px;'>El n\u00famero de serie del equipo debe ser visible&comma; al igual que la etiqueta posterior.<\/li>\n<li style='margin-bottom: 5px;'>Si al m\u00f3dulo se le cortan los conectores MC-4 el m\u00f3dulo pierde su garant\u00eda instant\u00e1neamente.<\/li>\n<li style='margin-bottom: 5px;'>No instale cuando alg\u00fan objeto en alg\u00fan punto del d\u00eda le genere sombra&comma; se considera como una mala instalaci\u00f3n y puede ser motivo de p\u00e9rdida de garant\u00eda.<\/li>\n<li style='margin-bottom: 5px;'>No mezcle los m\u00f3dulos de diferentes potencias en el mismo controlador o inversor&comma; se considera como una mala instalaci\u00f3n y puede ser motivo de p\u00e9rdida de garant\u00eda.<\/li>\n<li style='margin-bottom: 5px;'>Se recomienda que utilice la pinza ponchadora <a href='https:\/\/www.syscom.mx\/producto\/EP-MC4-EPCOM-POWERLINE-160268.html' style='color: inherit; text-decoration: underline;'>EP-MC4<\/a> cuando pliegue los conectores EPL01 al cable que usar\u00e1 para conectar su m\u00f3dulo al inversor o controlador.<\/li>\n<\/ul><\/div>\n<p> <!-- Secci\u00f3n de nota --> <\/p>\n<div style='margin-bottom: 30px;'>\n<p style='font-size: 15px; color: inherit; margin-top: 15px;'>Nota: Las especificaciones el\u00e9ctricas se indican bajo una irradiancia de 1000 W\/m\u00b2 y temperatura de 25 \u00baC.<\/p>\n<\/p><\/div>\n<p> <!-- Secci\u00f3n de comentarios de instalaci\u00f3n --> <\/p>\n<div style='margin-bottom: 30px;'>\n<h3 style='font-size: 22px; border-bottom: 2px solid currentColor; padding-bottom: 5px; margin-top: 0; color: inherit; opacity: 0.8;'>Comentario de instalaci\u00f3n<\/h3>\n<p style='font-size: 15px; color: inherit; margin-top: 15px;'>Para evitar da\u00f1os en la conexi\u00f3n del cable del m\u00f3dulo&comma; debe poner chichones (cobatas pl\u00e1sticas) en el cable al momento de instalarlo para que estos no queden sueltos&comma; el peso del cable&comma; el viento&comma; puede da\u00f1ar la caja de diodos.<\/p>\n<\/p><\/div>\n<p> <!-- Separador final --> <\/p>\n<hr style='border: 0; border-top: 1px solid rgba(150&comma; 150&comma; 150&comma; 0.3); margin: 30px 0;'> <\/div>\n","protected":false},"excerpt":{"rendered":"<p>Modulo Solar 10W, 12 Vcc, Monocristalino, 36 Celdas grado A<\/p>\n","protected":false},"featured_media":39365,"comment_status":"open","ping_status":"closed","template":"","meta":[],"product_brand":[],"product_cat":[1152],"product_tag":[964,454,1153],"class_list":{"0":"post-39366","1":"product","2":"type-product","3":"status-publish","4":"has-post-thumbnail","6":"product_cat-modulos-solares","7":"product_tag-energia-solar","8":"product_tag-epcom-powerline","9":"product_tag-modulos-solares","11":"first","12":"outofstock","13":"sale","14":"shipping-taxable","15":"purchasable","16":"product-type-simple"},"_links":{"self":[{"href":"https:\/\/soydeaqui.ddns.net\/pachuca\/index.php\/wp-json\/wp\/v2\/product\/39366","targetHints":{"allow":["GET"]}}],"collection":[{"href":"https:\/\/soydeaqui.ddns.net\/pachuca\/index.php\/wp-json\/wp\/v2\/product"}],"about":[{"href":"https:\/\/soydeaqui.ddns.net\/pachuca\/index.php\/wp-json\/wp\/v2\/types\/product"}],"replies":[{"embeddable":true,"href":"https:\/\/soydeaqui.ddns.net\/pachuca\/index.php\/wp-json\/wp\/v2\/comments?post=39366"}],"wp:featuredmedia":[{"embeddable":true,"href":"https:\/\/soydeaqui.ddns.net\/pachuca\/index.php\/wp-json\/wp\/v2\/media\/39365"}],"wp:attachment":[{"href":"https:\/\/soydeaqui.ddns.net\/pachuca\/index.php\/wp-json\/wp\/v2\/media?parent=39366"}],"wp:term":[{"taxonomy":"product_brand","embeddable":true,"href":"https:\/\/soydeaqui.ddns.net\/pachuca\/index.php\/wp-json\/wp\/v2\/product_brand?post=39366"},{"taxonomy":"product_cat","embeddable":true,"href":"https:\/\/soydeaqui.ddns.net\/pachuca\/index.php\/wp-json\/wp\/v2\/product_cat?post=39366"},{"taxonomy":"product_tag","embeddable":true,"href":"https:\/\/soydeaqui.ddns.net\/pachuca\/index.php\/wp-json\/wp\/v2\/product_tag?post=39366"}],"curies":[{"name":"wp","href":"https:\/\/api.w.org\/{rel}","templated":true}]}}