{"id":39308,"date":"2026-03-18T17:18:38","date_gmt":"2026-03-18T17:18:38","guid":{"rendered":"https:\/\/soydeaqui.ddns.net\/pachuca\/index.php\/producto\/reduccion-bushing-aluminio-de-2-a-1-1-2-con-recubrimiento-de-uretano-purpura\/"},"modified":"2026-03-18T17:18:39","modified_gmt":"2026-03-18T17:18:39","slug":"reduccion-bushing-aluminio-de-2-a-1-1-2-con-recubrimiento-de-uretano-purpura","status":"publish","type":"product","link":"https:\/\/soydeaqui.ddns.net\/pachuca\/index.php\/producto\/reduccion-bushing-aluminio-de-2-a-1-1-2-con-recubrimiento-de-uretano-purpura\/","title":{"rendered":"Reducci\u00f3n Bushing Aluminio de 2&#8243; a 1 1\/2&#8243; \/ Con Recubrimiento de Uretano Purpura."},"content":{"rendered":"<div style='width: 100%; max-width: 1200px; margin: 0 auto; font-family: sans-serif; line-height: 1.6; color: inherit; background-color: transparent;'>\n<div style='display: flex; flex-wrap: wrap; gap: 30px; margin-bottom: 30px;'>\n<div style='flex: 1 1 300px; min-width: 280px;'>\n<h3 style='font-size: 22px; border-bottom: 2px solid currentColor; padding-bottom: 5px; margin-top: 0; color: inherit; opacity: 0.8;'>Caracter\u00edsticas<\/h3>\n<p style='font-size: 16px; margin-bottom: 15px; color: inherit;'>Reducci\u00f3n Bushing Aluminio para Tubo Conduit R\u00edgido \u00f3 IMC.<\/p>\n<p style='font-size: 16px; margin-bottom: 15px; color: inherit;'>Las reducciones bushing son usadas para reducir las bocas conduit a una medida m\u00e1s peque\u00f1a y son utilizados en sistemas de tuber\u00eda conduit e IMC.<\/p>\n<ul style='padding-left: 20px; font-size: 15px; color: inherit; list-style-type: disc;'>\n<li style='margin-bottom: 5px; color: inherit;'>A prueba de ambiente corrosivos.<\/li>\n<li style='margin-bottom: 5px; color: inherit;'>Uretano purpura: 2 mil m\u00ednimo.<\/li>\n<li style='margin-bottom: 5px; color: inherit;'>Clase I Grupo B&comma;C&comma;D.<\/li>\n<li style='margin-bottom: 5px; color: inherit;'>Clase II Grupo E&comma;F&comma;G.<\/li>\n<li style='margin-bottom: 5px; color: inherit;'>Clase III<\/li>\n<\/ul><\/div>\n<\/p><\/div>\n<\/p><\/div>\n","protected":false},"excerpt":{"rendered":"<p>Reducci\u00f3n Bushing Aluminio de 2&#8243; a 1 1\/2&#8243; \/ Con Recubrimiento de Uretano Purpura.<\/p>\n","protected":false},"featured_media":39307,"comment_status":"open","ping_status":"closed","template":"","meta":[],"product_brand":[],"product_cat":[655],"product_tag":[572,661,656],"class_list":{"0":"post-39308","1":"product","2":"type-product","3":"status-publish","4":"has-post-thumbnail","6":"product_cat-tuberia-metalica-conduit-accesorios","7":"product_tag-canalizacion","8":"product_tag-rawelt","9":"product_tag-tuberia-metalica-conduit-accesorios","11":"first","12":"outofstock","13":"sale","14":"shipping-taxable","15":"purchasable","16":"product-type-simple"},"_links":{"self":[{"href":"https:\/\/soydeaqui.ddns.net\/pachuca\/index.php\/wp-json\/wp\/v2\/product\/39308","targetHints":{"allow":["GET"]}}],"collection":[{"href":"https:\/\/soydeaqui.ddns.net\/pachuca\/index.php\/wp-json\/wp\/v2\/product"}],"about":[{"href":"https:\/\/soydeaqui.ddns.net\/pachuca\/index.php\/wp-json\/wp\/v2\/types\/product"}],"replies":[{"embeddable":true,"href":"https:\/\/soydeaqui.ddns.net\/pachuca\/index.php\/wp-json\/wp\/v2\/comments?post=39308"}],"wp:featuredmedia":[{"embeddable":true,"href":"https:\/\/soydeaqui.ddns.net\/pachuca\/index.php\/wp-json\/wp\/v2\/media\/39307"}],"wp:attachment":[{"href":"https:\/\/soydeaqui.ddns.net\/pachuca\/index.php\/wp-json\/wp\/v2\/media?parent=39308"}],"wp:term":[{"taxonomy":"product_brand","embeddable":true,"href":"https:\/\/soydeaqui.ddns.net\/pachuca\/index.php\/wp-json\/wp\/v2\/product_brand?post=39308"},{"taxonomy":"product_cat","embeddable":true,"href":"https:\/\/soydeaqui.ddns.net\/pachuca\/index.php\/wp-json\/wp\/v2\/product_cat?post=39308"},{"taxonomy":"product_tag","embeddable":true,"href":"https:\/\/soydeaqui.ddns.net\/pachuca\/index.php\/wp-json\/wp\/v2\/product_tag?post=39308"}],"curies":[{"name":"wp","href":"https:\/\/api.w.org\/{rel}","templated":true}]}}