{"id":39304,"date":"2026-03-18T17:18:34","date_gmt":"2026-03-18T17:18:34","guid":{"rendered":"https:\/\/soydeaqui.ddns.net\/pachuca\/index.php\/producto\/ventilador-de-techo-con-luminario-led-de-110-v-ca-50-60-hz-88-w-4500-lm-6500-4-000-2-700-k-3-tonos-de-luz-1075-mm-6-velocidades-no-dimeable-2\/"},"modified":"2026-03-18T17:18:34","modified_gmt":"2026-03-18T17:18:34","slug":"ventilador-de-techo-con-luminario-led-de-110-v-ca-50-60-hz-88-w-4500-lm-6500-4-000-2-700-k-3-tonos-de-luz-1075-mm-6-velocidades-no-dimeable-2","status":"publish","type":"product","link":"https:\/\/soydeaqui.ddns.net\/pachuca\/index.php\/producto\/ventilador-de-techo-con-luminario-led-de-110-v-ca-50-60-hz-88-w-4500-lm-6500-4-000-2-700-k-3-tonos-de-luz-1075-mm-6-velocidades-no-dimeable-2\/","title":{"rendered":"Ventilador de Techo con Luminario LED de  110 V CA 50\/60 Hz \/  88 W \/4500 Lm \/ 6500 &#8211; 4 000 &#8211; 2 700 K \/3 Tonos de Luz \/ 1075 mm \/ 6 Velocidades \/No Dimeable."},"content":{"rendered":"<div style='width: 100%; max-width: 1200px; margin: 0 auto; font-family: sans-serif; line-height: 1.6; color: inherit; background-color: transparent;'> <!-- Secci\u00f3n de caracter\u00edsticas --> <\/p>\n<div style='display: flex; flex-wrap: wrap; gap: 30px; margin-bottom: 30px;'>\n<div style='flex: 1 1 300px; min-width: 280px;'>\n<h3 style='font-size: 22px; border-bottom: 2px solid currentColor; padding-bottom: 5px; margin-top: 0; color: inherit; opacity: 0.8;'>Caracter\u00edsticas<\/h3>\n<ul style='padding-left: 20px; font-size: 15px; color: inherit;'>\n<li style='margin-bottom: 5px;'>Ventilador de techo de cristal con aspas de acr\u00edlico transparentes retr\u00e1ctiles de ABS&comma; l\u00e1mpara de LED ideal para sala de estar&comma; comedor y dormitorio.<\/li>\n<li style='margin-bottom: 5px;'>Cuatro aspas retr\u00e1ctiles invisibles cuando no esta en funcionamiento.<\/li>\n<li style='margin-bottom: 5px;'>Proporciona viento suave natural&comma; motor silencioso&comma; 6 velocidades diferentes&comma; adem\u00e1s cambia entre tres tonos de color neutro&comma; blanco y c\u00e1lido desde el control remoto.<\/li>\n<\/ul><\/div>\n<\/p><\/div>\n<\/p><\/div>\n","protected":false},"excerpt":{"rendered":"<p>Ventilador de Techo con Luminario LED de  110 V CA 50\/60 Hz \/  88 W \/4500 Lm \/ 6500 &#8211; 4 000 &#8211; 2 700 K \/3 Tonos de Luz \/ 1075 mm \/ 6 Velocidades \/No Dimeable.<\/p>\n","protected":false},"featured_media":39303,"comment_status":"open","ping_status":"closed","template":"","meta":[],"product_brand":[],"product_cat":[1166],"product_tag":[1167,1169,1168],"class_list":{"0":"post-39304","1":"product","2":"type-product","3":"status-publish","4":"has-post-thumbnail","6":"product_cat-uso-interior","7":"product_tag-iluminacion","8":"product_tag-jwj","9":"product_tag-uso-interior","11":"first","12":"instock","13":"sale","14":"shipping-taxable","15":"purchasable","16":"product-type-simple"},"_links":{"self":[{"href":"https:\/\/soydeaqui.ddns.net\/pachuca\/index.php\/wp-json\/wp\/v2\/product\/39304","targetHints":{"allow":["GET"]}}],"collection":[{"href":"https:\/\/soydeaqui.ddns.net\/pachuca\/index.php\/wp-json\/wp\/v2\/product"}],"about":[{"href":"https:\/\/soydeaqui.ddns.net\/pachuca\/index.php\/wp-json\/wp\/v2\/types\/product"}],"replies":[{"embeddable":true,"href":"https:\/\/soydeaqui.ddns.net\/pachuca\/index.php\/wp-json\/wp\/v2\/comments?post=39304"}],"wp:featuredmedia":[{"embeddable":true,"href":"https:\/\/soydeaqui.ddns.net\/pachuca\/index.php\/wp-json\/wp\/v2\/media\/39303"}],"wp:attachment":[{"href":"https:\/\/soydeaqui.ddns.net\/pachuca\/index.php\/wp-json\/wp\/v2\/media?parent=39304"}],"wp:term":[{"taxonomy":"product_brand","embeddable":true,"href":"https:\/\/soydeaqui.ddns.net\/pachuca\/index.php\/wp-json\/wp\/v2\/product_brand?post=39304"},{"taxonomy":"product_cat","embeddable":true,"href":"https:\/\/soydeaqui.ddns.net\/pachuca\/index.php\/wp-json\/wp\/v2\/product_cat?post=39304"},{"taxonomy":"product_tag","embeddable":true,"href":"https:\/\/soydeaqui.ddns.net\/pachuca\/index.php\/wp-json\/wp\/v2\/product_tag?post=39304"}],"curies":[{"name":"wp","href":"https:\/\/api.w.org\/{rel}","templated":true}]}}