{"id":39298,"date":"2026-03-18T17:18:26","date_gmt":"2026-03-18T17:18:26","guid":{"rendered":"https:\/\/soydeaqui.ddns.net\/pachuca\/index.php\/producto\/clavija-con-bloqueo-de-media-vuelta-industrial-30-a-125-250-v-ca-3-polos-4-hilos-nema-l14-30p\/"},"modified":"2026-03-18T17:18:27","modified_gmt":"2026-03-18T17:18:27","slug":"clavija-con-bloqueo-de-media-vuelta-industrial-30-a-125-250-v-ca-3-polos-4-hilos-nema-l14-30p","status":"publish","type":"product","link":"https:\/\/soydeaqui.ddns.net\/pachuca\/index.php\/producto\/clavija-con-bloqueo-de-media-vuelta-industrial-30-a-125-250-v-ca-3-polos-4-hilos-nema-l14-30p\/","title":{"rendered":"Clavija con Bloqueo de Media Vuelta Industrial 30 a 125\/250 V CA \/ 3 Polos 4 Hilos \/ Nema L14-30P."},"content":{"rendered":"<div style='width: 100%; max-width: 1200px; margin: 0 auto; font-family: sans-serif; line-height: 1.6; color: inherit; background-color: transparent;'> <!-- Secci\u00f3n de t\u00edtulo --> <\/p>\n<div style='margin-bottom: 30px;'>\n<h2 style='font-size: 24px; color: inherit; opacity: 0.9; margin-top: 0; margin-bottom: 15px;'>Especificaciones<\/h2>\n<\/p><\/div>\n<p> <!-- Secci\u00f3n de cards con especificaciones --> <\/p>\n<div style='display: flex; flex-wrap: wrap; gap: 20px; margin-bottom: 30px;'>\n<div style='flex: 1 1 250px; border: 1px solid rgba(150&comma; 150&comma; 150&comma; 0.4); border-radius: 8px; overflow: hidden; display: flex; flex-direction: column;'>\n<div style='padding: 15px; border-bottom: 1px solid rgba(150&comma; 150&comma; 150&comma; 0.2); font-weight: bold; font-size: 18px; color: inherit; background-color: rgba(0&comma; 0&comma; 0&comma; 0.05);'>Caracter\u00edsticas Generales<\/div>\n<div style='padding: 15px; color: inherit;'>\n<ul style='padding-left: 20px; margin: 0; font-size: 14px; list-style-type: disc;'>\n<li style='margin-bottom: 5px;'><strong>Aplicaci\u00f3n:<\/strong> Servicio industrial<\/li>\n<li style='margin-bottom: 5px;'><strong>Material:<\/strong> Nylon<\/li>\n<li style='margin-bottom: 5px;'><strong>Ambientes de trabajo:<\/strong> Interior seco a menos que se encuentre protegido por medios adicionales<\/li>\n<li style='margin-bottom: 5px;'><strong>Tipo de equipo:<\/strong> Clavija de puesta a tierra<\/li>\n<li style='margin-bottom: 5px;'><strong>Montaje:<\/strong> Montaje en cable<\/li>\n<li style='margin-bottom: 5px;'><strong>Serie:<\/strong> Servicio Industrial<\/li>\n<\/ul><\/div>\n<\/p><\/div>\n<div style='flex: 1 1 250px; border: 1px solid rgba(150&comma; 150&comma; 150&comma; 0.4); border-radius: 8px; overflow: hidden; display: flex; flex-direction: column;'>\n<div style='padding: 15px; border-bottom: 1px solid rgba(150&comma; 150&comma; 150&comma; 0.2); font-weight: bold; font-size: 18px; color: inherit; background-color: rgba(0&comma; 0&comma; 0&comma; 0.05);'>Especificaciones El\u00e9ctricas<\/div>\n<div style='padding: 15px; color: inherit;'>\n<ul style='padding-left: 20px; margin: 0; font-size: 14px; list-style-type: disc;'>\n<li style='margin-bottom: 5px;'><strong>Potencia &#8211; m\u00e1x.:<\/strong> 2<\/li>\n<li style='margin-bottom: 5px;'><strong>Rango de amperaje:<\/strong> 30 A<\/li>\n<li style='margin-bottom: 5px;'><strong>Rango de Voltaje:<\/strong> 125\/250 V CA<\/li>\n<li style='margin-bottom: 5px;'><strong>Fase:<\/strong> Fase \u00fanica<\/li>\n<li style='margin-bottom: 5px;'><strong>N\u00famero de Polos:<\/strong> 3 Polos<\/li>\n<li style='margin-bottom: 5px;'><strong>N\u00famero de Hilos:<\/strong> 4- Hilos<\/li>\n<\/ul><\/div>\n<\/p><\/div>\n<div style='flex: 1 1 250px; border: 1px solid rgba(150&comma; 150&comma; 150&comma; 0.4); border-radius: 8px; overflow: hidden; display: flex; flex-direction: column;'>\n<div style='padding: 15px; border-bottom: 1px solid rgba(150&comma; 150&comma; 150&comma; 0.2); font-weight: bold; font-size: 18px; color: inherit; background-color: rgba(0&comma; 0&comma; 0&comma; 0.05);'>Especificaciones Mec\u00e1nicas<\/div>\n<div style='padding: 15px; color: inherit;'>\n<ul style='padding-left: 20px; margin: 0; font-size: 14px; list-style-type: disc;'>\n<li style='margin-bottom: 5px;'><strong>Tama\u00f1o de Cable:<\/strong> #16 AWG a # 8 AWG<\/li>\n<li style='margin-bottom: 5px;'><strong>Temperatura de Operaci\u00f3n:<\/strong> M\u00e1xima continua de 75 \u00b0C y m\u00ednima de -40 \u00b0C sin impactos<\/li>\n<li style='margin-bottom: 5px;'><strong>Peso:<\/strong> 0.25 lb (0.11 kg)<\/li>\n<li style='margin-bottom: 5px;'><strong>Altura:<\/strong> 2.75 in (69.85 mm)<\/li>\n<li style='margin-bottom: 5px;'><strong>Largo:<\/strong> 2.33 in (59.18 mm)<\/li>\n<li style='margin-bottom: 5px;'><strong>Ancho:<\/strong> 2.33 in (59.18 mm)<\/li>\n<\/ul><\/div>\n<\/p><\/div>\n<div style='flex: 1 1 250px; border: 1px solid rgba(150&comma; 150&comma; 150&comma; 0.4); border-radius: 8px; overflow: hidden; display: flex; flex-direction: column;'>\n<div style='padding: 15px; border-bottom: 1px solid rgba(150&comma; 150&comma; 150&comma; 0.2); font-weight: bold; font-size: 18px; color: inherit; background-color: rgba(0&comma; 0&comma; 0&comma; 0.05);'>Rendimiento<\/div>\n<div style='padding: 15px; color: inherit;'>\n<ul style='padding-left: 20px; margin: 0; font-size: 14px; list-style-type: disc;'>\n<li style='margin-bottom: 5px;'>El\u00e9ctrico &#8211; Interrupci\u00f3n de corriente- Certificado para interrupci\u00f3n de corriente a corriente nominal completa<\/li>\n<li style='margin-bottom: 5px;'>El\u00e9ctrico &#8211; Voltaje diel\u00e9ctrico- Soporta un m\u00ednimo de 2 000 V<\/li>\n<li style='margin-bottom: 5px;'>Ambiental- Inflamabilidad &#8211; V2 o mejor seg\u00fan UL 94\/CSA 22.2 No. 0.17<\/li>\n<li style='margin-bottom: 5px;'>Ambiental &#8211; Resistencia a la humedad &#8211; Idoneidad IP20<\/li>\n<li style='margin-bottom: 5px;'>Mec\u00e1nico- Alojamiento de terminales &#8211; S\u00f3lo conductor s\u00f3lido o trenzado de cobre # 16 # 8 AWG<\/li>\n<li style='margin-bottom: 5px;'>Mec\u00e1nico: Identificaci\u00f3n de terminales- Terminales identificados de acuerdo con UL 498<\/li>\n<\/ul><\/div>\n<\/p><\/div>\n<div style='flex: 1 1 250px; border: 1px solid rgba(150&comma; 150&comma; 150&comma; 0.4); border-radius: 8px; overflow: hidden; display: flex; flex-direction: column;'>\n<div style='padding: 15px; border-bottom: 1px solid rgba(150&comma; 150&comma; 150&comma; 0.2); font-weight: bold; font-size: 18px; color: inherit; background-color: rgba(0&comma; 0&comma; 0&comma; 0.05);'>Certificaciones<\/div>\n<div style='padding: 15px; color: inherit;'>\n<ul style='padding-left: 20px; margin: 0; font-size: 14px; list-style-type: disc;'>\n<li style='margin-bottom: 5px;'>Nema: L14- 30Pl<\/li>\n<\/ul><\/div>\n<\/p><\/div>\n<\/p><\/div>\n<p> <!-- Separador --> <\/p>\n<hr style='border: 0; border-top: 1px solid rgba(150&comma; 150&comma; 150&comma; 0.3); margin: 30px 0;'> <\/div>\n","protected":false},"excerpt":{"rendered":"<p>Clavija con Bloqueo de Media Vuelta Industrial 30 a 125\/250 V CA \/ 3 Polos 4 Hilos \/ Nema L14-30P.<\/p>\n","protected":false},"featured_media":39297,"comment_status":"open","ping_status":"closed","template":"","meta":[],"product_brand":[],"product_cat":[1073],"product_tag":[1074,1066,705],"class_list":{"0":"post-39298","1":"product","2":"type-product","3":"status-publish","4":"has-post-thumbnail","6":"product_cat-apagadores-y-clavijas","7":"product_tag-apagadores-y-clavijas","8":"product_tag-area-electrica","9":"product_tag-hubbell","11":"first","12":"instock","13":"sale","14":"shipping-taxable","15":"purchasable","16":"product-type-simple"},"_links":{"self":[{"href":"https:\/\/soydeaqui.ddns.net\/pachuca\/index.php\/wp-json\/wp\/v2\/product\/39298","targetHints":{"allow":["GET"]}}],"collection":[{"href":"https:\/\/soydeaqui.ddns.net\/pachuca\/index.php\/wp-json\/wp\/v2\/product"}],"about":[{"href":"https:\/\/soydeaqui.ddns.net\/pachuca\/index.php\/wp-json\/wp\/v2\/types\/product"}],"replies":[{"embeddable":true,"href":"https:\/\/soydeaqui.ddns.net\/pachuca\/index.php\/wp-json\/wp\/v2\/comments?post=39298"}],"wp:featuredmedia":[{"embeddable":true,"href":"https:\/\/soydeaqui.ddns.net\/pachuca\/index.php\/wp-json\/wp\/v2\/media\/39297"}],"wp:attachment":[{"href":"https:\/\/soydeaqui.ddns.net\/pachuca\/index.php\/wp-json\/wp\/v2\/media?parent=39298"}],"wp:term":[{"taxonomy":"product_brand","embeddable":true,"href":"https:\/\/soydeaqui.ddns.net\/pachuca\/index.php\/wp-json\/wp\/v2\/product_brand?post=39298"},{"taxonomy":"product_cat","embeddable":true,"href":"https:\/\/soydeaqui.ddns.net\/pachuca\/index.php\/wp-json\/wp\/v2\/product_cat?post=39298"},{"taxonomy":"product_tag","embeddable":true,"href":"https:\/\/soydeaqui.ddns.net\/pachuca\/index.php\/wp-json\/wp\/v2\/product_tag?post=39298"}],"curies":[{"name":"wp","href":"https:\/\/api.w.org\/{rel}","templated":true}]}}