{"id":39293,"date":"2026-03-18T17:18:16","date_gmt":"2026-03-18T17:18:16","guid":{"rendered":"https:\/\/soydeaqui.ddns.net\/pachuca\/index.php\/producto\/modulo-solar-bifacial-portatil-y-flexible-de-220w-recomendado-para-estaciones-portatiles-efd330-efd350-o-efd500-ajuste-de-angulo-carga-eficiente-incluye-cable-xt60-a-mc4\/"},"modified":"2026-03-18T17:18:22","modified_gmt":"2026-03-18T17:18:22","slug":"modulo-solar-bifacial-portatil-y-flexible-de-220w-recomendado-para-estaciones-portatiles-efd330-efd350-o-efd500-ajuste-de-angulo-carga-eficiente-incluye-cable-xt60-a-mc4","status":"publish","type":"product","link":"https:\/\/soydeaqui.ddns.net\/pachuca\/index.php\/producto\/modulo-solar-bifacial-portatil-y-flexible-de-220w-recomendado-para-estaciones-portatiles-efd330-efd350-o-efd500-ajuste-de-angulo-carga-eficiente-incluye-cable-xt60-a-mc4\/","title":{"rendered":"M\u00f3dulo Solar Bifacial, Port\u00e1til y Flexible de 220W Recomendado para Estaciones Port\u00e1tiles EFD330, EFD350 \u00f3 EFD500 \/ Ajuste de \u00c1ngulo \/ Carga Eficiente \/ Incluye Cable XT60 a MC4"},"content":{"rendered":"<div style='width: 100%; max-width: 1200px; margin: 0 auto; font-family: sans-serif; line-height: 1.6; color: inherit; background-color: transparent;'> <!-- Secci\u00f3n principal --> <\/p>\n<div style='margin-bottom: 30px;'>\n<p style='text-align: center; margin-bottom: 20px;'><span style='font-size: 24px; font-weight: bold; color: inherit;'>Potente y port\u00e1til<\/span><\/p>\n<p style='font-size: 16px; color: inherit;'>El panel solar port\u00e1til bifacial EcoFlow <span style='color: #3598db; font-weight: bold;'>EFFLEX220B<\/span> est\u00e1 dise\u00f1ado para ser 10% m\u00e1s compacto que los paneles de 220W comparables&comma; sin afectar la producci\u00f3n de energ\u00eda. Este panel fue creado con un lado principal de 220W y un lado de 155W en la parte posterior para captar la luz ambiental&comma; de esta manera puedes captar hasta un 25% m\u00e1s de energ\u00eda solar y cargar tu generador de energ\u00eda port\u00e1til a\u00fan m\u00e1s r\u00e1pido.<\/p>\n<\/p><\/div>\n<p> <!-- Im\u00e1genes principales --> <\/p>\n<div style='display: flex; flex-wrap: wrap; gap: 20px; margin-bottom: 30px;'>\n<div style='flex: 1 1 300px; min-width: 280px;'> <img style='width: 100%; height: auto; border: 1px solid rgba(150&comma;150&comma;150&comma;0.3); border-radius: 8px;' src='https:\/\/cdn.shopify.com\/s\/files\/1\/0651\/6922\/7998\/files\/220W_1_1800x.png?v=1659321409' alt='Panel solar EcoFlow EFFLEX220B frontal'> <\/div>\n<div style='flex: 1 1 300px; min-width: 280px;'> <img style='width: 100%; height: auto; border: 1px solid rgba(150&comma;150&comma;150&comma;0.3); border-radius: 8px;' src='https:\/\/cdn.shopify.com\/s\/files\/1\/0651\/6922\/7998\/files\/220W_2_1800x.jpg?v=1659321409' alt='Panel solar EcoFlow EFFLEX220B detalles'> <\/div>\n<\/p><\/div>\n<p> <!-- Separador --> <\/p>\n<hr style='border: 0; border-top: 1px solid rgba(150&comma; 150&comma; 150&comma; 0.3); margin: 30px 0;'> <!-- Secci\u00f3n de acorde\u00f3n --> <\/p>\n<div style='margin-bottom: 30px;'>\n<div style='text-align: center; margin-bottom: 20px;'> <span style='font-size: 18px; font-weight: bold; color: #3598db; font-family: sans-serif;'>\u00a1MEN\u00da EXPANDIBLE!<\/span> <\/div>\n<p> <!-- Acorde\u00f3n - Protecci\u00f3n --> <\/p>\n<div style='margin-bottom: 20px; border: 1px solid rgba(150&comma;150&comma;150&comma;0.3); border-radius: 8px;'>\n<div style='padding: 15px; background-color: rgba(200&comma;200&comma;200&comma;0.1); border-bottom: 1px solid rgba(150&comma;150&comma;150&comma;0.2); font-weight: bold; font-size: 16px; color: inherit;'> PROTECCI\u00d3N <\/div>\n<div style='padding: 15px; color: inherit;'>\n<p style='text-align: center; margin-bottom: 15px;'> <span style='font-size: 18px; font-weight: bold; color: #000000;'>\u00a1Y tambi\u00e9n es resistente al agua!<\/span> <\/p>\n<p style='font-size: 14px; margin-bottom: 15px;'> Hemos subido el list\u00f3n con este panel. Es completamente resistente al agua y al polvo. Llueva&comma; haga viento o haga sol&comma; el panel es seguro al contar con un grado de impermeabilidad IP68. <\/p>\n<p> <img style='width: 100%; height: auto; border: 1px solid rgba(150&comma;150&comma;150&comma;0.3); border-radius: 8px;' src='https:\/\/cdn.shopify.com\/s\/files\/1\/0651\/6922\/7998\/files\/220W_6_1800x.png?v=1659320205' alt='Panel solar EcoFlow resistencia al agua'> <\/div>\n<\/p><\/div>\n<p> <!-- Acorde\u00f3n - Contenido del paquete --> <\/p>\n<div style='margin-bottom: 20px; border: 1px solid rgba(150&comma;150&comma;150&comma;0.3); border-radius: 8px;'>\n<div style='padding: 15px; background-color: rgba(200&comma;200&comma;200&comma;0.1); border-bottom: 1px solid rgba(150&comma;150&comma;150&comma;0.2); font-weight: bold; font-size: 16px; color: inherit;'> CONTENIDO <\/div>\n<div style='padding: 15px; color: inherit;'>\n<div style='display: flex; flex-wrap: wrap; gap: 20px;'>\n<div style='flex: 1 1 300px; min-width: 280px;'> <img style='width: 100%; height: auto; border: 1px solid rgba(150&comma;150&comma;150&comma;0.3); border-radius: 8px;' src='https:\/\/cdn.shopify.com\/s\/files\/1\/0651\/6922\/7998\/files\/0001_220W_2400x.jpg?v=1658230070' alt='Contenido del paquete EcoFlow EFFLEX220B'> <\/div>\n<div style='flex: 1 1 300px; min-width: 280px;'>\n<h3 style='text-align: center; font-size: 20px; margin-top: 0; color: inherit;'>EFFLEX220B<\/h3>\n<ul style='padding-left: 20px; font-size: 14px; list-style-type: disc; color: inherit;'>\n<li style='margin-bottom: 5px;'><strong>Panel Solar Bifacial 220W<\/strong><\/li>\n<li style='margin-bottom: 5px;'><strong>Funda protectora del panel solar Bifacial 220W (Kickstand)<\/strong><\/li>\n<li style='margin-bottom: 5px;'><strong>Cable de carga solar a XT60<\/strong><\/li>\n<li style='margin-bottom: 5px;'><strong>Manual de usuario y Tarjeta de Garant\u00eda del Panel Solar Bifacial 220W<\/strong><\/li>\n<li style='margin-bottom: 5px;'><strong>Ganchos Snap<\/strong><\/li>\n<\/ul><\/div>\n<\/p><\/div>\n<\/p><\/div>\n<\/p><\/div>\n<\/p><\/div>\n<p> <!-- Separador --> <\/p>\n<hr style='border: 0; border-top: 1px solid rgba(150&comma; 150&comma; 150&comma; 0.3); margin: 30px 0;'> <!-- Secci\u00f3n de transporte --> <\/p>\n<div style='margin-bottom: 30px;'>\n<p style='text-align: center; font-size: 24px; font-weight: bold; margin-bottom: 20px; color: inherit;'>\u00a1M\u00e1s que una funda de transporte!<\/p>\n<p style='font-size: 14px; color: inherit;'>El panel solar port\u00e1til bifacial EcoFlow <span style='color: #3598db; font-weight: bold;'>EFFLEX220B<\/span> incluye su propia funda de transporte para que puedas llevarlo a cualquier parte. Una vez que llegues a tu destino&comma; simplemente despli\u00e9gala y util\u00edzala como soporte para conseguir una exposici\u00f3n al sol perfecta.<\/p>\n<\/p><\/div>\n<p> <!-- Im\u00e1genes adicionales --> <\/p>\n<div style='display: flex; flex-wrap: wrap; gap: 20px; margin-bottom: 30px;'>\n<div style='flex: 1 1 300px; min-width: 280px;'> <img style='width: 100%; height: auto; border: 1px solid rgba(150&comma;150&comma;150&comma;0.3); border-radius: 8px;' src='https:\/\/ftp3.syscom.mx\/usuarios\/fotos\/EFFLEX220B\/216309-portatil.jpg' alt='Panel solar EcoFlow transporte'> <\/div>\n<div style='flex: 1 1 300px; min-width: 280px;'> <img style='width: 100%; height: auto; border: 1px solid rgba(150&comma;150&comma;150&comma;0.3); border-radius: 8px;' src='https:\/\/ftp3.syscom.mx\/usuarios\/fotos\/EFFLEX220B\/216309-inlinacion.jpg' alt='Panel solar EcoFlow inclinaci\u00f3n'> <\/div>\n<\/p><\/div>\n<\/p><\/div>\n","protected":false},"excerpt":{"rendered":"<p>M\u00f3dulo Solar Bifacial, Port\u00e1til y Flexible de 220W Recomendado para Estaciones Port\u00e1tiles EFD330, EFD350 \u00f3 EFD500 \/ Ajuste de \u00c1ngulo \/ Carga Eficiente \/ Incluye Cable XT60 a MC4<\/p>\n","protected":false},"featured_media":39292,"comment_status":"open","ping_status":"closed","template":"","meta":[],"product_brand":[],"product_cat":[1100],"product_tag":[1116,1101,1102],"class_list":{"0":"post-39293","1":"product","2":"type-product","3":"status-publish","4":"has-post-thumbnail","6":"product_cat-ups-no-break","7":"product_tag-ecoflow","8":"product_tag-respaldo-de-energia","9":"product_tag-ups-no-break","11":"first","12":"outofstock","13":"sale","14":"shipping-taxable","15":"purchasable","16":"product-type-simple"},"_links":{"self":[{"href":"https:\/\/soydeaqui.ddns.net\/pachuca\/index.php\/wp-json\/wp\/v2\/product\/39293","targetHints":{"allow":["GET"]}}],"collection":[{"href":"https:\/\/soydeaqui.ddns.net\/pachuca\/index.php\/wp-json\/wp\/v2\/product"}],"about":[{"href":"https:\/\/soydeaqui.ddns.net\/pachuca\/index.php\/wp-json\/wp\/v2\/types\/product"}],"replies":[{"embeddable":true,"href":"https:\/\/soydeaqui.ddns.net\/pachuca\/index.php\/wp-json\/wp\/v2\/comments?post=39293"}],"wp:featuredmedia":[{"embeddable":true,"href":"https:\/\/soydeaqui.ddns.net\/pachuca\/index.php\/wp-json\/wp\/v2\/media\/39292"}],"wp:attachment":[{"href":"https:\/\/soydeaqui.ddns.net\/pachuca\/index.php\/wp-json\/wp\/v2\/media?parent=39293"}],"wp:term":[{"taxonomy":"product_brand","embeddable":true,"href":"https:\/\/soydeaqui.ddns.net\/pachuca\/index.php\/wp-json\/wp\/v2\/product_brand?post=39293"},{"taxonomy":"product_cat","embeddable":true,"href":"https:\/\/soydeaqui.ddns.net\/pachuca\/index.php\/wp-json\/wp\/v2\/product_cat?post=39293"},{"taxonomy":"product_tag","embeddable":true,"href":"https:\/\/soydeaqui.ddns.net\/pachuca\/index.php\/wp-json\/wp\/v2\/product_tag?post=39293"}],"curies":[{"name":"wp","href":"https:\/\/api.w.org\/{rel}","templated":true}]}}