{"id":39284,"date":"2026-03-18T17:18:05","date_gmt":"2026-03-18T17:18:05","guid":{"rendered":"https:\/\/soydeaqui.ddns.net\/pachuca\/index.php\/producto\/cargador-para-baterias-de-plomo-acido-y-litio-25a-12v-bancos-de-90-a-300-ah-con-cable-de-alimentacion\/"},"modified":"2026-03-18T17:18:06","modified_gmt":"2026-03-18T17:18:06","slug":"cargador-para-baterias-de-plomo-acido-y-litio-25a-12v-bancos-de-90-a-300-ah-con-cable-de-alimentacion","status":"publish","type":"product","link":"https:\/\/soydeaqui.ddns.net\/pachuca\/index.php\/producto\/cargador-para-baterias-de-plomo-acido-y-litio-25a-12v-bancos-de-90-a-300-ah-con-cable-de-alimentacion\/","title":{"rendered":"Cargador para Bater\u00edas de Plomo \u00c1cido y Litio \/ 25A \/ 12V \/ Bancos de 90 a 300 Ah \/ Con cable de alimentaci\u00f3n"},"content":{"rendered":"<div style='width: 100%; max-width: 1200px; margin: 0 auto; font-family: sans-serif; line-height: 1.6; color: inherit; background-color: transparent;'> <!-- Imagen banner --> <\/p>\n<div style='margin-bottom: 30px;'> <img style='width: 100%; height: auto; border: 1px solid rgba(150&comma;150&comma;150&comma;0.3); border-radius: 8px;' src='https:\/\/ftp3.syscom.mx\/usuarios\/fotos\/RS255\/70477-banner-mean-well.jpg' alt='Banner Mean Well'> <\/div>\n<p> <!-- T\u00edtulo --> <\/p>\n<div style='margin-bottom: 30px;'>\n<h2 style='font-size: 24px; color: inherit; opacity: 0.9;'>Expertos en Suministro de Energ\u00eda<\/h2>\n<\/p><\/div>\n<p> <!-- Secci\u00f3n de caracter\u00edsticas --> <\/p>\n<div style='margin-bottom: 30px;'>\n<h3 style='font-size: 22px; border-bottom: 2px solid currentColor; padding-bottom: 5px; margin-top: 0; color: inherit; opacity: 0.8;'>Cargador de Bater\u00edas para Plomo \u00c1cido y Litio<\/h3>\n<h4 style='font-size: 18px; color: inherit; opacity: 0.8; margin-top: 20px; margin-bottom: 15px;'>Caracter\u00edsticas:<\/h4>\n<ul style='padding-left: 20px; font-size: 15px; color: inherit;'>\n<li style='margin-bottom: 10px;'>Rango autom\u00e1tico con voltaje de carga ultra amplio (10&comma;5 ~ 21 V&comma; 21 ~ 42 V&comma; 42 ~ 80 V&comma; 54 ~ 100 V)<\/li>\n<li style='margin-bottom: 10px;'>Protocolo CANBus incorporado para control&comma; configuraci\u00f3n y monitoreo<\/li>\n<li style='margin-bottom: 10px;'>Configure los par\u00e1metros de carga f\u00e1cilmente a trav\u00e9s de la interfaz NFC (NPB-450-xxNFC)<\/li>\n<li style='margin-bottom: 10px;'>Curva de charging programable v\u00eda SBO-001<\/li>\n<li style='margin-bottom: 10px;'>Configuraci\u00f3n manual para 2\/3 etapas y 4 curvas de carga integradas mediante DIP S.W.<\/li>\n<li style='margin-bottom: 10px;'>M\u00faltiples protecciones: Cortocircuito\/Sobretensi\u00f3n\/Sobretemperatura\/Bater\u00eda bajo voltaje\/Polaridad inversa de la bater\u00eda (sin da\u00f1os)<\/li>\n<li style='margin-bottom: 10px;'>Cargador OK y se\u00f1al de bater\u00eda llena<\/li>\n<li style='margin-bottom: 10px;'>Funci\u00f3n de compensaci\u00f3n de temperatura para prolongar la vida \u00fatil de la bater\u00eda (solo plomo-\u00e1cido)<\/li>\n<li style='margin-bottom: 10px;'>-30\u00b0C~+70\u00b0C amplia temperatura de funcionamiento<\/li>\n<li style='margin-bottom: 10px;'>Ventilador CC con control t\u00e9rmico para reducci\u00f3n de ruido.<\/li>\n<li style='margin-bottom: 10px;'>Control remoto de encendido\/apagado<\/li>\n<li style='margin-bottom: 10px;'>Programador inteligente disponible (se vende por separado)<\/li>\n<li style='margin-bottom: 10px;'>Accesorio de asa de transporte disponible (se vende por separado)<\/li>\n<li style='margin-bottom: 10px;'>Adecuado para bater\u00edas de plomo-\u00e1cido (Pb) y de iones de litio.<\/li>\n<\/ul><\/div>\n<p> <!-- Imagen producto --> <\/p>\n<div style='margin-bottom: 30px;'> <img style='width: 100%; height: auto; border: 1px solid rgba(150&comma;150&comma;150&comma;0.3); border-radius: 8px;' src='https:\/\/ftp3.syscom.mx\/usuarios\/fotos\/NPP45024\/225887-npb-450-1.png' alt='Cargador Mean Well'> <\/div>\n<p> <!-- Especificaciones t\u00e9cnicas --> <\/p>\n<div style='margin-bottom: 30px;'>\n<h3 style='font-size: 22px; border-bottom: 2px solid currentColor; padding-bottom: 5px; margin-top: 0; color: inherit; opacity: 0.8;'>Especificaciones T\u00e9cnicas<\/h3>\n<ul style='padding-left: 20px; font-size: 15px; color: inherit;'>\n<li style='margin-bottom: 5px;'>Voltaje de Entrada: 90-264 Vca 47-63 Hz<\/li>\n<li style='margin-bottom: 5px;'>Voltaje de Salida: 12Vcc<\/li>\n<li style='margin-bottom: 5px;'>Corriente de Salida: 25A<\/li>\n<li style='margin-bottom: 5px;'>Potencia de Salida: 420W<\/li>\n<li style='margin-bottom: 5px;'>Dimensiones: 205 x 55 x 135 mm<\/li>\n<\/ul><\/div>\n<p> <!-- Imagen diagrama --> <\/p>\n<div style='margin-bottom: 30px;'> <img style='width: 100%; height: auto; border: 1px solid rgba(150&comma;150&comma;150&comma;0.3); border-radius: 8px;' src='https:\/\/ftp3.syscom.mx\/usuarios\/fotos\/NPP45024\/225887-captura_de_pantalla_2024-04-09_162905.jpg' alt='Diagrama de conexi\u00f3n'> <\/div>\n<p> <!-- Aplicaciones --> <\/p>\n<div style='margin-bottom: 30px;'>\n<h3 style='font-size: 22px; border-bottom: 2px solid currentColor; padding-bottom: 5px; margin-top: 0; color: inherit; opacity: 0.8;'>Aplicaciones<\/h3>\n<ul style='padding-left: 20px; font-size: 15px; color: inherit;'>\n<li style='margin-bottom: 5px;'>AGV<\/li>\n<li style='margin-bottom: 5px;'>E-Bike&comma; E-Scooter&comma; Autocaravana&comma; Autob\u00fas&comma; Veh\u00edculos especiales<\/li>\n<li style='margin-bottom: 5px;'>Cortac\u00e9sped rob\u00f3tico<\/li>\n<li style='margin-bottom: 5px;'>Robot de lavado<\/li>\n<li style='margin-bottom: 5px;'>Embarcaci\u00f3n de recreo&comma; yate personal o barco de trabajo<\/li>\n<li style='margin-bottom: 5px;'>Sistema de vigilancia<\/li>\n<li style='margin-bottom: 5px;'>Estaci\u00f3n base de telecomunicaciones<\/li>\n<li style='margin-bottom: 5px;'>Soluci\u00f3n de respaldo del sistema de radio<\/li>\n<li style='margin-bottom: 5px;'>Equipos o instrumentos con bater\u00eda de respaldo<\/li>\n<\/ul><\/div>\n<p> <!-- Notas --> <\/p>\n<div style='margin-bottom: 30px;'>\n<h4 style='font-size: 18px; color: inherit; opacity: 0.8; margin-top: 20px; margin-bottom: 15px;'>NOTAS:<\/h4>\n<ul style='padding-left: 20px; font-size: 15px; color: inherit;'>\n<li style='margin-bottom: 10px;'>Incluye cable de alimentaci\u00f3n<\/li>\n<li style='margin-bottom: 10px;'>Es necesario el <a href='https:\/\/www.syscom.mx\/producto\/SBP001-MEANWELL-229202.html' style='color: inherit; text-decoration: underline;'>SBP001<\/a> para la programaci\u00f3n para bater\u00edas de litio.<\/li>\n<\/ul><\/div>\n<\/p><\/div>\n","protected":false},"excerpt":{"rendered":"<p>Cargador para Bater\u00edas de Plomo \u00c1cido y Litio \/ 25A \/ 12V \/ Bancos de 90 a 300 Ah \/ Con cable de alimentaci\u00f3n<\/p>\n","protected":false},"featured_media":39283,"comment_status":"open","ping_status":"closed","template":"","meta":[],"product_brand":[],"product_cat":[1108],"product_tag":[1085,1109,876],"class_list":{"0":"post-39284","1":"product","2":"type-product","3":"status-publish","4":"has-post-thumbnail","6":"product_cat-cargadores-de-baterias","7":"product_tag-baterias-y-cargadores","8":"product_tag-cargadores-de-baterias","9":"product_tag-meanwell","11":"first","12":"instock","13":"sale","14":"shipping-taxable","15":"purchasable","16":"product-type-simple"},"_links":{"self":[{"href":"https:\/\/soydeaqui.ddns.net\/pachuca\/index.php\/wp-json\/wp\/v2\/product\/39284","targetHints":{"allow":["GET"]}}],"collection":[{"href":"https:\/\/soydeaqui.ddns.net\/pachuca\/index.php\/wp-json\/wp\/v2\/product"}],"about":[{"href":"https:\/\/soydeaqui.ddns.net\/pachuca\/index.php\/wp-json\/wp\/v2\/types\/product"}],"replies":[{"embeddable":true,"href":"https:\/\/soydeaqui.ddns.net\/pachuca\/index.php\/wp-json\/wp\/v2\/comments?post=39284"}],"wp:featuredmedia":[{"embeddable":true,"href":"https:\/\/soydeaqui.ddns.net\/pachuca\/index.php\/wp-json\/wp\/v2\/media\/39283"}],"wp:attachment":[{"href":"https:\/\/soydeaqui.ddns.net\/pachuca\/index.php\/wp-json\/wp\/v2\/media?parent=39284"}],"wp:term":[{"taxonomy":"product_brand","embeddable":true,"href":"https:\/\/soydeaqui.ddns.net\/pachuca\/index.php\/wp-json\/wp\/v2\/product_brand?post=39284"},{"taxonomy":"product_cat","embeddable":true,"href":"https:\/\/soydeaqui.ddns.net\/pachuca\/index.php\/wp-json\/wp\/v2\/product_cat?post=39284"},{"taxonomy":"product_tag","embeddable":true,"href":"https:\/\/soydeaqui.ddns.net\/pachuca\/index.php\/wp-json\/wp\/v2\/product_tag?post=39284"}],"curies":[{"name":"wp","href":"https:\/\/api.w.org\/{rel}","templated":true}]}}