{"id":39280,"date":"2026-03-18T17:18:02","date_gmt":"2026-03-18T17:18:02","guid":{"rendered":"https:\/\/soydeaqui.ddns.net\/pachuca\/index.php\/producto\/inversor-solar-variador-de-frecuencia-para-bombas-de-agua-ac-de-11kw-14hp-440v-potencia-y-eficiencia-para-aplicaciones-exigentes\/"},"modified":"2026-03-18T17:18:02","modified_gmt":"2026-03-18T17:18:02","slug":"inversor-solar-variador-de-frecuencia-para-bombas-de-agua-ac-de-11kw-14hp-440v-potencia-y-eficiencia-para-aplicaciones-exigentes","status":"publish","type":"product","link":"https:\/\/soydeaqui.ddns.net\/pachuca\/index.php\/producto\/inversor-solar-variador-de-frecuencia-para-bombas-de-agua-ac-de-11kw-14hp-440v-potencia-y-eficiencia-para-aplicaciones-exigentes\/","title":{"rendered":"Inversor Solar &#8211; Variador de Frecuencia para Bombas de Agua AC de 11KW (14HP)   440V: Potencia y Eficiencia para Aplicaciones Exigentes"},"content":{"rendered":"<div style='width: 100%; max-width: 1200px; margin: 0 auto; font-family: sans-serif; line-height: 1.6; color: inherit; background-color: transparent;'>\n<div style='display: flex; flex-wrap: wrap; gap: 30px; margin-bottom: 30px;'>\n<div style='flex: 1 1 300px; min-width: 280px;'>\n<h3 style='font-size: 22px; border-bottom: 2px solid currentColor; padding-bottom: 5px; margin-top: 0; color: inherit; opacity: 0.8;'>Caracter\u00edsticas t\u00e9cnicas<\/h3>\n<ul style='padding-left: 20px; font-size: 15px; color: inherit;'>\n<li style='margin-bottom: 5px;'><strong>Potencia de salida nominal:<\/strong> 11 kW 14HP<\/li>\n<li style='margin-bottom: 5px;'><strong>Voltaje de entrada AC:<\/strong> 380(-15%)~440(+10%) VAC<\/li>\n<li style='margin-bottom: 5px;'><strong>Voltaje de salida AC:<\/strong> 3 fases 0~440 V<\/li>\n<li style='margin-bottom: 5px;'><strong>Voltaje m\u00e1ximo DC:<\/strong> 800 V<\/li>\n<li style='margin-bottom: 5px;'><strong>Voltaje de arranque DC:<\/strong> 300 V<\/li>\n<li style='margin-bottom: 5px;'><strong>Rango recomendado de voltaje DC de entrada:<\/strong> 300~750 V<\/li>\n<li style='margin-bottom: 5px;'><strong>Corriente de entrada nominal:<\/strong> 32 A<\/li>\n<ul style='padding-left: 20px; margin-top: 5px; margin-bottom: 15px;'>\n<li style='margin-bottom: 5px;'><strong>Corriente de salida:<\/strong> 25 A<\/li>\n<\/ul>\n<\/ul><\/div>\n<\/p><\/div>\n<div style='display: flex; flex-wrap: wrap; gap: 30px; margin-bottom: 30px;'>\n<div style='flex: 1 1 300px; min-width: 280px;'>\n<h3 style='font-size: 22px; border-bottom: 2px solid currentColor; padding-bottom: 5px; margin-top: 0; color: inherit; opacity: 0.8;'>Descripci\u00f3n<\/h3>\n<p style='margin-bottom: 15px;'>Inversor variador de frecuencia para bombas AC dise\u00f1ado para bombas de 11kw a 440v<\/p>\n<p style='margin-bottom: 15px;'>F\u00e1cil de instalar&comma; el inversor alimenta por medio de energ\u00eda solar a bombas de agua.<\/p>\n<\/p><\/div>\n<\/p><\/div>\n<div style='display: flex; flex-wrap: wrap; gap: 30px; margin-bottom: 30px;'>\n<div style='flex: 1 1 300px; min-width: 280px;'>\n<h3 style='font-size: 22px; border-bottom: 2px solid currentColor; padding-bottom: 5px; margin-top: 0; color: inherit; opacity: 0.8;'>Caracter\u00edsticas principales<\/h3>\n<ul style='padding-left: 20px; font-size: 15px; color: inherit;'>\n<li style='margin-bottom: 5px;'>MPPT autom\u00e1tico de alta eficiencia<\/li>\n<li style='margin-bottom: 5px;'>La funci\u00f3n de seguimiento del punto de m\u00e1xima potencia garantiza que el sistema obtenga la mayor potencia de salida del panel solar y maximiza la eficiencia del sistema de bombeo.<\/li>\n<li style='margin-bottom: 5px;'>La mejor soluci\u00f3n fuera de la red<\/li>\n<li style='margin-bottom: 5px;'>Para el \u00e1rea fuera de la red&comma; el inversor de bomba solar sin bater\u00eda es la soluci\u00f3n ideal para el bombeo.<\/li>\n<li style='margin-bottom: 5px;'>Protecci\u00f3n profesional de bombas<\/li>\n<li style='margin-bottom: 5px;'>Arranque y paro autom\u00e1tico por la ma\u00f1ana&comma; por dep\u00f3sito lleno y escasez de agua de pozo.<\/li>\n<\/ul><\/div>\n<\/p><\/div>\n<div style='display: flex; flex-wrap: wrap; gap: 30px; margin-bottom: 30px;'>\n<div style='flex: 1 1 100%;'> <img style='width: 100%; height: auto; border: 1px solid rgba(150&comma;150&comma;150&comma;0.3); border-radius: 8px;' src='https:\/\/ftp3.syscom.mx\/usuarios\/jchavez\/conexion%20inversor.jpg' alt=''> <\/div>\n<\/p><\/div>\n<div style='display: flex; flex-wrap: wrap; gap: 30px; margin-bottom: 30px;'>\n<div style='flex: 1 1 100%;'> <img style='width: 100%; height: auto; border: 1px solid rgba(150&comma;150&comma;150&comma;0.3); border-radius: 8px;' src='https:\/\/ftp3.syscom.mx\/usuarios\/mchaparro\/ANDRES\/Usfull.jpeg' alt='usfull'> <\/div>\n<\/p><\/div>\n<div style='display: flex; flex-wrap: wrap; gap: 30px; margin-bottom: 30px;'>\n<div style='flex: 1 1 300px; min-width: 280px;'>\n<h3 style='font-size: 22px; border-bottom: 2px solid currentColor; padding-bottom: 5px; margin-top: 0; color: inherit; opacity: 0.8;'>Restricciones de uso<\/h3>\n<ul style='padding-left: 20px; font-size: 15px; color: inherit;'>\n<li style='margin-bottom: 5px;'><strong>Nota:<\/strong> No es compatible con cajas controladoras ni bombas de 2 capacitores<\/li>\n<li style='margin-bottom: 5px;'><strong>Nota:<\/strong> La distancia entre el inversor y la bomba de agua no debe ser mayor a 50m<\/li>\n<\/ul><\/div>\n<\/p><\/div>\n<\/p><\/div>\n","protected":false},"excerpt":{"rendered":"<p>Inversor Solar &#8211; Variador de Frecuencia para Bombas de Agua AC de 11KW (14HP)   440V: Potencia y Eficiencia para Aplicaciones Exigentes<\/p>\n","protected":false},"featured_media":39279,"comment_status":"open","ping_status":"closed","template":"","meta":[],"product_brand":[],"product_cat":[1184],"product_tag":[1185,1187,1186],"class_list":{"0":"post-39280","1":"product","2":"type-product","3":"status-publish","4":"has-post-thumbnail","6":"product_cat-variadores-y-accesorios","7":"product_tag-bombeo","8":"product_tag-usfull","9":"product_tag-variadores-y-accesorios","11":"first","12":"instock","13":"sale","14":"shipping-taxable","15":"purchasable","16":"product-type-simple"},"_links":{"self":[{"href":"https:\/\/soydeaqui.ddns.net\/pachuca\/index.php\/wp-json\/wp\/v2\/product\/39280","targetHints":{"allow":["GET"]}}],"collection":[{"href":"https:\/\/soydeaqui.ddns.net\/pachuca\/index.php\/wp-json\/wp\/v2\/product"}],"about":[{"href":"https:\/\/soydeaqui.ddns.net\/pachuca\/index.php\/wp-json\/wp\/v2\/types\/product"}],"replies":[{"embeddable":true,"href":"https:\/\/soydeaqui.ddns.net\/pachuca\/index.php\/wp-json\/wp\/v2\/comments?post=39280"}],"wp:featuredmedia":[{"embeddable":true,"href":"https:\/\/soydeaqui.ddns.net\/pachuca\/index.php\/wp-json\/wp\/v2\/media\/39279"}],"wp:attachment":[{"href":"https:\/\/soydeaqui.ddns.net\/pachuca\/index.php\/wp-json\/wp\/v2\/media?parent=39280"}],"wp:term":[{"taxonomy":"product_brand","embeddable":true,"href":"https:\/\/soydeaqui.ddns.net\/pachuca\/index.php\/wp-json\/wp\/v2\/product_brand?post=39280"},{"taxonomy":"product_cat","embeddable":true,"href":"https:\/\/soydeaqui.ddns.net\/pachuca\/index.php\/wp-json\/wp\/v2\/product_cat?post=39280"},{"taxonomy":"product_tag","embeddable":true,"href":"https:\/\/soydeaqui.ddns.net\/pachuca\/index.php\/wp-json\/wp\/v2\/product_tag?post=39280"}],"curies":[{"name":"wp","href":"https:\/\/api.w.org\/{rel}","templated":true}]}}