{"id":3927,"date":"2026-03-18T06:13:36","date_gmt":"2026-03-18T06:13:36","guid":{"rendered":"https:\/\/soydeaqui.ddns.net\/pachuca\/index.php\/producto\/relevador-inalambrico-inteligente-wifi-y-ethernet-industrial-y-residencial-hasta-16a-2-canales\/"},"modified":"2026-03-18T06:13:38","modified_gmt":"2026-03-18T06:13:38","slug":"relevador-inalambrico-inteligente-wifi-y-ethernet-industrial-y-residencial-hasta-16a-2-canales","status":"publish","type":"product","link":"https:\/\/soydeaqui.ddns.net\/pachuca\/index.php\/producto\/relevador-inalambrico-inteligente-wifi-y-ethernet-industrial-y-residencial-hasta-16a-2-canales\/","title":{"rendered":"Relevador inal\u00e1mbrico inteligente WIFI y Ethernet \/ Industrial y residencial \/ Hasta 16A \/ 2 canales"},"content":{"rendered":"<div style='width: 100%; max-width: 1200px; margin: 0 auto; font-family: sans-serif; line-height: 1.6; color: inherit; background-color: transparent;'> <!-- Secci\u00f3n de caracter\u00edsticas --> <\/p>\n<div style='display: flex; flex-wrap: wrap; gap: 30px; margin-bottom: 30px;'>\n<div style='flex: 1 1 300px; min-width: 280px;'>\n<h3 style='font-size: 22px; border-bottom: 2px solid currentColor; padding-bottom: 5px; margin-top: 0; color: inherit; opacity: 0.8;'>Caracter\u00edsticas principales<\/h3>\n<ul style='padding-left: 20px; font-size: 15px; color: inherit;'>\n<li style='margin-bottom: 5px;'><strong>No requiere HUB<\/strong><\/li>\n<li style='margin-bottom: 5px;'><strong>Medici\u00f3n de consumo<\/strong> (solo en AC)<\/li>\n<li style='margin-bottom: 5px;'><strong>Protecci\u00f3n de temperatura<\/strong><\/li>\n<li style='margin-bottom: 5px;'><strong>Protecci\u00f3n de sobrecarga<\/strong><\/li>\n<li style='margin-bottom: 5px;'><strong>Canales:<\/strong> 2<\/li>\n<li style='margin-bottom: 5px;'><strong>Montable en riel DIN<\/strong><\/li>\n<li style='margin-bottom: 5px;'><strong>Conectividad<\/strong> Wifi 2.4 GHz&comma; Bluetooth y Ethernet<\/li>\n<\/ul><\/div>\n<div style='flex: 1 1 300px; min-width: 280px;'>\n<h3 style='font-size: 22px; border-bottom: 2px solid currentColor; padding-bottom: 5px; margin-top: 0; color: inherit; opacity: 0.8;'>Caracter\u00edsticas F\u00edsicas y El\u00e9ctricas<\/h3>\n<ul style='padding-left: 20px; font-size: 15px; color: inherit;'>\n<li style='margin-bottom: 5px;'><strong>Alimentaci\u00f3n AC:<\/strong> 110 &#8211; 230V&comma; 50\/60 Hz<\/li>\n<li style='margin-bottom: 5px;'><strong>Carga m\u00e1xima:<\/strong> 16A por canal&comma; 25A en total<\/li>\n<li style='margin-bottom: 5px;'><strong>Temperatura de operaci\u00f3n:<\/strong> -20\u00b0C a +40\u00b0C<\/li>\n<li style='margin-bottom: 5px;'><strong>Consumo:<\/strong> <4W<\/li>\n<li style='margin-bottom: 5px;'><strong>Dimensiones:<\/strong> 68.5mm x 18.5mm x 89.5mm<\/li>\n<\/ul><\/div>\n<div style='flex: 1 1 300px; min-width: 280px;'>\n<h3 style='font-size: 22px; border-bottom: 2px solid currentColor; padding-bottom: 5px; margin-top: 0; color: inherit; opacity: 0.8;'>Caracter\u00edsticas Destacadas<\/h3>\n<p style='margin-bottom: 15px; color: inherit; font-size: 15px;'> SHELLYPRO2PM de 2 canales con conexi\u00f3n Wi-Fi&comma; LAN y Bluetooth&comma; apto para dom\u00f3tica e instalaciones con mando a distancia. Montable en riel DIN dentro de una caja de interruptores. Funciones de seguridad mejorada y compatible con las plataformas de dom\u00f3tica m\u00e1s utilizadas como control de luces&comma; persianas&comma; puertas de garaje&comma; portones&comma; toldos&comma; cortinas&comma; cubiertas de piscinas&comma; motores AC bidireccionales. <\/p>\n<ul style='padding-left: 20px; font-size: 15px; color: inherit;'>\n<li style='margin-bottom: 5px;'><a href='https:\/\/kb.shelly.cloud\/knowledge-base\/devices' style='color: inherit; text-decoration: underline;'><strong>Base de datos material de apoyo<\/strong><\/a><\/li>\n<\/ul><\/div>\n<\/p><\/div>\n<p> <!-- Separador --> <\/p>\n<hr style='border: 0; border-top: 1px solid rgba(150&comma; 150&comma; 150&comma; 0.3); margin: 30px 0;'> <!-- Secci\u00f3n de im\u00e1genes de instalaci\u00f3n --> <\/p>\n<div style='display: flex; flex-wrap: wrap; gap: 30px; margin-bottom: 30px;'>\n<div style='flex: 1 1 300px; min-width: 280px; text-align: center;'> <img style='width: 100%; max-width: 200px; height: auto; border: 1px solid rgba(150&comma;150&comma;150&comma;0.3); border-radius: 8px; margin-bottom: 15px;' src='https:\/\/ftp3.syscom.mx\/usuarios\/ftp\/single_page\/shelly_img\/install.png' alt='Instalaci\u00f3n'> <\/p>\n<h4 style='color: inherit; margin-top: 0; margin-bottom: 10px; font-size: 18px;'>INSTALAR<\/h4>\n<p style='margin: 0; color: inherit; font-size: 14px;'>Instale su rel\u00e9 ShellyPRO2PM<\/p>\n<\/p><\/div>\n<div style='flex: 1 1 300px; min-width: 280px; text-align: center;'> <img style='width: 100%; max-width: 200px; height: auto; border: 1px solid rgba(150&comma;150&comma;150&comma;0.3); border-radius: 8px; margin-bottom: 15px;' src='https:\/\/ftp3.syscom.mx\/usuarios\/ftp\/single_page\/shelly_img\/download-app.png' alt='Descargar aplicaci\u00f3n'> <\/p>\n<h4 style='color: inherit; margin-top: 0; margin-bottom: 10px; font-size: 18px;'>INSTALAR<\/h4>\n<p style='margin: 0; color: inherit; font-size: 14px;'>Descargue e instale la aplicaci\u00f3n m\u00f3vil gratuita de Google Play o Apple\u00ae App Store.<\/p>\n<\/p><\/div>\n<div style='flex: 1 1 300px; min-width: 280px; text-align: center;'> <img style='width: 100%; max-width: 200px; height: auto; border: 1px solid rgba(150&comma;150&comma;150&comma;0.3); border-radius: 8px; margin-bottom: 15px;' src='https:\/\/ftp3.syscom.mx\/usuarios\/ftp\/single_page\/shelly_img\/manual.png' alt='Manual de usuario'> <\/p>\n<h4 style='color: inherit; margin-top: 0; margin-bottom: 10px; font-size: 18px;'>DESCARGAR<\/h4>\n<p style='margin: 0; color: inherit; font-size: 14px;'>Descargue nuestra Gu\u00eda de usuario y siga las instrucciones.<\/p>\n<\/p><\/div>\n<\/p><\/div>\n<p> <!-- Separador --> <\/p>\n<hr style='border: 0; border-top: 1px solid rgba(150&comma; 150&comma; 150&comma; 0.3); margin: 30px 0;'> <!-- Logotipo de Shelly --> <\/p>\n<div style='text-align: center; margin: 30px 0;'> <img style='width: 100%; max-width: 300px; height: auto; border: none; margin: 0 auto;' src='https:\/\/ftp3.syscom.mx\/usuarios\/ftp\/single_page\/shelly_img\/shelly_logo_white_std.png' alt='Logotipo Shelly'> <\/div>\n<p> <!-- Separador --> <\/p>\n<hr style='border: 0; border-top: 1px solid rgba(150&comma; 150&comma; 150&comma; 0.3); margin: 30px 0;'> <!-- Tabla de especificaciones --> <\/p>\n<div style='text-align: center; margin: 30px 0;'> <img style='width: 100%; max-width: 735px; height: auto; border: 1px solid rgba(150&comma;150&comma;150&comma;0.3); border-radius: 8px;' src='https:\/\/i.ibb.co\/HDBc9xQ\/tabla-shelly.jpg' alt='Tabla de especificaciones'> <\/div>\n<\/p><\/div>\n","protected":false},"excerpt":{"rendered":"<p>Relevador inal\u00e1mbrico inteligente WIFI y Ethernet \/ Industrial y residencial \/ Hasta 16A \/ 2 canales<\/p>\n","protected":false},"featured_media":3926,"comment_status":"open","ping_status":"closed","template":"","meta":[],"product_brand":[],"product_cat":[56],"product_tag":[30,57,58],"class_list":{"0":"post-3927","1":"product","2":"type-product","3":"status-publish","4":"has-post-thumbnail","6":"product_cat-control-de-iluminacion","7":"product_tag-automatizacion-casa-inteligente","8":"product_tag-control-de-iluminacion","9":"product_tag-shelly","11":"first","12":"instock","13":"sale","14":"shipping-taxable","15":"purchasable","16":"product-type-simple"},"_links":{"self":[{"href":"https:\/\/soydeaqui.ddns.net\/pachuca\/index.php\/wp-json\/wp\/v2\/product\/3927","targetHints":{"allow":["GET"]}}],"collection":[{"href":"https:\/\/soydeaqui.ddns.net\/pachuca\/index.php\/wp-json\/wp\/v2\/product"}],"about":[{"href":"https:\/\/soydeaqui.ddns.net\/pachuca\/index.php\/wp-json\/wp\/v2\/types\/product"}],"replies":[{"embeddable":true,"href":"https:\/\/soydeaqui.ddns.net\/pachuca\/index.php\/wp-json\/wp\/v2\/comments?post=3927"}],"wp:featuredmedia":[{"embeddable":true,"href":"https:\/\/soydeaqui.ddns.net\/pachuca\/index.php\/wp-json\/wp\/v2\/media\/3926"}],"wp:attachment":[{"href":"https:\/\/soydeaqui.ddns.net\/pachuca\/index.php\/wp-json\/wp\/v2\/media?parent=3927"}],"wp:term":[{"taxonomy":"product_brand","embeddable":true,"href":"https:\/\/soydeaqui.ddns.net\/pachuca\/index.php\/wp-json\/wp\/v2\/product_brand?post=3927"},{"taxonomy":"product_cat","embeddable":true,"href":"https:\/\/soydeaqui.ddns.net\/pachuca\/index.php\/wp-json\/wp\/v2\/product_cat?post=3927"},{"taxonomy":"product_tag","embeddable":true,"href":"https:\/\/soydeaqui.ddns.net\/pachuca\/index.php\/wp-json\/wp\/v2\/product_tag?post=3927"}],"curies":[{"name":"wp","href":"https:\/\/api.w.org\/{rel}","templated":true}]}}