{"id":39257,"date":"2026-03-18T17:17:28","date_gmt":"2026-03-18T17:17:28","guid":{"rendered":"https:\/\/soydeaqui.ddns.net\/pachuca\/index.php\/producto\/transformador-bipartido-flexible-con-relacion-de-200-5-a\/"},"modified":"2026-03-18T17:17:28","modified_gmt":"2026-03-18T17:17:28","slug":"transformador-bipartido-flexible-con-relacion-de-200-5-a","status":"publish","type":"product","link":"https:\/\/soydeaqui.ddns.net\/pachuca\/index.php\/producto\/transformador-bipartido-flexible-con-relacion-de-200-5-a\/","title":{"rendered":"Transformador bipartido flexible con relaci\u00f3n de 200\/5 A"},"content":{"rendered":"<p class='MsoNormal'><span style='font-family: 'Segoe UI'&comma;sans-serif; color: #0d0d0d; background: white;'><img style='display: block; margin-left: auto; margin-right: auto;' src='data:image\/png;base64&comma;iVBORw0KGgoAAAANSUhEUgAAAMgAAABHCAIAAADN3J\/EAAATyElEQVR4Ae2ceVgT19rAM5mERRQQq5Z9C+ACIhDU4gLiVgErCnUHxQUsgghWBaSyWJWqvRWloCBVkae9WimiooiKbLIJVHaBAIGEnSSQPTP\/fMCU+Ua0irYxvenMcx5yEs6862\/OOfNOgADjBx4BKUSAIAWZuEg8AjAOFg6BVCKAgyWVsOJCcbBwBqQSARwsqYQVF4qDhTMglQjgYEklrLhQHCycAalEAAdLKmHFheJg4QxIJQI4WFIJKy4UBwtnQCoRwMGSSlhxoThYOANSicA\/CyyxWMzhcKTiKC7040bgHwQWi8WKi4tva2v7uBHAtUklAv8UsNrb2z08PNPT06XiJS70o0dA9mDxeLz79x+sWLEyJCQUgqCPHgFcoVQiIGOwOjs7w8MjtLR0Vq92bmlpkYqLuFBZRECWYLW1tbm4rFFQUJo27dOSkhJZuI\/rlFYE\/iawJBJIJIIkElgigcexnHE4nN9++23OHEsCgaiuPvnq1Wv4IiitDMtI7t8AFiSR9D19Sjt5svWHH9oTE5m\/\/NJ9925fTg6nvHywvp5Ppwt7e7G0MZkdISGh06drEghEJaUJoaGhYrFYRu7jaqUVgb8BLGFXV5mTU76pab6ZWf7MmQWzZhWYmz+ztCy0ti6kUstdXDpv3YJEIsQDGo22ePESBQUlAoEIAODnn6\/G6wvSyq1M5f5VsET9\/bW+vnkUyphWMGvW85Urm6KieM3NiIMcDuf69ev6+oYEAhFpenoGubl5r7gvkbTGxFSsW\/fGVu3lNfDiBZ\/Pz8x8uGXLVlvbedbWNmiztZ3n67uvoaEBhqC+nJwXGze+Ucjvbm4dP\/8Mw7BAIEhMTLSysra2pv74Y5xEIkEt4XK533xzjEqdFxkZif0cHfDGjnhgoCs1tXrPngpX14q1a7Htd1dX2smTYj4\/NvZHRCNqtrU11draxt5+aUJCIpfLhSCoubn51KlTixYtHh0zPMDa2mbRoiWXLl1is9kwDAcHB9vYUC9fvoy1JDc3d\/nylUuXOlZXV1++nGRjY+vouOzu3XvYMb\/+emvevPmentu5XG5MzPnRGP6hYkQRlUq19fXdV1tbiz3xfft\/CSwJj9dy9mz+jBlYqvJnzHj++eetMTEDVVXoRNXW1hYUdBBZ\/hCqVFXVL19OGpM2PpNZsX59yZIlb2wvDx8WsFiXL1\/+9FMtEklh2rTpOjq6SNPS0iaTFYlE0pdfbuD19tJOnChxcHijkN83bBh48QKCoKdPc8zMZiLGODgsHRgYQGPHZDKXLVtOIBC\/\/\/4\/6Idv70BiMSMpqdzJqdTe\/vVWtmoV+\/lzPp\/v6+s3bdqnY5q6ugYAgHp6BuXl5V1dXVu2bFVUVFZWVtHWRrzT09XVU1ObDACgpqZWRsZ9sVhsaWkFgmQsNBAEXbqUoKIySUdHt729fefOXciaMHeuVXV1NWp8UNBBAoG4a9duDoezf3+Ajo7eq0132jRNIpFEIil4e\/ugZ31A5y+ABUHd9+4VzZuHparE3r7t4kVhZyckFCLWQBBUXFxsY2NLJiuicxWJpBgWFiYaXR9RuyV8Pp\/B+LMmYrObm5vnzrUmkRR27PCqqqqiYY6vvvIFQbKWlk5\/b6+wu\/vPhAi7u6GRB0erVq0GAJBKnUcmK6qqqmFvS+vq6kxNZwAA+OzZM9S2t3cgiUTY1fVnSgUdHZBEAkEQg8F8+bIB2xoaGgoLCzU1tZSVVTIyMm7e\/HXChIlTp06\/c+fOqHPNzc3N9+5lKCurkMlKcXHxdDpdXV1DTU2jqYmGWiUUCkNDj4Kggr29Q3d3t6PjcgIBRNiytJzLYDCQkY6OywgEYlLS8CXd2dk5oqKZRkMbrb7+5YYNGwEAXLhwMSr8AzofDha3sfF3NzeEqoLZs5+vWNEcHc2j0YZvDEePgYGBlJQUCsUUAIadRBqRSFq92rm9vX101JtfCwsL7927N2YH9vDhw+nTNdXVNXJycsacdu5cDJmsOH\/+AoFAgP6KRmu+f\/9Bbm4u9kMej3fkyBFkcHt7++zZFgAA7t8fgN6Z5uTkqqlN1tCY0tXVhYp6SweCoNra2rS0tOzsp8LRK6qvr+\/Bgwepqb8hrbKyisvlNjY21te\/7Orqqqurr\/3jqLt165aqqjqFYlJTU7Nvnz8AgK\/PFgwGQ0Pjk4kTVW\/cuJmZmUkmK1paWvX09KBWsVisTZs2AwAYGBhUW1trbj6HRFJYsMBu0iQ1AAB37tzd09MzODiop2egqKj8\/PlzFouVnZ398GEWNjKItMjIKAAA1651RYV\/QOcDwRIPDtb5+SEb9vIvvmiLj+fW149RX1dX5+fnr66ugSKFdIyNTbKzn6JZHHMW8lYkEllYzCGTFTMzM9EBEAQlJCSOzPZ6TCYT\/RzpfPWVLwCA\/v7+qGSRSBQeHqGoqLxo0ZL+\/n5UckJCopLSBAMDo4yMDBiGg4IOgiBZW1sXvawTExMR7FBRY3SNecvj8QICDpDJik5OzlwuF4ZhiUSSlPSTuroGkUgiEkkgSI6NjX3yJNvGxtbc3OL27duOjsv09Q319Q0NDIwmTlRVV9c4dSqax+PNn7+ATFZMSEgYoyI\/P59MVkR2peHhEQAAurt\/iV2+GQzG\/PmfEYmkmzd\/ffTokba27sSJqunp6d7eewEAVFVVj47+rqysTElpgp6eQUdHR2Zm5uTJUzQ1tbFChnZvYrHY2dmFSCSFhISMseG93n4IWJBI1Hz2bMHMmc+XL2cmJ\/OZTHQvherOy8uzs1tIIimMoYpEUrh+\/fo76wutra1qapOnTJna0tKKyhQIBCEhoSBIXrDAbowEsVi8ZIk9CJJTUlLQ8RwOx9NzOwCAu3btRjZzEATl5eWZmc0kkRSioo4P7TPYbPZ\/\/3tj8uQpAABevXoVOdfffz8yh6Gi3t7p7u52dV2HzBaIIrFYXFZW9ssv\/01MTJwyZaqS0oTS0tKLFy+RyYr6+oY9PT2nT59B9gYGBkZbt267c+cOhzPQ19enofGJmtrkJ0+yx2i8ePESgUC0saFWVVWvXu0MguTDh49gJ5vKykotLR1VVfW6urqffroyaZKanp4Bg8FgMpmffWYHAODUqdM3b94CguRly5azWKxz52JAkOzg4Djm4unr69PV1Z8wYeK1a8ljbHivt+8N1nDV6smTFxs2tMbECJhMbIEKUTw02aSmplIopmSyIgCQMGCBCgpKBw4Ejse+9PR0EknB2tqmt7cXHT84OOjjM3z9mZrOKCoqqhs9ampq4uMvKiuraGpq12Mmzvb2dnt7BwKBGBNzHhHS09Pj6roOBMlOTsNPkLy9vadMmaqurgGCZAKB6O6+YXBwUCwW29s7EInkqKjjoxr+eKXT6agx2E5LS8uiRUsIBKKr6\/qKigrsWVeuXFFQUDIwMGKxWEeOBI+MWQdBEIfDcXNzJxJJurr6eXl5SHarq6tBkKysrPL99\/\/BCsnJyXVwcCQQiJs3b2UwGJaWVgAAurm5o7oqKyt37\/YGQbKd3SI2mx0REUkiKTg4LOXxeDAM0+l0c\/M5yG4EAEg+Pnu5XO6OHV4EAtHLaydWUWVlJTIdGhoaj39\/iQ0F2n9vsLhNTc3R0Z03b3Lr6wVMpnhgABIIhmvuo8fIQ+X7iYmXT548FRR00MPD09nZhUqdZ2xssn69+5g90+hJr7xCEBQcHAIA4KZNm7ATtVAojI6OVlZWIRJJ06drjqwjhgYGhrq6+kpKEyZNUj16NAzd4sAwXFNTY2REIRJJRUVFMAzz+fywsDBFRWUqdV5DQwON1nz0aNiePd579njPn78AAMAZM2aVlZV1dXVpa+sCADht2qcGBsPykWZkRDl58tQrho6+6evr8\/TcDoLkoVVMS0sHPUVf31BVVV1VVf348W\/5fP6aNWsJBOLZs2eR81pbW+3sFgEAaGFhWVxcDEFQf38\/ctMwcaIq6p2+vuHUqdNJJAVDQ+MnT7IFAsGuXbuJRBKZrKijo4fo0tbWAUGyrq7+jRs3BwcHPTw8AQAMCjqIzka3b982NDQmEIgKCsrR0dEcDsfWdt7QJTd5soaBgRFqsI6OnpLSBGVlleDgkL\/4xbj3A0siENQHBhZaWxctWFDq4FDu7Fy5bVutv39zdDQjOVk0uo9BAieRSIRCIYfD6enpGQpcaOjR0tJS1NXRpLzhVSgUbt++w8TE9MyZM1hQYBhua2s7cOAAhWKCbFDQbQqVanvhwgXs9AbDcGFh4Zw5llZW1iwWC4bhjIwMc\/M51tZUZGslFot5PB535EhPTzczm2lhYXnjxs3y8nIzs5lGRpQxzc5uIfbOEWs3BEEvXrzYsGGjkREFa5i+viGVahsbG9vX18dms1et+pxCMcUKefToka3tfGNjEw8Pz87OThiGs7KyVqxYaWBghJVjajrDw8OzrKwMWWcZDMbOnbtMTWegYwwMjFxc1qSnp\/P5fBaL5e7+pbGxyZ07d1AjBQLB+fMXKBRTS0urtLQ0JpNpZWWDno52DA2NFy5cHB9\/Ed2SohLet\/MeYEEiET0+vsDMDFtfGO6bmBQvXNielIS9H0TsEAqFTU1Np0+fplBM4+Lix1St3mIrn8\/ncrmv1yNgGIYgCKEB+xPdbUhG7uoRyRKJhMvlIssBDMNCoZDL5fL5\/NfhlkgkCGQikQg5Cysc6b\/xRKwLbzwRNQyGYUQFVjsEQYinPB4PDQ5iJ9YA7G9R19CrAhmJxgqViQpET0GigYQIKx\/bH3MlYx18r\/54wYLE4p6HDwup1LFUmZq+2LixLzsbLVwh6kUiUVlZWWRk1Ny51srKKocOHebz+eOxTCwWl5SUIPVldDydTv915CgoeIZdHJEBvb29yJwEQdCtW6mvr7Z0Or2pqQmG4d7e3tu3b+fn52Ozi2rBO39jBMYL1nDVyt09z8QEC9azOXNo334raG\/HzlXIQ4mgoIMUiqmCghKRSFqz5gtknh+P3XV1dcuWrcjMzHz4MOvgwYPJydchCLp27dpQ1S4yMjIo6ODdu3dDQ49mZGRUVlZ+\/fXhn3\/+2c\/PPzAwMCkpKSYmZteu3QUFBREREffv36+rq4uIiDx+\/NvY2NgbN26y2ext2zyPHg1zdnYpLCw8ceLkhQuxNTU1oaGhJ06cCAo6mJWVFRcXFxAQUFpaeu\/evZCQ0JiYmMTExMDAoKysrJFyVGpBQcF4vMDHjAssSChsCA7Ox1I1svwxk5MlmHkIWfjCwyM++WQaUvYlEIgmJmY5ObnjDDQEQWfOnJk92yI8PPzQocN+fv5r17oKBIKIiEhLSysXlzV79nhTqbZubu7r1q13cnJJSUmJijq+cePmnJwcDw\/PlJSUxYuXBAeHhIdHHDp02Nd3X0hI6JIl9v7++3Nych8\/frxixcr+\/v6srKzAwKCvvz60fr17ZGTkF1+sXbNmrbe3j6fn9h07vBDy9u79KirquIPDUi+vnT4+e\/38\/Ldv3+HouLyjo2OcvvzLh70bLIlA0JaQUDB7NjpXFcyeXbVjR39BAVq+4vF4xcXF33xzzNzcAlu7UlZWiYuLR5f\/d8a6s7Nz69Ztmzdv8fTcfvjwkYSEhMjIKOSRsI\/P3ujo744dC9+0abOX187ExMR9+\/yjoo4nJ1\/ft88\/Ozs7LOyb3Nzc\/fsDhgpUAQEHUlNTjxwJ9vb28fff7+u7j0ajNTQ0uLquO3IkeKiyHBkZ5eOz99ixY0Ml3HPnYs6diwkPjwgNPbp+vZufn\/\/58xcCAg7s3r1n\/\/6A06dPR0d\/d+XKFS+vnefOxbzTBXwAEoF3g9X74EGRrS06XRVYWNBOnuRjHsg0NTUFBBwwNZ2BfRpIIBBBkBwUdBCpRI8z3AMDAzQarbe3t66urqmJ1tnZ2dHRIRaLW1paKioq6utfdnR0tLS0lJdXsNlsOp1eXl7OYrEaGxuHbpTa29vZbHZbW1tnZ2dVVdXg4CCTyaysrGxtbW1qahKJRMgaXVHxe39\/f19fX2lpaUdHR2NjY+fIQaPR0tLSEhISqquruVxuU1NTVVUVnU5nMpl0Or2tre3MmbOtrf9frR2nR\/\/aYe8Ai9vQUO7qmkehDINlYlJsZzf85aqR7+UJhcKXL18eOnRYRWUSpgr6xwNBAACdnJxf32j\/awP9b3P8bWBJ+PzhrdXIt2KeWVhU79nDqahAS+1lZWUBAQeWL1\/x2Wd25uYWhoZGmpraGhqfqKhMIpMVZ86cnZOTg998\/dt4Qv39U7AgiaQtPr7AwiKPQnlmYdHyww9jHuAMPWDp6uoa+nvA5ubmmpqasrLyoqKi7OzstLS0K1euPn78+O+qiKC24p3\/oQj8CVgjX8Ic3rCbmpbY2w+XqcbxJxL\/Q27jpko7Am8Gi1tfX+Hmlj9rVp2\/\/2B1Nbr8SdsaXL7cROANYEl4vIaQkJLFi9t\/+knY1YVTJTfJ\/piOjAULgiBmcnL5mjXs4uKPaQeuS84i8ApYkFjMLi5uDAsbrK\/HJyo5y\/RHducVsER9feySEjH+H6o+chLkUd0rYA3PUvjdnzym+eP79CpYH18\/rlFOI4CDJaeJlbVbOFiyzoCc6sfBktPEytotHCxZZ0BO9eNgyWliZe0WDpasMyCn+nGw5DSxsnYLB0vWGZBT\/ThYcppYWbuFgyXrDMipfhwsOU2srN3CwZJ1BuRUPw6WnCZW1m7hYMk6A3KqHwdLThMra7dwsGSdATnVj4Mlp4mVtVs4WLLOgJzqx8GS08TK2i0cLFlnQE7142DJaWJl7db\/AXI1IqChKK1dAAAAAElFTkSuQmCC' alt='' \/><\/span><\/p>\n<p class='MsoNormal'><span style='font-family: 'Segoe UI'&comma;sans-serif; color: #0d0d0d; background: white;'>El transformador bipartido flexible con una relaci\u00f3n de 200\/5 A es una soluci\u00f3n eficiente y vers\u00e1til para tus necesidades de transformaci\u00f3n de corriente en sistemas de medici\u00f3n y control.<\/span><\/p>\n<ul>\n<li><strong>Alta resistencia:<\/strong> Gracias a su aislamiento de 600 volts&comma; ofrecen una protecci\u00f3n superior frente a sobrecargas y variaciones el\u00e9ctricas&comma; opera en 50-60 Hz.<\/li>\n<li><strong>F\u00e1cil instalaci\u00f3n:<\/strong> Su dise\u00f1o bipartido permite una integraci\u00f3n sencilla en cualquier sistema el\u00e9ctrico&comma; sin comprometer la eficiencia con una apertura hasta 90% de su Diametro.<\/li>\n<li><strong>Durabilidad garantizada:<\/strong> Fabricados con materiales de alta calidad que aseguran un funcionamiento prolongado&comma; reduciendo el costo de mantenimiento.<\/li>\n<li><strong>Versatilidad:<\/strong> Ideales para aplicaciones industriales&comma; comerciales y residenciales donde se requiera <span style='background-color: #ffffff;'> transformaci\u00f3n de corriente en sistemas de medici\u00f3n y control.<\/span><\/li>\n<\/ul>\n<p class='MsoNormal'>\n<\/p>\n<p><img style='display: block; margin-left: auto; margin-right: auto;' src='data:image\/png;base64&comma;iVBORw0KGgoAAAANSUhEUgAAASsAAABbCAYAAAAr8aPBAAAQ9UlEQVR4Ae2czesdVxnHu1H\/AXVboXVX33WjWAS7qBARbKlIwYWtKMVValuLqCTdFLXEZOErURrUKnWT+gIVU1otpGZjiCTZSdtkn4QuXLgY+Yx8L0+enrl37pm5M3d+\/T4wOTNnztt8Z+bze54z5+aWxmYFrIAVWIACtyxgjB6iFbACVqAxrPwQWAErsAgFDKtF3CYP0gpYAcPKz4AVsAKLUMCwWsRt8iCtgBUwrPwMWAErsAgFDKtF3CYP0gpYAcPKz4AVsAKLUMCwWsRt8iCtgBUwrPwMWAErsAgFDKtF3CYP0gpYAcPKz4AVsAKLUMCwWsRt8iCtgBUwrPwMWAErsAgFDKtF3CYP0gpYAcPKz4AVsAKLUMCwWsRt8iCtgBUwrPwMWAErsAgFDKtF3CYP0gpYAcPKz4AVsAKLUMCwWsRt8iCtgBUwrPwMWAErsAgFDKs9vU3HT5xo3vb2d7TbO9\/17ubo0Sf2dKQelhWYRgHDahqde\/dy7dq15ssPPLAClYBFSr7NCrxVFTCsZrrzr776avP006dajwmvSfu33f7eFag+8tGPvQlc5L340kurUZ8\/f75hs1mBg66AYTXxHcZz+vRdd62AFD2nuE8ZymLAKUIsltM+oSKho80KHFQFBsPq988+29z58U80h+7+TPPF+76wFxtj+eAd72uOHzu2d\/cNz0iAKaVAqTQ\/1Rdyhw8\/vHfX7AFZgTEUGASrX5w82cLpypUrY4xl1DYYE9D66oNfGbXdIY3hIQlQeE4xnJMXtan906dPr0JHoMYGoNQuKSGmzQocNAUGwQqP6saNG3urCWPbpzFGqPSFU19x49dDgGazAgdNgUGwwnPZZIRibK+cPds8cvjh5rZb39Nuyid0\/Oajj7VQ+cvzz7fnKHvkyNGV18ax6j32jUdaj+mJI0d6hXn0Sf19MM1VEQruwuRdlcLIXfTnNq3AlAoMghWg2WRACdAANgGH9MQPj6\/ABHjiObwh7MwLL65Ax3nmoehTZWl7kwmUm8rt+jxf7ASTriUIeFt4SECNCXOVJ2Uu6\/P33Nt+Newaq+p43qpLIecvWYFJYAWoIqzwdp759W9a6AATwQpIASLK\/vP8heb7PzjWMC8mz4r5p\/vuubeFFuWWACsAhKcTwRPnqvTwUEawiWVL+4CrFOrJc6MOwBo71NRYp0ivX78+RTfuY0EK7BxWfC0ERswfARd9MSSPjeNfnTrV7qMbeZcuXmwnxoEa9ThWvZ\/\/9GeN2iRs3GRzelZ4U3nJQQ7RAEqEDKABWnhflNWGV5XBlT0oABbLdEFtk2brzgORT33yzvaPyrpyQ879+Y9\/atv\/8Ps\/0Lz+2mttU1+6\/\/5mCoDR3xT9DNFnzrrow3351uOPTz6MncNq8itKHc4FKyAUPSXAkT0qysSlDJRncWiXUR54RSDlkJL6sV\/KAsMxjJcYaCgMH6PNUhvA8OW\/v9y+EJ879NkGePGCTGFc2xwv4hTXtk0faP6vCxduqgKouDdERXPY7LDa9eT3XLCKX\/4AEqDJFr2lrjK5Dsd4bBFIeTEofZEXy6yDYKmPUp5ABTh4qXdlwAIwCo70x8szhRlW\/1c56wCouP\/8EZnLZocVogCUXdlcsFJo1\/XlL4Zs24BKOkVgAaXS2iqgJWAN9a40xwg0BC2N5SCl+SU9SNe2zbXsow57ASuE2WZjIr7PfBU3Z25YdUFCc1ldoOl6sK6dfaVhwyLwcjio+oJm1zhUrk+qv6q1sOKv89cfeqgN6bjfhBTfe\/LJm7rGq+JcLkufeS6JY+prDk3t5XI3dRAOqCsvkfYJe+i7FAbGfghN+4ZCpeso9ZPL6VrCcNtxZW10vrY+7UVtf\/KjH7\/pXZRXm7Xp06fGN0Y6Gqw0Ka6J8K6USXMAwsZEefxKiBjbbPS5yeaGVcmzissY8iT5uuu5dPjR5oVbb283laN95qWAXrboWRFyjmU1sAIggIEXnReflwJwcb9JZYIVZcmP5ehXRnuCVC5H\/iZgqW\/aVB8CV4YVZTjHuIGU6nK8zniZY5vqR8+4+qnRBh2H1M+aSVv+IDFOxkgf7Gvuirxt+1ynz7bnRoOVlh3oRvRJAZq+9PUpH8uw5qrPz3zmglWcs8ohWpwkz+e6bmAE1bm7D62KMRelCfc8gR\/7GWPOSp3yYHMvtjU99LGeXnzl8TLQdi6b+wQUlJO3p\/ock78OJPJschnl64WkTb24uR\/lA6Qu07Xkuhpj7CdfL212aSNPJ\/a7Tf1cNmtLu2gYx1fKy+2UxhzHOHR\/NFhxcdtuwEp27Kmn2hXu3\/32d9p1VayvYv\/MX880f3juudYTq\/lpz1ywiiFangDXxDqhoOw\/V642\/z52vHn95C+VtUozqP4bfuIE7ASr2E\/Mj\/2sGh2wU3q4+zTHS8pfa54ThTldL2RuTy++8qnPOEpGPue7bB1o8kvKeNmy4Q1Rlra6bN0Ycz9DtKH\/IfWztrSXx1fK69NnlzY1+XsBK8CEONoADBvH0WMjbGTDq1JZrWpXeJnnsuaCFTdDk9s51CvNIzEPpRDvwoNfawSkdaDSDRes8KRkgEv5gHNMq4EVf4W5Z7z4eAY86PKOyJeVXhzO5XzqkFeyXDaXWXc+t8vxuq1rDPSZ24rjiOeGajO0fkmPOD6NO+b17VN1x0gnhxVzVKxEBzqacxKYEIMNAF29erUtpzzKACQdr0vpQ17YnLAqQYmbVsrHsyK8E7DYj6D62x0faihTMkEpwiqGh2OGgPRfAyuBKc8l7cKzAojrPCuNpRTC8VxFANEOG3AtbaU2dI\/6elYaT602Q+vXwKpvn9JijHQ0WLHyPAOEME8eD+upABApAGHjPPWYe8p1AY5gxvm+oFI7Wr81F6wIw+RZ5S9xglUOz\/CmIrAELkD1xsVLxfsdw70Iqzi5nvspNrRFZg2s9ELUvpCqr2HqZQEg0TjmGeB8l3WVkbcQYdXVD22vAxXnNeauMaoflRuqzdD6US801PiUH\/P6jlk65bGpzW3S0WBFpwCCLUIGDwogrfvqR+iWQ0GEwcPCtgUVdeeGVZzcXjfxDWyiZWCtAxX1oge1rp8xvasaWAkEY4WBPPx4LtxrvDPmjuSlkb\/p5dA1kFKXly9+udM9UT+cowxfAynPdbCtM2AW29QYNW7BYKg2Q+sLPPFaGDcbsGbcWIRV3z7RgHpc81AbFVaEXkAHuKyDE4OPm+aZ8IKUD6iAXh9QMa+Fl0Z4CRipOzes8GYIz7JXxQ2LSxeiN6SbCbAIAZm76vKoVFZe2qalC6VxqI1tU73o29bDw+AF18PLiyDAqK3Si8O5Uj4goQ29\/KQcbwKV+qKsYMI16QUURFSu1A9l+vTDy8o1qh\/29QLHfoZowziH1C9py7yixoxOGPdt2zGjEfeF6x5qo8IKWAg2fVJAdPny5TYkZB\/YEfIBPPZjaAmAFDYqtNvnpQuaR8qT67phghmQIWSrMTwp9TPFotCaMb7V6wCmbIKiPJZ83sdlBWaBVYQUEBLYgFE0PKvfPfPbdsNTAmKASp5YLNu1L7B1nd9VviDSNV8Uw7caryfOSdFXDid1XVo0WtOH2nBapwDejrwRwkc2PBM8FryNPp5ZXc8Hs9aosCrNOwlEpIIU5SKkVIZwDo8KwMQlCzqvr4h9PCrdrrlgJc8JkOS5JI1NIRxl8Iz6eliASRCibimUJNSM82ZdHp7G4nQ3CgAohb48x0AKYBlU2+s9KqwATYYMUCKcU7hXghQ3kfxz\/zh301wXeQAOT4q2a2wuWEXPCaAArwwk4BShw34X2HTttKuvjIKczpHm85ShfJfnFet63wrsswKjwooLJXQDWEyw8yWQ5Qp5Iac8JaVAiXqUIxQEMByPYXPBirHjzUSwAI4cjmVgCWzUZTEn8AJAgC63leep4qp52lFbeFk2K7B0BUaHVRQE+GRPS4BSCtS2Ceti+33254QV4wNGrCaPYWEeN2WAkwCzKQVa8ac1ai+GlYSAhpSUcXoQFNgZrACVgNSVAqra8K6v+HPDSuOMXk9XqEeoBrRiaBjBRT6QAm4lE6yy91Yq6zwrsDQFdgarTZPtzGPtGlTcjH2BFYASePr+Vo86bH09JP1A2rBa2mvo8fZRYGewonPmnVhykLex5qP6XOBcsIpzUfKEBKs819TnOvqUyZ4V\/RB+MudlswJLV2AQrAjj9t3mghWgEJwU9gkm5AMQQUweFPNMKlvSlfKcJxSkfdrA6yJPXhVtE0pi6o85LvVVatd5VmAJCgyCFXNRAIsvePu68aVRP72Z6oYAD4GKeSZZzNf5UlryhIBN11xWbIMyAhPt6NyY\/1OorsepFZhSgcGw6po875O\/6Uthnzb6lJkaVhEqeb4JgOQlCAJKTGO9EqhKbRDy5fVU8q5oG1jarMBSFZgNVoRnLFnA8+kDnCFlpoRVn1XjwAdwUJYtrqcSsIARYONchF+c7+Kc2ih5YzyUQE9tAjObFViqAjuBFR5ThBChYoYNP52RZ0VZ7VOO8hyzEV6qLuU4zu2RF+urvNKpYIVXI4+HVOHYNg9HnOsSZJTiJdVYBCj7NiuwRAVGhxVAwfjixz5LGDA8KYEIj4rzLF3gpzSABuOnNWwYQKIORj3y41KH2DZlOEcZASqmU8EqTnJvszwBjyd6PQBF0BOogJjgJ\/hoIr0Vac0\/1KN9tZVDxTVVfcoK7I0Co8MKL0eG96TV6cAJgAhUAhBl9QNl1dOCUsEKMAEj6sqzUj+0y75AFiGl\/SlgBZwEg74eUIaIrp+Uc4SKbBku0fvqC8Wa8cXxeN8KzK3A6LASYAALANHGhQIPjDwAok3hnsQAPpRVWwITxwKQ8hT+ySNTXZUj3TWsMnSYPxJotK9ri2n8iU1fL4n6cR6qK9xkTHhgGgdpnPvqC7k4Xu9bgTkVGB1W+h8SBA+OtU9oJ4jhLQEaAUjhImJo9btgJc9KXhTtsGHk4ZnJsxK8poQV657kVXWl+bd8wENlCdGAyzYW+8zLEmgrh5HqSynnbVZgSQqMDitgBKCABcbPagQWoAK4BBbO5zkrAYo62qctjmlbJtCpLVLaj5DSPkDbpWkOSSAopXFOKntigKvG4rKE6ClFkJXGoryaPl3HCsylwCBYlUIu8vCEBAqlwCbmU071AU\/0iMhXnsqoHY5pS8eksd2Yzz7t7NqAD4AAWqQx9IqhntZOxbxtwr98HV1fHxXu4T3FsQA0xqjwMLfnYyuwzwoMghUeS4RMBsXcx0Bs117VppsLUOTJAKah4V\/uL3pRhIO5v1zex1ZgqQoMgpUumlCOkG3OjRAQr4uUcfBFUSGixjlXGj2duISgNvzL1xHDwbgvTy6X97EVWKICo8BqiRc+5Zij9yMvi1BsLIvhoNqPc2Rj9eN2rMCcChhWE6jPnJYgQoqnNbZlII4Jw7HH6vasQI0ChlWNahV14ur2XYVnMQTE27JZgYOkgGE10d0EHgArLjEYu2s8OFa3d\/2oeez+3J4VmFIBw2pKtd2XFbAC1QoYVtXSuaIVsAJTKmBYTam2+7ICVqBaAcOqWjpXtAJWYEoFDKsp1XZfVsAKVCtgWFVL54pWwApMqYBhNaXa7ssKWIFqBQyraulc0QpYgSkVMKymVNt9WQErUK2AYVUtnStaASswpQKG1ZRquy8rYAWqFTCsqqVzRStgBaZUwLCaUm33ZQWsQLUChlW1dK5oBazAlAoYVlOq7b6sgBWoVsCwqpbOFa2AFZhSAcNqSrXdlxWwAtUKGFbV0rmiFbACUypgWE2ptvuyAlagWoH\/AY1VPKXVwpi\/AAAAAElFTkSuQmCC' alt='' \/><\/p>\n","protected":false},"excerpt":{"rendered":"<p>Transformador bipartido flexible con relaci\u00f3n de 200\/5 A<\/p>\n","protected":false},"featured_media":39256,"comment_status":"open","ping_status":"closed","template":"","meta":[],"product_brand":[],"product_cat":[1087],"product_tag":[1089,1088,635],"class_list":{"0":"post-39257","1":"product","2":"type-product","3":"status-publish","4":"has-post-thumbnail","6":"product_cat-banco-de-capacitores","7":"product_tag-banco-de-capacitores","8":"product_tag-calidad-de-la-energia","9":"product_tag-total-ground","11":"first","12":"outofstock","13":"sale","14":"shipping-taxable","15":"purchasable","16":"product-type-simple"},"_links":{"self":[{"href":"https:\/\/soydeaqui.ddns.net\/pachuca\/index.php\/wp-json\/wp\/v2\/product\/39257","targetHints":{"allow":["GET"]}}],"collection":[{"href":"https:\/\/soydeaqui.ddns.net\/pachuca\/index.php\/wp-json\/wp\/v2\/product"}],"about":[{"href":"https:\/\/soydeaqui.ddns.net\/pachuca\/index.php\/wp-json\/wp\/v2\/types\/product"}],"replies":[{"embeddable":true,"href":"https:\/\/soydeaqui.ddns.net\/pachuca\/index.php\/wp-json\/wp\/v2\/comments?post=39257"}],"wp:featuredmedia":[{"embeddable":true,"href":"https:\/\/soydeaqui.ddns.net\/pachuca\/index.php\/wp-json\/wp\/v2\/media\/39256"}],"wp:attachment":[{"href":"https:\/\/soydeaqui.ddns.net\/pachuca\/index.php\/wp-json\/wp\/v2\/media?parent=39257"}],"wp:term":[{"taxonomy":"product_brand","embeddable":true,"href":"https:\/\/soydeaqui.ddns.net\/pachuca\/index.php\/wp-json\/wp\/v2\/product_brand?post=39257"},{"taxonomy":"product_cat","embeddable":true,"href":"https:\/\/soydeaqui.ddns.net\/pachuca\/index.php\/wp-json\/wp\/v2\/product_cat?post=39257"},{"taxonomy":"product_tag","embeddable":true,"href":"https:\/\/soydeaqui.ddns.net\/pachuca\/index.php\/wp-json\/wp\/v2\/product_tag?post=39257"}],"curies":[{"name":"wp","href":"https:\/\/api.w.org\/{rel}","templated":true}]}}