{"id":39246,"date":"2026-03-18T17:17:15","date_gmt":"2026-03-18T17:17:15","guid":{"rendered":"https:\/\/soydeaqui.ddns.net\/pachuca\/index.php\/producto\/transformador-bipartido-flexible-con-relacion-de-1600-5-a\/"},"modified":"2026-03-18T17:17:15","modified_gmt":"2026-03-18T17:17:15","slug":"transformador-bipartido-flexible-con-relacion-de-1600-5-a","status":"publish","type":"product","link":"https:\/\/soydeaqui.ddns.net\/pachuca\/index.php\/producto\/transformador-bipartido-flexible-con-relacion-de-1600-5-a\/","title":{"rendered":"Transformador bipartido flexible con relaci\u00f3n de 1600\/5 A"},"content":{"rendered":"<div style='width: 100%; max-width: 1200px; margin: 0 auto; font-family: sans-serif; line-height: 1.6; color: inherit; background-color: transparent;'> <!-- Imagen principal --> <\/p>\n<div style='margin-bottom: 30px;'> <img style='width: 100%; height: auto; border: 1px solid rgba(150&comma;150&comma;150&comma;0.3); border-radius: 8px; display: block; margin: 0 auto;' src='data:image\/png;base64&comma;iVBORw0KGgoAAAANSUhEUgAAAMgAAABHCAIAAADN3J\/EAAATyElEQVR4Ae2ceVgT19rAM5mESSZkQlYQq5Z9C+ACIhDU4gLiVgErCnUHxQUsgghWBaSyWJWqvRWloCBVkae9WimiooiKbLIFYAmETEjCzjM\/5Mv8I1pF25je9OY5DyEJ57zrmzP33HvPmXPO8x8\/gPHDDz88evQI\/8f4gQc84E884P8f8I8\/\/vj06dP4P8YPPPCAP\/HA\/\/8A+X+3b98uLy8vLS199OjR\/wYD97AC73sA\/58D+O9\/\/3v58uX8\/Pz8\/Hw84H884H888P944P8B769\/\/ev9+\/dLS0vz8vKuX7\/+v0HAPazA+z4A\/38A\/\/vf\/\/71r38tKSnJy8vD8\/3\/A8I9rMAHPoD\/\/ve\/\/v7+9fX1d+7cKSoqunPnDv7H+IEHHvAnHvj\/Afjzzz+3trY2NjY2Nzfn5+e3trbif4wfeOABf+KB\/\/8A\/vjjj3fu3Ll9+\/bdu3fz8vIeP36M\/zF+4IEH\/ImH3v8Bz0B6W3F4dAAAAABJRU5ErkJggg==' alt=''> <\/div>\n<p> <!-- Descripci\u00f3n --> <\/p>\n<div style='margin-bottom: 30px; font-size: 15px; color: inherit;'>\n<p style='margin: 0 0 15px 0; color: inherit;'>El transformador bipartido flexible con una relaci\u00f3n de 1600\/5 A es una soluci\u00f3n eficiente y vers\u00e1til para tus necesidades de transformaci\u00f3n de corriente en sistemas de medici\u00f3n y control.<\/p>\n<p> <!-- Caracter\u00edsticas --> <\/p>\n<div style='margin-bottom: 20px;'>\n<h3 style='font-size: 22px; border-bottom: 2px solid currentColor; padding-bottom: 5px; margin-top: 0; margin-bottom: 15px; color: inherit; opacity: 0.8;'>Caracter\u00edsticas<\/h3>\n<ul style='padding-left: 20px; font-size: 15px; color: inherit;'>\n<li style='margin-bottom: 5px;'><strong>Alta resistencia:<\/strong> Gracias a su aislamiento de 600 volts&comma; ofrecen una protecci\u00f3n superior frente a sobrecargas y variaciones el\u00e9ctricas&comma; opera en 50-60 Hz.<\/li>\n<li style='margin-bottom: 5px;'><strong>F\u00e1cil instalaci\u00f3n:<\/strong> Su dise\u00f1o bipartido permite una integraci\u00f3n sencilla en cualquier sistema el\u00e9ctrico&comma; sin comprometer la eficiencia con una apertura hasta 90% de su Diametro.<\/li>\n<li style='margin-bottom: 5px;'><strong>Durabilidad garantizada:<\/strong> Fabricados con materiales de alta calidad que aseguran un funcionamiento prolongado&comma; reduciendo el costo de mantenimiento.<\/li>\n<li style='margin-bottom: 5px;'><strong>Versatilidad:<\/strong> Ideales para aplicaciones industriales&comma; comerciales y residenciales donde se requiera transformaci\u00f3n de corriente en sistemas de medici\u00f3n y control.<\/li>\n<\/ul><\/div>\n<\/p><\/div>\n<p> <!-- Imagen secundaria --> <\/p>\n<div style='margin-bottom: 30px;'> <img style='width: 100%; height: auto; border: 1px solid rgba(150&comma;150&comma;150&comma;0.3); border-radius: 8px; display: block; margin: 0 auto;' src='data:image\/png;base64&comma;iVBORw0KGgoAAAANSUhEUgAAASsAAABbCAYAAAAr8aPBAAAQ9UlEQVR4Ae2czesdVxnHu1H\/AXVboXVX33WjWAS7qBARbKlIwYWtKMVValuLqCTdFLXEZOFrURrUKnWT+gIVU1otpGZjiCTZSdtkn4QuXLgY+Yx8L0+enrl37pnZM3f+frhj5nMmZ+bO3POe58w5595777333nvvvfee69ev3759+\/bt23fu3Ll9+\/b169fH6A0PD2\/YsHH58hV3797F8\/3\/A8I9rMD7PgD\/f4D\/\/ve\/\/v7+DQ0N9+\/fLyoqunPnDp7v\/x8Q7mEF3vcB+P8D+P3339+4caO2tra+vr6iouL+\/fv4H+MHHnjAn3jg\/w\/Af\/\/737t37966dau+vr60tPTu3bv4H+MHHnjAn3jo\/R\/wDKS3FYdHAAAAAElFTkSuQmCC' alt=''> <\/div>\n<\/p><\/div>\n","protected":false},"excerpt":{"rendered":"<p>Transformador bipartido flexible con relaci\u00f3n de 1600\/5 A<\/p>\n","protected":false},"featured_media":39245,"comment_status":"open","ping_status":"closed","template":"","meta":[],"product_brand":[],"product_cat":[1087],"product_tag":[1089,1088,635],"class_list":{"0":"post-39246","1":"product","2":"type-product","3":"status-publish","4":"has-post-thumbnail","6":"product_cat-banco-de-capacitores","7":"product_tag-banco-de-capacitores","8":"product_tag-calidad-de-la-energia","9":"product_tag-total-ground","11":"first","12":"outofstock","13":"sale","14":"shipping-taxable","15":"purchasable","16":"product-type-simple"},"_links":{"self":[{"href":"https:\/\/soydeaqui.ddns.net\/pachuca\/index.php\/wp-json\/wp\/v2\/product\/39246","targetHints":{"allow":["GET"]}}],"collection":[{"href":"https:\/\/soydeaqui.ddns.net\/pachuca\/index.php\/wp-json\/wp\/v2\/product"}],"about":[{"href":"https:\/\/soydeaqui.ddns.net\/pachuca\/index.php\/wp-json\/wp\/v2\/types\/product"}],"replies":[{"embeddable":true,"href":"https:\/\/soydeaqui.ddns.net\/pachuca\/index.php\/wp-json\/wp\/v2\/comments?post=39246"}],"wp:featuredmedia":[{"embeddable":true,"href":"https:\/\/soydeaqui.ddns.net\/pachuca\/index.php\/wp-json\/wp\/v2\/media\/39245"}],"wp:attachment":[{"href":"https:\/\/soydeaqui.ddns.net\/pachuca\/index.php\/wp-json\/wp\/v2\/media?parent=39246"}],"wp:term":[{"taxonomy":"product_brand","embeddable":true,"href":"https:\/\/soydeaqui.ddns.net\/pachuca\/index.php\/wp-json\/wp\/v2\/product_brand?post=39246"},{"taxonomy":"product_cat","embeddable":true,"href":"https:\/\/soydeaqui.ddns.net\/pachuca\/index.php\/wp-json\/wp\/v2\/product_cat?post=39246"},{"taxonomy":"product_tag","embeddable":true,"href":"https:\/\/soydeaqui.ddns.net\/pachuca\/index.php\/wp-json\/wp\/v2\/product_tag?post=39246"}],"curies":[{"name":"wp","href":"https:\/\/api.w.org\/{rel}","templated":true}]}}