{"id":39230,"date":"2026-03-18T17:16:51","date_gmt":"2026-03-18T17:16:51","guid":{"rendered":"https:\/\/soydeaqui.ddns.net\/pachuca\/index.php\/producto\/ups-trifasico-de-20-kva-18-kw-topologia-online-doble-conversion-voltaje-de-208-220-vca-de-l-l-respaldo-de-5-minutos-al-100-de-carga-incluye-modulo-y-banco-de-baterias\/"},"modified":"2026-03-18T17:16:52","modified_gmt":"2026-03-18T17:16:52","slug":"ups-trifasico-de-20-kva-18-kw-topologia-online-doble-conversion-voltaje-de-208-220-vca-de-l-l-respaldo-de-5-minutos-al-100-de-carga-incluye-modulo-y-banco-de-baterias","status":"publish","type":"product","link":"https:\/\/soydeaqui.ddns.net\/pachuca\/index.php\/producto\/ups-trifasico-de-20-kva-18-kw-topologia-online-doble-conversion-voltaje-de-208-220-vca-de-l-l-respaldo-de-5-minutos-al-100-de-carga-incluye-modulo-y-banco-de-baterias\/","title":{"rendered":"UPS Trif\u00e1sico de 20 kVA\/18 kW, Topolog\u00eda Online Doble Conversi\u00f3n, Voltaje de 208\/220 Vca de L-L, Respaldo de 5 Minutos al 100% de Carga, Incluye M\u00f3dulo y Banco de Bater\u00edas"},"content":{"rendered":"<div style='width: 100%; max-width: 1200px; margin: 0 auto; font-family: sans-serif; line-height: 1.6; color: inherit; background-color: transparent;'> <!-- Imagen del logotipo --> <\/p>\n<div style='width: 100%; text-align: center; margin-bottom: 20px;'> <img style='width: 100%; max-width: 600px; height: auto; border: 1px solid rgba(150&comma;150&comma;150&comma;0.3); border-radius: 8px;' src='https:\/\/ftp3.syscom.mx\/usuarios\/fotos\/logotipos\/cyberpower.png' alt='Logo CyberPower'> <\/div>\n<p> <!-- Mensaje de garant\u00eda --> <\/p>\n<div style='margin-bottom: 20px; padding: 15px; border-left: 4px solid rgba(255&comma; 0&comma; 0&comma; 0.5); background-color: rgba(255&comma; 0&comma; 0&comma; 0.05);'>\n<p style='margin: 0; font-weight: bold; color: inherit;'>Este equipo debe ser arrancado por personal autorizado de CyberPower para hacer v\u00e1lida su garant\u00eda.<\/p>\n<\/p><\/div>\n<p> <!-- Enlace a informaci\u00f3n de arranque --> <\/p>\n<div style='margin-bottom: 30px;'>\n<p style='margin: 0; font-weight: bold; color: inherit;'>Para m\u00e1s informaci\u00f3n acerca de los costos por servicio de arranque&comma; servicio de flete y mantenimiento del UPS de click en el siguiente enlace: <a title='Programaci\u00f3n de Arranques Cyberpower' href='https:\/\/drive.google.com\/drive\/folders\/1N6pXNM0NCQlEuFjkrtATXJUubsco3BlK?usp=sharing' target='_blank' rel='noopener' style='color: inherit; text-decoration: underline; font-weight: bold;'>Programaci\u00f3n de Arranques Cyberpower<\/a><\/p>\n<\/p><\/div>\n<p> <!-- Descripci\u00f3n general --> <\/p>\n<div style='margin-bottom: 30px;'>\n<p style='margin: 0 0 15px 0; color: inherit;'>La serie de UPS trif\u00e1sico HSTP33 de CyberPower ofrece tecnolog\u00eda de vanguardia con calidad y confiabilidad&comma; protegiendo centros de datos&comma; equipos inteligentes y dispositivos sensibles contra todas las fluctuaciones el\u00e9ctricas&comma; al tiempo que permite que las soluciones personalizadas satisfagan diferentes requisitos de energ\u00eda de diversos sectores.<\/p>\n<p style='margin: 15px 0 0 0; color: inherit;'>Dise\u00f1ada con la tecnolog\u00eda IGBT integrada y la aritm\u00e9tica de control DSP de alta velocidad&comma; la Serie HSTP33 ofrece un rendimiento superior a trav\u00e9s de una reducci\u00f3n de los componentes&comma; al tiempo que mejora la eficiencia extrema para lograr un menor costo total de propiedad y una menor huella de carbono. Las caracter\u00edsticas como la entrada corregida con un factor de potencia m\u00e1s alto&comma; prestaci\u00f3n en paralelo para la capacidad y redundancia&comma; las opciones de respaldo extendidas&comma; la pantalla gr\u00e1fica f\u00e1cil de usar y la administraci\u00f3n de red SNMP opcional hacen de la Serie HSTP33 el UPS m\u00e1s efectivo en servicio y administraci\u00f3n en su clase.<\/p>\n<\/p><\/div>\n<p> <!-- Secci\u00f3n de aplicaciones --> <\/p>\n<div style='margin-bottom: 30px;'>\n<h3 style='font-size: 22px; border-bottom: 2px solid currentColor; padding-bottom: 5px; margin-top: 0; margin-bottom: 15px; color: inherit; opacity: 0.8;'>Aplicaciones<\/h3>\n<ul style='padding-left: 20px; font-size: 15px; color: inherit; list-style-type: circle;'>\n<li style='margin-bottom: 5px;'>Corporativos y Centros de Datos<\/li>\n<li style='margin-bottom: 5px;'>Aulas inform\u00e1ticas&comma; Centros de Servicio<\/li>\n<li style='margin-bottom: 5px;'>Proveedor de Servicios de Internet (ISP)<\/li>\n<li style='margin-bottom: 5px;'>Centro de Datos de Internet (IDC)<\/li>\n<li style='margin-bottom: 5px;'>Equipo de Telecomunicaci\u00f3n y Redes<\/li>\n<\/ul><\/div>\n<p> <!-- Secci\u00f3n de caracter\u00edsticas --> <\/p>\n<div style='margin-bottom: 30px;'>\n<h3 style='font-size: 22px; border-bottom: 2px solid currentColor; padding-bottom: 5px; margin-top: 0; margin-bottom: 15px; color: inherit; opacity: 0.8;'>Caracter\u00edsticas<\/h3>\n<ul style='padding-left: 20px; font-size: 15px; color: inherit; list-style-type: square;'>\n<li style='margin-bottom: 5px;'>Salida de onda senoidal pura<\/li>\n<li style='margin-bottom: 5px;'>Topolog\u00eda de UPS Online (doble conversi\u00f3n)<\/li>\n<li style='margin-bottom: 5px;'>Disponible con hasta 4 unidades en paralelo<\/li>\n<li style='margin-bottom: 5px;'>Entrada dual<\/li>\n<li style='margin-bottom: 5px;'>Factor de forma en torre<\/li>\n<li style='margin-bottom: 5px;'>Puerto de apagado de emergencia (EPO)<\/li>\n<li style='margin-bottom: 5px;'>Bypass para sobrecargas<\/li>\n<li style='margin-bottom: 5px;'>LCD+LED&comma; Teclado<\/li>\n<li style='margin-bottom: 5px;'>Puertos de conectividad serie (RS232&comma; RS485)<\/li>\n<li style='margin-bottom: 5px;'>Capacidad de gesti\u00f3n remota SNMP (opcional con tarjeta RMCARD205 no incluida)<\/li>\n<li style='margin-bottom: 5px;'>Software de Monitoreo y Gesti\u00f3n<\/li>\n<li style='margin-bottom: 5px;'>Dimensiones del M\u00f3dulo: 1335 x 350 x 738 mm (Alto x Ancho x Profundidad)<\/li>\n<li style='margin-bottom: 5px;'>Dimensiones del Banco de Bater\u00edas: 1188 x 471 x 951 mm (Alto x Ancho x Profundidad)<\/li>\n<\/ul><\/div>\n<p> <!-- Separador final --> <\/p>\n<hr style='border: 0; border-top: 1px solid rgba(150&comma; 150&comma; 150&comma; 0.3); margin: 30px 0;'> <\/div>\n","protected":false},"excerpt":{"rendered":"<p>UPS Trif\u00e1sico de 20 kVA\/18 kW, Topolog\u00eda Online Doble Conversi\u00f3n, Voltaje de 208\/220 Vca de L-L, Respaldo de 5 Minutos al 100% de Carga, Incluye M\u00f3dulo y Banco de Bater\u00edas<\/p>\n","protected":false},"featured_media":39229,"comment_status":"open","ping_status":"closed","template":"","meta":[],"product_brand":[],"product_cat":[1100],"product_tag":[677,1101,1102],"class_list":{"0":"post-39230","1":"product","2":"type-product","3":"status-publish","4":"has-post-thumbnail","6":"product_cat-ups-no-break","7":"product_tag-cyberpower","8":"product_tag-respaldo-de-energia","9":"product_tag-ups-no-break","11":"first","12":"outofstock","13":"sale","14":"shipping-taxable","15":"purchasable","16":"product-type-simple"},"_links":{"self":[{"href":"https:\/\/soydeaqui.ddns.net\/pachuca\/index.php\/wp-json\/wp\/v2\/product\/39230","targetHints":{"allow":["GET"]}}],"collection":[{"href":"https:\/\/soydeaqui.ddns.net\/pachuca\/index.php\/wp-json\/wp\/v2\/product"}],"about":[{"href":"https:\/\/soydeaqui.ddns.net\/pachuca\/index.php\/wp-json\/wp\/v2\/types\/product"}],"replies":[{"embeddable":true,"href":"https:\/\/soydeaqui.ddns.net\/pachuca\/index.php\/wp-json\/wp\/v2\/comments?post=39230"}],"wp:featuredmedia":[{"embeddable":true,"href":"https:\/\/soydeaqui.ddns.net\/pachuca\/index.php\/wp-json\/wp\/v2\/media\/39229"}],"wp:attachment":[{"href":"https:\/\/soydeaqui.ddns.net\/pachuca\/index.php\/wp-json\/wp\/v2\/media?parent=39230"}],"wp:term":[{"taxonomy":"product_brand","embeddable":true,"href":"https:\/\/soydeaqui.ddns.net\/pachuca\/index.php\/wp-json\/wp\/v2\/product_brand?post=39230"},{"taxonomy":"product_cat","embeddable":true,"href":"https:\/\/soydeaqui.ddns.net\/pachuca\/index.php\/wp-json\/wp\/v2\/product_cat?post=39230"},{"taxonomy":"product_tag","embeddable":true,"href":"https:\/\/soydeaqui.ddns.net\/pachuca\/index.php\/wp-json\/wp\/v2\/product_tag?post=39230"}],"curies":[{"name":"wp","href":"https:\/\/api.w.org\/{rel}","templated":true}]}}