{"id":39221,"date":"2026-03-18T17:16:36","date_gmt":"2026-03-18T17:16:36","guid":{"rendered":"https:\/\/soydeaqui.ddns.net\/pachuca\/index.php\/producto\/localizador-electronico-de-vigas-ocultas-de-metal-y-de-madera-con-hasta-1-1-2-de-profundidad\/"},"modified":"2026-03-18T17:16:45","modified_gmt":"2026-03-18T17:16:45","slug":"localizador-electronico-de-vigas-ocultas-de-metal-y-de-madera-con-hasta-1-1-2-de-profundidad","status":"publish","type":"product","link":"https:\/\/soydeaqui.ddns.net\/pachuca\/index.php\/producto\/localizador-electronico-de-vigas-ocultas-de-metal-y-de-madera-con-hasta-1-1-2-de-profundidad\/","title":{"rendered":"Localizador Electr\u00f3nico de Vigas ocultas de Metal y de Madera con hasta 1-1\/2&#8221; de Profundidad"},"content":{"rendered":"<div style='width: 100%; max-width: 1200px; margin: 0 auto; font-family: sans-serif; line-height: 1.6; color: inherit; background-color: transparent;'>\n<div style='display: flex; flex-wrap: wrap; gap: 30px; margin-bottom: 30px;'>\n<div style='flex: 1 1 300px; min-width: 280px;'>\n<h3 style='font-size: 22px; border-bottom: 2px solid currentColor; padding-bottom: 5px; margin-top: 0; color: inherit; opacity: 0.8;'>Caracter\u00edsticas<\/h3>\n<ul style='padding-left: 20px; font-size: 15px; color: inherit;'>\n<li style='margin-bottom: 5px;'>Localizador electr\u00f3nico de vigas que detecta con precisi\u00f3n vigas ocultas de metal y de madera con hasta 1-1\/2&#8221; de profundidad<\/li>\n<li style='margin-bottom: 5px;'>Identificaci\u00f3n clara de las vigas con LED brillantes que abarcan todo el ancho de la viga y alarmas audibles con opci\u00f3n para silenciar<\/li>\n<li style='margin-bottom: 5px;'>Dise\u00f1ado ergon\u00f3micamente con un agarre port\u00e1til y almohadillas de fieltro para proteger las paredes durante su uso<\/li>\n<li style='margin-bottom: 5px;'>Modo de RETENCI\u00d3N que permite un escaneo continuo sin presionar el gatillo para ofrecer un funcionamiento c\u00f3modo<\/li>\n<li style='margin-bottom: 5px;'>Indentaciones centrales en la parte superior e inferior que facilitan el marcado y la identificaci\u00f3n<\/li>\n<li style='margin-bottom: 5px;'>Una ampolla con nivel de burbuja f\u00e1cil de leer que ayuda a una r\u00e1pida alineaci\u00f3n para colgar cuadros y otras aplicaciones&comma; lo que permite manejarlo con una sola mano<\/li>\n<li style='margin-bottom: 5px;'>Incluye (2) bater\u00edas AA&comma; dise\u00f1adas para soportar ca\u00eddas de 6&comma;6&#8242; (2 m) para ofrecer durabilidad<\/li>\n<\/ul><\/div>\n<\/p><\/div>\n<div style='width: 100%; max-width: 800px; margin: 0 auto 30px;'> <img style='width: 100%; height: auto; border: 1px solid rgba(150&comma;150&comma;150&comma;0.3); border-radius: 8px;' src='https:\/\/ftp3.syscom.mx\/usuarios\/fotos\/ESF100\/234858-esf100_app2.jpg' alt=''> <\/div>\n<div style='position: relative; padding-bottom: 56.25%; height: 0; overflow: hidden; margin-bottom: 30px;'>   <\/div>\n<\/p><\/div>\n","protected":false},"excerpt":{"rendered":"<p>Localizador Electr\u00f3nico de Vigas ocultas de Metal y de Madera con hasta 1-1\/2&#8221; de Profundidad<\/p>\n","protected":false},"featured_media":39220,"comment_status":"open","ping_status":"closed","template":"","meta":[],"product_brand":[],"product_cat":[1227],"product_tag":[1058,1228,432],"class_list":{"0":"post-39221","1":"product","2":"type-product","3":"status-publish","4":"has-post-thumbnail","6":"product_cat-herramienta-electrica-a-bateria","7":"product_tag-ferreteria","8":"product_tag-herramienta-electrica-a-bateria","9":"product_tag-klein-tools","11":"first","12":"instock","13":"sale","14":"shipping-taxable","15":"purchasable","16":"product-type-simple"},"_links":{"self":[{"href":"https:\/\/soydeaqui.ddns.net\/pachuca\/index.php\/wp-json\/wp\/v2\/product\/39221","targetHints":{"allow":["GET"]}}],"collection":[{"href":"https:\/\/soydeaqui.ddns.net\/pachuca\/index.php\/wp-json\/wp\/v2\/product"}],"about":[{"href":"https:\/\/soydeaqui.ddns.net\/pachuca\/index.php\/wp-json\/wp\/v2\/types\/product"}],"replies":[{"embeddable":true,"href":"https:\/\/soydeaqui.ddns.net\/pachuca\/index.php\/wp-json\/wp\/v2\/comments?post=39221"}],"wp:featuredmedia":[{"embeddable":true,"href":"https:\/\/soydeaqui.ddns.net\/pachuca\/index.php\/wp-json\/wp\/v2\/media\/39220"}],"wp:attachment":[{"href":"https:\/\/soydeaqui.ddns.net\/pachuca\/index.php\/wp-json\/wp\/v2\/media?parent=39221"}],"wp:term":[{"taxonomy":"product_brand","embeddable":true,"href":"https:\/\/soydeaqui.ddns.net\/pachuca\/index.php\/wp-json\/wp\/v2\/product_brand?post=39221"},{"taxonomy":"product_cat","embeddable":true,"href":"https:\/\/soydeaqui.ddns.net\/pachuca\/index.php\/wp-json\/wp\/v2\/product_cat?post=39221"},{"taxonomy":"product_tag","embeddable":true,"href":"https:\/\/soydeaqui.ddns.net\/pachuca\/index.php\/wp-json\/wp\/v2\/product_tag?post=39221"}],"curies":[{"name":"wp","href":"https:\/\/api.w.org\/{rel}","templated":true}]}}