{"id":3922,"date":"2026-03-18T06:13:32","date_gmt":"2026-03-18T06:13:32","guid":{"rendered":"https:\/\/soydeaqui.ddns.net\/pachuca\/index.php\/producto\/sensor-inalambrico-inteligente-de-inundacion-con-medicion-de-temperatura\/"},"modified":"2026-03-18T06:13:35","modified_gmt":"2026-03-18T06:13:35","slug":"sensor-inalambrico-inteligente-de-inundacion-con-medicion-de-temperatura","status":"publish","type":"product","link":"https:\/\/soydeaqui.ddns.net\/pachuca\/index.php\/producto\/sensor-inalambrico-inteligente-de-inundacion-con-medicion-de-temperatura\/","title":{"rendered":"Sensor inal\u00e1mbrico inteligente de inundaci\u00f3n con medici\u00f3n de temperatura."},"content":{"rendered":"<div style='width: 100%; max-width: 1200px; margin: 0 auto; font-family: sans-serif; line-height: 1.6; color: inherit; background-color: transparent;'>\n<div style='display: flex; flex-wrap: wrap; gap: 30px; margin-bottom: 30px;'>\n<div style='flex: 1 1 300px; min-width: 280px;'>\n<div style='border-left: 5px solid #0091ff; border-radius: 5px; padding: 5px; box-shadow: 2px 2px 10px rgba(216&comma; 216&comma; 216&comma; 0.5); background-color: transparent;'>\n<h3 style='font-size: 22px; border-bottom: 2px solid currentColor; padding-bottom: 5px; margin-top: 0; color: inherit; opacity: 0.8;'>Caracter\u00edsticas principales:<\/h3>\n<ul style='padding-left: 20px; font-size: 15px; color: inherit; list-style-type: disc;'>\n<li style='margin-bottom: 5px;'>No requiere HUB<\/li>\n<li style='margin-bottom: 5px;'>Se integrar para trabajar con todos los dem\u00e1s dispositivos Shelly.<\/li>\n<li style='margin-bottom: 5px;'>Recibir\u00e1 una notificaci\u00f3n inmediatamente si Shelly Flood detecta alg\u00fan l\u00edquido<\/li>\n<li style='margin-bottom: 5px;'>Historial gratis en la nube.<\/li>\n<li style='margin-bottom: 5px;'>Bateria CR123A (no incluida)<\/li>\n<li style='margin-bottom: 5px;'>Conectividad Wifi 2.4GHz<\/li>\n<\/ul>\n<\/div>\n<\/div>\n<div style='flex: 1 1 300px; min-width: 280px;'>\n<div style='border-left: 5px solid #0091ff; border-radius: 5px; padding: 5px; box-shadow: 2px 2px 10px rgba(216&comma; 216&comma; 216&comma; 0.5); background-color: transparent;'>\n<h3 style='font-size: 22px; border-bottom: 2px solid currentColor; padding-bottom: 5px; margin-top: 0; color: inherit; opacity: 0.8;'>Caracter\u00edsticas F\u00edsicas y El\u00e9ctricas:<\/h3>\n<ul style='padding-left: 20px; font-size: 15px; color: inherit; list-style-type: disc;'>\n<li style='margin-bottom: 5px;'>Alimentaci\u00f3n DC: 3V (bater\u00eda CR123A)<\/li>\n<li style='margin-bottom: 5px;'>Temperatura de operaci\u00f3n: -40 a + 40\u00b0C<\/li>\n<li style='margin-bottom: 5px;'>Dimensiones: 70mm x 19mm<\/li>\n<\/ul>\n<\/div>\n<\/div>\n<div style='flex: 1 1 300px; min-width: 280px;'>\n<div style='border-left: 5px solid #0091ff; border-radius: 5px; padding: 5px; box-shadow: 2px 2px 10px rgba(216&comma; 216&comma; 216&comma; 0.5); background-color: transparent;'>\n<h3 style='font-size: 22px; border-bottom: 2px solid currentColor; padding-bottom: 5px; margin-top: 0; color: inherit; opacity: 0.8;'>Ejemplos de instalaci\u00f3n:<\/h3>\n<p style='text-align: justify;'>Shelly Flood detecta cualquier tipo de fuga y tiene un sensor de temperatura incorporado y es el primer sensor de inundaci\u00f3n.<\/p>\n<ul style='padding-left: 20px; margin-top: 15px; font-size: 15px; color: inherit; list-style-type: disc;'>\n<li style='margin-bottom: 5px;'><a href='https:\/\/kb.shelly.cloud\/knowledge-base\/devices' style='color: #0091ff; text-decoration: none; font-weight: bold;'>Base de datos material de apoyo.<\/a><\/li>\n<\/ul>\n<\/div>\n<\/div>\n<\/div>\n<div style='margin: 30px 0;'><\/div>\n<div style='display: flex; flex-wrap: wrap; gap: 20px; margin-bottom: 30px;'>\n<div style='flex: 1 1 300px; min-width: 280px; background-color: #2f9cd7; border-radius: 10px; padding: 20px; color: white; text-align: center;'><img style='width: 100%; height: auto; border: 1px solid rgba(150&comma;150&comma;150&comma;0.3); border-radius: 8px; max-width: 100px; margin: 0 auto 10px;' src='https:\/\/ftp3.syscom.mx\/usuarios\/ftp\/single_page\/shelly_img\/install.png' alt=''><\/p>\n<h4 style='margin-top: 10px; margin-bottom: 10px; color: inherit;'>INSTALAR<\/h4>\n<p style='color: inherit; margin: 0;'>Instale su sensor Shellyflood en una superficie donde se requiera detectar un derrame liquido.<\/p>\n<\/div>\n<div style='flex: 1 1 300px; min-width: 280px; background-color: #2f9cd7; border-radius: 10px; padding: 20px; color: white; text-align: center;'><img style='width: 100%; height: auto; border: 1px solid rgba(150&comma;150&comma;150&comma;0.3); border-radius: 8px; max-width: 100px; margin: 0 auto 10px;' src='https:\/\/ftp3.syscom.mx\/usuarios\/ftp\/single_page\/shelly_img\/download-app.png' alt=''><\/p>\n<h4 style='margin-top: 10px; margin-bottom: 10px; color: inherit;'>INSTALAR<\/h4>\n<p style='color: inherit; margin: 0;'>Descargue e instale la aplicaci\u00f3n m\u00f3vil gratuita de Google Play o Apple\u00ae App Store.<\/p>\n<\/div>\n<div style='flex: 1 1 300px; min-width: 280px; background-color: #2f9cd7; border-radius: 10px; padding: 20px; color: white; text-align: center;'><img style='width: 100%; height: auto; border: 1px solid rgba(150&comma;150&comma;150&comma;0.3); border-radius: 8px; max-width: 100px; margin: 0 auto 10px;' src='https:\/\/ftp3.syscom.mx\/usuarios\/ftp\/single_page\/shelly_img\/manual.png' alt=''><\/p>\n<h4 style='margin-top: 10px; margin-bottom: 10px; color: inherit;'>DESCARGAR<\/h4>\n<p style='color: inherit; margin: 0;'>Descargue nuestra Gu\u00eda de usuario y siga las instrucciones.<\/p>\n<\/div>\n<\/div>\n<div style='margin: 30px 0;'><\/div>\n<div style='background-color: #434342; padding: 30px; border-radius: 10px; text-align: center;'><img style='width: 100%; height: auto; border: 1px solid rgba(150&comma;150&comma;150&comma;0.3); border-radius: 8px; max-width: 200px; margin: 0 auto;' src='https:\/\/ftp3.syscom.mx\/usuarios\/ftp\/single_page\/shelly_img\/shelly_logo_white_std.png' alt=''><\/div>\n<\/div>\n","protected":false},"excerpt":{"rendered":"<p>Sensor inal\u00e1mbrico inteligente de inundaci\u00f3n con medici\u00f3n de temperatura.<\/p>\n","protected":false},"featured_media":3921,"comment_status":"open","ping_status":"closed","template":"","meta":[],"product_brand":[],"product_cat":[148],"product_tag":[30,149,58],"class_list":{"0":"post-3922","1":"product","2":"type-product","3":"status-publish","4":"has-post-thumbnail","6":"product_cat-sensores-y-relevadores","7":"product_tag-automatizacion-casa-inteligente","8":"product_tag-sensores-y-relevadores","9":"product_tag-shelly","11":"first","12":"instock","13":"sale","14":"shipping-taxable","15":"purchasable","16":"product-type-simple"},"_links":{"self":[{"href":"https:\/\/soydeaqui.ddns.net\/pachuca\/index.php\/wp-json\/wp\/v2\/product\/3922","targetHints":{"allow":["GET"]}}],"collection":[{"href":"https:\/\/soydeaqui.ddns.net\/pachuca\/index.php\/wp-json\/wp\/v2\/product"}],"about":[{"href":"https:\/\/soydeaqui.ddns.net\/pachuca\/index.php\/wp-json\/wp\/v2\/types\/product"}],"replies":[{"embeddable":true,"href":"https:\/\/soydeaqui.ddns.net\/pachuca\/index.php\/wp-json\/wp\/v2\/comments?post=3922"}],"wp:featuredmedia":[{"embeddable":true,"href":"https:\/\/soydeaqui.ddns.net\/pachuca\/index.php\/wp-json\/wp\/v2\/media\/3921"}],"wp:attachment":[{"href":"https:\/\/soydeaqui.ddns.net\/pachuca\/index.php\/wp-json\/wp\/v2\/media?parent=3922"}],"wp:term":[{"taxonomy":"product_brand","embeddable":true,"href":"https:\/\/soydeaqui.ddns.net\/pachuca\/index.php\/wp-json\/wp\/v2\/product_brand?post=3922"},{"taxonomy":"product_cat","embeddable":true,"href":"https:\/\/soydeaqui.ddns.net\/pachuca\/index.php\/wp-json\/wp\/v2\/product_cat?post=3922"},{"taxonomy":"product_tag","embeddable":true,"href":"https:\/\/soydeaqui.ddns.net\/pachuca\/index.php\/wp-json\/wp\/v2\/product_tag?post=3922"}],"curies":[{"name":"wp","href":"https:\/\/api.w.org\/{rel}","templated":true}]}}