{"id":39211,"date":"2026-03-18T17:16:23","date_gmt":"2026-03-18T17:16:23","guid":{"rendered":"https:\/\/soydeaqui.ddns.net\/pachuca\/index.php\/producto\/ups-trifasico-de-30-kva-27-kw-topologia-online-doble-conversion-voltaje-de-208-220-vca-de-l-l-respaldo-de-5-minutos-al-100-de-carga-incluye-modulo-y-banco-de-baterias\/"},"modified":"2026-03-18T17:16:23","modified_gmt":"2026-03-18T17:16:23","slug":"ups-trifasico-de-30-kva-27-kw-topologia-online-doble-conversion-voltaje-de-208-220-vca-de-l-l-respaldo-de-5-minutos-al-100-de-carga-incluye-modulo-y-banco-de-baterias","status":"publish","type":"product","link":"https:\/\/soydeaqui.ddns.net\/pachuca\/index.php\/producto\/ups-trifasico-de-30-kva-27-kw-topologia-online-doble-conversion-voltaje-de-208-220-vca-de-l-l-respaldo-de-5-minutos-al-100-de-carga-incluye-modulo-y-banco-de-baterias\/","title":{"rendered":"UPS Trif\u00e1sico de 30 kVA\/27 kW, Topolog\u00eda Online Doble Conversi\u00f3n, Voltaje de 208\/220 Vca de L-L, Respaldo de 5 Minutos al 100% de Carga, Incluye M\u00f3dulo y Banco de Bater\u00edas"},"content":{"rendered":"<div style='width: 100%; max-width: 1200px; margin: 0 auto; font-family: sans-serif; line-height: 1.6; color: inherit; background-color: transparent;'> <!-- Imagen logo --> <\/p>\n<div style='width: 100%; text-align: center; margin: 20px 0;'> <img style='width: 100%; max-width: 600px; height: auto; border: 1px solid rgba(150&comma;150&comma;150&comma;0.3); border-radius: 8px;' src='https:\/\/ftp3.syscom.mx\/usuarios\/fotos\/logotipos\/cyberpower.png' alt='Logo CyberPower'> <\/div>\n<p> <!-- Informaci\u00f3n importante --> <\/p>\n<div style='margin: 30px 0; padding: 20px; border: 1px solid rgba(150&comma;150&comma;150&comma;0.3); border-radius: 8px; background-color: rgba(255&comma; 255&comma; 255&comma; 0.05);'>\n<p style='margin: 0 0 15px 0; font-weight: bold; color: inherit;'> Este equipo debe ser arrancado por personal autorizado de CyberPower para hacer v\u00e1lida su garant\u00eda. <\/p>\n<p style='margin: 0; color: inherit;'> Para m\u00e1s informaci\u00f3n acerca de los costos por servicio de arranque&comma; servicio de flete y mantenimiento del UPS de click en el siguiente enlace: <a style='color: inherit; text-decoration: underline;' href='https:\/\/drive.google.com\/drive\/folders\/1N6pXNM0NCQlEuFjkrtATXJUubsco3BlK?usp=sharing' target='_blank' rel='noopener'> Programaci\u00f3n de Arranques Cyberpower <\/a> <\/p>\n<\/p><\/div>\n<p> <!-- Descripci\u00f3n general --> <\/p>\n<div style='margin: 30px 0;'>\n<p style='margin: 0 0 15px 0; color: inherit;'> La serie de UPS trif\u00e1sico HSTP33 de CyberPower ofrece tecnolog\u00eda de vanguardia con calidad y confiabilidad&comma; protegiendo centros de datos&comma; equipos inteligentes y dispositivos sensibles contra todas las fluctuaciones el\u00e9ctricas&comma; al tiempo que permite que las soluciones personalizadas satisfagan diferentes requisitos de energ\u00eda de diversos sectores. <\/p>\n<p style='margin: 0; color: inherit;'> Dise\u00f1ada con la tecnolog\u00eda IGBT integrada y la aritm\u00e9tica de control DSP de alta velocidad&comma; la Serie HSTP33 ofrece un rendimiento superior a trav\u00e9s de una reducci\u00f3n de los componentes&comma; al tiempo que mejora la eficiencia extrema para lograr un menor costo total de propiedad y una menor huella de carbono. Las caracter\u00edsticas como la entrada corregida con un factor de potencia m\u00e1s alto&comma; prestaci\u00f3n en paralelo para la capacidad y redundancia&comma; las opciones de respaldo extendidas&comma; la pantalla gr\u00e1fica f\u00e1cil de usar y la administraci\u00f3n de red SNMP opcional hacen de la Serie HSTP33 el UPS m\u00e1s efectivo en servicio y administraci\u00f3n en su clase. <\/p>\n<\/p><\/div>\n<p> <!-- Secci\u00f3n de aplicaciones y caracter\u00edsticas --> <\/p>\n<div style='display: flex; flex-wrap: wrap; gap: 30px;'> <!-- Aplicaciones --> <\/p>\n<div style='flex: 1 1 300px; min-width: 280px;'>\n<h3 style='font-size: 22px; border-bottom: 2px solid currentColor; padding-bottom: 5px; margin-top: 0; color: inherit; opacity: 0.8;'>Aplicaciones<\/h3>\n<ul style='padding-left: 20px; font-size: 15px; color: inherit; list-style-type: circle;'>\n<li style='margin-bottom: 5px;'>Corporativos y Centros de Datos<\/li>\n<li style='margin-bottom: 5px;'>Aulas inform\u00e1ticas&comma; Centros de Servicio<\/li>\n<li style='margin-bottom: 5px;'>Proveedor de Servicios de Internet (ISP)<\/li>\n<li style='margin-bottom: 5px;'>Centro de Datos de Internet (IDC)<\/li>\n<li style='margin-bottom: 5px;'>Equipo de Telecomunicaci\u00f3n y Redes<\/li>\n<\/ul><\/div>\n<p> <!-- Caracter\u00edsticas --> <\/p>\n<div style='flex: 1 1 300px; min-width: 280px;'>\n<h3 style='font-size: 22px; border-bottom: 2px solid currentColor; padding-bottom: 5px; margin-top: 0; color: inherit; opacity: 0.8;'>Caracter\u00edsticas<\/h3>\n<ul style='padding-left: 20px; font-size: 15px; color: inherit; list-style-type: square;'>\n<li style='margin-bottom: 5px;'>Salida de onda senoidal pura<\/li>\n<li style='margin-bottom: 5px;'>Topolog\u00eda de UPS Online (doble conversi\u00f3n)<\/li>\n<li style='margin-bottom: 5px;'>Disponible con hasta 4 unidades en paralelo<\/li>\n<li style='margin-bottom: 5px;'>Entrada dual<\/li>\n<li style='margin-bottom: 5px;'>Factor de forma en torre<\/li>\n<li style='margin-bottom: 5px;'>Puerto de apagado de emergencia (EPO)<\/li>\n<li style='margin-bottom: 5px;'>Bypass para sobrecargas<\/li>\n<li style='margin-bottom: 5px;'>LCD+LED&comma; Teclado<\/li>\n<li style='margin-bottom: 5px;'>Puertos de conectividad serie (RS232&comma; RS485)<\/li>\n<li style='margin-bottom: 5px;'>Capacidad de gesti\u00f3n remota SNMP (opcional con tarjeta RMCARD205 no incluida)<\/li>\n<li style='margin-bottom: 5px;'>Software de Monitoreo y Gesti\u00f3n<\/li>\n<li style='margin-bottom: 5px;'>Dimensiones del M\u00f3dulo: 1335 x 350 x 738 mm (Alto x Ancho x Profundidad)<\/li>\n<li style='margin-bottom: 5px;'>1 A\u00f1o de garant\u00eda<\/li>\n<\/ul><\/div>\n<\/p><\/div>\n<p> <!-- Separador final --> <\/p>\n<hr style='border: 0; border-top: 1px solid rgba(150&comma; 150&comma; 150&comma; 0.3); margin: 30px 0;'> <\/div>\n","protected":false},"excerpt":{"rendered":"<p>UPS Trif\u00e1sico de 30 kVA\/27 kW, Topolog\u00eda Online Doble Conversi\u00f3n, Voltaje de 208\/220 Vca de L-L, Respaldo de 5 Minutos al 100% de Carga, Incluye M\u00f3dulo y Banco de Bater\u00edas<\/p>\n","protected":false},"featured_media":39210,"comment_status":"open","ping_status":"closed","template":"","meta":[],"product_brand":[],"product_cat":[1100],"product_tag":[677,1101,1102],"class_list":{"0":"post-39211","1":"product","2":"type-product","3":"status-publish","4":"has-post-thumbnail","6":"product_cat-ups-no-break","7":"product_tag-cyberpower","8":"product_tag-respaldo-de-energia","9":"product_tag-ups-no-break","11":"first","12":"instock","13":"sale","14":"shipping-taxable","15":"purchasable","16":"product-type-simple"},"_links":{"self":[{"href":"https:\/\/soydeaqui.ddns.net\/pachuca\/index.php\/wp-json\/wp\/v2\/product\/39211","targetHints":{"allow":["GET"]}}],"collection":[{"href":"https:\/\/soydeaqui.ddns.net\/pachuca\/index.php\/wp-json\/wp\/v2\/product"}],"about":[{"href":"https:\/\/soydeaqui.ddns.net\/pachuca\/index.php\/wp-json\/wp\/v2\/types\/product"}],"replies":[{"embeddable":true,"href":"https:\/\/soydeaqui.ddns.net\/pachuca\/index.php\/wp-json\/wp\/v2\/comments?post=39211"}],"wp:featuredmedia":[{"embeddable":true,"href":"https:\/\/soydeaqui.ddns.net\/pachuca\/index.php\/wp-json\/wp\/v2\/media\/39210"}],"wp:attachment":[{"href":"https:\/\/soydeaqui.ddns.net\/pachuca\/index.php\/wp-json\/wp\/v2\/media?parent=39211"}],"wp:term":[{"taxonomy":"product_brand","embeddable":true,"href":"https:\/\/soydeaqui.ddns.net\/pachuca\/index.php\/wp-json\/wp\/v2\/product_brand?post=39211"},{"taxonomy":"product_cat","embeddable":true,"href":"https:\/\/soydeaqui.ddns.net\/pachuca\/index.php\/wp-json\/wp\/v2\/product_cat?post=39211"},{"taxonomy":"product_tag","embeddable":true,"href":"https:\/\/soydeaqui.ddns.net\/pachuca\/index.php\/wp-json\/wp\/v2\/product_tag?post=39211"}],"curies":[{"name":"wp","href":"https:\/\/api.w.org\/{rel}","templated":true}]}}