{"id":392,"date":"2026-03-18T05:39:16","date_gmt":"2026-03-18T05:39:16","guid":{"rendered":"https:\/\/soydeaqui.ddns.net\/pachuca\/index.php\/producto\/estacion-de-alarma-de-panico-con-videollamada-camara-ip-4-mp-audio-bidireccional-altavoz-30-w-sirena-azul-y-rojo-rs-485-micro-sd-montaje-en-suelo-montaje-para-ptz-no-incluye-ptz\/"},"modified":"2026-03-18T05:39:16","modified_gmt":"2026-03-18T05:39:16","slug":"estacion-de-alarma-de-panico-con-videollamada-camara-ip-4-mp-audio-bidireccional-altavoz-30-w-sirena-azul-y-rojo-rs-485-micro-sd-montaje-en-suelo-montaje-para-ptz-no-incluye-ptz","status":"publish","type":"product","link":"https:\/\/soydeaqui.ddns.net\/pachuca\/index.php\/producto\/estacion-de-alarma-de-panico-con-videollamada-camara-ip-4-mp-audio-bidireccional-altavoz-30-w-sirena-azul-y-rojo-rs-485-micro-sd-montaje-en-suelo-montaje-para-ptz-no-incluye-ptz\/","title":{"rendered":"Estaci\u00f3n de Alarma de P\u00e1nico con Videollamada \/ C\u00e1mara IP 4 MP\/ Audio Bidireccional \/ Altavoz 30 W \/ Sirena (Azul y Rojo) \/ RS-485 \/ Micro SD \/ Montaje en Suelo \/ Montaje para PTZ (No Incluye PTZ)"},"content":{"rendered":"<div style=\"width: 100%; max-width: 1200px; margin: 0 auto; font-family: sans-serif; line-height: 1.6; color: inherit; background-color: transparent;\"><!-- Logo --> <\/p>\n<div style=\"text-align: center; margin: 30px 0;\"><img decoding=\"async\" style=\"width: 45%; height: auto; border: 1px solid rgba(150&comma;150&comma;150&comma;0.3); border-radius: 8px;\" src=\"https:\/\/ftp3.syscom.mx\/usuarios\/jsosa\/HIKVISION\/imagenes\/logo\/hikvision%20see%20far.png\" alt=\"Logo Hikvision\" \/><\/div>\n<p> <!-- Secci\u00f3n de caracter\u00edsticas principales --> <\/p>\n<div style=\"display: flex; flex-wrap: wrap; gap: 30px; margin-bottom: 30px;\">\n<div style=\"flex: 1 1 300px; min-width: 280px;\">\n<h3 style=\"font-size: 22px; border-bottom: 2px solid currentColor; padding-bottom: 5px; margin-top: 0; color: inherit; opacity: 0.8;\">Caracter&iacute;sticas principales<\/h3>\n<ul style=\"padding-left: 20px; font-size: 15px; color: inherit;\">\n<li style=\"margin-bottom: 5px;\">Sistema operativo Linux integrado con procesador SOC de alto rendimiento para un funcionamiento estable.<\/li>\n<li style=\"margin-bottom: 5px;\">Autoadaptaci&oacute;n de red\/audio-v&iacute;deo para baja latencia con p&eacute;rdida de paquetes.<\/li>\n<li style=\"margin-bottom: 5px;\">Audio bidireccional de 5 m de alcance con micr&oacute;fono de alta sensibilidad.<\/li>\n<li style=\"margin-bottom: 5px;\">Monitoreo 24\/7 mediante c&aacute;mara a color HD de 4 MP integrada.<\/li>\n<li style=\"margin-bottom: 5px;\">Compatible con el formato de codificaci&oacute;n de v&iacute;deo H.264\/H.265 y el est&aacute;ndar de compresi&oacute;n de audio G.711U.<\/li>\n<li style=\"margin-bottom: 5px;\">Compatible con m&uacute;ltiples protocolos: TCP\/IP&comma; SNMP&comma; Hikvision SIP&comma; RTSP.<\/li>\n<li style=\"margin-bottom: 5px;\">Compatible con protocolos ISUP para transmisi&oacute;n en red p&uacute;blica.<\/li>\n<li style=\"margin-bottom: 5px;\">Compatible con expansi&oacute;n de audio con una interfaz de audio est&aacute;ndar de 3&comma;5 mm para altavoces y micr&oacute;fonos activos externos.<\/li>\n<li style=\"margin-bottom: 5px;\">Compatible con funciones de impermeabilizaci&oacute;n&comma; antimanipulaci&oacute;n y antivand&aacute;lica.<\/li>\n<\/ul><\/div>\n<\/p><\/div>\n<p> <!-- Secci\u00f3n de caracter\u00edsticas f\u00edsicas y el\u00e9ctricas --> <\/p>\n<div style=\"display: flex; flex-wrap: wrap; gap: 30px; margin-bottom: 30px;\">\n<div style=\"flex: 1 1 300px; min-width: 280px;\">\n<h3 style=\"font-size: 22px; border-bottom: 2px solid currentColor; padding-bottom: 5px; margin-top: 0; color: inherit; opacity: 0.8;\">Caracter&iacute;sticas F&iacute;sicas y El&eacute;ctricas<\/h3>\n<ul style=\"padding-left: 20px; font-size: 15px; color: inherit;\">\n<li style=\"margin-bottom: 5px;\"><strong>Alimentaci&oacute;n:<\/strong> 220 V CA<\/li>\n<li style=\"margin-bottom: 5px;\"><strong>Temperatura de funcionamiento:<\/strong> -40 &deg;C a 70 &deg;C (-40 &deg;F a 158 &deg;F)<\/li>\n<li style=\"margin-bottom: 5px;\"><strong>Humedad de funcionamiento:<\/strong> 10 % a 90 %<\/li>\n<li style=\"margin-bottom: 5px;\"><strong>Consumo de energ&iacute;a:<\/strong> &le; 70 W<\/li>\n<li style=\"margin-bottom: 5px;\"><strong>Instalaci&oacute;n:<\/strong> Fijaci&oacute;n al suelo.<\/li>\n<li style=\"margin-bottom: 5px;\"><strong>Dimensiones:<\/strong><\/li>\n<li style=\"margin-bottom: 5px;\"><strong>Sin soporte:<\/strong> 400 mm &times; 400 mm &times; 2200 mm<\/li>\n<li style=\"margin-bottom: 5px;\"><strong>Con soporte:<\/strong> 400 mm &times; 400 mm &times; 4500 mm<\/li>\n<li style=\"margin-bottom: 5px;\"><strong>Entradas de alarma:<\/strong> 2<\/li>\n<li style=\"margin-bottom: 5px;\"><strong>C&aacute;mara:<\/strong> C&aacute;mara HD infrarroja a color de 4 MP<\/li>\n<li style=\"margin-bottom: 5px;\"><strong>Salidas de alarma:<\/strong> 2<\/li>\n<li style=\"margin-bottom: 5px;\"><strong>Salida de sirena:<\/strong> 1 canal de 30 W con altavoz integrado + 1 canal de salida externa de 3&comma;5 mm<\/li>\n<li style=\"margin-bottom: 5px;\"><strong>L&aacute;mpara:<\/strong> 1 l&aacute;mpara de alarma roja y azul (configurable por separado)<\/li>\n<\/ul><\/div>\n<\/p><\/div>\n<p> <!-- Secci\u00f3n de caracter\u00edsticas destacadas --> <\/p>\n<div style=\"display: flex; flex-wrap: wrap; gap: 30px; margin-bottom: 30px;\">\n<div style=\"flex: 1 1 300px; min-width: 280px;\">\n<h3 style=\"font-size: 22px; border-bottom: 2px solid currentColor; padding-bottom: 5px; margin-top: 0; color: inherit; opacity: 0.8;\">Caracter&iacute;sticas Destacadas<\/h3>\n<ul style=\"padding-left: 20px; font-size: 15px; color: inherit;\">\n<li style=\"margin-bottom: 5px;\">Este modelo DSKEP311XZJ soporta montaje para c&aacute;mara PTZ (<strong>no incluye PTZ<\/strong>).<\/li>\n<li style=\"margin-bottom: 5px;\">La estaci&oacute;n de alarma de p&aacute;nico en poste de la serie DS-PEA3M est&aacute; dise&ntilde;ada con una c&aacute;mara HD de 4 MP&comma; doble puertos de red.<\/li>\n<li style=\"margin-bottom: 5px;\">Es compatible con el encendido\/apagado programado del l&aacute;mpara de alarma&comma; audio bidireccional&comma; vinculaci&oacute;n con las c&aacute;maras para una video verificaci&oacute;n.<\/li>\n<li style=\"margin-bottom: 5px;\">Ayuda a darse cuenta de alertas de manera r&aacute;pida&comma; para dar respuesta lo antes posible y proporcionar un servicio m&aacute;s eficiente de estabilidad social.<\/li>\n<li style=\"margin-bottom: 5px;\">Se aplica principalmente a los escenarios como: escuelas&comma; plazas&comma; atracciones tur&iacute;sticas&comma; hospitales&comma; entradas de supermercado&comma; supermercados&comma; estaciones&comma; estacionamientos&comma; etc.<\/li>\n<li style=\"margin-bottom: 5px;\">Es necesario conectar una puesta a tierra en este dispositivo si se instala en exterior.<\/li>\n<\/ul><\/div>\n<\/p><\/div>\n<p> <!-- Secci\u00f3n de licencias requeridas --> <\/p>\n<div style=\"display: flex; flex-wrap: wrap; gap: 30px; margin-bottom: 30px;\">\n<div style=\"flex: 1 1 300px; min-width: 280px;\">\n<h3 style=\"font-size: 22px; border-bottom: 2px solid currentColor; padding-bottom: 5px; margin-top: 0; color: inherit; opacity: 0.8;\">Licencias requeridas<\/h3>\n<p style=\"font-size: 15px; color: inherit;\"><strong>Para utilizar la estaci&oacute;n de p&aacute;nico con la plataforma de Hik-Central Profesional requiere las siguientes licencias:<\/strong><\/p>\n<ul style=\"padding-left: 20px; font-size: 15px; color: inherit;\">\n<li style=\"margin-bottom: 5px;\"><a style=\"color: inherit; text-decoration: underline;\" href=\"https:\/\/www.syscom.mx\/producto\/HC-P-VSS-B\/0C-HIKVISION-188079.html\" target=\"_blank\" rel=\"noopener\"><strong>HC-P-VSS-B\/0C<\/strong><\/a>: Permite tener el acceso a la plataforma de Hik-Central Professional (si ya existe un sistema activo&comma; no se requiere esta licencia.<\/li>\n<li style=\"margin-bottom: 5px;\"><a style=\"color: inherit; text-decoration: underline;\" href=\"https:\/\/www.syscom.mx\/producto\/HC-P-EMERGENCYALARM\/1U-HIKVISION-224865.html\" target=\"_blank\" rel=\"noopener\"><strong>HC-P-EMERGENCYALARM\/1U<\/strong><\/a>: Permite agregar la estaci&oacute;n de p&aacute;nico&comma; tener comunicaci&oacute;n bi-direccional (audio) y el video de la estaci&oacute;n de p&aacute;nico&comma; se requiere una licencia por cada estaci&oacute;n.<\/li>\n<\/ul><\/div>\n<\/p><\/div>\n<p> <!-- Banner --> <\/p>\n<div style=\"margin: 30px 0;\"><img decoding=\"async\" style=\"width: 100%; height: auto; border: 1px solid rgba(150&comma;150&comma;150&comma;0.3); border-radius: 8px;\" src=\"https:\/\/ftp3.syscom.mx\/usuarios\/fcarrillo\/Hikvision\/Imagenes\/solution-banner-2021.png\" alt=\"Banner Hikvision\" \/><\/div>\n<\/p><\/div>\n","protected":false},"excerpt":{"rendered":"<p>Estaci\u00f3n de Alarma de P\u00e1nico con Videollamada \/ C\u00e1mara IP 4 MP\/ Audio Bidireccional \/ Altavoz 30 W \/ Sirena (Azul y Rojo) \/ RS-485 \/ Micro SD \/ Montaje en Suelo \/ Montaje para PTZ (No Incluye PTZ)<\/p>\n","protected":false},"featured_media":391,"comment_status":"open","ping_status":"closed","template":"","meta":[],"product_brand":[],"product_cat":[184],"product_tag":[54,69,185],"class_list":{"0":"post-392","1":"product","2":"type-product","3":"status-publish","4":"has-post-thumbnail","6":"product_cat-perimetrales-y-estaciones-de-panico","7":"product_tag-hikvision","8":"product_tag-paneles-de-alarma-y-accesorios-hikvision","9":"product_tag-perimetrales-y-estaciones-de-panico","11":"first","12":"outofstock","13":"sale","14":"shipping-taxable","15":"purchasable","16":"product-type-simple"},"_links":{"self":[{"href":"https:\/\/soydeaqui.ddns.net\/pachuca\/index.php\/wp-json\/wp\/v2\/product\/392","targetHints":{"allow":["GET"]}}],"collection":[{"href":"https:\/\/soydeaqui.ddns.net\/pachuca\/index.php\/wp-json\/wp\/v2\/product"}],"about":[{"href":"https:\/\/soydeaqui.ddns.net\/pachuca\/index.php\/wp-json\/wp\/v2\/types\/product"}],"replies":[{"embeddable":true,"href":"https:\/\/soydeaqui.ddns.net\/pachuca\/index.php\/wp-json\/wp\/v2\/comments?post=392"}],"wp:featuredmedia":[{"embeddable":true,"href":"https:\/\/soydeaqui.ddns.net\/pachuca\/index.php\/wp-json\/wp\/v2\/media\/391"}],"wp:attachment":[{"href":"https:\/\/soydeaqui.ddns.net\/pachuca\/index.php\/wp-json\/wp\/v2\/media?parent=392"}],"wp:term":[{"taxonomy":"product_brand","embeddable":true,"href":"https:\/\/soydeaqui.ddns.net\/pachuca\/index.php\/wp-json\/wp\/v2\/product_brand?post=392"},{"taxonomy":"product_cat","embeddable":true,"href":"https:\/\/soydeaqui.ddns.net\/pachuca\/index.php\/wp-json\/wp\/v2\/product_cat?post=392"},{"taxonomy":"product_tag","embeddable":true,"href":"https:\/\/soydeaqui.ddns.net\/pachuca\/index.php\/wp-json\/wp\/v2\/product_tag?post=392"}],"curies":[{"name":"wp","href":"https:\/\/api.w.org\/{rel}","templated":true}]}}