{"id":39197,"date":"2026-03-18T17:16:01","date_gmt":"2026-03-18T17:16:01","guid":{"rendered":"https:\/\/soydeaqui.ddns.net\/pachuca\/index.php\/producto\/caja-de-union-de-aluminio-sin-orficios\/"},"modified":"2026-03-18T17:16:02","modified_gmt":"2026-03-18T17:16:02","slug":"caja-de-union-de-aluminio-sin-orficios","status":"publish","type":"product","link":"https:\/\/soydeaqui.ddns.net\/pachuca\/index.php\/producto\/caja-de-union-de-aluminio-sin-orficios\/","title":{"rendered":"Caja de Uni\u00f3n de Aluminio sin orficios."},"content":{"rendered":"<div style='width: 100%; max-width: 1200px; margin: 0 auto; font-family: sans-serif; line-height: 1.6; color: inherit; background-color: transparent;'>\n<div style='display: flex; flex-wrap: wrap; gap: 30px; margin-bottom: 30px;'>\n<div style='flex: 1 1 300px; min-width: 280px;'>\n<h3 style='font-size: 22px; border-bottom: 2px solid currentColor; padding-bottom: 5px; margin-top: 0; color: inherit; opacity: 0.8;'>Caracter\u00edsticas principales<\/h3>\n<ul style='padding-left: 20px; font-size: 15px; color: inherit;'>\n<li style='margin-bottom: 5px;'>Caja: aluminio inyectado a presi\u00f3n (diecast) NEMA 4\/4X.<\/li>\n<li style='margin-bottom: 5px;'>Tornillos de acero inoxidable.<\/li>\n<li style='margin-bottom: 5px;'>Tornillo de tierra pasivado incluido<\/li>\n<li style='margin-bottom: 5px;'>Tornillos de la tapa posicionados fuera del \u00e1rea de sellado.<\/li>\n<li style='margin-bottom: 5px;'>Acabado: Pintura electrost\u00e1tica ep\u00f3xica\/poli\u00e9ster polimerizada espesor m\u00ednimo de 2 mils<\/li>\n<li style='margin-bottom: 5px;'>Pruebas en c\u00e1mara salina a pintura de acuerdo a ASTM B117<\/li>\n<li style='margin-bottom: 5px;'>Pruebas de adherencia a pintura de acuerdo a ASTM 3359<\/li>\n<li style='margin-bottom: 5px;'>Resistencia a impactos mec\u00e1nicos en cuerpo de acuerdo a IK09&comma; gracias a su dise\u00f1o que no cuenta con elementos susceptibles a rompimiento.<\/li>\n<li style='margin-bottom: 5px;'>Agujeros de montaje localizados en las esquinas fuera del \u00e1rea de sellado.<\/li>\n<li style='margin-bottom: 5px;'>Arosello a prueba de humedad y aceite.<\/li>\n<li style='margin-bottom: 5px;'>Postes internos localizados para montaje opcional de paneles&comma; rieles&comma; tarjeta de conexiones y otros componentes<\/li>\n<li style='margin-bottom: 5px;'>Panel de aluminio 2 mm (0.080&#8242;) espesor.<\/li>\n<li style='margin-bottom: 5px;'>Panel de acero Calibre 14. Pintura gris<\/li>\n<\/ul><\/div>\n<\/p><\/div>\n<div style='display: flex; flex-wrap: wrap; gap: 30px; margin-bottom: 30px;'>\n<div style='flex: 1 1 300px; min-width: 280px;'>\n<h3 style='font-size: 22px; border-bottom: 2px solid currentColor; padding-bottom: 5px; margin-top: 0; color: inherit; opacity: 0.8;'>Aplicaciones<\/h3>\n<ul style='padding-left: 20px; font-size: 15px; color: inherit;'>\n<li style='margin-bottom: 5px;'>Dise\u00f1adas para contener instrumentos y controles o como caja de conexiones para componentes el\u00e9ctricos&comma; electr\u00f3nicos o neum\u00e1ticos en interiores y exteriores.<\/li>\n<\/ul><\/div>\n<\/p><\/div>\n<\/p><\/div>\n","protected":false},"excerpt":{"rendered":"<p>Caja de Uni\u00f3n de Aluminio sin orficios.<\/p>\n","protected":false},"featured_media":39196,"comment_status":"open","ping_status":"closed","template":"","meta":[],"product_brand":[],"product_cat":[655],"product_tag":[572,661,656],"class_list":{"0":"post-39197","1":"product","2":"type-product","3":"status-publish","4":"has-post-thumbnail","6":"product_cat-tuberia-metalica-conduit-accesorios","7":"product_tag-canalizacion","8":"product_tag-rawelt","9":"product_tag-tuberia-metalica-conduit-accesorios","11":"first","12":"outofstock","13":"sale","14":"shipping-taxable","15":"purchasable","16":"product-type-simple"},"_links":{"self":[{"href":"https:\/\/soydeaqui.ddns.net\/pachuca\/index.php\/wp-json\/wp\/v2\/product\/39197","targetHints":{"allow":["GET"]}}],"collection":[{"href":"https:\/\/soydeaqui.ddns.net\/pachuca\/index.php\/wp-json\/wp\/v2\/product"}],"about":[{"href":"https:\/\/soydeaqui.ddns.net\/pachuca\/index.php\/wp-json\/wp\/v2\/types\/product"}],"replies":[{"embeddable":true,"href":"https:\/\/soydeaqui.ddns.net\/pachuca\/index.php\/wp-json\/wp\/v2\/comments?post=39197"}],"wp:featuredmedia":[{"embeddable":true,"href":"https:\/\/soydeaqui.ddns.net\/pachuca\/index.php\/wp-json\/wp\/v2\/media\/39196"}],"wp:attachment":[{"href":"https:\/\/soydeaqui.ddns.net\/pachuca\/index.php\/wp-json\/wp\/v2\/media?parent=39197"}],"wp:term":[{"taxonomy":"product_brand","embeddable":true,"href":"https:\/\/soydeaqui.ddns.net\/pachuca\/index.php\/wp-json\/wp\/v2\/product_brand?post=39197"},{"taxonomy":"product_cat","embeddable":true,"href":"https:\/\/soydeaqui.ddns.net\/pachuca\/index.php\/wp-json\/wp\/v2\/product_cat?post=39197"},{"taxonomy":"product_tag","embeddable":true,"href":"https:\/\/soydeaqui.ddns.net\/pachuca\/index.php\/wp-json\/wp\/v2\/product_tag?post=39197"}],"curies":[{"name":"wp","href":"https:\/\/api.w.org\/{rel}","templated":true}]}}