{"id":39164,"date":"2026-03-18T17:15:12","date_gmt":"2026-03-18T17:15:12","guid":{"rendered":"https:\/\/soydeaqui.ddns.net\/pachuca\/index.php\/producto\/traila-remolque-con-mastil-retractil-de-7-5-m-para-videovigilancia-o-iluminacion-con-bases-para-instalar-paneles-solares-y-baterias-no-incluidos\/"},"modified":"2026-03-18T17:15:17","modified_gmt":"2026-03-18T17:15:17","slug":"traila-remolque-con-mastil-retractil-de-7-5-m-para-videovigilancia-o-iluminacion-con-bases-para-instalar-paneles-solares-y-baterias-no-incluidos","status":"publish","type":"product","link":"https:\/\/soydeaqui.ddns.net\/pachuca\/index.php\/producto\/traila-remolque-con-mastil-retractil-de-7-5-m-para-videovigilancia-o-iluminacion-con-bases-para-instalar-paneles-solares-y-baterias-no-incluidos\/","title":{"rendered":"Traila \/ Remolque con M\u00e1stil Retr\u00e1ctil de 7.5 m. para Videovigilancia o Iluminaci\u00f3n, con Bases para Instalar Paneles Solares y Bater\u00edas (No incluidos)"},"content":{"rendered":"<div style='width: 100%; max-width: 1200px; margin: 0 auto; font-family: sans-serif; line-height: 1.6; color: inherit; background-color: transparent;'> <!-- Logo --> <\/p>\n<div style='text-align: center; margin: 30px 0;'> <img style='width: 300px; height: 67px; border: 1px solid rgba(150&comma;150&comma;150&comma;0.3); border-radius: 8px;' src='https:\/\/ftp3.syscom.mx\/usuarios\/fotos\/logotipos\/precision.png' alt='Logo de PRECISION'> <\/div>\n<p> <!-- Descripci\u00f3n --> <\/p>\n<div style='margin-bottom: 30px;'>\n<p>La traila <strong>PST-VTS-3P<\/strong>&comma; una soluci\u00f3n configurable para todas sus necesidades de videovigilancia o iluminaci\u00f3n m\u00f3vil. Dise\u00f1ada para adaptarse a cualquier situaci\u00f3n y ubicaci\u00f3n&comma; esta unidad avanzada ofrece una base s\u00f3lida para instalar sus propios equipos de seguridad o iluminaci\u00f3n&comma; garantizando una operaci\u00f3n continua y eficiente.<\/p>\n<\/p><\/div>\n<p> <!-- Caracter\u00edsticas --> <\/p>\n<div style='margin-bottom: 30px;'>\n<h3 style='font-size: 22px; border-bottom: 2px solid currentColor; padding-bottom: 5px; margin-top: 0; color: inherit; opacity: 0.8;'>Caracter\u00edsticas<\/h3>\n<ul style='padding-left: 20px; font-size: 15px; color: inherit;'>\n<li style='margin-bottom: 10px;'><strong>Versatilidad:<\/strong> Ideal para videovigilancia o iluminaci\u00f3n en eventos temporales&comma; sitios de construcci\u00f3n&comma; miner\u00eda&comma; estacionamientos y cualquier otra \u00e1rea que requiera soluciones m\u00f3viles temporales o permanentes.<\/li>\n<li style='margin-bottom: 10px;'><strong>Bases de Montaje:<\/strong> Equipado con bases robustas para instalar sus propios equipos de videovigilancia o iluminaci\u00f3n seg\u00fan sus necesidades espec\u00edficas.<\/li>\n<li style='margin-bottom: 10px;'><strong>Bases para Paneles Solares:<\/strong> Dise\u00f1adas para integrar paneles solares que proporcionan energ\u00eda aut\u00f3noma y sostenible.<\/li>\n<li style='margin-bottom: 10px;'><strong>Capacidad de Almacenamiento de Bater\u00edas:<\/strong> Espacio suficiente para almacenar bater\u00edas de larga duraci\u00f3n&comma; asegurando una operaci\u00f3n ininterrumpida.<\/li>\n<li style='margin-bottom: 10px;'><strong>M\u00e1stil Retr\u00e1ctil de 7.5 Metros:<\/strong> M\u00e1stil telesc\u00f3pico que permite un despliegue r\u00e1pido y seguro para una cobertura \u00f3ptima de vigilancia o iluminaci\u00f3n.<\/li>\n<li style='margin-bottom: 10px;'><strong>Construcci\u00f3n Robusta:<\/strong> Fabricado con materiales de alta durabilidad para resistir las condiciones clim\u00e1ticas m\u00e1s adversas.<\/li>\n<li style='margin-bottom: 10px;'><strong>F\u00e1cil Movilidad:<\/strong> Dise\u00f1o compacto y ligero para un transporte sencillo y r\u00e1pido despliegue en cualquier ubicaci\u00f3n.<\/li>\n<li style='margin-bottom: 10px;'><strong>El equipo incluye:<\/strong> Cables Fotovoltaicos&comma; Interruptores termomagn\u00e9ticos&comma; bloques de distribuci\u00f3n&comma; 2 cables de red y 3 pares cal 14 Awg hasta la punta del M\u00e1stil.<\/li>\n<li style='margin-bottom: 10px;'><strong>El Equipo se env\u00eda sin ensamblar.<\/strong><\/li>\n<\/ul><\/div>\n<p> <!-- Imagen del producto --> <\/p>\n<div style='margin-bottom: 30px; text-align: center;'> <img style='width: 100%; max-width: 874px; height: auto; border: 1px solid rgba(150&comma;150&comma;150&comma;0.3); border-radius: 8px;' src='https:\/\/ftp3.syscom.mx\/usuarios\/fotos\/PSTVTS4PL\/234479-fttra.png' alt='Tralla con M\u00e1stil Retr\u00e1ctil'> <\/div>\n<p> <!-- Accesorios Complementarios --> <\/p>\n<div style='margin-bottom: 30px;'>\n<h3 style='font-size: 22px; border-bottom: 2px solid currentColor; padding-bottom: 5px; margin-top: 0; color: inherit; opacity: 0.8;'>Accesorios Complementarios No incluidos<\/h3>\n<div style='overflow-x: auto;'>\n<table style='width: 100%; border-collapse: collapse; margin-top: 15px;'>\n<thead style='background-color: rgba(150&comma;150&comma;150&comma;0.1);'>\n<tr>\n<th style='padding: 12px; border: 1px solid rgba(150&comma;150&comma;150&comma;0.3); font-weight: bold;'>Modelo<\/th>\n<th style='padding: 12px; border: 1px solid rgba(150&comma;150&comma;150&comma;0.3); font-weight: bold;'>Descripci\u00f3n<\/th>\n<\/tr>\n<\/thead>\n<tbody>\n<tr>\n<td style='padding: 10px; border: 1px solid rgba(150&comma;150&comma;150&comma;0.3);'> <a href='https:\/\/syscom.pro\/products\/242012' style='color: inherit; text-decoration: underline;'>ETN760TBHGL480W<\/a> <\/td>\n<td style='padding: 10px; border: 1px solid rgba(150&comma;150&comma;150&comma;0.3);'>Modulo solar de 480W<\/td>\n<\/tr>\n<tr>\n<td style='padding: 10px; border: 1px solid rgba(150&comma;150&comma;150&comma;0.3);'> <a href='https:\/\/www.syscom.mx\/principal\/searchcont?route=PL-110-D12-EPCOM-POWERLINE-71055&#038;autodetect=pl' style='color: inherit; text-decoration: underline;'>PL-110-D12<\/a> <\/td>\n<td style='padding: 10px; border: 1px solid rgba(150&comma;150&comma;150&comma;0.3);'>Bater\u00eda 12 Vcc \/ 110 Ah \/ Ciclo Profundo \/ AGM-VRLA<\/td>\n<\/tr>\n<tr>\n<td style='padding: 10px; border: 1px solid rgba(150&comma;150&comma;150&comma;0.3);'> <a href='https:\/\/www.syscom.mx\/principal\/searchcont?route=TRACER10420AN-EPEVER-223665&#038;autodetect=trcer104' style='color: inherit; text-decoration: underline;'>TRACER10420AN<\/a> <\/td>\n<td style='padding: 10px; border: 1px solid rgba(150&comma;150&comma;150&comma;0.3);'>Controlador Solar MPPT 100A 24V<\/td>\n<\/tr>\n<\/tbody>\n<\/table><\/div>\n<\/p><\/div>\n<p> <!-- Notas importantes --> <\/p>\n<div style='margin-bottom: 30px;'>\n<ul style='padding-left: 20px; font-size: 15px; color: inherit;'>\n<li style='margin-bottom: 5px;'>*No Incluye Paneles ni Bater\u00edas.<\/li>\n<li style='margin-bottom: 5px;'>*Los rines&comma; accesorios y M\u00e1stil deben ser montados por el usuario.<\/li>\n<li style='margin-bottom: 5px;'>*Se recomienda el uso de Montacargas en la recepci\u00f3n del equipo por parte de la Fletera.<\/li>\n<\/ul><\/div>\n<\/p><\/div>\n","protected":false},"excerpt":{"rendered":"<p>Traila \/ Remolque con M\u00e1stil Retr\u00e1ctil de 7.5 m. para Videovigilancia o Iluminaci\u00f3n, con Bases para Instalar Paneles Solares y Bater\u00edas (No incluidos)<\/p>\n","protected":false},"featured_media":39163,"comment_status":"open","ping_status":"closed","template":"","meta":[],"product_brand":[],"product_cat":[1224],"product_tag":[122,248,1225],"class_list":{"0":"post-39164","1":"product","2":"type-product","3":"status-publish","4":"has-post-thumbnail","6":"product_cat-ptz","7":"product_tag-camaras-ip-y-nvrs","8":"product_tag-precision","9":"product_tag-ptz","11":"first","12":"instock","13":"sale","14":"shipping-taxable","15":"purchasable","16":"product-type-simple"},"_links":{"self":[{"href":"https:\/\/soydeaqui.ddns.net\/pachuca\/index.php\/wp-json\/wp\/v2\/product\/39164","targetHints":{"allow":["GET"]}}],"collection":[{"href":"https:\/\/soydeaqui.ddns.net\/pachuca\/index.php\/wp-json\/wp\/v2\/product"}],"about":[{"href":"https:\/\/soydeaqui.ddns.net\/pachuca\/index.php\/wp-json\/wp\/v2\/types\/product"}],"replies":[{"embeddable":true,"href":"https:\/\/soydeaqui.ddns.net\/pachuca\/index.php\/wp-json\/wp\/v2\/comments?post=39164"}],"wp:featuredmedia":[{"embeddable":true,"href":"https:\/\/soydeaqui.ddns.net\/pachuca\/index.php\/wp-json\/wp\/v2\/media\/39163"}],"wp:attachment":[{"href":"https:\/\/soydeaqui.ddns.net\/pachuca\/index.php\/wp-json\/wp\/v2\/media?parent=39164"}],"wp:term":[{"taxonomy":"product_brand","embeddable":true,"href":"https:\/\/soydeaqui.ddns.net\/pachuca\/index.php\/wp-json\/wp\/v2\/product_brand?post=39164"},{"taxonomy":"product_cat","embeddable":true,"href":"https:\/\/soydeaqui.ddns.net\/pachuca\/index.php\/wp-json\/wp\/v2\/product_cat?post=39164"},{"taxonomy":"product_tag","embeddable":true,"href":"https:\/\/soydeaqui.ddns.net\/pachuca\/index.php\/wp-json\/wp\/v2\/product_tag?post=39164"}],"curies":[{"name":"wp","href":"https:\/\/api.w.org\/{rel}","templated":true}]}}