{"id":3914,"date":"2026-03-18T06:13:28","date_gmt":"2026-03-18T06:13:28","guid":{"rendered":"https:\/\/soydeaqui.ddns.net\/pachuca\/index.php\/producto\/control-inalambrico-pico-4-botones-ideal-para-generar-3-escenas-y-un-apagado-2\/"},"modified":"2026-03-18T06:13:28","modified_gmt":"2026-03-18T06:13:28","slug":"control-inalambrico-pico-4-botones-ideal-para-generar-3-escenas-y-un-apagado-2","status":"publish","type":"product","link":"https:\/\/soydeaqui.ddns.net\/pachuca\/index.php\/producto\/control-inalambrico-pico-4-botones-ideal-para-generar-3-escenas-y-un-apagado-2\/","title":{"rendered":"Control inalambrico Pico, 4 botones, ideal para generar 3 escenas y un apagado"},"content":{"rendered":"<div style='width: 100%; max-width: 1200px; margin: 0 auto; font-family: sans-serif; line-height: 1.6; color: inherit; background-color: transparent;'> <!-- Secci\u00f3n de caracter\u00edsticas principales --> <\/p>\n<div style='display: flex; flex-wrap: wrap; gap: 30px; margin-bottom: 30px;'>\n<div style='flex: 1 1 300px; min-width: 280px;'>\n<h3 style='font-size: 22px; border-bottom: 2px solid currentColor; padding-bottom: 5px; margin-top: 0; color: inherit; opacity: 0.8;'>Caracter\u00edsticas Principales<\/h3>\n<ul style='padding-left: 20px; font-size: 15px; color: inherit;'>\n<li style='margin-bottom: 5px;'><strong>4 botones:<\/strong> Para control de escenas y funciones<\/li>\n<li style='margin-bottom: 5px;'><strong>Control inal\u00e1mbrico:<\/strong> Comunica v\u00eda RF a 431-437 MHz<\/li>\n<li style='margin-bottom: 5px;'><strong>Bater\u00eda:<\/strong> 1 CR2032 con vida \u00fatil de 10 a\u00f1os<\/li>\n<li style='margin-bottom: 5px;'><strong>Alcance:<\/strong> 9 m a trav\u00e9s de paredes&comma; 18 m l\u00ednea de vista<\/li>\n<li style='margin-bottom: 5px;'><strong>Temperatura operaci\u00f3n:<\/strong> 0\u00b0C a 60\u00b0C<\/li>\n<li style='margin-bottom: 5px;'><strong>Humedad:<\/strong> Hasta 90% sin condensaci\u00f3n<\/li>\n<\/ul><\/div>\n<div style='flex: 1 1 300px; min-width: 280px;'>\n<h3 style='font-size: 22px; border-bottom: 2px solid currentColor; padding-bottom: 5px; margin-top: 0; color: inherit; opacity: 0.8;'>Compatibilidad<\/h3>\n<ul style='padding-left: 20px; font-size: 15px; color: inherit;'>\n<li style='margin-bottom: 5px;'>Cas\u00e9ta Wireless<\/li>\n<li style='margin-bottom: 5px;'>Energi Savr Node&comma; Quantum&comma; myRoom con QSM<\/li>\n<li style='margin-bottom: 5px;'>Vive systems (Maestro Wireless&comma; PowPak)<\/li>\n<li style='margin-bottom: 5px;'>GRAFIK Eye QS<\/li>\n<li style='margin-bottom: 5px;'>HomeWorks QS<\/li>\n<li style='margin-bottom: 5px;'>RadioRA 2<\/li>\n<li style='margin-bottom: 5px;'>Serena RF para cortinas<\/li>\n<li style='margin-bottom: 5px;'>Sivoia QS<\/li>\n<\/ul><\/div>\n<div style='flex: 1 1 300px; min-width: 280px;'>\n<h3 style='font-size: 22px; border-bottom: 2px solid currentColor; padding-bottom: 5px; margin-top: 0; color: inherit; opacity: 0.8;'>Montaje<\/h3>\n<ul style='padding-left: 20px; font-size: 15px; color: inherit;'>\n<li style='margin-bottom: 5px;'>Montaje independiente (incluye adhesivo)<\/li>\n<li style='margin-bottom: 5px;'>Montaje con tornillos (kit opcional PICO-SM-KIT)<\/li>\n<li style='margin-bottom: 5px;'>Montaje en pared con adaptador (PICO-WBX-ADAPT)<\/li>\n<li style='margin-bottom: 5px;'>Montaje en parasol de auto (PICO-CARVISOR-CL)<\/li>\n<li style='margin-bottom: 5px;'>Montaje en superficies met\u00e1licas (PICO-MOUNT-1-XX-CPN5733)<\/li>\n<\/ul><\/div>\n<\/p><\/div>\n<p> <!-- Secci\u00f3n de especificaciones t\u00e9cnicas --> <\/p>\n<div style='display: flex; flex-wrap: wrap; gap: 20px; margin-bottom: 30px;'>\n<div style='flex: 1 1 250px; border: 1px solid rgba(150&comma; 150&comma; 150&comma; 0.4); border-radius: 8px; overflow: hidden; display: flex; flex-direction: column;'>\n<div style='padding: 15px; border-bottom: 1px solid rgba(150&comma; 150&comma; 150&comma; 0.2); font-weight: bold; font-size: 18px; color: inherit;'>Especificaciones El\u00e9ctricas<\/div>\n<div style='padding: 15px; color: inherit;'>\n<ul style='padding-left: 20px; margin: 0; font-size: 14px; list-style-type: disc;'>\n<li style='margin-bottom: 5px;'><strong>Voltaje:<\/strong> 3V<\/li>\n<li style='margin-bottom: 5px;'><strong>Bater\u00eda:<\/strong> CR2032 incluida<\/li>\n<li style='margin-bottom: 5px;'><strong>Comunicaci\u00f3n:<\/strong> RF 431-437 MHz<\/li>\n<\/ul><\/div>\n<\/p><\/div>\n<div style='flex: 1 1 250px; border: 1px solid rgba(150&comma; 150&comma; 150&comma; 0.4); border-radius: 8px; overflow: hidden; display: flex; flex-direction: column;'>\n<div style='padding: 15px; border-bottom: 1px solid rgba(150&comma; 150&comma; 150&comma; 0.2); font-weight: bold; font-size: 18px; color: inherit;'>Dimensiones<\/div>\n<div style='padding: 15px; color: inherit;'>\n<ul style='padding-left: 20px; margin: 0; font-size: 14px; list-style-type: disc;'>\n<li style='margin-bottom: 5px;'><strong>Ancho:<\/strong> 2.6&#8242; (66 mm)<\/li>\n<li style='margin-bottom: 5px;'><strong>Altura:<\/strong> 1.30&#8242; (33 mm)<\/li>\n<li style='margin-bottom: 5px;'><strong>Profundidad:<\/strong> 0.31&#8242; (8 mm)<\/li>\n<\/ul><\/div>\n<\/p><\/div>\n<div style='flex: 1 1 250px; border: 1px solid rgba(150&comma; 150&comma; 150&comma; 0.4); border-radius: 8px; overflow: hidden; display: flex; flex-direction: column;'>\n<div style='padding: 15px; border-bottom: 1px solid rgba(150&comma; 150&comma; 150&comma; 0.2); font-weight: bold; font-size: 18px; color: inherit;'>Certificaciones<\/div>\n<div style='padding: 15px; color: inherit;'>\n<ul style='padding-left: 20px; margin: 0; font-size: 14px; list-style-type: disc;'>\n<li style='margin-bottom: 5px;'>ISO 9001:2008<\/li>\n<li style='margin-bottom: 5px;'>FCC (USA)<\/li>\n<li style='margin-bottom: 5px;'>IC (Canad\u00e1)<\/li>\n<li style='margin-bottom: 5px;'>COFETEL (M\u00e9xico)<\/li>\n<li style='margin-bottom: 5px;'>SUTEL (Costa Rica)<\/li>\n<li style='margin-bottom: 5px;'>Anatel (Brasil)<\/li>\n<\/ul><\/div>\n<\/p><\/div>\n<div style='flex: 1 1 250px; border: 1px solid rgba(150&comma; 150&comma; 150&comma; 0.4); border-radius: 8px; overflow: hidden; display: flex; flex-direction: column;'>\n<div style='padding: 15px; border-bottom: 1px solid rgba(150&comma; 150&comma; 150&comma; 0.2); font-weight: bold; font-size: 18px; color: inherit;'>Garant\u00eda<\/div>\n<div style='padding: 15px; color: inherit;'>\n<ul style='padding-left: 20px; margin: 0; font-size: 14px; list-style-type: disc;'>\n<li style='margin-bottom: 5px;'>1 a\u00f1o de garant\u00eda limitada<\/li>\n<\/ul><\/div>\n<\/p><\/div>\n<\/p><\/div>\n<p> <!-- Secci\u00f3n de operaci\u00f3n --> <\/p>\n<div style='margin-bottom: 30px;'>\n<h3 style='font-size: 22px; border-bottom: 2px solid currentColor; padding-bottom: 5px; margin-top: 0; color: inherit; opacity: 0.8;'>Operaci\u00f3n<\/h3>\n<div style='display: grid; grid-template-columns: repeat(auto-fit&comma; minmax(250px&comma; 1fr)); gap: 20px; margin-top: 20px;'>\n<div style='border: 1px solid rgba(150&comma; 150&comma; 150&comma; 0.4); border-radius: 8px; padding: 15px;'>\n<h4 style='margin-top: 0; color: inherit;'>Bot\u00f3n Superior<\/h4>\n<p style='margin: 0; font-size: 14px; color: inherit;'>Luces al m\u00e1ximo y cortinas abiertas. Activa escena 1 en modo de escenas.<\/p>\n<\/p><\/div>\n<div style='border: 1px solid rgba(150&comma; 150&comma; 150&comma; 0.4); border-radius: 8px; padding: 15px;'>\n<h4 style='margin-top: 0; color: inherit;'>Bot\u00f3n Preset<\/h4>\n<p style='margin: 0; font-size: 14px; color: inherit;'>Dispositivos van a niveles preestablecidos. Activa escena 16 en modo de escenas.<\/p>\n<\/p><\/div>\n<div style='border: 1px solid rgba(150&comma; 150&comma; 150&comma; 0.4); border-radius: 8px; padding: 15px;'>\n<h4 style='margin-top: 0; color: inherit;'>Bot\u00f3n Raise<\/h4>\n<p style='margin: 0; font-size: 14px; color: inherit;'>Luces aumentan intensidad y cortinas se abren (modelos con Raise\/Lower).<\/p>\n<\/p><\/div>\n<div style='border: 1px solid rgba(150&comma; 150&comma; 150&comma; 0.4); border-radius: 8px; padding: 15px;'>\n<h4 style='margin-top: 0; color: inherit;'>Bot\u00f3n Lower<\/h4>\n<p style='margin: 0; font-size: 14px; color: inherit;'>Luces disminuyen intensidad y cortinas se cierran (modelos con Raise\/Lower).<\/p>\n<\/p><\/div>\n<div style='border: 1px solid rgba(150&comma; 150&comma; 150&comma; 0.4); border-radius: 8px; padding: 15px;'>\n<h4 style='margin-top: 0; color: inherit;'>Bot\u00f3n Inferior<\/h4>\n<p style='margin: 0; font-size: 14px; color: inherit;'>Luces se apagan y cortinas se cierran. Activa escena OFF en modo de escenas.<\/p>\n<\/p><\/div>\n<div style='border: 1px solid rgba(150&comma; 150&comma; 150&comma; 0.4); border-radius: 8px; padding: 15px;'>\n<h4 style='margin-top: 0; color: inherit;'>LED Indicador<\/h4>\n<p style='margin: 0; font-size: 14px; color: inherit;'>Destella para indicar presi\u00f3n de bot\u00f3n o modo programaci\u00f3n.<\/p>\n<\/p><\/div>\n<\/p><\/div>\n<\/p><\/div>\n<p> <!-- Separador --> <\/p>\n<hr style='border: 0; border-top: 1px solid rgba(150&comma; 150&comma; 150&comma; 0.3); margin: 30px 0;'> <!-- Secci\u00f3n de videos --> <\/p>\n<div style='margin-bottom: 30px;'>\n<h3 style='font-size: 22px; border-bottom: 2px solid currentColor; padding-bottom: 5px; margin-top: 0; color: inherit; opacity: 0.8;'>Videos de Instalaci\u00f3n y Operaci\u00f3n<\/h3>\n<div style='position: relative; padding-bottom: 56.25%; height: 0; overflow: hidden; margin-bottom: 30px;'>   <\/div>\n<div style='position: relative; padding-bottom: 56.25%; height: 0; overflow: hidden; margin-bottom: 30px;'>   <\/div>\n<\/p><\/div>\n<p> <!-- Secci\u00f3n de imagen --> <\/p>\n<div style='margin-bottom: 30px;'>\n<h3 style='font-size: 22px; border-bottom: 2px solid currentColor; padding-bottom: 5px; margin-top: 0; color: inherit; opacity: 0.8;'>Vista del Sistema<\/h3>\n<p> <img style='width: 100%; height: auto; border: 1px solid rgba(150&comma;150&comma;150&comma;0.3); border-radius: 8px;' src='http:\/\/ftp3.syscom.mx\/usuarios\/yhermosillo\/LUTRON\/Casetawireless\/SystemOverviewcaseta.jpg' alt='Vista del sistema Cas\u00e9ta Wireless'> <\/div>\n<\/p><\/div>\n","protected":false},"excerpt":{"rendered":"<p>Control inalambrico Pico, 4 botones, ideal para generar 3 escenas y un apagado<\/p>\n","protected":false},"featured_media":3913,"comment_status":"open","ping_status":"closed","template":"","meta":[],"product_brand":[],"product_cat":[34],"product_tag":[30,35,36],"class_list":{"0":"post-3914","1":"product","2":"type-product","3":"status-publish","4":"has-post-thumbnail","6":"product_cat-lutron","7":"product_tag-automatizacion-casa-inteligente","8":"product_tag-lutron","9":"product_tag-lutron-electronics","11":"first","12":"outofstock","13":"sale","14":"shipping-taxable","15":"purchasable","16":"product-type-simple"},"_links":{"self":[{"href":"https:\/\/soydeaqui.ddns.net\/pachuca\/index.php\/wp-json\/wp\/v2\/product\/3914","targetHints":{"allow":["GET"]}}],"collection":[{"href":"https:\/\/soydeaqui.ddns.net\/pachuca\/index.php\/wp-json\/wp\/v2\/product"}],"about":[{"href":"https:\/\/soydeaqui.ddns.net\/pachuca\/index.php\/wp-json\/wp\/v2\/types\/product"}],"replies":[{"embeddable":true,"href":"https:\/\/soydeaqui.ddns.net\/pachuca\/index.php\/wp-json\/wp\/v2\/comments?post=3914"}],"wp:featuredmedia":[{"embeddable":true,"href":"https:\/\/soydeaqui.ddns.net\/pachuca\/index.php\/wp-json\/wp\/v2\/media\/3913"}],"wp:attachment":[{"href":"https:\/\/soydeaqui.ddns.net\/pachuca\/index.php\/wp-json\/wp\/v2\/media?parent=3914"}],"wp:term":[{"taxonomy":"product_brand","embeddable":true,"href":"https:\/\/soydeaqui.ddns.net\/pachuca\/index.php\/wp-json\/wp\/v2\/product_brand?post=3914"},{"taxonomy":"product_cat","embeddable":true,"href":"https:\/\/soydeaqui.ddns.net\/pachuca\/index.php\/wp-json\/wp\/v2\/product_cat?post=3914"},{"taxonomy":"product_tag","embeddable":true,"href":"https:\/\/soydeaqui.ddns.net\/pachuca\/index.php\/wp-json\/wp\/v2\/product_tag?post=3914"}],"curies":[{"name":"wp","href":"https:\/\/api.w.org\/{rel}","templated":true}]}}