{"id":39123,"date":"2026-03-18T17:14:17","date_gmt":"2026-03-18T17:14:17","guid":{"rendered":"https:\/\/soydeaqui.ddns.net\/pachuca\/index.php\/producto\/juego-de-manometros-para-aire-acondicionado-herramienta-de-carga-de-refrigerante-doble-valvula-con-adaptadores-de-acoplamiento-rapido-manguera-de-1-5-metros-para-refrigerantes-r410a-r32-r134a\/"},"modified":"2026-03-18T17:14:22","modified_gmt":"2026-03-18T17:14:22","slug":"juego-de-manometros-para-aire-acondicionado-herramienta-de-carga-de-refrigerante-doble-valvula-con-adaptadores-de-acoplamiento-rapido-manguera-de-1-5-metros-para-refrigerantes-r410a-r32-r134a","status":"publish","type":"product","link":"https:\/\/soydeaqui.ddns.net\/pachuca\/index.php\/producto\/juego-de-manometros-para-aire-acondicionado-herramienta-de-carga-de-refrigerante-doble-valvula-con-adaptadores-de-acoplamiento-rapido-manguera-de-1-5-metros-para-refrigerantes-r410a-r32-r134a\/","title":{"rendered":"Juego de man\u00f3metros para aire acondicionado, herramienta de carga de refrigerante, doble v\u00e1lvula con adaptadores de acoplamiento r\u00e1pido, manguera de 1.5 metros para refrigerantes : R410A, R32, R134A, R22"},"content":{"rendered":"<div style='width: 100%; max-width: 1200px; margin: 0 auto; font-family: sans-serif; line-height: 1.6; color: inherit; background-color: transparent;'>\n<div style='width: 100%; text-align: center; margin-bottom: 30px;'>\n<h1 style='font-size: 28px; color: inherit; margin: 0 0 10px; font-weight: bold;'>HBS-BZ-6<\/h1>\n<h3 style='font-size: 20px; color: inherit; margin: 0 0 15px;'>Kit Man\u00f3metro<\/h3>\n<p style='margin: 0 auto 30px; max-width: 600px; color: inherit; font-size: 15px;'>Sistemas de Aires Acondicionados&comma; Refrigeraci\u00f3n&comma; climatizaci\u00f3n Automotriz.<\/p>\n<\/p><\/div>\n<div style='display: flex; flex-wrap: wrap; gap: 30px; margin-bottom: 30px;'>\n<div style='flex: 1 1 300px; min-width: 280px;'> <img style='width: 100%; height: auto; border: 1px solid rgba(150&comma;150&comma;150&comma;0.3); border-radius: 8px;' src='https:\/\/ftp3.syscom.mx\/usuarios\/fotos\/BancoFotografiasSyscom\/EPCOMPOWERLINE\/HBSBZ6\/HBSBZ6-p.PNG' alt=''> <\/p>\n<div style='margin-top: 20px;'>\n<h3 style='font-size: 22px; border-bottom: 2px solid currentColor; padding-bottom: 5px; margin-top: 0; color: inherit; opacity: 0.8;'>Caracter\u00edsticas<\/h3>\n<ul style='padding-left: 20px; font-size: 15px; color: inherit;'>\n<li style='margin-bottom: 5px;'><strong>1 man\u00f3metro de 4 v\u00edas<\/strong><\/li>\n<li style='margin-bottom: 5px;'><strong>4 mangueras colectoras de cobre de 800 a 4000 psi<\/strong><\/li>\n<li style='margin-bottom: 5px;'><strong>2 conectores ajustables de 134 A<\/strong><\/li>\n<li style='margin-bottom: 5px;'><strong>2 v\u00e1lvulas de seguridad 410<\/strong><\/li>\n<li style='margin-bottom: 5px;'><strong>1 Abridor de bote universal<\/strong><\/li>\n<li style='margin-bottom: 5px;'><strong>1 destornillador doble<\/strong><\/li>\n<li style='margin-bottom: 5px;'><strong>1 llave para nucleo de valvula para R410A \/ R32 \/ R134A \/ R22<\/strong><\/li>\n<li style='margin-bottom: 5px;'><strong>.<\/strong><\/li>\n<\/ul><\/div>\n<\/p><\/div>\n<div style='flex: 1 1 300px; min-width: 280px;'> <img style='width: 100%; height: auto; border: 1px solid rgba(150&comma;150&comma;150&comma;0.3); border-radius: 8px;' src='https:\/\/ftp3.syscom.mx\/usuarios\/fotos\/BancoFotografiasSyscom\/EPCOMPOWERLINE\/HBSBZ6\/HBSBZ6-AD-3-p.PNG' alt=''> <\/p>\n<div style='margin-top: 20px;'>\n<h3 style='font-size: 22px; border-bottom: 2px solid currentColor; padding-bottom: 5px; margin-top: 0; color: inherit; opacity: 0.8;'>Especificaciones F\u00edsicas<\/h3>\n<ul style='padding-left: 20px; font-size: 15px; color: inherit;'>\n<li style='margin-bottom: 5px;'><strong>Mangueras de cobre de 1.5 m<\/strong><\/li>\n<li style='margin-bottom: 5px;'>Gancho de colgar<\/li>\n<li style='margin-bottom: 5px;'>Vista \u00f3ptica<\/li>\n<li style='margin-bottom: 5px;'>V\u00e1lvula de servicio lateral az\u00fal bajo<\/li>\n<li style='margin-bottom: 5px;'>V\u00e1lvula VAC negra<\/li>\n<li style='margin-bottom: 5px;'>Manguera Az\u00fal ( A la parte baja )<\/li>\n<li style='margin-bottom: 5px;'><strong>Manguera Amarilla ( utilidad )<\/strong><\/li>\n<li style='margin-bottom: 5px;'><strong>Manguera roja ( A la parte alta )<\/strong><\/li>\n<li style='margin-bottom: 5px;'>V\u00e1lvula de servicio lateral de color rojo alto<\/li>\n<li style='margin-bottom: 5px;'>V\u00e1lvula de refrigerante de color amarillo<\/li>\n<li style='margin-bottom: 5px;'>Indicador lateral rojo<\/li>\n<\/ul><\/div>\n<\/p><\/div>\n<div style='flex: 1 1 300px; min-width: 280px;'> <img style='width: 100%; height: auto; border: 1px solid rgba(150&comma;150&comma;150&comma;0.3); border-radius: 8px;' src='https:\/\/ftp3.syscom.mx\/usuarios\/fotos\/BancoFotografiasSyscom\/EPCOMPOWERLINE\/HBSBZ6\/HBSBZ6-AD-2-p.PNG' alt=''> <\/p>\n<div style='margin-top: 20px;'>\n<h3 style='font-size: 22px; border-bottom: 2px solid currentColor; padding-bottom: 5px; margin-top: 0; color: inherit; opacity: 0.8;'>Aplicaciones<\/h3>\n<ul style='padding-left: 20px; font-size: 15px; color: inherit;'>\n<li style='margin-bottom: 5px;'>Sistemas de Aires Acondicionados<\/li>\n<li style='margin-bottom: 5px;'>Sistemas de Refrigeraci\u00f3n<\/li>\n<li style='margin-bottom: 5px;'>Sistemas de Climatizaci\u00f3n Automotriz<\/li>\n<\/ul><\/div>\n<\/p><\/div>\n<\/p><\/div>\n<hr style='border: 0; border-top: 1px solid rgba(150&comma; 150&comma; 150&comma; 0.3); margin: 30px 0;'> <\/div>\n","protected":false},"excerpt":{"rendered":"<p>Juego de man\u00f3metros para aire acondicionado, herramienta de carga de refrigerante, doble v\u00e1lvula con adaptadores de acoplamiento r\u00e1pido, manguera de 1.5 metros para refrigerantes : R410A, R32, R134A, R22<\/p>\n","protected":false},"featured_media":39122,"comment_status":"open","ping_status":"closed","template":"","meta":[],"product_brand":[],"product_cat":[1146],"product_tag":[1144,454,1147],"class_list":{"0":"post-39123","1":"product","2":"type-product","3":"status-publish","4":"has-post-thumbnail","6":"product_cat-refrigeracion-casa-oficina-industrial","7":"product_tag-climatizacion-refrigeracion","8":"product_tag-epcom-powerline","9":"product_tag-refrigeracion-casa-oficina-industrial","11":"first","12":"instock","13":"sale","14":"shipping-taxable","15":"purchasable","16":"product-type-simple"},"_links":{"self":[{"href":"https:\/\/soydeaqui.ddns.net\/pachuca\/index.php\/wp-json\/wp\/v2\/product\/39123","targetHints":{"allow":["GET"]}}],"collection":[{"href":"https:\/\/soydeaqui.ddns.net\/pachuca\/index.php\/wp-json\/wp\/v2\/product"}],"about":[{"href":"https:\/\/soydeaqui.ddns.net\/pachuca\/index.php\/wp-json\/wp\/v2\/types\/product"}],"replies":[{"embeddable":true,"href":"https:\/\/soydeaqui.ddns.net\/pachuca\/index.php\/wp-json\/wp\/v2\/comments?post=39123"}],"wp:featuredmedia":[{"embeddable":true,"href":"https:\/\/soydeaqui.ddns.net\/pachuca\/index.php\/wp-json\/wp\/v2\/media\/39122"}],"wp:attachment":[{"href":"https:\/\/soydeaqui.ddns.net\/pachuca\/index.php\/wp-json\/wp\/v2\/media?parent=39123"}],"wp:term":[{"taxonomy":"product_brand","embeddable":true,"href":"https:\/\/soydeaqui.ddns.net\/pachuca\/index.php\/wp-json\/wp\/v2\/product_brand?post=39123"},{"taxonomy":"product_cat","embeddable":true,"href":"https:\/\/soydeaqui.ddns.net\/pachuca\/index.php\/wp-json\/wp\/v2\/product_cat?post=39123"},{"taxonomy":"product_tag","embeddable":true,"href":"https:\/\/soydeaqui.ddns.net\/pachuca\/index.php\/wp-json\/wp\/v2\/product_tag?post=39123"}],"curies":[{"name":"wp","href":"https:\/\/api.w.org\/{rel}","templated":true}]}}