{"id":3912,"date":"2026-03-18T06:13:25","date_gmt":"2026-03-18T06:13:25","guid":{"rendered":"https:\/\/soydeaqui.ddns.net\/pachuca\/index.php\/producto\/control-remoto-inalambrico-pico-con-escenas-predefinidas-para-espacio-en-sala-2\/"},"modified":"2026-03-18T06:13:26","modified_gmt":"2026-03-18T06:13:26","slug":"control-remoto-inalambrico-pico-con-escenas-predefinidas-para-espacio-en-sala-2","status":"publish","type":"product","link":"https:\/\/soydeaqui.ddns.net\/pachuca\/index.php\/producto\/control-remoto-inalambrico-pico-con-escenas-predefinidas-para-espacio-en-sala-2\/","title":{"rendered":"Control remoto inalambrico PICO, con escenas predefinidas para espacio en sala.."},"content":{"rendered":"<div style='width: 100%; max-width: 1200px; margin: 0 auto; font-family: sans-serif; line-height: 1.6; color: inherit; background-color: transparent;'>\n<div style='display: flex; flex-wrap: wrap; gap: 30px; margin-bottom: 30px;'>\n<div style='flex: 1 1 300px; min-width: 280px;'>\n<h3 style='font-size: 22px; border-bottom: 2px solid currentColor; padding-bottom: 5px; margin-top: 0; color: inherit; opacity: 0.8;'>Caracter\u00edsticas Principales<\/h3>\n<ul style='padding-left: 20px; font-size: 15px; color: inherit;'>\n<li style='margin-bottom: 5px;'>Control inal\u00e1mbrico PICO para espacios en sala<\/li>\n<li style='margin-bottom: 5px;'>Compatible con sistemas: Caseta Wireless&comma; RA2 Select y RadioRa2<\/li>\n<li style='margin-bottom: 5px;'>Bater\u00eda con vida \u00fatil de 10 a\u00f1os (CR2032 incluida)<\/li>\n<li style='margin-bottom: 5px;'>Alcance de 30 ft (9 m) a trav\u00e9s de paredes y 60 ft (18 m) en l\u00ednea de visi\u00f3n<\/li>\n<li style='margin-bottom: 5px;'>Configurable como control remoto&comma; montaje en pared&comma; visor de auto o control de mesa<\/li>\n<\/ul><\/div>\n<div style='flex: 1 1 300px; min-width: 280px;'>\n<h3 style='font-size: 22px; border-bottom: 2px solid currentColor; padding-bottom: 5px; margin-top: 0; color: inherit; opacity: 0.8;'>Especificaciones T\u00e9cnicas<\/h3>\n<ul style='padding-left: 20px; font-size: 15px; color: inherit;'>\n<li style='margin-bottom: 5px;'><strong>Comunicaci\u00f3n:<\/strong> RF 431-437 MHz<\/li>\n<li style='margin-bottom: 5px;'><strong>Temperatura operativa:<\/strong> 32 \u02daF a 140 \u02daF (0 \u02daC a 60 \u02daC)<\/li>\n<li style='margin-bottom: 5px;'><strong>Humedad:<\/strong> M\u00e1ximo 90% humedad relativa no condensante<\/li>\n<li style='margin-bottom: 5px;'><strong>Garant\u00eda:<\/strong> 1 a\u00f1o<\/li>\n<li style='margin-bottom: 5px;'><strong>Normas:<\/strong> FCC&comma; IC&comma; COFETEL&comma; SUTEL&comma; Anatel<\/li>\n<\/ul><\/div>\n<\/p><\/div>\n<div style='display: flex; flex-wrap: wrap; gap: 20px; margin-bottom: 30px;'>\n<div style='flex: 1 1 250px; border: 1px solid rgba(150&comma; 150&comma; 150&comma; 0.4); border-radius: 8px; overflow: hidden; display: flex; flex-direction: column;'>\n<div style='padding: 15px; border-bottom: 1px solid rgba(150&comma; 150&comma; 150&comma; 0.2); font-weight: bold; font-size: 18px; color: inherit;'>Configuraci\u00f3n de Botones<\/div>\n<div style='padding: 15px; color: inherit;'>\n<ul style='padding-left: 20px; margin: 0; font-size: 14px; list-style-type: disc;'>\n<li style='margin-bottom: 5px;'>Modelo: 4 botones<\/li>\n<li style='margin-bottom: 5px;'>Funciones: On&comma; Preset&comma; Lower&comma; Bottom<\/li>\n<li style='margin-bottom: 5px;'>Indicador LED para programaci\u00f3n y confirmaci\u00f3n<\/li>\n<\/ul><\/div>\n<\/p><\/div>\n<div style='flex: 1 1 250px; border: 1px solid rgba(150&comma; 150&comma; 150&comma; 0.4); border-radius: 8px; overflow: hidden; display: flex; flex-direction: column;'>\n<div style='padding: 15px; border-bottom: 1px solid rgba(150&comma; 150&comma; 150&comma; 0.2); font-weight: bold; font-size: 18px; color: inherit;'>Montaje y Accesorios<\/div>\n<div style='padding: 15px; color: inherit;'>\n<ul style='padding-left: 20px; margin: 0; font-size: 14px; list-style-type: disc;'>\n<li style='margin-bottom: 5px;'>Montaje independiente (adhesivo incluido)<\/li>\n<li style='margin-bottom: 5px;'>Montaje en pared (kit opcional PICO-SM-KIT)<\/li>\n<li style='margin-bottom: 5px;'>Adaptador para pared (PICO-WBX-ADAPT)<\/li>\n<li style='margin-bottom: 5px;'>Soporte para visor de auto (PICO-CARVISOR-CL)<\/li>\n<li style='margin-bottom: 5px;'>Soporte de mesa (L-PEDX-XX&comma; vendido por separado)<\/li>\n<\/ul><\/div>\n<\/p><\/div>\n<div style='flex: 1 1 250px; border: 1px solid rgba(150&comma; 150&comma; 150&comma; 0.4); border-radius: 8px; overflow: hidden; display: flex; flex-direction: column;'>\n<div style='padding: 15px; border-bottom: 1px solid rgba(150&comma; 150&comma; 150&comma; 0.2); font-weight: bold; font-size: 18px; color: inherit;'>Compatibilidad<\/div>\n<div style='padding: 15px; color: inherit;'>\n<ul style='padding-left: 20px; margin: 0; font-size: 14px; list-style-type: disc;'>\n<li style='margin-bottom: 5px;'>Caseta Wireless<\/li>\n<li style='margin-bottom: 5px;'>Energi Savr Node&comma; Quantum y myRoom<\/li>\n<li style='margin-bottom: 5px;'>Vive Systems<\/li>\n<li style='margin-bottom: 5px;'>GRAFIK Eye QS<\/li>\n<li style='margin-bottom: 5px;'>HomeWorks QS<\/li>\n<li style='margin-bottom: 5px;'>Serena RF<\/li>\n<li style='margin-bottom: 5px;'>Sivoia QS<\/li>\n<\/ul><\/div>\n<\/p><\/div>\n<\/p><\/div>\n<hr style='border: 0; border-top: 1px solid rgba(150&comma; 150&comma; 150&comma; 0.3); margin: 30px 0;'>\n<div style='display: flex; flex-wrap: wrap; gap: 30px; margin-bottom: 30px;'>\n<div style='flex: 1 1 300px; min-width: 280px;'>\n<h3 style='font-size: 22px; border-bottom: 2px solid currentColor; padding-bottom: 5px; margin-top: 0; color: inherit; opacity: 0.8;'>Dimensiones<\/h3>\n<ul style='padding-left: 20px; font-size: 15px; color: inherit;'>\n<li style='margin-bottom: 5px;'><strong>Alto:<\/strong> 2.6&#8242; (66 mm)<\/li>\n<li style='margin-bottom: 5px;'><strong>Ancho:<\/strong> 1.30&#8242; (33 mm)<\/li>\n<li style='margin-bottom: 5px;'><strong>Profundidad:<\/strong> 0.31&#8242; (8 mm)<\/li>\n<\/ul><\/div>\n<div style='flex: 1 1 300px; min-width: 280px;'>\n<h3 style='font-size: 22px; border-bottom: 2px solid currentColor; padding-bottom: 5px; margin-top: 0; color: inherit; opacity: 0.8;'>C\u00f3digos de Identificaci\u00f3n<\/h3>\n<ul style='padding-left: 20px; font-size: 15px; color: inherit;'>\n<li style='margin-bottom: 5px;'><strong>Modelo:<\/strong> PJ24BGBLP03<\/li>\n<li style='margin-bottom: 5px;'><strong>C\u00f3digo de color:<\/strong> G (Gloss Black)<\/li>\n<li style='margin-bottom: 5px;'><strong>Configuraci\u00f3n:<\/strong> 4 botones<\/li>\n<li style='margin-bottom: 5px;'><strong>C\u00f3digo de frecuencia:<\/strong> J (431.0-437.0 MHz)<\/li>\n<\/ul><\/div>\n<\/p><\/div>\n<\/p><\/div>\n","protected":false},"excerpt":{"rendered":"<p>Control remoto inalambrico PICO, con escenas predefinidas para espacio en sala..<\/p>\n","protected":false},"featured_media":3911,"comment_status":"open","ping_status":"closed","template":"","meta":[],"product_brand":[],"product_cat":[72],"product_tag":[30,73,36],"class_list":{"0":"post-3912","1":"product","2":"type-product","3":"status-publish","4":"has-post-thumbnail","6":"product_cat-lutron-caseta-wireless","7":"product_tag-automatizacion-casa-inteligente","8":"product_tag-lutron-caseta-wireless","9":"product_tag-lutron-electronics","11":"first","12":"outofstock","13":"sale","14":"shipping-taxable","15":"purchasable","16":"product-type-simple"},"_links":{"self":[{"href":"https:\/\/soydeaqui.ddns.net\/pachuca\/index.php\/wp-json\/wp\/v2\/product\/3912","targetHints":{"allow":["GET"]}}],"collection":[{"href":"https:\/\/soydeaqui.ddns.net\/pachuca\/index.php\/wp-json\/wp\/v2\/product"}],"about":[{"href":"https:\/\/soydeaqui.ddns.net\/pachuca\/index.php\/wp-json\/wp\/v2\/types\/product"}],"replies":[{"embeddable":true,"href":"https:\/\/soydeaqui.ddns.net\/pachuca\/index.php\/wp-json\/wp\/v2\/comments?post=3912"}],"wp:featuredmedia":[{"embeddable":true,"href":"https:\/\/soydeaqui.ddns.net\/pachuca\/index.php\/wp-json\/wp\/v2\/media\/3911"}],"wp:attachment":[{"href":"https:\/\/soydeaqui.ddns.net\/pachuca\/index.php\/wp-json\/wp\/v2\/media?parent=3912"}],"wp:term":[{"taxonomy":"product_brand","embeddable":true,"href":"https:\/\/soydeaqui.ddns.net\/pachuca\/index.php\/wp-json\/wp\/v2\/product_brand?post=3912"},{"taxonomy":"product_cat","embeddable":true,"href":"https:\/\/soydeaqui.ddns.net\/pachuca\/index.php\/wp-json\/wp\/v2\/product_cat?post=3912"},{"taxonomy":"product_tag","embeddable":true,"href":"https:\/\/soydeaqui.ddns.net\/pachuca\/index.php\/wp-json\/wp\/v2\/product_tag?post=3912"}],"curies":[{"name":"wp","href":"https:\/\/api.w.org\/{rel}","templated":true}]}}