{"id":3910,"date":"2026-03-18T06:13:24","date_gmt":"2026-03-18T06:13:24","guid":{"rendered":"https:\/\/soydeaqui.ddns.net\/pachuca\/index.php\/producto\/control-inalambrico-pico-4-botones-para-con-escenas-ya-predefinidas-y-grabado\/"},"modified":"2026-03-18T06:13:25","modified_gmt":"2026-03-18T06:13:25","slug":"control-inalambrico-pico-4-botones-para-con-escenas-ya-predefinidas-y-grabado","status":"publish","type":"product","link":"https:\/\/soydeaqui.ddns.net\/pachuca\/index.php\/producto\/control-inalambrico-pico-4-botones-para-con-escenas-ya-predefinidas-y-grabado\/","title":{"rendered":"Control inalambrico PICO, 4 botones para con escenas ya predefinidas y grabado."},"content":{"rendered":"<div style='width: 100%; max-width: 1200px; margin: 0 auto; font-family: sans-serif; line-height: 1.6; color: inherit; background-color: transparent;'>\n<div style='display: flex; flex-wrap: wrap; gap: 30px; margin-bottom: 30px;'>\n<div style='flex: 1 1 300px; min-width: 280px;'>\n<h3 style='font-size: 22px; border-bottom: 2px solid currentColor; padding-bottom: 5px; margin-top: 0; color: inherit; opacity: 0.8;'>Caracter\u00edsticas Principales<\/h3>\n<ul style='padding-left: 20px; font-size: 15px; color: inherit;'>\n<li style='margin-bottom: 5px;'>Control inal\u00e1mbrico de 4 botones para escenas predefinidas y grabaci\u00f3n<\/li>\n<li style='margin-bottom: 5px;'>Compatible con sistemas Caseta Wireless&comma; RA2 Select&comma; RadioRa2<\/li>\n<li style='margin-bottom: 5px;'>Alimentaci\u00f3n por bater\u00eda CR2032 con duraci\u00f3n de 10 a\u00f1os<\/li>\n<li style='margin-bottom: 5px;'>Rango de operaci\u00f3n: 30 ft (9 m) a trav\u00e9s de paredes&comma; 60 ft (18 m) en l\u00ednea de visi\u00f3n<\/li>\n<li style='margin-bottom: 5px;'>Comunicaci\u00f3n RF a 431-437 MHz<\/li>\n<\/ul><\/div>\n<div style='flex: 1 1 300px; min-width: 280px;'>\n<h3 style='font-size: 22px; border-bottom: 2px solid currentColor; padding-bottom: 5px; margin-top: 0; color: inherit; opacity: 0.8;'>Opciones de Montaje<\/h3>\n<ul style='padding-left: 20px; font-size: 15px; color: inherit;'>\n<li style='margin-bottom: 5px;'>Uso como control port\u00e1til<\/li>\n<li style='margin-bottom: 5px;'>Montaje en pared (con o sin placa frontal)<\/li>\n<li style='margin-bottom: 5px;'>Montaje en parasol de autom\u00f3vil<\/li>\n<li style='margin-bottom: 5px;'>Uso en mesa con pedestal<\/li>\n<li style='margin-bottom: 5px;'>Requiere accesorios adicionales para montaje<\/li>\n<\/ul><\/div>\n<div style='flex: 1 1 300px; min-width: 280px;'>\n<h3 style='font-size: 22px; border-bottom: 2px solid currentColor; padding-bottom: 5px; margin-top: 0; color: inherit; opacity: 0.8;'>Especificaciones T\u00e9cnicas<\/h3>\n<ul style='padding-left: 20px; font-size: 15px; color: inherit;'>\n<li style='margin-bottom: 5px;'><strong>Temperatura de operaci\u00f3n:<\/strong> 32 \u02daF a 140 \u02daF (0 \u02daC a 60 \u02daC)<\/li>\n<li style='margin-bottom: 5px;'><strong>Humedad m\u00e1xima:<\/strong> 90% sin condensaci\u00f3n<\/li>\n<li style='margin-bottom: 5px;'><strong>Tensi\u00f3n de operaci\u00f3n:<\/strong> 3V<\/li>\n<li style='margin-bottom: 5px;'><strong>Garant\u00eda:<\/strong> 1 a\u00f1o<\/li>\n<li style='margin-bottom: 5px;'><strong>Dimensiones:<\/strong> 2.6&#8242; x 1.3&#8242; (66mm x 33mm)<\/li>\n<\/ul><\/div>\n<\/p><\/div>\n<div style='display: flex; flex-wrap: wrap; gap: 20px; margin-bottom: 30px;'>\n<div style='flex: 1 1 250px; border: 1px solid rgba(150&comma; 150&comma; 150&comma; 0.4); border-radius: 8px; overflow: hidden; display: flex; flex-direction: column;'>\n<div style='padding: 15px; border-bottom: 1px solid rgba(150&comma; 150&comma; 150&comma; 0.2); font-weight: bold; font-size: 18px; color: inherit;'>Compatibilidad<\/div>\n<div style='padding: 15px; color: inherit;'>\n<ul style='padding-left: 20px; margin: 0; font-size: 14px; list-style-type: disc;'>\n<li style='margin-bottom: 5px;'>Caseta Wireless<\/li>\n<li style='margin-bottom: 5px;'>Energi Savr NodeT&comma; Quantum&comma; myRoomT<\/li>\n<li style='margin-bottom: 5px;'>Vive systems<\/li>\n<li style='margin-bottom: 5px;'>GRAFIK Eye QS<\/li>\n<li style='margin-bottom: 5px;'>HomeWorks QS<\/li>\n<li style='margin-bottom: 5px;'>Serena RF remote control shades<\/li>\n<li style='margin-bottom: 5px;'>Sivoia QS<\/li>\n<\/ul><\/div>\n<\/p><\/div>\n<div style='flex: 1 1 250px; border: 1px solid rgba(150&comma; 150&comma; 150&comma; 0.4); border-radius: 8px; overflow: hidden; display: flex; flex-direction: column;'>\n<div style='padding: 15px; border-bottom: 1px solid rgba(150&comma; 150&comma; 150&comma; 0.2); font-weight: bold; font-size: 18px; color: inherit;'>C\u00f3digos de Modelo<\/div>\n<div style='padding: 15px; color: inherit;'>\n<ul style='padding-left: 20px; margin: 0; font-size: 14px; list-style-type: disc;'>\n<li style='margin-bottom: 5px;'><strong>Color:<\/strong> WH (Blanco)<\/li>\n<li style='margin-bottom: 5px;'><strong>Configuraci\u00f3n:<\/strong> 4 botones<\/li>\n<li style='margin-bottom: 5px;'><strong>Frecuencia:<\/strong> 431.0-437.0 MHz<\/li>\n<\/ul><\/div>\n<\/p><\/div>\n<div style='flex: 1 1 250px; border: 1px solid rgba(150&comma; 150&comma; 150&comma; 0.4); border-radius: 8px; overflow: hidden; display: flex; flex-direction: column;'>\n<div style='padding: 15px; border-bottom: 1px solid rgba(150&comma; 150&comma; 150&comma; 0.2); font-weight: bold; font-size: 18px; color: inherit;'>Funciones de Botones<\/div>\n<div style='padding: 15px; color: inherit;'>\n<ul style='padding-left: 20px; margin: 0; font-size: 14px; list-style-type: disc;'>\n<li style='margin-bottom: 5px;'>Bot\u00f3n superior: Activaci\u00f3n de escena 1<\/li>\n<li style='margin-bottom: 5px;'>Bot\u00f3n inferior: Escena &#8216;OFF&#8217;<\/li>\n<li style='margin-bottom: 5px;'>Bot\u00f3n de preseteo: Niveles preestablecidos<\/li>\n<li style='margin-bottom: 5px;'>Botones de subir\/bajar: Ajuste de intensidad<\/li>\n<\/ul><\/div>\n<\/p><\/div>\n<\/p><\/div>\n<hr style='border: 0; border-top: 1px solid rgba(150&comma; 150&comma; 150&comma; 0.3); margin: 30px 0;'> <\/div>\n","protected":false},"excerpt":{"rendered":"<p>Control inalambrico PICO, 4 botones para con escenas ya predefinidas y grabado.<\/p>\n","protected":false},"featured_media":3909,"comment_status":"open","ping_status":"closed","template":"","meta":[],"product_brand":[],"product_cat":[72],"product_tag":[30,73,36],"class_list":{"0":"post-3910","1":"product","2":"type-product","3":"status-publish","4":"has-post-thumbnail","6":"product_cat-lutron-caseta-wireless","7":"product_tag-automatizacion-casa-inteligente","8":"product_tag-lutron-caseta-wireless","9":"product_tag-lutron-electronics","11":"first","12":"outofstock","13":"sale","14":"shipping-taxable","15":"purchasable","16":"product-type-simple"},"_links":{"self":[{"href":"https:\/\/soydeaqui.ddns.net\/pachuca\/index.php\/wp-json\/wp\/v2\/product\/3910","targetHints":{"allow":["GET"]}}],"collection":[{"href":"https:\/\/soydeaqui.ddns.net\/pachuca\/index.php\/wp-json\/wp\/v2\/product"}],"about":[{"href":"https:\/\/soydeaqui.ddns.net\/pachuca\/index.php\/wp-json\/wp\/v2\/types\/product"}],"replies":[{"embeddable":true,"href":"https:\/\/soydeaqui.ddns.net\/pachuca\/index.php\/wp-json\/wp\/v2\/comments?post=3910"}],"wp:featuredmedia":[{"embeddable":true,"href":"https:\/\/soydeaqui.ddns.net\/pachuca\/index.php\/wp-json\/wp\/v2\/media\/3909"}],"wp:attachment":[{"href":"https:\/\/soydeaqui.ddns.net\/pachuca\/index.php\/wp-json\/wp\/v2\/media?parent=3910"}],"wp:term":[{"taxonomy":"product_brand","embeddable":true,"href":"https:\/\/soydeaqui.ddns.net\/pachuca\/index.php\/wp-json\/wp\/v2\/product_brand?post=3910"},{"taxonomy":"product_cat","embeddable":true,"href":"https:\/\/soydeaqui.ddns.net\/pachuca\/index.php\/wp-json\/wp\/v2\/product_cat?post=3910"},{"taxonomy":"product_tag","embeddable":true,"href":"https:\/\/soydeaqui.ddns.net\/pachuca\/index.php\/wp-json\/wp\/v2\/product_tag?post=3910"}],"curies":[{"name":"wp","href":"https:\/\/api.w.org\/{rel}","templated":true}]}}