{"id":39074,"date":"2026-03-18T17:13:00","date_gmt":"2026-03-18T17:13:00","guid":{"rendered":"https:\/\/soydeaqui.ddns.net\/pachuca\/index.php\/producto\/gabinete-de-uso-exterior-nema-4-12-13-ip66-ik10-600-x-600-x-400-mm-23-62-x-23-62-x-15-75-pulgadas-de-acero-color-gris-claro\/"},"modified":"2026-03-18T17:13:01","modified_gmt":"2026-03-18T17:13:01","slug":"gabinete-de-uso-exterior-nema-4-12-13-ip66-ik10-600-x-600-x-400-mm-23-62-x-23-62-x-15-75-pulgadas-de-acero-color-gris-claro","status":"publish","type":"product","link":"https:\/\/soydeaqui.ddns.net\/pachuca\/index.php\/producto\/gabinete-de-uso-exterior-nema-4-12-13-ip66-ik10-600-x-600-x-400-mm-23-62-x-23-62-x-15-75-pulgadas-de-acero-color-gris-claro\/","title":{"rendered":"Gabinete de Uso Exterior NEMA 4\/12\/13; IP66; IK10, 600 x 600 x 400 mm (23.62 x 23.62 x 15.75 Pulgadas), de Acero, Color Gris Claro"},"content":{"rendered":"<div style='width: 100%; max-width: 1200px; margin: 0 auto; font-family: sans-serif; line-height: 1.6; color: inherit; background-color: transparent;'> <!-- Contenedor principal --> <\/p>\n<div style='display: flex; flex-direction: column; gap: 20px;'> <!-- Logo --> <\/p>\n<div style='width: 100%; text-align: center;'> <img style='width: auto; max-width: 100%; height: auto; border: 1px solid rgba(150&comma;150&comma;150&comma;0.3); border-radius: 8px;' src='https:\/\/ftp3.syscom.mx\/usuarios\/fotos\/A12108CH\/224288-hoffman_logo.png' alt='Logo Hoffman'> <\/div>\n<p> <!-- Descripci\u00f3n --> <\/p>\n<div style='font-size: 16px; color: inherit;'>\n<p>La gama de armarios murales de acero dulce y puerta simple MAS&comma; con grado de protecci\u00f3n IP 66&comma; est\u00e1 disponible lista para su uso en muchos tama\u00f1os diferentes. Esta gama de armarios se adapta bien a muchas aplicaciones diferentes. Al impedir la entrada de agua y polvo en el armario&comma; se elimina el riesgo de aver\u00eda de los componentes y&comma; con ello&comma; el tiempo de inactividad.<\/p>\n<\/p><\/div>\n<p> <!-- Caracter\u00edsticas principales --> <\/p>\n<div style='display: flex; flex-wrap: wrap; gap: 30px;'>\n<div style='flex: 1 1 300px; min-width: 280px;'>\n<h3 style='font-size: 22px; border-bottom: 2px solid currentColor; padding-bottom: 5px; margin-top: 0; color: inherit; opacity: 0.8;'>Caracter\u00edsticas principales<\/h3>\n<ul style='padding-left: 20px; font-size: 15px; color: inherit;'>\n<li style='margin-bottom: 5px;'>Cuerpo: Plegado y costura soldada. Cuatro orificios de 8.5 mm de di\u00e1metro para fijaci\u00f3n a la pared&comma; presionados en depresiones de 20.4 mm de di\u00e1metro \u00d7 2 mm&comma; para permitir la circulaci\u00f3n de aire alrededor de la parte posterior del gabinete.<\/li>\n<li style='margin-bottom: 5px;'>Puerta: Montada en superficie con apertura de 130 grados; bisagras ocultas extra\u00edbles con pasador cautivo<\/li>\n<li style='margin-bottom: 5px;'>Puerta: Se pueden montar bisagras para permitir la apertura hacia la izquierda o hacia la derecha.<\/li>\n<li style='margin-bottom: 5px;'>Puerta: pernos soldados internos M6 para montar perfiles de puerta MMDP<\/li>\n<li style='margin-bottom: 5px;'>Puerta: La estanqueidad est\u00e1 asegurada mediante una junta de poliuretano inyectada de una sola pieza.<\/li>\n<li style='margin-bottom: 5px;'>Cerradura: Cerradura personalizada con doble palet\u00f3n para facilitar la apertura de la puerta<\/li>\n<li style='margin-bottom: 5px;'>Placa prensaestopas: situada en el extremo posterior del gabinete&comma; para facilitar el cableado a la placa de montaje.<\/li>\n<li style='margin-bottom: 5px;'>Placa de montaje: La placa de montaje est\u00e1 marcada verticalmente a intervalos de 10 mm&comma; para facilitar el posicionamiento horizontal del equipo.<\/li>\n<li style='margin-bottom: 5px;'>Placa de montaje: En la parte superior e inferior hay orificios para facilitar la fijaci\u00f3n del cable<\/li>\n<\/ul><\/div>\n<\/p><\/div>\n<p> <!-- Separador --> <\/p>\n<hr style='border: 0; border-top: 1px solid rgba(150&comma; 150&comma; 150&comma; 0.3); margin: 30px 0;'> <!-- Especificaciones t\u00e9cnicas --> <\/p>\n<div style='display: flex; flex-wrap: wrap; gap: 30px;'>\n<div style='flex: 1 1 300px; min-width: 280px;'>\n<h3 style='font-size: 22px; border-bottom: 2px solid currentColor; padding-bottom: 5px; margin-top: 0; color: inherit; opacity: 0.8;'>Especificaciones T\u00e9cnicas<\/h3>\n<ul style='padding-left: 20px; font-size: 15px; color: inherit;'>\n<li style='margin-bottom: 5px;'><strong>Altura:<\/strong> 23.62 pulgadas\/600 mm<\/li>\n<li style='margin-bottom: 5px;'><strong>Ancho:<\/strong> 23.62 pulgadas\/600 mm<\/li>\n<li style='margin-bottom: 5px;'><strong>Profundidad:<\/strong> 15.74 pulgadas\/400 mm<\/li>\n<li style='margin-bottom: 5px;'><strong>Clasificaci\u00f3n de protecci\u00f3n:<\/strong> NEMA tipo 4\/12\/13; IP66; IK10<\/li>\n<li style='margin-bottom: 5px;'><strong>Material:<\/strong> Acero<\/li>\n<li style='margin-bottom: 5px;'><strong>Acabado:<\/strong> Recubierto en polvo<\/li>\n<li style='margin-bottom: 5px;'><strong>Color:<\/strong> Gris claro<\/li>\n<li style='margin-bottom: 5px;'><strong>C\u00f3digo de color:<\/strong> RAL 7035<\/li>\n<li style='margin-bottom: 5px;'><strong>Grosor del cuerpo:<\/strong> 16 ga\/1.5 mm<\/li>\n<li style='margin-bottom: 5px;'><strong>Grosor de la puerta:<\/strong> 16 ga\/1.5 mm<\/li>\n<li style='margin-bottom: 5px;'><strong>Con panel incluido<\/strong><\/li>\n<li style='margin-bottom: 5px;'><strong>Estilo:<\/strong> Con placa de montaje<\/li>\n<li style='margin-bottom: 5px;'><strong>Tama\u00f1o del panel:<\/strong> 22.44 x 21.65 pulgadas \/ 570 x 550 mm<\/li>\n<li style='margin-bottom: 5px;'><strong>Peso:<\/strong> 59.52 lb (27 kg)<\/li>\n<\/ul><\/div>\n<\/p><\/div>\n<\/p><\/div>\n<\/p><\/div>\n","protected":false},"excerpt":{"rendered":"<p>Gabinete de Uso Exterior NEMA 4\/12\/13; IP66; IK10, 600 x 600 x 400 mm (23.62 x 23.62 x 15.75 Pulgadas), de Acero, Color Gris Claro<\/p>\n","protected":false},"featured_media":39073,"comment_status":"open","ping_status":"closed","template":"","meta":[],"product_brand":[],"product_cat":[1192],"product_tag":[1193,1077,698],"class_list":{"0":"post-39074","1":"product","2":"type-product","3":"status-publish","4":"has-post-thumbnail","6":"product_cat-gabinetes-para-exterior-interior","7":"product_tag-gabinetes-para-exterior-interior","8":"product_tag-gabinetes-y-cajas","9":"product_tag-hoffman","11":"first","12":"outofstock","13":"sale","14":"shipping-taxable","15":"purchasable","16":"product-type-simple"},"_links":{"self":[{"href":"https:\/\/soydeaqui.ddns.net\/pachuca\/index.php\/wp-json\/wp\/v2\/product\/39074","targetHints":{"allow":["GET"]}}],"collection":[{"href":"https:\/\/soydeaqui.ddns.net\/pachuca\/index.php\/wp-json\/wp\/v2\/product"}],"about":[{"href":"https:\/\/soydeaqui.ddns.net\/pachuca\/index.php\/wp-json\/wp\/v2\/types\/product"}],"replies":[{"embeddable":true,"href":"https:\/\/soydeaqui.ddns.net\/pachuca\/index.php\/wp-json\/wp\/v2\/comments?post=39074"}],"wp:featuredmedia":[{"embeddable":true,"href":"https:\/\/soydeaqui.ddns.net\/pachuca\/index.php\/wp-json\/wp\/v2\/media\/39073"}],"wp:attachment":[{"href":"https:\/\/soydeaqui.ddns.net\/pachuca\/index.php\/wp-json\/wp\/v2\/media?parent=39074"}],"wp:term":[{"taxonomy":"product_brand","embeddable":true,"href":"https:\/\/soydeaqui.ddns.net\/pachuca\/index.php\/wp-json\/wp\/v2\/product_brand?post=39074"},{"taxonomy":"product_cat","embeddable":true,"href":"https:\/\/soydeaqui.ddns.net\/pachuca\/index.php\/wp-json\/wp\/v2\/product_cat?post=39074"},{"taxonomy":"product_tag","embeddable":true,"href":"https:\/\/soydeaqui.ddns.net\/pachuca\/index.php\/wp-json\/wp\/v2\/product_tag?post=39074"}],"curies":[{"name":"wp","href":"https:\/\/api.w.org\/{rel}","templated":true}]}}