{"id":39068,"date":"2026-03-18T17:12:50","date_gmt":"2026-03-18T17:12:50","guid":{"rendered":"https:\/\/soydeaqui.ddns.net\/pachuca\/index.php\/producto\/kit-basico-para-tierra-fisica-con-varilla-de-5-8-de-1-5-m-de-largo-opresor-y-10-metros-de-cable-negro-6-awg\/"},"modified":"2026-03-18T17:12:51","modified_gmt":"2026-03-18T17:12:51","slug":"kit-basico-para-tierra-fisica-con-varilla-de-5-8-de-1-5-m-de-largo-opresor-y-10-metros-de-cable-negro-6-awg","status":"publish","type":"product","link":"https:\/\/soydeaqui.ddns.net\/pachuca\/index.php\/producto\/kit-basico-para-tierra-fisica-con-varilla-de-5-8-de-1-5-m-de-largo-opresor-y-10-metros-de-cable-negro-6-awg\/","title":{"rendered":"Kit B\u00e1sico para Tierra F\u00edsica con Varilla de  5\/8&#8243; de 1.5 m de Largo, Opresor y 10 Metros de Cable Negro  6 Awg."},"content":{"rendered":"<p style='box-sizing: border-box; margin: 0px 0px 10px; text-align: center;'><em style='box-sizing: border-box;'><img src='data:image\/png;base64&comma;iVBORw0KGgoAAAANSUhEUgAAANoAAABrCAIAAACe6QtcAAAU5ElEQVR4Ae2ceVgTx\/\/Hs9mEQxQQq5b7CuABohDU4gHiVUUrCvUWxQMsgihWBaRyWJWq\/VbUioJURZ+2Wq2iooiKXCIgUDkEkQABAsiRBHJn958fsGV\/W7SWtvB9dvOdfeaRSZideX8+71dmZ2eDNBQcIAOkyQCNNEqAEJABFOAIICBRBgCOJDIDSAE4AgZIlAGAI4nMAFIAjoABEmUA4EgiM4AUgCNggEQZADiSyAwgBeAIGCBRBgCOJDIDSAE4AgZIlAGAI4nMAFIAjoABEmUA4EgiM4AUgCNggEQZADiSyAwgBeAIGCBRBgCOJDIDSAE4AgZIlAGAI4nMAFIAjoABEmUA4EgiM4AUgCNggEQZADiSyAwgBeAIGCBRBgCOJDIDSAE4AgZIlAGAI4nMAFIAjoABEmWAMjgqFAqhUEiizAEpQ5ABauDI5\/PPno2rr68fggyALkmUAQrg2NDQsGGDd3JyMonSBqQMTQZIjaNYLL5\/\/8H8+QtCQ8MQBBmaDIBeSZQB8uLY3NwcERFpYGC0aJF7bW0tiXIGpAxZBkiKY319\/ZIlS9XUNMaM+Tg\/P3\/IwgcdkysDQ4+jUonI5YhSiSqV6AAuuEKh8Ndff500yZ5Go+vqjrx06TK4TJMLmaFUM7Q4Ikpl+9OnnCNH6r77riEhgffTT2\/v3m3PyBAWFXVVVkq4XFlbG5FRHq8pNDRs7Fh9Go2uoTEsLCxMoVAMZfigb3JlYGhxlLW0FC5enG1tnW1jkz1+fM6ECTm2ts\/s7XMdHHLZ7KIlS5pv3EDkciwlHA5n1qzZamoaNBodguBPP10EdnbIBcvQqxlCHOUdHa\/8\/bNYrH4lZ8KEFwsWVEdHi2tqsACFQuGVK1dMTc1pNDpWTEzMMjOz\/hC+UlkXG1u8fPl7S5mPT+fLlxKJJDX14dq165ycpjo4OOLFyWmqv\/+OqqoqFEHaMzJerlr13k5+8\/Rs+vFHFEWlUmlCQsKUKQ4ODuzvvz+rVCpxJSKR6KuvDrLZU6Oioojv4w3eW1F0drbcvFm2bVuxh0fxsmXE8puHB+fIEYVEcubM99iIuGwHB7aDg6OLy5z4+ASRSIQgSE1NzdGjR2fOnNXXpqeBg4PjzJmzz58\/LxAIUBQNCQlxdGRfuHCBqCQzM3PevAVz5riVlZVduJDo6Ojk5jb37t17xDa\/\/HJj6tRp3t4bRSJRbOypvhz+PkTvQGw228nff8erV6+IJw5ifahwVIrFtSdOZI8bR2Qxe9y4F59+Whcb21laik+K9fX1wcF7sAs0xqK2tu6FC4n9zJbweMUrVuTPnv3e8nrfPimff+HChY8\/NmAw1MaMGWtkZIwVAwNDJlOdTmd8\/vlKcVsb5\/DhfFfX93by28qVnS9fIgjy9GmGjc14TIyr65zOzk484zweb+7ceTQa\/dtv\/4O\/+eEKolA0JiYWLV5c4OLybilcuFDw4oVEIvH3Dxgz5uN+RVdXD4JgExOzoqKilpaWtWvXqatrampqGRpi0ZkYG5vo6IyEIFhf3yAl5b5CobC3nwLDTCJqCIKcPx+vpTXCyMi4oaFh8+Yt2PVn8uQpZWVluPjg4D00Gn3Llq1CoXDnziAjI5M\/FuMxY\/TpdAaDoebr64efNbiVocERQd7eu\/d86lQii\/kuLvXnzsmamxGZDIsBQZC8vDxHRycmUx2fFxkM9fDwcHnfFRyPVimRSBob\/6zIBYKamprJkx0YDLVNm3xKS0s5hOOLL\/xhmGlgYNTR1iZ7+\/bPOpG9fYv0PopcuHARBMFs9lQmU11bW4d4a19RUWFtPQ6C4GfPnuHaPlxBlEpZS8ufDSptakKUSgRBGht5r19XEUtVVVVubq6+voGmplZKSsr1678MGzZ89Oixd+7c6Quupqam5t69FE1NLSZT4+zZOC6Xq6urp6OjV13NwVXJZLKwsAMwrObi4vr27Vs3t3k0GowRaW8\/ubGxEWvp5jaXRqMnJvZMBM3Nzb1D1HA4eOFUVr5euXIVBMEzZszCOx\/cypDgKHrz5jdPT4zFnIkTX8yfXxMTI+Zwem6u+47Ozs6rV6+yWNYQ1JMarNDpjEWL3BsaGvpavf9nbm7uvXv3+q0sHz58OHasvq6uXkZGRr\/TTp6MZTLVp02bLpVK8V9xODX37z\/IzMwkvikWi\/fv3481bmhomDjRDoLgnTuD8Lv7jIxMHZ2RenqjWlpa8K4+UEEQ5NWrV7du3UpPfyrr+xy2t7c\/ePDg5s1fsVJSUioSid68eVNZ+bqlpaWiovLV70fFjRs3tLV1WSyr8vLyHTsCIQh+d2ZqbGzU0\/to+HDta9eup6amMpnq9vZTWltbcVV8Pn\/16jUQBO\/eHfzq1Stb20kMhtr06c4jRuhAELx589bW1tauri4TEzN1dc0XL17w+fz09PSHD9OImcF6i4qKhiB42TIPvPPBrQw+joquroqAAOz2peizz+rj4kSVlf1EV1RUBAQE6urq4SBiFUtLq\/T0p7j3\/c7CXsrlcju7SUymempqKt4AQZD4+ITe65EJj8fD38cqX3zhD0FwYGAg3rNcLo+IiFRX15w5c3ZHRwfec3x8gobGMDMzi5SUFBRFg4P3wDDT0NAYn0ISEhIwWPGu+o3V76VYLA4K2sVkqi9e7C4SiVAUVSqViYk\/6Orq0ekMOp0Bw8wzZ848eZLu6Ohka2t3+\/ZtN7e5pqbmpqbmZmYWw4dr6+rqHT0aIxaLp02bzmSqx8fH9xsiOzubyVTHVtsREZEQBHt5fU5cYDQ2Nk6b9gmdzrh+\/ZdHjx4ZGhoPH66dnJzs67sdgmBtbd2YmG8KCws1NIaZmJg1NTWlpqaOHDlKX9+Q2En3qlShULi7L6HTGaGhof00DNbLQcYRkctrTpzIGT\/+xbx5vKQkCY+HrxFxxVlZWc7OMxgMtX4sMhhqV65c+cudnbq6Oh2dkaNGja6trcP7lEqloaFhMMycPt25Xw8KhWL2bBcYZl69ehVvLxQKvb03QhC8ZctWbJGKIEhWVpaNzXgGQy06+lD3+kkgEPz887WRI0dBEHzp0iXs3MDAndh8iXf14crbt289PJZjMxM2kEKhKCws\/OmnnxMSEkaNGq2hMaygoODcufNMprqpqXlra+uxY8ex1YuZmcW6devv3LkjFHa2t7fr6X2kozPyyZP0fiOeO3eeRqM7OrJLS8sWLXKHYea+ffuJE1tJSYmBgZG2tm5FRcUPP1wcMULHxMSssbGRx+N98okzBMGjR49ds2YtDDPnzp3H5\/NPnoyFYaarq1u\/j1x7e7uxsemwYcMvX07qp2GwXg4mjj27jE+evFy5si42VsrjETcUMbndE9vNmzdZLGsmUx2CGAQcYTU1jV27dg8kquTkZAZDzcHBsa2tDW\/f1dXl59fzWbe2Hvf8+fOKvqO8vDwu7pymppa+vmElYZJuaGhwcXGl0eixsaewTlpbWz08lsMwc\/HinmeSvr6+o0aN1tXVg2EmjUb38lrZ1dWlUChcXFzpdGZ09KG+EX7\/yeVycTHESm1t7cyZs2k0uofHiuLiYuJZFy9eVFPTMDOz4PP5+\/eH9LZZjiCIUCj09PSi0xnGxqZZWVkYE2VlZTDM1NTU+vbb\/xA7ycjIdHV1o9Hoa9asa2xstLefAkGwp6cXPlZJScnWrb4wzHR2nikQCCIjoxgMNVfXOWKxGEVRLpdrazsJWy9BEMPPb7tIJNq0yYdGo\/v4bCYOVFJSgk295uaWA183E1MxkPpg4iiqrq6JiWm+fl1UWSnl8RSdnYhU2vM8pu\/o\/UrE\/YSEC0eOHA0O3rNhg7e7+xI2e6qlpdWKFV791oJ9J\/3hJ4IgISGhEASvXr2aeCmRyWQxMTGamlp0OmPsWP3eK525mZm5sbGphsawESO0DxwIx5duKIqWl5dbWLDodMbz589RFJVIJOHh4erqmmz21KqqKg6n5sCB8G3bfLdt8502bToEwePGTSgsLGxpaTE0NIYgeMyYj83MevrHioUF68iRo38Q2veivb3d23sjDDO7r7MGBkb4Kaam5trautrauocOfS2RSJYuXUaj0U+cOIGdV1dX5+w8E4JgOzv7vLw8BEE6OjqwW6jhw7Xx6ExNzUePHstgqJmbWz55ki6VSrds2UqnM5hMdSMjE2wsQ0MjGGYaG5teu3a9q6trwwZvCIKDg\/fgM9\/t27fNzS1pNLqammZMTIxQKHRymtr9QR05Us\/MzAIXbGRkoqExTFNTKyQkdOi+eDpoOCql0srdu3MdHJ5Pn17g6lrk7l6yfv2rwMCamJjGpCR53\/oMS7dSqZTJZEKhsLW1tTvdYWEHCgoK8AT1WfmenzKZbOPGTVZW1sePHyfihaJofX39rl27WCwrbOGFL7\/YbKfTp08Tp1IURXNzcydNsp8yxYHP56MompKSYms7ycGBjS0ZFQqFWCwW9R7Jyck2NuPt7OyvXbteVFRkYzPewoLVrzg7zyDefRN1Iwjy8uXLlStXWViwiMJMTc3ZbKczZ860t7cLBIKFCz9lsayJnTx69MjJaZqlpdWGDd7Nzc0oiqalpc2fv8DMzILYj7X1uA0bvAsLC7GVQGNj4+bNW6ytx+FtzMwslixZmpycLJFI+Hy+l9fnlpZWd+7cwUVKpdJTp06zWNb29lNu3brF4\/GmTHHET8cr5uaWM2bMios7hy+18R4GsTI4OCJyOTcuLsfGhriz01O3ssqbMaMhMZF4T42pl8lk1dXVx44dY7Gsz56N67fL+IEIJRKJSCR6dycIRVEEQTCGiP\/iqyhl734K1rNSqRSJRNgFC0VRmUwmEokkEsm7HwmlUomhKZfLsbOInWP1955IDOG9J+LCUBTFhiCOjiAIFqlYLMaTg+kkCiD+Fg8N\/yxhLfFc4X3iHeKnYNnAUkTsn1jv9\/knBjhY9UHAEVEoWh8+zGWz+7Nobf1y1ar29HR8oxETLZfLCwsLo6KiJ0920NTU2rt3n0QiGUg8CoUiPz8fe\/aAt+dyub\/0Hjk5z4iXb6xBW1sbNv8hCHLjxs131wNcLre6uhpF0ba2ttu3b2dnZxOZwEcBlf9OBgYBx55dRi+vLCsrIo7PJk3ifP21tKGBOC9ij7mCg\/ewWNZqahp0OmPp0s+wK9FAoq2oqJg7d35qaurDh2l79uxJSrqCIMjly5e792ajoqKCg\/fcvXs3LOxASkpKSUnJl1\/u+\/HHHwMCAnfv3p2YmBgbG7tly9acnJzIyMj79+9XVFRERkYdOvT1mTNnrl27LhAI1q\/3PnAg3N19SW5u7uHDR06fPlNeXh4WFnb48OHg4D1paWlnz54NCgoqKCi4d+9eaGhYbGxsQkLC7t3BaWlpvduHN3NycgYSBWjzgQz8WxwRmawqJCSbyGLvBZqXlKQkzHnYpTkiIvKjj8ZgjwRoNLqVlU1GRuYHxBF\/hSDI8ePHJ060i4iI2Lt3X0BA4LJlHlKpNDIyyt5+ypIlS7dt82WznTw9vZYvX7F48ZKrV69GRx9atWpNRkbGhg3eV69enTVrdkhIaERE5N69+\/z9d4SGhs2e7RIYuDMjI\/Px48fz5y\/o6OhIS0vbvTv4yy\/3rljhFRUV9dlny5YuXebr6+ftvXHTJh+M1+3bv4iOPuTqOsfHZ7Of3\/aAgMCNGze5uc1ramoiCgb1f5CBf4WjUiqtj4\/PmTgRnxdzJk4s3bSpIycH324Ui8V5eXlffXXQ1taOuNeoqal19mwcvqz5S+nNzc3r1q1fs2att\/fGffv2x8fHR0VFY19o8PPbHhPzzcGDEatXr\/Hx2ZyQkLBjR2B09KGkpCs7dgSmp6eHh3+VmZm5c2dQ94ZiUNCumzdv7t8f4uvrFxi4099\/B4fDqaqq8vBYvn9\/SPdTh6ioaD+\/7QcPHuzeqD95MvbkydiIiMiwsAMrVngGBASeOnU6KGjX1q3bdu4MOnbsWEzMNxcvXvTx2XzyZOxfhgAa\/GUG\/hWObQ8ePHdywqfGHDs7zpEjEsIjvurq6qCgXdbW44hPpWk0Ogwzg4P3YE8p\/lIi1qCzs5PD4bS1tVVUVFRXc5qbm5uamhQKRW1tbXFxcWXl66amptra2qKiYoFAwOVyi4qK+Hz+mzdvum82GxoaBAJBfX19c3NzaWlpV1cXj8crKSmpq6urrq6Wy+XYKqK4+LeOjo729vaCgoKmpqY3b9409x4cDufWrVvx8fFlZWUikai6urq0tJTL5fJ4PC6XW19ff\/z4ibq6\/9+TH2BEoNm7GfjnOIqqqoo8PLJYrB4crazynJ17vrzY+21ZmUz2+vXrvXv3aWmNIOx1\/\/5gGoLgxYvd373teFcceOd\/LQP\/EEelRNKzZOz9\/tgzO7uybduExcX4Y5jCwsKgoF3z5s3\/5BNnW1s7c3MLfX1DPb2PtLRGMJnq48dPzMjIADew\/2uoDSTef4IjolTWx8Xl2NllsVjP7Oxqv\/uu3yPB7kd2LS0t3X8fXVNTU15eXlhY9Pz58\/T09Fu3bl28eOnx48f\/hR2sgQQP2pAtA38fx94vVPfcvlhb57u49GwrDuAPssgWNtBDzgz8bRxFlZXFnp7ZEyZUBAZ2lZXhF2hyhgdUUSsDfw9HpVhcFRqaP2tWww8\/yFpaAIvUMpv8av8GjgiC8JKSipYuFeTlkT8woJCKGRgojohCIcjLexMe3lVZCSZFKjpNCc0DxVHe3i7Iz1eA\/2GREq5SVuRAceyZEcEdNGVtporwAeNIlYCATipnAOBIZfdUTjvAUeUspXJAAEcqu6dy2gGOKmcplQMCOFLZPZXTDnBUOUupHBDAkcruqZx2gKPKWUrlgACOVHZP5bQDHFXOUioHBHCksnsqpx3gqHKWUjkggCOV3VM57QBHlbOUygEBHKnsnsppBziqnKVUDgjgSGX3VE47wFHlLKVyQABHKrunctoBjipnKZUDAjhS2T2V0w5wVDlLqRwQwJHK7qmcdoCjyllK5YAAjlR2T+W0AxxVzlIqBwRwpLJ7Kqcd4KhyllI5IIAjld1TOe0AR5WzlMoBARyp7J7KaQc4qpylVA4I4Ehl91ROO8BR5SylckAARyq7p3LaAY4qZymVAwI4Utk9ldMOcFQ5S6kcEMCRyu6pnHaAo8pZSuWAAI5Udk\/ltP8fK28EDYwSzqIAAAAASUVORK5CYII=' alt='' \/><\/em><\/p>\n<p style='box-sizing: border-box; margin: 0px 0px 10px; text-align: left;'>\n<p class='MsoNormal'><span style='font-size: 12pt; font-family: helvetica&comma; arial&comma; sans-serif;'>Protege tus instalaciones el\u00e9ctricas con nuestro Kit b\u00e1sico de Tierra F\u00edsica&comma; este kit te proporciona lo necesario para una instalaci\u00f3n de puesta a tierra efectiva&comma; segura y duradera&comma; canalizando las posibles descargas el\u00e9ctricas y protegiendo a las personas y equipos.<\/span><\/p>\n<p class='MsoNormal'><span style='font-size: 14pt; font-family: helvetica&comma; arial&comma; sans-serif;'><strong>Contenido:<\/strong><\/span><\/p>\n<p style='box-sizing: border-box; margin: 0px 0px 10px;'><span style='font-size: 12pt; font-family: helvetica&comma; arial&comma; sans-serif;'><strong>Varilla de acero con recubrimiento de cobre electrol\u00edtico.<\/strong><\/span><\/p>\n<ul style='box-sizing: border-box; margin-top: 0px; margin-bottom: 10px;'>\n<li style='box-sizing: border-box; line-height: 20.8px;'><span style='font-size: 12pt; font-family: helvetica&comma; arial&comma; sans-serif;'>Elaborada en acero AISI 1018&comma; estirado en fr\u00edo el cual ofrece mejores propiedades para la varilla.<\/span><\/li>\n<li style='box-sizing: border-box; line-height: 20.8px;'><span style='font-size: 12pt; font-family: helvetica&comma; arial&comma; sans-serif;'>Ideal para implementaci\u00f3n de sistemas de Tierra convencionales.<\/span><\/li>\n<\/ul>\n<div style='box-sizing: border-box;'><span style='font-size: 12pt; font-family: helvetica&comma; arial&comma; sans-serif;'>Caracteristicas:<\/span><\/div>\n<div style='box-sizing: border-box;'><span style='box-sizing: border-box; line-height: 20.8px; font-size: 12pt; font-family: helvetica&comma; arial&comma; sans-serif;'> Di\u00e1metro: 5\/8&#8242;<\/span><br style='box-sizing: border-box; line-height: 20.8px;' \/><span style='box-sizing: border-box; line-height: 20.8px; font-size: 12pt; font-family: helvetica&comma; arial&comma; sans-serif;'> Longitud: 1.5 m<\/span><\/div>\n<div style='box-sizing: border-box;'> <\/div>\n<div style='box-sizing: border-box;'>\n<p class='MsoNormal'><span style='font-family: helvetica&comma; arial&comma; sans-serif;'><strong>Conector Varilla a Cable.<\/strong><\/span><\/p>\n<ul>\n<li class='MsoNormal'><span style='box-sizing: border-box; line-height: 20.8px; font-size: 12pt; font-family: helvetica&comma; arial&comma; sans-serif;'>Fabricado en Bronce con tornillo tropicalizado y\/o en bronce esta\u00f1ado.<\/span><\/li>\n<\/ul>\n<p class='MsoNormal'><span style='font-family: helvetica&comma; arial&comma; sans-serif;'><strong>Cable 6 Awg Color Negro<\/strong><\/span><\/p>\n<ul>\n<li class='MsoNormal'><span style='box-sizing: border-box; line-height: 20.8px; font-size: 12pt; font-family: helvetica&comma; arial&comma; sans-serif;'>Doble cubierta XLPO \/ XLPE<\/span><\/li>\n<li class='MsoNormal'><span style='box-sizing: border-box; line-height: 20.8px; font-size: 12pt; font-family: helvetica&comma; arial&comma; sans-serif; color: #000000;'><span style='box-sizing: border-box; line-height: 20.8px;'><span style='background-color: #ffffff;'>Aprobaci\u00f3n: UL 4703<\/span><\/span><\/span><\/li>\n<li class='MsoNormal'><span style='box-sizing: border-box; line-height: 20.8px; font-size: 12pt; font-family: helvetica&comma; arial&comma; sans-serif; color: #000000;'><span style='box-sizing: border-box; line-height: 20.8px;'><span style='background-color: #ffffff;'>Alta resistencia a los rayos UV&comma; al ozono y a la hidrolizaci\u00f3n.<\/span><\/span><\/span><\/li>\n<\/ul><\/div>\n<div style='box-sizing: border-box;'>\n<p style='box-sizing: border-box; margin: 0px 0px 10px; line-height: 20.8px;'>\n<p style='box-sizing: border-box; margin: 0px 0px 10px; line-height: 20.8px;'><br style='box-sizing: border-box;' \/><span style='font-size: 12pt; font-family: helvetica&comma; arial&comma; sans-serif;'><strong style='box-sizing: border-box; line-height: 20.8px;'><em style='box-sizing: border-box;'>Se recomienda el uso de compuesto H2OHM para disminuir la resistencia del suelo.<\/em><\/strong><\/span><\/p>\n<\/p><\/div>\n<p style='box-sizing: border-box; margin: 0px 0px 10px;'><span style='box-sizing: border-box;'> <\/span><\/p>\n","protected":false},"excerpt":{"rendered":"<p>Kit B\u00e1sico para Tierra F\u00edsica con Varilla de  5\/8&#8243; de 1.5 m de Largo, Opresor y 10 Metros de Cable Negro  6 Awg.<\/p>\n","protected":false},"featured_media":39067,"comment_status":"open","ping_status":"closed","template":"","meta":[],"product_brand":[],"product_cat":[1131],"product_tag":[1088,1132,635],"class_list":{"0":"post-39068","1":"product","2":"type-product","3":"status-publish","4":"has-post-thumbnail","6":"product_cat-tierras-fisicas","7":"product_tag-calidad-de-la-energia","8":"product_tag-tierras-fisicas","9":"product_tag-total-ground","11":"first","12":"instock","13":"sale","14":"shipping-taxable","15":"purchasable","16":"product-type-simple"},"_links":{"self":[{"href":"https:\/\/soydeaqui.ddns.net\/pachuca\/index.php\/wp-json\/wp\/v2\/product\/39068","targetHints":{"allow":["GET"]}}],"collection":[{"href":"https:\/\/soydeaqui.ddns.net\/pachuca\/index.php\/wp-json\/wp\/v2\/product"}],"about":[{"href":"https:\/\/soydeaqui.ddns.net\/pachuca\/index.php\/wp-json\/wp\/v2\/types\/product"}],"replies":[{"embeddable":true,"href":"https:\/\/soydeaqui.ddns.net\/pachuca\/index.php\/wp-json\/wp\/v2\/comments?post=39068"}],"wp:featuredmedia":[{"embeddable":true,"href":"https:\/\/soydeaqui.ddns.net\/pachuca\/index.php\/wp-json\/wp\/v2\/media\/39067"}],"wp:attachment":[{"href":"https:\/\/soydeaqui.ddns.net\/pachuca\/index.php\/wp-json\/wp\/v2\/media?parent=39068"}],"wp:term":[{"taxonomy":"product_brand","embeddable":true,"href":"https:\/\/soydeaqui.ddns.net\/pachuca\/index.php\/wp-json\/wp\/v2\/product_brand?post=39068"},{"taxonomy":"product_cat","embeddable":true,"href":"https:\/\/soydeaqui.ddns.net\/pachuca\/index.php\/wp-json\/wp\/v2\/product_cat?post=39068"},{"taxonomy":"product_tag","embeddable":true,"href":"https:\/\/soydeaqui.ddns.net\/pachuca\/index.php\/wp-json\/wp\/v2\/product_tag?post=39068"}],"curies":[{"name":"wp","href":"https:\/\/api.w.org\/{rel}","templated":true}]}}