{"id":39053,"date":"2026-03-18T17:12:25","date_gmt":"2026-03-18T17:12:25","guid":{"rendered":"https:\/\/soydeaqui.ddns.net\/pachuca\/index.php\/producto\/juego-de-probador-de-cables-de-red-con-transmisores-remotos-scout-pro-max-detecta-la-capacidad-de-la-red-y-las-velocidades-de-conexin-hasta-10-gbps\/"},"modified":"2026-03-18T17:12:32","modified_gmt":"2026-03-18T17:12:32","slug":"juego-de-probador-de-cables-de-red-con-transmisores-remotos-scout-pro-max-detecta-la-capacidad-de-la-red-y-las-velocidades-de-conexin-hasta-10-gbps","status":"publish","type":"product","link":"https:\/\/soydeaqui.ddns.net\/pachuca\/index.php\/producto\/juego-de-probador-de-cables-de-red-con-transmisores-remotos-scout-pro-max-detecta-la-capacidad-de-la-red-y-las-velocidades-de-conexin-hasta-10-gbps\/","title":{"rendered":"Juego de Probador de Cables de Red con Transmisores Remotos Scout? Pro Max. Detecta la Capacidad de la Red y las Velocidades de Conexi?n hasta 10 Gbps"},"content":{"rendered":"<div style='width: 100%; max-width: 1200px; margin: 0 auto; font-family: sans-serif; line-height: 1.6; color: inherit; background-color: transparent;'> <!-- Imagen principal --> <\/p>\n<div style='margin-bottom: 30px;'> <img style='width: 100%; height: auto; border: 1px solid rgba(150&comma;150&comma;150&comma;0.3); border-radius: 8px;' src='https:\/\/ftp3.syscom.mx\/usuarios\/fotos\/QRST11\/224267-captura_de_pantalla_2023-11-14_a_la(s)_12.59.13%E2%80%AFp.m..png' alt=''> <\/div>\n<p> <!-- Secci\u00f3n de caracter\u00edsticas --> <\/p>\n<div style='display: flex; flex-wrap: wrap; gap: 30px; margin-bottom: 30px;'>\n<div style='flex: 1 1 300px; min-width: 280px;'>\n<h3 style='font-size: 22px; border-bottom: 2px solid currentColor; padding-bottom: 5px; margin-top: 0; color: inherit; opacity: 0.8;'>Caracter\u00edsticas<\/h3>\n<ul style='padding-left: 20px; font-size: 15px; color: inherit;'>\n<li style='margin-bottom: 10px;'>Probador de cables de red que ubica&comma; prueba y mide cables de datos&comma; telef\u00f3nicos y coaxiales para garantizar instalaciones r\u00e1pidas y precisas&comma; y resolver problemas<\/li>\n<li style='margin-bottom: 10px;'>Pantalla retroiluminada a todo color y memoria interna para almacenar&comma; descargar y mostrar los resultados de las pruebas para facilitar la administraci\u00f3n de informes<\/li>\n<li style='margin-bottom: 10px;'>Mide la longitud de un cable de hasta 2000&#8242; (610 m) y la distancia a una falla utilizando TDR<\/li>\n<li style='margin-bottom: 10px;'>Generaci\u00f3n digital\/anal\u00f3gica de tonos para probar f\u00e1cilmente cables (requiere sonda Cat. n.\u00ba VDV500-223&comma; se vende por separado)<\/li>\n<li style='margin-bottom: 10px;'>Ubique e identifique hasta 20 ubicaciones con transmisores remotos de ID para una administraci\u00f3n y organizaci\u00f3n grandiosas de los cables<\/li>\n<li style='margin-bottom: 10px;'>Detectar la capacidad de la red y las velocidades de conexi\u00f3n hasta 10 Gbps<\/li>\n<li style='margin-bottom: 10px;'>Inicie el parpadeo del concentrador para identificar y ubicar f\u00e1cilmente cables en el dispositivo y probar el servicio de telefon\u00eda tradicional (POTS)<\/li>\n<\/ul><\/div>\n<\/p><\/div>\n<p> <!-- Separador --> <\/p>\n<hr style='border: 0; border-top: 1px solid rgba(150&comma; 150&comma; 150&comma; 0.3); margin: 30px 0;'> <!-- Secci\u00f3n de especificaciones --> <\/p>\n<div style='display: flex; flex-wrap: wrap; gap: 20px; margin-bottom: 30px;'>\n<div style='flex: 1 1 250px; border: 1px solid rgba(150&comma; 150&comma; 150&comma; 0.4); border-radius: 8px; overflow: hidden; display: flex; flex-direction: column;'>\n<div style='padding: 15px; border-bottom: 1px solid rgba(150&comma; 150&comma; 150&comma; 0.2); font-weight: bold; font-size: 18px; color: inherit;'>Especificaciones Generales<\/div>\n<div style='padding: 15px; color: inherit;'>\n<ul style='padding-left: 20px; margin: 0; font-size: 14px; list-style-type: disc;'>\n<li style='margin-bottom: 8px;'><strong>Tipo:<\/strong> Cable de par trenzado&comma; de datos&comma; voz&comma; LAN y coaxial<\/li>\n<li style='margin-bottom: 8px;'><strong>Aplicaci\u00f3n:<\/strong> Prueba de cables<\/li>\n<li style='margin-bottom: 8px;'><strong>Caracter\u00edsticas especiales:<\/strong> Mide la longitud de cables; LCD retroiluminada; parpadeo del concentrador<\/li>\n<li style='margin-bottom: 8px;'><strong>Longitud total:<\/strong> 8&#8221; (20&comma;3 cm)<\/li>\n<li style='margin-bottom: 8px;'><strong>Altura total:<\/strong> 1&comma;5&#8221; (3&comma;8 cm)<\/li>\n<li style='margin-bottom: 8px;'><strong>Ancho total:<\/strong> 4&#8221; (10&comma;2 cm)<\/li>\n<li style='margin-bottom: 8px;'><strong>Material:<\/strong> Pl\u00e1stico y metal<\/li>\n<\/ul><\/div>\n<\/p><\/div>\n<div style='flex: 1 1 250px; border: 1px solid rgba(150&comma; 150&comma; 150&comma; 0.4); border-radius: 8px; overflow: hidden; display: flex; flex-direction: column;'>\n<div style='padding: 15px; border-bottom: 1px solid rgba(150&comma; 150&comma; 150&comma; 0.2); font-weight: bold; font-size: 18px; color: inherit;'>Especificaciones T\u00e9cnicas<\/div>\n<div style='padding: 15px; color: inherit;'>\n<ul style='padding-left: 20px; margin: 0; font-size: 14px; list-style-type: disc;'>\n<li style='margin-bottom: 8px;'><strong>Bater\u00edas:<\/strong> 3 AA alcalinas<\/li>\n<li style='margin-bottom: 8px;'><strong>Vida \u00fatil de la bater\u00eda:<\/strong> En actividad: 15 h; modo en espera: 1 a\u00f1o<\/li>\n<li style='margin-bottom: 8px;'><strong>Protecci\u00f3n ante ca\u00eddas:<\/strong> 6&comma;6&#8242; (2 m)<\/li>\n<li style='margin-bottom: 8px;'><strong>Transmisores remotos compatibles:<\/strong> 41<\/li>\n<li style='margin-bottom: 8px;'><strong>Tipos de conexiones y adaptadores:<\/strong> RJ11&comma; RJ12&comma; RJ45 y cable coaxial F<\/li>\n<li style='margin-bottom: 8px;'><strong>Pantalla:<\/strong> LCD retroiluminada<\/li>\n<li style='margin-bottom: 8px;'><strong>Generador de tono de estilo m\u00faltiple:<\/strong> S\u00ed (5); requiere sonda de rastreo (Cat. n.\u00ba VDV500-223); se vende por separado<\/li>\n<\/ul><\/div>\n<\/p><\/div>\n<div style='flex: 1 1 250px; border: 1px solid rgba(150&comma; 150&comma; 150&comma; 0.4); border-radius: 8px; overflow: hidden; display: flex; flex-direction: column;'>\n<div style='padding: 15px; border-bottom: 1px solid rgba(150&comma; 150&comma; 150&comma; 0.2); font-weight: bold; font-size: 18px; color: inherit;'>Detalles Adicionales<\/div>\n<div style='padding: 15px; color: inherit;'>\n<ul style='padding-left: 20px; margin: 0; font-size: 14px; list-style-type: disc;'>\n<li style='margin-bottom: 8px;'><strong>Tipo de cable:<\/strong> DATOS&comma; blindado o no blindado&comma; CAT6&comma; COAXIAL: RJ11&comma; RJ12 y RJ45<\/li>\n<li style='margin-bottom: 8px;'><strong>Identificaci\u00f3n de cable:<\/strong> Incluye 20 transmisores remotos<\/li>\n<li style='margin-bottom: 8px;'><strong>Tipos de prueba y medici\u00f3n:<\/strong> Ethernet\/Datos y coaxial<\/li>\n<li style='margin-bottom: 8px;'><strong>Precisi\u00f3n:<\/strong> \u00b1 (2 % + 3&#8242; o 1 m) con VoP conocida y par\u00e1metros uniformes del cable<\/li>\n<li style='margin-bottom: 8px;'><strong>Incluye:<\/strong> Probador&comma; transmisor remoto con portatransmisor&comma; cable RJ45 CAT6 a RJ45 CAT6 (T658B) (\u00d72)&comma; cable RJ11 a RJ11 (\u00d72)&comma; cable RJ12 a RJ12 (\u00d72)&comma; cable coaxial F hembra para cable con bornes de conexi\u00f3n multicontacto en \u00e1ngulo&comma; transmisores remotos de ID de ubicaci\u00f3n RJ45 LanMap\u2122 (1-20)&comma; transmisores remotos de ID de ubicaci\u00f3n para conector F CoaxMap\u2122 (1-20)&comma; conector cil\u00edndrico F hembra&comma; cable USB-C a USB-A&comma; estuche para transporte<\/li>\n<li style='margin-bottom: 8px;'><strong>Peso:<\/strong> 15&comma;8 oz (447 g)<\/li>\n<\/ul><\/div>\n<\/p><\/div>\n<\/p><\/div>\n<p> <!-- Separador --> <\/p>\n<hr style='border: 0; border-top: 1px solid rgba(150&comma; 150&comma; 150&comma; 0.3); margin: 30px 0;'> <!-- Imagen secundaria --> <\/p>\n<div style='margin-bottom: 30px;'> <img style='width: 100%; height: auto; border: 1px solid rgba(150&comma;150&comma;150&comma;0.3); border-radius: 8px;' src='https:\/\/ftp3.syscom.mx\/usuarios\/fotos\/VDV501770\/235152-vdv501-770_app2.jpg' alt=''> <\/div>\n<p> <!-- Video --> <\/p>\n<div style='position: relative; padding-bottom: 56.25%; height: 0; overflow: hidden; margin-bottom: 30px;'>   <\/div>\n<\/p><\/div>\n","protected":false},"excerpt":{"rendered":"<p>Juego de Probador de Cables de Red con Transmisores Remotos Scout? Pro Max. Detecta la Capacidad de la Red y las Velocidades de Conexi?n hasta 10 Gbps<\/p>\n","protected":false},"featured_media":39052,"comment_status":"open","ping_status":"closed","template":"","meta":[],"product_brand":[],"product_cat":[608],"product_tag":[586,25,432],"class_list":{"0":"post-39053","1":"product","2":"type-product","3":"status-publish","4":"has-post-thumbnail","6":"product_cat-herramientas-cableado-de-cobre","7":"product_tag-cableado-de-cobre","8":"product_tag-herramientas","9":"product_tag-klein-tools","11":"first","12":"instock","13":"sale","14":"shipping-taxable","15":"purchasable","16":"product-type-simple"},"_links":{"self":[{"href":"https:\/\/soydeaqui.ddns.net\/pachuca\/index.php\/wp-json\/wp\/v2\/product\/39053","targetHints":{"allow":["GET"]}}],"collection":[{"href":"https:\/\/soydeaqui.ddns.net\/pachuca\/index.php\/wp-json\/wp\/v2\/product"}],"about":[{"href":"https:\/\/soydeaqui.ddns.net\/pachuca\/index.php\/wp-json\/wp\/v2\/types\/product"}],"replies":[{"embeddable":true,"href":"https:\/\/soydeaqui.ddns.net\/pachuca\/index.php\/wp-json\/wp\/v2\/comments?post=39053"}],"wp:featuredmedia":[{"embeddable":true,"href":"https:\/\/soydeaqui.ddns.net\/pachuca\/index.php\/wp-json\/wp\/v2\/media\/39052"}],"wp:attachment":[{"href":"https:\/\/soydeaqui.ddns.net\/pachuca\/index.php\/wp-json\/wp\/v2\/media?parent=39053"}],"wp:term":[{"taxonomy":"product_brand","embeddable":true,"href":"https:\/\/soydeaqui.ddns.net\/pachuca\/index.php\/wp-json\/wp\/v2\/product_brand?post=39053"},{"taxonomy":"product_cat","embeddable":true,"href":"https:\/\/soydeaqui.ddns.net\/pachuca\/index.php\/wp-json\/wp\/v2\/product_cat?post=39053"},{"taxonomy":"product_tag","embeddable":true,"href":"https:\/\/soydeaqui.ddns.net\/pachuca\/index.php\/wp-json\/wp\/v2\/product_tag?post=39053"}],"curies":[{"name":"wp","href":"https:\/\/api.w.org\/{rel}","templated":true}]}}