{"id":3904,"date":"2026-03-18T06:13:21","date_gmt":"2026-03-18T06:13:21","guid":{"rendered":"https:\/\/soydeaqui.ddns.net\/pachuca\/index.php\/producto\/llave-de-impacto-bl-18v-lxt-1-2-330-n-m-insercion-de-bola-no-incluye-baterias-cargador-y-sin-maletin\/"},"modified":"2026-03-18T06:13:23","modified_gmt":"2026-03-18T06:13:23","slug":"llave-de-impacto-bl-18v-lxt-1-2-330-n-m-insercion-de-bola-no-incluye-baterias-cargador-y-sin-maletin","status":"publish","type":"product","link":"https:\/\/soydeaqui.ddns.net\/pachuca\/index.php\/producto\/llave-de-impacto-bl-18v-lxt-1-2-330-n-m-insercion-de-bola-no-incluye-baterias-cargador-y-sin-maletin\/","title":{"rendered":"Llave de impacto BL 18V LXT 1\/2&#8243; 330 N-m. Inserci\u00f3n de Bola, No incluye Bater\u00edas, Cargador y sin Malet\u00edn."},"content":{"rendered":"<div style='width: 100%; max-width: 1200px; margin: 0 auto; font-family: sans-serif; line-height: 1.6; color: inherit; background-color: transparent;'> <!-- Imagen del producto --> <\/p>\n<div style='display: flex; justify-content: center; margin-bottom: 30px;'> <img style='width: 100%; max-width: 400px; height: auto; border: 1px solid rgba(150&comma;150&comma;150&comma;0.3); border-radius: 8px;' src='https:\/\/ftp3.syscom.mx\/usuarios\/nortega\/makita\/imagenes\/makita.png' alt=''> <\/div>\n<p> <!-- Secci\u00f3n de caracter\u00edsticas --> <\/p>\n<div style='display: flex; flex-wrap: wrap; gap: 30px; margin-bottom: 30px;'>\n<div style='flex: 1 1 300px; min-width: 280px;'>\n<h3 style='font-size: 22px; border-bottom: 2px solid currentColor; padding-bottom: 5px; margin-top: 0; color: inherit; opacity: 0.8;'>Caracter\u00edsticas destacadas<\/h3>\n<ul style='padding-left: 20px; font-size: 15px; color: inherit;'>\n<li style='margin-bottom: 5px;'>Potente motor que ofrece un par de apriete de 330 Nm.<\/li>\n<li style='margin-bottom: 5px;'>El eficiente Motor BL sin Escobillas optimiza la energ\u00eda de la bater\u00eda y otorga un 50% m\u00e1s de tiempo de trabajo por carga.<\/li>\n<li style='margin-bottom: 5px;'>Dise\u00f1o compacto y ergon\u00f3mico con s\u00f3lo 144 mm de largo.<\/li>\n<li style='margin-bottom: 5px;'>Interruptor selector de 4 velocidades el\u00e9ctricas (0-1.000 \/ 0-1.800 \/ 0-2.600 \/ 0-3.200 r.p.m. y 0-1.800 \/ 0-2.600 \/ 0-3.400 \/ 0-4.000 i.p.m.) para mayor control en un amplio rango de aplicaciones<\/li>\n<li style='margin-bottom: 5px;'>Modo de parada autom\u00e1tico en atornillado y des-atornillado en las 3 primeras velocidades&comma; ofrece mayor control al usuario.<\/li>\n<li style='margin-bottom: 5px;'>El modo de m\u00e1xima velocidad reduce la presi\u00f3n en el gatillo para alcanzar velocidad m\u00e1xima.<\/li>\n<li style='margin-bottom: 5px;'>Doble LED de iluminaci\u00f3n para trabajos en lugares con poca visibilidad.<\/li>\n<\/ul><\/div>\n<\/p><\/div>\n<p> <!-- Separador --> <\/p>\n<hr style='border: 0; border-top: 1px solid rgba(150&comma; 150&comma; 150&comma; 0.3); margin: 30px 0;'> <!-- Secci\u00f3n de especificaciones --> <\/p>\n<div style='display: flex; flex-wrap: wrap; gap: 20px; margin-bottom: 30px;'>\n<div style='flex: 1 1 250px; border: 1px solid rgba(150&comma; 150&comma; 150&comma; 0.4); border-radius: 8px; overflow: hidden; display: flex; flex-direction: column;'>\n<div style='padding: 15px; border-bottom: 1px solid rgba(150&comma; 150&comma; 150&comma; 0.2); font-weight: bold; font-size: 18px; color: inherit;'>Especificaciones<\/div>\n<div style='padding: 15px; color: inherit;'>\n<ul style='padding-left: 20px; margin: 0; font-size: 14px; list-style-type: disc;'>\n<li style='margin-bottom: 5px;'><strong>Tensi\u00f3n de la bater\u00eda:<\/strong> 18 V<\/li>\n<li style='margin-bottom: 5px;'><strong>Tipo de bater\u00eda:<\/strong> LXT<\/li>\n<li style='margin-bottom: 5px;'><strong>Amperaje de la bater\u00eda:<\/strong> 5&comma;0 Ah<\/li>\n<li style='margin-bottom: 5px;'><strong>Motor:<\/strong> BL<\/li>\n<li style='margin-bottom: 5px;'><strong>R.p.m:<\/strong> 0 &#8211; 3.200 Rpm<\/li>\n<li style='margin-bottom: 5px;'><strong>R.p.m alta:<\/strong> 0 &#8211; 2.600 Rpm<\/li>\n<li style='margin-bottom: 5px;'><strong>R.p.m media:<\/strong> 0 &#8211; 1.800 Rpm<\/li>\n<li style='margin-bottom: 5px;'><strong>R.p.m baja:<\/strong> 0 &#8211; 1.000 Rpm<\/li>\n<li style='margin-bottom: 5px;'><strong>I.p.m:<\/strong> 0 &#8211; 4.000 ipm<\/li>\n<li style='margin-bottom: 5px;'><strong>I.p.m alta:<\/strong> 0 &#8211; 3.400 ipm<\/li>\n<li style='margin-bottom: 5px;'><strong>I.p.m media:<\/strong> 0 &#8211; 2.600 ipm<\/li>\n<li style='margin-bottom: 5px;'><strong>I.p.m baja:<\/strong> 0 &#8211; 1.800 ipm<\/li>\n<li style='margin-bottom: 5px;'><strong>Par m\u00e1x. de apriete:<\/strong> 330 Nm<\/li>\n<li style='margin-bottom: 5px;'><strong>Par m\u00e1x. de rotura (desapriete):<\/strong> 580 Nm<\/li>\n<li style='margin-bottom: 5px;'><strong>Capacidad m\u00e1x de tornillo:<\/strong> M10 &#8211; M20<\/li>\n<li style='margin-bottom: 5px;'><strong>Inserci\u00f3n:<\/strong> 1\/2&#8242;<\/li>\n<li style='margin-bottom: 5px;'><strong>Velocidad variable (interruptor):<\/strong> Si<\/li>\n<li style='margin-bottom: 5px;'><strong>Freno el\u00e9ctrico:<\/strong> Si<\/li>\n<li style='margin-bottom: 5px;'><strong>Iluminaci\u00f3n integrada:<\/strong> Si<\/li>\n<li style='margin-bottom: 5px;'><strong>Dimensiones. LxAnxAl:<\/strong> 144 x 81 x 246 mm<\/li>\n<li style='margin-bottom: 5px;'><strong>Peso seg\u00fan EPTA:<\/strong> 1&comma;8 Kg<\/li>\n<li style='margin-bottom: 5px;'><strong>Emisi\u00f3n de vibraci\u00f3n:<\/strong> 12&comma;50 m\/seg\u00b2<\/li>\n<li style='margin-bottom: 5px;'><strong>Incertidumbre (K) de vibraci\u00f3n:<\/strong> 1&comma;50 m\/seg\u00b2<\/li>\n<li style='margin-bottom: 5px;'><strong>Presi\u00f3n sonora:<\/strong> 97&comma;00 dB(A)<\/li>\n<li style='margin-bottom: 5px;'><strong>Potencia sonora:<\/strong> 108&comma;00 dB(A)<\/li>\n<li style='margin-bottom: 5px;'><strong>Incertidumbre (K) sonora:<\/strong> 3&comma;00 dB(A)<\/li>\n<\/ul><\/div>\n<\/p><\/div>\n<\/p><\/div>\n<\/p><\/div>\n","protected":false},"excerpt":{"rendered":"<p>Llave de impacto BL 18V LXT 1\/2&#8243; 330 N-m. Inserci\u00f3n de Bola, No incluye Bater\u00edas, Cargador y sin Malet\u00edn.<\/p>\n","protected":false},"featured_media":3903,"comment_status":"open","ping_status":"closed","template":"","meta":[],"product_brand":[],"product_cat":[130],"product_tag":[25,131,252],"class_list":{"0":"post-3904","1":"product","2":"type-product","3":"status-publish","4":"has-post-thumbnail","6":"product_cat-herramientas-electricas","7":"product_tag-herramientas","8":"product_tag-herramientas-electricas","9":"product_tag-makita","11":"first","12":"outofstock","13":"sale","14":"shipping-taxable","15":"purchasable","16":"product-type-simple"},"_links":{"self":[{"href":"https:\/\/soydeaqui.ddns.net\/pachuca\/index.php\/wp-json\/wp\/v2\/product\/3904","targetHints":{"allow":["GET"]}}],"collection":[{"href":"https:\/\/soydeaqui.ddns.net\/pachuca\/index.php\/wp-json\/wp\/v2\/product"}],"about":[{"href":"https:\/\/soydeaqui.ddns.net\/pachuca\/index.php\/wp-json\/wp\/v2\/types\/product"}],"replies":[{"embeddable":true,"href":"https:\/\/soydeaqui.ddns.net\/pachuca\/index.php\/wp-json\/wp\/v2\/comments?post=3904"}],"wp:featuredmedia":[{"embeddable":true,"href":"https:\/\/soydeaqui.ddns.net\/pachuca\/index.php\/wp-json\/wp\/v2\/media\/3903"}],"wp:attachment":[{"href":"https:\/\/soydeaqui.ddns.net\/pachuca\/index.php\/wp-json\/wp\/v2\/media?parent=3904"}],"wp:term":[{"taxonomy":"product_brand","embeddable":true,"href":"https:\/\/soydeaqui.ddns.net\/pachuca\/index.php\/wp-json\/wp\/v2\/product_brand?post=3904"},{"taxonomy":"product_cat","embeddable":true,"href":"https:\/\/soydeaqui.ddns.net\/pachuca\/index.php\/wp-json\/wp\/v2\/product_cat?post=3904"},{"taxonomy":"product_tag","embeddable":true,"href":"https:\/\/soydeaqui.ddns.net\/pachuca\/index.php\/wp-json\/wp\/v2\/product_tag?post=3904"}],"curies":[{"name":"wp","href":"https:\/\/api.w.org\/{rel}","templated":true}]}}