{"id":39037,"date":"2026-03-18T17:11:59","date_gmt":"2026-03-18T17:11:59","guid":{"rendered":"https:\/\/soydeaqui.ddns.net\/pachuca\/index.php\/producto\/medidor-de-resistencia-a-tierra-y-corriente-de-fuga-de-gancho-terrometro-conexion-fluke-connect-cat-iii-y-cat-iv-tension-maxima-a-tierra-1000v-con-certificado-de-calibracion-excede-a-modelos-m\/"},"modified":"2026-03-18T17:12:01","modified_gmt":"2026-03-18T17:12:01","slug":"medidor-de-resistencia-a-tierra-y-corriente-de-fuga-de-gancho-terrometro-conexion-fluke-connect-cat-iii-y-cat-iv-tension-maxima-a-tierra-1000v-con-certificado-de-calibracion-excede-a-modelos-m","status":"publish","type":"product","link":"https:\/\/soydeaqui.ddns.net\/pachuca\/index.php\/producto\/medidor-de-resistencia-a-tierra-y-corriente-de-fuga-de-gancho-terrometro-conexion-fluke-connect-cat-iii-y-cat-iv-tension-maxima-a-tierra-1000v-con-certificado-de-calibracion-excede-a-modelos-m\/","title":{"rendered":"Medidor de Resistencia a Tierra y Corriente de Fuga de Gancho (Terr\u00f3metro),  Conexi\u00f3n Fluke Connect. CAT III y CAT IV, Tensi\u00f3n M\u00e1xima a Tierra 1000V. Con Certificado de Calibraci\u00f3n. Excede a modelos Megger"},"content":{"rendered":"<div style='width: 100%; max-width: 1200px; margin: 0 auto; font-family: sans-serif; line-height: 1.6; color: inherit; background-color: transparent;'>\n<div style='display: flex; flex-direction: column; align-items: center; margin-bottom: 30px;'> <img style='width: 100%; max-width: 500px; height: auto; border: 1px solid rgba(150&comma;150&comma;150&comma;0.3); border-radius: 8px;' src='https:\/\/www.risoul.com.mx\/hs-fs\/hubfs\/Fluke-Logo.png?width=1557&#038;name=Fluke-Logo.png' alt='Distribuidor productos Fluke'> <\/div>\n<div style='display: flex; flex-wrap: wrap; gap: 30px; margin-bottom: 30px;'>\n<div style='flex: 1 1 300px; min-width: 280px;'>\n<h3 style='font-size: 22px; border-bottom: 2px solid currentColor; padding-bottom: 5px; margin-top: 0; color: inherit; opacity: 0.8;'>Descripci\u00f3n<\/h3>\n<p style='font-size: 15px; color: inherit;'>Compruebe la puesta a tierra de los componentes de equipos en espacios de dif\u00edcil acceso&comma; incluidas \u00e1reas en interiores o completamente pavimentadas donde no se permiten picas en pruebas auxiliares de conducci\u00f3n. Permanezca en l\u00ednea: identifique la resistencia de bucle a tierra sin la necesidad de desconectar y volver a conectar al sistema el electrodo de puesta a tierra.<\/p>\n<p style='font-size: 15px; color: inherit;'>La pinza de resistencia de tierra sin picas 1630-2 FC es el tipo de herramienta resistente y de alta calidad que espera de Fluke. La resistente mordaza de la pinza permanece alineada y calibrada aun en entornos industriales en servicio.<\/p>\n<\/p><\/div>\n<\/p><\/div>\n<div style='display: flex; flex-wrap: wrap; gap: 30px; margin-bottom: 30px;'>\n<div style='flex: 1 1 300px; min-width: 280px;'>\n<h3 style='font-size: 22px; border-bottom: 2px solid currentColor; padding-bottom: 5px; margin-top: 0; color: inherit; opacity: 0.8;'>Caracter\u00edsticas<\/h3>\n<ul style='padding-left: 20px; font-size: 15px; color: inherit;'>\n<li style='margin-bottom: 5px;'>Comprobaci\u00f3n sin picas<\/li>\n<li style='margin-bottom: 5px;'>Mide resistencias de bucles de puesta a tierra para sistemas con m\u00faltiples puestas a tierra<\/li>\n<li style='margin-bottom: 5px;'>Elimina la necesidad de desconectar puestas a tierra paralelas<\/li>\n<li style='margin-bottom: 5px;'>Permite comprobaciones en lugares dif\u00edciles: interiores&comma; postes de electricidad&comma; etc.<\/li>\n<\/ul><\/div>\n<div style='flex: 1 1 300px; min-width: 280px;'>\n<h3 style='font-size: 22px; border-bottom: 2px solid currentColor; padding-bottom: 5px; margin-top: 0; color: inherit; opacity: 0.8;'>Conectividad<\/h3>\n<ul style='padding-left: 20px; font-size: 15px; color: inherit;'>\n<li style='margin-bottom: 5px;'>Compatible con sistema inal\u00e1mbrico Fluke Connect<\/li>\n<li style='margin-bottom: 5px;'>Conecta con aplicaci\u00f3n en smartphone o tableta<\/li>\n<li style='margin-bottom: 5px;'>Muestra mediciones de resistencia de tierra en dispositivo m\u00f3vil<\/li>\n<li style='margin-bottom: 5px;'>Permite guardar mediciones&comma; ubicaci\u00f3n GPS e im\u00e1genes<\/li>\n<li style='margin-bottom: 5px;'>Compatibilidad con almacenamiento en la nube y compartir con equipo<\/li>\n<\/ul><\/div>\n<div style='flex: 1 1 300px; min-width: 280px;'>\n<h3 style='font-size: 22px; border-bottom: 2px solid currentColor; padding-bottom: 5px; margin-top: 0; color: inherit; opacity: 0.8;'>Incluye<\/h3>\n<ul style='padding-left: 20px; font-size: 15px; color: inherit;'>\n<li style='margin-bottom: 5px;'>Medidor de Tierra de Gancho 1630-2 FC<\/li>\n<li style='margin-bottom: 5px;'>Malet\u00edn de transporte<\/li>\n<li style='margin-bottom: 5px;'>Placa de comprobaci\u00f3n est\u00e1ndar de resistencia de bucle<\/li>\n<li style='margin-bottom: 5px;'>Bater\u00edas 4 AA<\/li>\n<li style='margin-bottom: 5px;'>Gu\u00eda de informaci\u00f3n de Seguridad<\/li>\n<li style='margin-bottom: 5px;'>Gu\u00eda de referencia r\u00e1pida<\/li>\n<\/ul><\/div>\n<\/p><\/div>\n<div style='display: flex; flex-wrap: wrap; gap: 20px; margin-bottom: 30px;'>\n<div style='flex: 1 1 300px; min-width: 280px;'>\n<h3 style='font-size: 22px; border-bottom: 2px solid currentColor; padding-bottom: 5px; margin-top: 0; color: inherit; opacity: 0.8;'>Comparaci\u00f3n<\/h3>\n<p style='font-size: 15px; color: inherit;'>** Este producto excede a los modelos DET14C y DET24C de Megger<\/p>\n<\/p><\/div>\n<\/p><\/div>\n<div style='display: flex; flex-wrap: wrap; gap: 20px; margin-bottom: 30px;'>\n<div style='flex: 1 1 300px; min-width: 280px;'>\n<h3 style='font-size: 22px; border-bottom: 2px solid currentColor; padding-bottom: 5px; margin-top: 0; color: inherit; opacity: 0.8;'>Im\u00e1genes<\/h3>\n<\/p><\/div>\n<\/p><\/div>\n<div style='display: flex; flex-wrap: wrap; gap: 20px; margin-bottom: 30px;'>\n<div style='flex: 1 1 300px; min-width: 280px;'> <img style='width: 100%; height: auto; border: 1px solid rgba(150&comma;150&comma;150&comma;0.3); border-radius: 8px;' src='https:\/\/ftp3.syscom.mx\/usuarios\/fotos\/FLUKE16302FC\/203124-captura_de_pantalla_2024-02-08_a_la(s)_2.43.37%E2%80%AFp.m..png' alt=''> <\/div>\n<div style='flex: 1 1 300px; min-width: 280px;'> <img style='width: 100%; height: auto; border: 1px solid rgba(150&comma;150&comma;150&comma;0.3); border-radius: 8px;' src='https:\/\/ftp3.syscom.mx\/usuarios\/fotos\/FLUKE16302FC\/203124-captura_de_pantalla_2024-02-08_a_la(s)_2.44.11%E2%80%AFp.m..png' alt=''> <\/div>\n<\/p><\/div>\n<div style='display: flex; flex-wrap: wrap; gap: 20px; margin-bottom: 30px;'>\n<div style='flex: 1 1 300px; min-width: 280px;'> <img style='width: 100%; height: auto; border: 1px solid rgba(150&comma;150&comma;150&comma;0.3); border-radius: 8px;' src='https:\/\/ftp3.syscom.mx\/usuarios\/fotos\/FLUKE16302FC\/203124-captura_de_pantalla_2024-02-08_a_la(s)_2.15.10%E2%80%AFp.m..png' alt=''> <\/div>\n<div style='flex: 1 1 300px; min-width: 280px;'> <img style='width: 100%; height: auto; border: 1px solid rgba(150&comma;150&comma;150&comma;0.3); border-radius: 8px;' src='https:\/\/ftp3.syscom.mx\/usuarios\/fotos\/FLUKE16302FC\/203124-captura_de_pantalla_2024-02-08_a_la(s)_2.16.40%E2%80%AFp.m..png' alt=''> <\/div>\n<\/p><\/div>\n<hr style='border: 0; border-top: 1px solid rgba(150&comma; 150&comma; 150&comma; 0.3); margin: 30px 0;'> <\/div>\n","protected":false},"excerpt":{"rendered":"<p>Medidor de Resistencia a Tierra y Corriente de Fuga de Gancho (Terr\u00f3metro),  Conexi\u00f3n Fluke Connect. CAT III y CAT IV, Tensi\u00f3n M\u00e1xima a Tierra 1000V. Con Certificado de Calibraci\u00f3n. Excede a modelos Megger<\/p>\n","protected":false},"featured_media":39036,"comment_status":"open","ping_status":"closed","template":"","meta":[],"product_brand":[],"product_cat":[1090],"product_tag":[1091,1088,393],"class_list":{"0":"post-39037","1":"product","2":"type-product","3":"status-publish","4":"has-post-thumbnail","6":"product_cat-accesorios-para-tierra-fisica","7":"product_tag-accesorios-para-tierra-fisica","8":"product_tag-calidad-de-la-energia","9":"product_tag-fluke","11":"first","12":"outofstock","13":"sale","14":"shipping-taxable","15":"purchasable","16":"product-type-simple"},"_links":{"self":[{"href":"https:\/\/soydeaqui.ddns.net\/pachuca\/index.php\/wp-json\/wp\/v2\/product\/39037","targetHints":{"allow":["GET"]}}],"collection":[{"href":"https:\/\/soydeaqui.ddns.net\/pachuca\/index.php\/wp-json\/wp\/v2\/product"}],"about":[{"href":"https:\/\/soydeaqui.ddns.net\/pachuca\/index.php\/wp-json\/wp\/v2\/types\/product"}],"replies":[{"embeddable":true,"href":"https:\/\/soydeaqui.ddns.net\/pachuca\/index.php\/wp-json\/wp\/v2\/comments?post=39037"}],"wp:featuredmedia":[{"embeddable":true,"href":"https:\/\/soydeaqui.ddns.net\/pachuca\/index.php\/wp-json\/wp\/v2\/media\/39036"}],"wp:attachment":[{"href":"https:\/\/soydeaqui.ddns.net\/pachuca\/index.php\/wp-json\/wp\/v2\/media?parent=39037"}],"wp:term":[{"taxonomy":"product_brand","embeddable":true,"href":"https:\/\/soydeaqui.ddns.net\/pachuca\/index.php\/wp-json\/wp\/v2\/product_brand?post=39037"},{"taxonomy":"product_cat","embeddable":true,"href":"https:\/\/soydeaqui.ddns.net\/pachuca\/index.php\/wp-json\/wp\/v2\/product_cat?post=39037"},{"taxonomy":"product_tag","embeddable":true,"href":"https:\/\/soydeaqui.ddns.net\/pachuca\/index.php\/wp-json\/wp\/v2\/product_tag?post=39037"}],"curies":[{"name":"wp","href":"https:\/\/api.w.org\/{rel}","templated":true}]}}