{"id":39026,"date":"2026-03-18T17:11:41","date_gmt":"2026-03-18T17:11:41","guid":{"rendered":"https:\/\/soydeaqui.ddns.net\/pachuca\/index.php\/producto\/dual-camara-boroscopio-pro-5-5mm-720p-usb-c-wi-fi-y-lcd-4-3-a-color-cuello-de-cisne-blindado-10-3m-con-iman-y-6-leds-bateria-io-li-recargable-ideal-en-industria-automotriz-electricidad\/"},"modified":"2026-03-18T17:11:46","modified_gmt":"2026-03-18T17:11:46","slug":"dual-camara-boroscopio-pro-5-5mm-720p-usb-c-wi-fi-y-lcd-4-3-a-color-cuello-de-cisne-blindado-10-3m-con-iman-y-6-leds-bateria-io-li-recargable-ideal-en-industria-automotriz-electricidad","status":"publish","type":"product","link":"https:\/\/soydeaqui.ddns.net\/pachuca\/index.php\/producto\/dual-camara-boroscopio-pro-5-5mm-720p-usb-c-wi-fi-y-lcd-4-3-a-color-cuello-de-cisne-blindado-10-3m-con-iman-y-6-leds-bateria-io-li-recargable-ideal-en-industria-automotriz-electricidad\/","title":{"rendered":"Dual C\u00e1mara Boroscopio Pro 5.5mm 720p USB-C\/Wi-Fi, y LCD 4.3&#8243; a Color, Cuello de Cisne Blindado 10&#8242; (3m) con Im\u00e1n y 6 LED\u00b4s. Bater\u00eda Io-Li Recargable. Ideal en Industria Automotriz, Electricidad, HVAC, Plomer\u00eda"},"content":{"rendered":"<div style='width: 100%; max-width: 1200px; margin: 0 auto; font-family: sans-serif; line-height: 1.6; color: inherit; background-color: transparent;'> <!-- Imagen principal --> <\/p>\n<div style='margin-bottom: 20px;'> <img style='width: 100%; height: auto; border: 1px solid rgba(150&comma;150&comma;150&comma;0.3); border-radius: 8px;' src='https:\/\/ftp3.syscom.mx\/usuarios\/fotos\/QRST11\/224267-captura_de_pantalla_2023-11-14_a_la(s)_12.59.13%E2%80%AFp.m..png' alt=''> <\/div>\n<p> <!-- Descripci\u00f3n principal --> <\/p>\n<div style='margin-bottom: 30px;'>\n<ul style='padding-left: 20px; font-size: 15px; color: inherit;'>\n<li style='margin-bottom: 10px;'>El boroscopio tiene una c\u00e1mara compacta de 5&comma;5 mm resistente al agua (IP67 para la cabeza de la c\u00e1mara y el cable) con resoluci\u00f3n de 720p<\/li>\n<li style='margin-bottom: 10px;'>Pantalla LCD a color de 4&comma;3&#8242; para una visualizaci\u00f3n clara<\/li>\n<li style='margin-bottom: 10px;'>C\u00e1mara de exploraci\u00f3n blindada de 9&comma;8&#8242; que pasa f\u00e1cilmente a trav\u00e9s de \u00e1reas inalcanzables o dif\u00edciles de ver<\/li>\n<li style='margin-bottom: 10px;'>Incluye accesorios de gancho e im\u00e1n para afrontar una amplia variedad de aplicaciones<\/li>\n<li style='margin-bottom: 10px;'>La c\u00e1mara est\u00e1 rodeada por 6 luces LED brillantes ajustables a 4 niveles de salida<\/li>\n<li style='margin-bottom: 10px;'>Transfiera fotos y videos a trav\u00e9s de la aplicaci\u00f3n de Klein Tools ET19 (desc\u00e1rguela desde App Store\u00ae o la tienda Google Play\u00ae)<\/li>\n<li style='margin-bottom: 10px;'>Compatible con tel\u00e9fonos inteligentes con sistemas iOS 9 o superior y Android\u00ae 5.0 o superior<\/li>\n<\/ul><\/div>\n<p> <!-- Separador --> <\/p>\n<hr style='border: 0; border-top: 1px solid rgba(150&comma; 150&comma; 150&comma; 0.3); margin: 30px 0;'> <!-- Especificaciones --> <\/p>\n<div style='margin-bottom: 30px;'>\n<h3 style='font-size: 20px; border-bottom: 2px solid currentColor; padding-bottom: 5px; margin-top: 0; color: inherit; opacity: 0.8;'>ESPECIFICACIONES<\/h3>\n<div style='display: flex; flex-wrap: wrap; gap: 20px; margin-top: 20px;'>\n<div style='flex: 1 1 250px; border: 1px solid rgba(150&comma; 150&comma; 150&comma; 0.4); border-radius: 8px; overflow: hidden; display: flex; flex-direction: column;'>\n<div style='padding: 15px; border-bottom: 1px solid rgba(150&comma; 150&comma; 150&comma; 0.2); font-weight: bold; font-size: 18px; color: inherit;'>Caracter\u00edsticas F\u00edsicas<\/div>\n<div style='padding: 15px; color: inherit;'>\n<ul style='padding-left: 20px; margin: 0; font-size: 14px; list-style-type: disc;'>\n<li style='margin-bottom: 5px;'><strong>Tipo:<\/strong> Boroscopio<\/li>\n<li style='margin-bottom: 5px;'><strong>Caracter\u00edsticas especiales:<\/strong> Cuello de cisne blindado de 9&comma;8&#8242; (3 m) y 6 luces LED<\/li>\n<li style='margin-bottom: 5px;'><strong>Longitud del cable:<\/strong> 9&comma;8&#8242; (3 m)<\/li>\n<li style='margin-bottom: 5px;'><strong>Longitud total:<\/strong> 6&comma;55&#8221; (16&comma;6 cm)<\/li>\n<li style='margin-bottom: 5px;'><strong>Altura total:<\/strong> 1&comma;51&#8221; (3&comma;8 cm)<\/li>\n<li style='margin-bottom: 5px;'><strong>Ancho total:<\/strong> 3&comma;19&#8221; (8&comma;1 cm)<\/li>\n<li style='margin-bottom: 5px;'><strong>Di\u00e1metro de la cabeza de la c\u00e1mara:<\/strong> 0&comma;22&#8221; (5&comma;5 mm)<\/li>\n<li style='margin-bottom: 5px;'><strong>Peso:<\/strong> 8&comma;6 oz (244 g)<\/li>\n<\/ul><\/div>\n<\/p><\/div>\n<div style='flex: 1 1 250px; border: 1px solid rgba(150&comma; 150&comma; 150&comma; 0.4); border-radius: 8px; overflow: hidden; display: flex; flex-direction: column;'>\n<div style='padding: 15px; border-bottom: 1px solid rgba(150&comma; 150&comma; 150&comma; 0.2); font-weight: bold; font-size: 18px; color: inherit;'>Caracter\u00edsticas T\u00e9cnicas<\/div>\n<div style='padding: 15px; color: inherit;'>\n<ul style='padding-left: 20px; margin: 0; font-size: 14px; list-style-type: disc;'>\n<li style='margin-bottom: 5px;'><strong>Resoluci\u00f3n de la c\u00e1mara:<\/strong> 720p<\/li>\n<li style='margin-bottom: 5px;'><strong>Pantalla:<\/strong> Monitor LCD a color con resoluci\u00f3n de 480p<\/li>\n<li style='margin-bottom: 5px;'><strong>Resoluci\u00f3n de la pantalla:<\/strong> 480p<\/li>\n<li style='margin-bottom: 5px;'><strong>Zoom digital:<\/strong> S\u00ed<\/li>\n<li style='margin-bottom: 5px;'><strong>Capacidad de grabaci\u00f3n:<\/strong> Imagen fija y video<\/li>\n<li style='margin-bottom: 5px;'><strong>Clasificaci\u00f3n IP:<\/strong> IP67 (solo la c\u00e1mara)<\/li>\n<li style='margin-bottom: 5px;'><strong>Bater\u00edas:<\/strong> De iones de litio<\/li>\n<li style='margin-bottom: 5px;'><strong>Vida \u00fatil de la bater\u00eda:<\/strong> 3 h<\/li>\n<\/ul><\/div>\n<\/p><\/div>\n<div style='flex: 1 1 250px; border: 1px solid rgba(150&comma; 150&comma; 150&comma; 0.4); border-radius: 8px; overflow: hidden; display: flex; flex-direction: column;'>\n<div style='padding: 15px; border-bottom: 1px solid rgba(150&comma; 150&comma; 150&comma; 0.2); font-weight: bold; font-size: 18px; color: inherit;'>Detalles Adicionales<\/div>\n<div style='padding: 15px; color: inherit;'>\n<ul style='padding-left: 20px; margin: 0; font-size: 14px; list-style-type: disc;'>\n<li style='margin-bottom: 5px;'><strong>Funci\u00f3n de apagado autom\u00e1tico:<\/strong> No<\/li>\n<li style='margin-bottom: 5px;'><strong>Registro de datos:<\/strong> No<\/li>\n<li style='margin-bottom: 5px;'><strong>Material:<\/strong> PC\/ABS o PC\/ABS con sobremoldeado de TPE<\/li>\n<li style='margin-bottom: 5px;'><strong>Incluye:<\/strong> Boroscopio; sonda con c\u00e1mara de 5&comma;5 mm con cable blindado de 10&#8242; (3 m); cable USB; accesorios de la c\u00e1mara (im\u00e1n&comma; gancho)&comma; y estuche para transporte<\/li>\n<li style='margin-bottom: 5px;'><strong>UPC:<\/strong> 092644694721<\/li>\n<li style='margin-bottom: 5px;'><strong>Aplicaci\u00f3n:<\/strong> Industria automotriz&comma; electricidad&comma; HVAC (calefacci\u00f3n&comma; ventilaci\u00f3n y aire acondicionado)&comma; plomer\u00eda y aviaci\u00f3n<\/li>\n<\/ul><\/div>\n<\/p><\/div>\n<\/p><\/div>\n<\/p><\/div>\n<p> <!-- Imagen de la aplicaci\u00f3n --> <\/p>\n<div style='margin: 30px 0;'> <img style='width: 100%; height: auto; border: 1px solid rgba(150&comma;150&comma;150&comma;0.3); border-radius: 8px;' src='https:\/\/ftp3.syscom.mx\/usuarios\/fotos\/ET19\/235439-captura_de_pantalla_2024-11-12_a_la(s)_9.31.45%E2%80%AFa.m..png' alt='App ET19 Pro'> <\/div>\n<p> <!-- Logos de aplicaciones --> <\/p>\n<div style='margin: 30px 0; text-align: center;'>\n<p style='margin-bottom: 15px; font-size: 16px; font-weight: bold; color: inherit;'>App ET19 Pro Dual C\u00e1mara Boroscopio Klein Tools<\/p>\n<div style='display: flex; justify-content: center; gap: 20px; flex-wrap: wrap;'> <a href='https:\/\/apps.apple.com\/mx\/app\/wifi-borescope-et19\/id6475085217' style='text-decoration: none;'> <img style='max-width: 200px; height: auto;' src='https:\/\/ftp3.syscom.mx\/usuarios\/fotos\/EVC1010P1000\/217480-apple-app-store-logo.jpg' alt='App Store'> <\/a> <a href='https:\/\/play.google.com\/store\/apps\/details?id=com.kt.et19.amos.cem.ET19WiFiTransfer&#038;hl=es_MX' style='text-decoration: none;'> <img style='max-width: 233px; height: auto;' src='https:\/\/ftp3.syscom.mx\/usuarios\/fotos\/EVC1010P1000\/217480-get-it-on-google-play-badge.png' alt='Google Play'> <\/a> <\/div>\n<\/p><\/div>\n<\/p><\/div>\n","protected":false},"excerpt":{"rendered":"<p>Dual C\u00e1mara Boroscopio Pro 5.5mm 720p USB-C\/Wi-Fi, y LCD 4.3&#8243; a Color, Cuello de Cisne Blindado 10&#8242; (3m) con Im\u00e1n y 6 LED\u00b4s. Bater\u00eda Io-Li Recargable. Ideal en Industria Automotriz, Electricidad, HVAC, Plomer\u00eda<\/p>\n","protected":false},"featured_media":39025,"comment_status":"open","ping_status":"closed","template":"","meta":[],"product_brand":[],"product_cat":[1140],"product_tag":[1058,432,1141],"class_list":{"0":"post-39026","1":"product","2":"type-product","3":"status-publish","4":"has-post-thumbnail","6":"product_cat-medicion-e-inspeccion-electrica","7":"product_tag-ferreteria","8":"product_tag-klein-tools","9":"product_tag-medicion-e-inspeccion-electrica","11":"first","12":"outofstock","13":"sale","14":"shipping-taxable","15":"purchasable","16":"product-type-simple"},"_links":{"self":[{"href":"https:\/\/soydeaqui.ddns.net\/pachuca\/index.php\/wp-json\/wp\/v2\/product\/39026","targetHints":{"allow":["GET"]}}],"collection":[{"href":"https:\/\/soydeaqui.ddns.net\/pachuca\/index.php\/wp-json\/wp\/v2\/product"}],"about":[{"href":"https:\/\/soydeaqui.ddns.net\/pachuca\/index.php\/wp-json\/wp\/v2\/types\/product"}],"replies":[{"embeddable":true,"href":"https:\/\/soydeaqui.ddns.net\/pachuca\/index.php\/wp-json\/wp\/v2\/comments?post=39026"}],"wp:featuredmedia":[{"embeddable":true,"href":"https:\/\/soydeaqui.ddns.net\/pachuca\/index.php\/wp-json\/wp\/v2\/media\/39025"}],"wp:attachment":[{"href":"https:\/\/soydeaqui.ddns.net\/pachuca\/index.php\/wp-json\/wp\/v2\/media?parent=39026"}],"wp:term":[{"taxonomy":"product_brand","embeddable":true,"href":"https:\/\/soydeaqui.ddns.net\/pachuca\/index.php\/wp-json\/wp\/v2\/product_brand?post=39026"},{"taxonomy":"product_cat","embeddable":true,"href":"https:\/\/soydeaqui.ddns.net\/pachuca\/index.php\/wp-json\/wp\/v2\/product_cat?post=39026"},{"taxonomy":"product_tag","embeddable":true,"href":"https:\/\/soydeaqui.ddns.net\/pachuca\/index.php\/wp-json\/wp\/v2\/product_tag?post=39026"}],"curies":[{"name":"wp","href":"https:\/\/api.w.org\/{rel}","templated":true}]}}